{"id":16396,"date":"2020-03-01T02:58:02","date_gmt":"2020-03-01T00:58:02","guid":{"rendered":"https:\/\/3dvikingsstore.com\/shop\/3d-vikings-gloomhaven-spieler-organisator-mit-hp-xp-tracker\/"},"modified":"2025-10-29T04:12:50","modified_gmt":"2025-10-29T02:12:50","slug":"3d-vikings-gloomhaven-spieler-organisator-mit-hp-xp-tracker","status":"publish","type":"product","link":"https:\/\/3dvikingsstore.com\/de\/shop\/3d-vikings-gloomhaven-spieler-organisator-mit-hp-xp-tracker\/","title":{"rendered":"3D Vikings Gloomhaven Spieler Organisator mit HP\/XP-Tracker"},"content":{"rendered":"<p>Sind Sie bereit, Ihr Gloomhaven-Abenteuer auf die n\u00e4chste Stufe zu heben? Ganz gleich, ob Sie dunkle Dungeons erforschen, furchterregende Gegner bek\u00e4mpfen oder epische Quests abschlie\u00dfen, Sie brauchen eine zuverl\u00e4ssige Methode, um die Ressourcen und F\u00e4higkeiten Ihres Charakters zu verwalten.<\/p>\n<p>Deshalb haben wir das <strong>Gloomhaven Spieler Organisator mit HP\/XP-Tracker<\/strong> entwickelt &#8211; das ultimative Zubeh\u00f6r f\u00fcr jeden Gloomhaven-Fan. Dieses Dashboard soll Ihnen helfen, Ihr Spiel zu organisieren und zu optimieren, damit Sie sich auf den Spa\u00df und die Spannung von Gloomhaven konzentrieren k\u00f6nnen.<\/p>\n<p>Mit diesem Organisator k\u00f6nnen Sie:<\/p>\n<ul>\n<li><strong>Organisieren &amp; Optimieren<\/strong>: Halten Sie Ihr Spiel frei von Unordnung und maximieren Sie den Platz auf dem Tisch mit diesem eleganten Organizer f\u00fcr das Armaturenbrett der Spieler.<\/li>\n<li><strong>M\u00fchelose Verfolgung<\/strong>: Mit den eingebauten XP\/HP-Schiebereglern kannst du deinen Fortschritt bequem verfolgen und hast so immer den \u00dcberblick \u00fcber die wichtigsten Werte deines Charakters. Kein Gefummel mehr mit Drehkn\u00f6pfen, Token oder Apps &#8211; einfach schieben und spielen!<\/li>\n<li><strong>Universelle Kompatibilit\u00e4t<\/strong>: Unser Organisator wurde f\u00fcr die nahtlose Integration mit allen Gloomhaven-Editionen entwickelt und kann sogar mit UltraPro- oder ohne \u00c4rmel verwendet werden, um maximale Vielseitigkeit zu gew\u00e4hrleisten. Ganz gleich, ob Sie das Original, den zweiten Druck oder &#8222;Jaws of the Lion&#8220; haben, unser Armaturenbrett wird perfekt zu Ihrem Spiel passen.<\/li>\n<\/ul>\n<p>Geben Sie sich nicht mit einem unordentlichen, chaotischen oder langweiligen Gloomhaven-Erlebnis zufrieden. Verbessern Sie Ihr Spiel mit dem <strong>3D Vikings Gloomhaven Spieler Organisator mit HP\/XP-Tracker<\/strong> und genie\u00dfen Sie ein reibungsloses, optimiertes und befriedigendes Gloomhaven-Abenteuer. Bestellen Sie Ihr Exemplar noch heute und machen Sie sich bereit, Ihre innere Bestie zu entfesseln! ?\ufe0f?\ufe0f?<\/p>\n<div id=\"sel-ext-win\" class=\"sel-text-win\" style=\"display: none;\"><\/div>\n","protected":false},"excerpt":{"rendered":"<p><strong>Gloomhaven Spieler Organisator mit HP\/XP-Tracker<\/strong> &#8211; das ultimative Zubeh\u00f6r f\u00fcr jeden Gloomhaven-Fan. Dieses Dashboard soll Ihnen helfen, Ihr Spiel zu organisieren und zu optimieren, damit Sie sich auf den Spa\u00df und die Spannung von Gloomhaven konzentrieren k\u00f6nnen.<\/p>\n","protected":false},"featured_media":15809,"comment_status":"open","ping_status":"closed","template":"","meta":[],"product_cat":[2690,2691],"product_tag":[2726,2712,2697,2866,2724,2707,2731,2692,2693,2730,2709,2695,2706,2728],"yoast_head":"<!-- This site is optimized with the Yoast SEO Premium plugin v22.9 (Yoast SEO v22.9) - https:\/\/yoast.com\/wordpress\/plugins\/seo\/ -->\n<title>3D Vikings Gloomhaven Spieler Organisator<\/title>\n<meta name=\"description\" content=\"Dieses Dashboard soll Ihnen helfen, Ihr Spiel zu organisieren und zu optimieren, damit Sie sich auf den Spa\u00df und die Spannung von Gloomhaven konzentrieren k\u00f6nnen.\" \/>\n<meta name=\"robots\" content=\"index, follow, max-snippet:-1, max-image-preview:large, max-video-preview:-1\" \/>\n<link rel=\"canonical\" href=\"https:\/\/3dvikingsstore.com\/de\/shop\/3d-vikings-gloomhaven-spieler-organisator-mit-hp-xp-tracker\/\" \/>\n<meta property=\"og:locale\" content=\"de_DE\" \/>\n<meta property=\"og:type\" content=\"article\" \/>\n<meta property=\"og:title\" content=\"3D Vikings Gloomhaven Spieler Organisator mit HP\/XP-Tracker\" \/>\n<meta property=\"og:description\" content=\"Dieses Dashboard soll Ihnen helfen, Ihr Spiel zu organisieren und zu optimieren, damit Sie sich auf den Spa\u00df und die Spannung von Gloomhaven konzentrieren k\u00f6nnen.\" \/>\n<meta property=\"og:url\" content=\"https:\/\/3dvikingsstore.com\/de\/shop\/3d-vikings-gloomhaven-spieler-organisator-mit-hp-xp-tracker\/\" \/>\n<meta property=\"og:site_name\" content=\"3D Vikings Store\" \/>\n<meta property=\"article:modified_time\" content=\"2025-10-29T02:12:50+00:00\" \/>\n<meta property=\"og:image\" content=\"https:\/\/3dvikingsstore.com\/wp-content\/uploads\/2020\/03\/il_1140xN.3026479319_e7q3.jpg\" \/>\n\t<meta property=\"og:image:width\" content=\"1140\" \/>\n\t<meta property=\"og:image:height\" content=\"855\" \/>\n\t<meta property=\"og:image:type\" content=\"image\/jpeg\" \/>\n<meta name=\"twitter:card\" content=\"summary_large_image\" \/>\n<meta name=\"twitter:label1\" content=\"Gesch\u00e4tzte Lesezeit\" \/>\n\t<meta name=\"twitter:data1\" content=\"2\u00a0Minuten\" \/>\n<script type=\"application\/ld+json\" class=\"yoast-schema-graph\">{\"@context\":\"https:\/\/schema.org\",\"@graph\":[{\"@type\":[\"WebPage\",\"ItemPage\"],\"@id\":\"https:\/\/3dvikingsstore.com\/de\/shop\/3d-vikings-gloomhaven-spieler-organisator-mit-hp-xp-tracker\/\",\"url\":\"https:\/\/3dvikingsstore.com\/de\/shop\/3d-vikings-gloomhaven-spieler-organisator-mit-hp-xp-tracker\/\",\"name\":\"3D Vikings Gloomhaven Spieler Organisator\",\"isPartOf\":{\"@id\":\"https:\/\/3dvikingsstore.com\/de\/#website\"},\"primaryImageOfPage\":{\"@id\":\"https:\/\/3dvikingsstore.com\/de\/shop\/3d-vikings-gloomhaven-spieler-organisator-mit-hp-xp-tracker\/#primaryimage\"},\"image\":{\"@id\":\"https:\/\/3dvikingsstore.com\/de\/shop\/3d-vikings-gloomhaven-spieler-organisator-mit-hp-xp-tracker\/#primaryimage\"},\"thumbnailUrl\":\"https:\/\/3dvikingsstore.com\/wp-content\/uploads\/2020\/03\/il_1140xN.3026479319_e7q3.jpg\",\"datePublished\":\"2020-03-01T00:58:02+00:00\",\"dateModified\":\"2025-10-29T02:12:50+00:00\",\"description\":\"Dieses Dashboard soll Ihnen helfen, Ihr Spiel zu organisieren und zu optimieren, damit Sie sich auf den Spa\u00df und die Spannung von Gloomhaven konzentrieren k\u00f6nnen.\",\"breadcrumb\":{\"@id\":\"https:\/\/3dvikingsstore.com\/de\/shop\/3d-vikings-gloomhaven-spieler-organisator-mit-hp-xp-tracker\/#breadcrumb\"},\"inLanguage\":\"de\",\"potentialAction\":[{\"@type\":\"ReadAction\",\"target\":[\"https:\/\/3dvikingsstore.com\/de\/shop\/3d-vikings-gloomhaven-spieler-organisator-mit-hp-xp-tracker\/\"]}]},{\"@type\":\"ImageObject\",\"inLanguage\":\"de\",\"@id\":\"https:\/\/3dvikingsstore.com\/de\/shop\/3d-vikings-gloomhaven-spieler-organisator-mit-hp-xp-tracker\/#primaryimage\",\"url\":\"https:\/\/3dvikingsstore.com\/wp-content\/uploads\/2020\/03\/il_1140xN.3026479319_e7q3.jpg\",\"contentUrl\":\"https:\/\/3dvikingsstore.com\/wp-content\/uploads\/2020\/03\/il_1140xN.3026479319_e7q3.jpg\",\"width\":1140,\"height\":855},{\"@type\":\"BreadcrumbList\",\"@id\":\"https:\/\/3dvikingsstore.com\/de\/shop\/3d-vikings-gloomhaven-spieler-organisator-mit-hp-xp-tracker\/#breadcrumb\",\"itemListElement\":[{\"@type\":\"ListItem\",\"position\":1,\"name\":\"Home\",\"item\":\"https:\/\/3dvikingsstore.com\/de\/\"},{\"@type\":\"ListItem\",\"position\":2,\"name\":\"Gesch\u00e4ft\",\"item\":\"https:\/\/3dvikingsstore.com\/shop\/\"},{\"@type\":\"ListItem\",\"position\":3,\"name\":\"3D Vikings Gloomhaven Spieler Organisator mit HP\/XP-Tracker\"}]},{\"@type\":\"WebSite\",\"@id\":\"https:\/\/3dvikingsstore.com\/de\/#website\",\"url\":\"https:\/\/3dvikingsstore.com\/de\/\",\"name\":\"3D Vikings Store\",\"description\":\"Scenery and Accessories for Tabletop and Board Games\",\"publisher\":{\"@id\":\"https:\/\/3dvikingsstore.com\/de\/#organization\"},\"potentialAction\":[{\"@type\":\"SearchAction\",\"target\":{\"@type\":\"EntryPoint\",\"urlTemplate\":\"https:\/\/3dvikingsstore.com\/de\/?s={search_term_string}\"},\"query-input\":\"required name=search_term_string\"}],\"inLanguage\":\"de\"},{\"@type\":\"Organization\",\"@id\":\"https:\/\/3dvikingsstore.com\/de\/#organization\",\"name\":\"3D Vikings Store\",\"url\":\"https:\/\/3dvikingsstore.com\/de\/\",\"logo\":{\"@type\":\"ImageObject\",\"inLanguage\":\"de\",\"@id\":\"https:\/\/3dvikingsstore.com\/de\/#\/schema\/logo\/image\/\",\"url\":\"https:\/\/3dvikingsstore.com\/wp-content\/uploads\/2020\/03\/3dvikings-logo-karge-white.jpg\",\"contentUrl\":\"https:\/\/3dvikingsstore.com\/wp-content\/uploads\/2020\/03\/3dvikings-logo-karge-white.jpg\",\"width\":800,\"height\":800,\"caption\":\"3D Vikings Store\"},\"image\":{\"@id\":\"https:\/\/3dvikingsstore.com\/de\/#\/schema\/logo\/image\/\"}}]}<\/script>\n<!-- \/ Yoast SEO Premium plugin. -->","yoast_head_json":{"title":"3D Vikings Gloomhaven Spieler Organisator","description":"Dieses Dashboard soll Ihnen helfen, Ihr Spiel zu organisieren und zu optimieren, damit Sie sich auf den Spa\u00df und die Spannung von Gloomhaven konzentrieren k\u00f6nnen.","robots":{"index":"index","follow":"follow","max-snippet":"max-snippet:-1","max-image-preview":"max-image-preview:large","max-video-preview":"max-video-preview:-1"},"canonical":"https:\/\/3dvikingsstore.com\/de\/shop\/3d-vikings-gloomhaven-spieler-organisator-mit-hp-xp-tracker\/","og_locale":"de_DE","og_type":"article","og_title":"3D Vikings Gloomhaven Spieler Organisator mit HP\/XP-Tracker","og_description":"Dieses Dashboard soll Ihnen helfen, Ihr Spiel zu organisieren und zu optimieren, damit Sie sich auf den Spa\u00df und die Spannung von Gloomhaven konzentrieren k\u00f6nnen.","og_url":"https:\/\/3dvikingsstore.com\/de\/shop\/3d-vikings-gloomhaven-spieler-organisator-mit-hp-xp-tracker\/","og_site_name":"3D Vikings Store","article_modified_time":"2025-10-29T02:12:50+00:00","og_image":[{"width":1140,"height":855,"url":"https:\/\/3dvikingsstore.com\/wp-content\/uploads\/2020\/03\/il_1140xN.3026479319_e7q3.jpg","type":"image\/jpeg"}],"twitter_card":"summary_large_image","twitter_misc":{"Gesch\u00e4tzte Lesezeit":"2\u00a0Minuten"},"schema":{"@context":"https:\/\/schema.org","@graph":[{"@type":["WebPage","ItemPage"],"@id":"https:\/\/3dvikingsstore.com\/de\/shop\/3d-vikings-gloomhaven-spieler-organisator-mit-hp-xp-tracker\/","url":"https:\/\/3dvikingsstore.com\/de\/shop\/3d-vikings-gloomhaven-spieler-organisator-mit-hp-xp-tracker\/","name":"3D Vikings Gloomhaven Spieler Organisator","isPartOf":{"@id":"https:\/\/3dvikingsstore.com\/de\/#website"},"primaryImageOfPage":{"@id":"https:\/\/3dvikingsstore.com\/de\/shop\/3d-vikings-gloomhaven-spieler-organisator-mit-hp-xp-tracker\/#primaryimage"},"image":{"@id":"https:\/\/3dvikingsstore.com\/de\/shop\/3d-vikings-gloomhaven-spieler-organisator-mit-hp-xp-tracker\/#primaryimage"},"thumbnailUrl":"https:\/\/3dvikingsstore.com\/wp-content\/uploads\/2020\/03\/il_1140xN.3026479319_e7q3.jpg","datePublished":"2020-03-01T00:58:02+00:00","dateModified":"2025-10-29T02:12:50+00:00","description":"Dieses Dashboard soll Ihnen helfen, Ihr Spiel zu organisieren und zu optimieren, damit Sie sich auf den Spa\u00df und die Spannung von Gloomhaven konzentrieren k\u00f6nnen.","breadcrumb":{"@id":"https:\/\/3dvikingsstore.com\/de\/shop\/3d-vikings-gloomhaven-spieler-organisator-mit-hp-xp-tracker\/#breadcrumb"},"inLanguage":"de","potentialAction":[{"@type":"ReadAction","target":["https:\/\/3dvikingsstore.com\/de\/shop\/3d-vikings-gloomhaven-spieler-organisator-mit-hp-xp-tracker\/"]}]},{"@type":"ImageObject","inLanguage":"de","@id":"https:\/\/3dvikingsstore.com\/de\/shop\/3d-vikings-gloomhaven-spieler-organisator-mit-hp-xp-tracker\/#primaryimage","url":"https:\/\/3dvikingsstore.com\/wp-content\/uploads\/2020\/03\/il_1140xN.3026479319_e7q3.jpg","contentUrl":"https:\/\/3dvikingsstore.com\/wp-content\/uploads\/2020\/03\/il_1140xN.3026479319_e7q3.jpg","width":1140,"height":855},{"@type":"BreadcrumbList","@id":"https:\/\/3dvikingsstore.com\/de\/shop\/3d-vikings-gloomhaven-spieler-organisator-mit-hp-xp-tracker\/#breadcrumb","itemListElement":[{"@type":"ListItem","position":1,"name":"Home","item":"https:\/\/3dvikingsstore.com\/de\/"},{"@type":"ListItem","position":2,"name":"Gesch\u00e4ft","item":"https:\/\/3dvikingsstore.com\/shop\/"},{"@type":"ListItem","position":3,"name":"3D Vikings Gloomhaven Spieler Organisator mit HP\/XP-Tracker"}]},{"@type":"WebSite","@id":"https:\/\/3dvikingsstore.com\/de\/#website","url":"https:\/\/3dvikingsstore.com\/de\/","name":"3D Vikings Store","description":"Scenery and Accessories for Tabletop and Board Games","publisher":{"@id":"https:\/\/3dvikingsstore.com\/de\/#organization"},"potentialAction":[{"@type":"SearchAction","target":{"@type":"EntryPoint","urlTemplate":"https:\/\/3dvikingsstore.com\/de\/?s={search_term_string}"},"query-input":"required name=search_term_string"}],"inLanguage":"de"},{"@type":"Organization","@id":"https:\/\/3dvikingsstore.com\/de\/#organization","name":"3D Vikings Store","url":"https:\/\/3dvikingsstore.com\/de\/","logo":{"@type":"ImageObject","inLanguage":"de","@id":"https:\/\/3dvikingsstore.com\/de\/#\/schema\/logo\/image\/","url":"https:\/\/3dvikingsstore.com\/wp-content\/uploads\/2020\/03\/3dvikings-logo-karge-white.jpg","contentUrl":"https:\/\/3dvikingsstore.com\/wp-content\/uploads\/2020\/03\/3dvikings-logo-karge-white.jpg","width":800,"height":800,"caption":"3D Vikings Store"},"image":{"@id":"https:\/\/3dvikingsstore.com\/de\/#\/schema\/logo\/image\/"}}]}},"_links":{"self":[{"href":"https:\/\/3dvikingsstore.com\/de\/wp-json\/wp\/v2\/product\/16396"}],"collection":[{"href":"https:\/\/3dvikingsstore.com\/de\/wp-json\/wp\/v2\/product"}],"about":[{"href":"https:\/\/3dvikingsstore.com\/de\/wp-json\/wp\/v2\/types\/product"}],"replies":[{"embeddable":true,"href":"https:\/\/3dvikingsstore.com\/de\/wp-json\/wp\/v2\/comments?post=16396"}],"version-history":[{"count":0,"href":"https:\/\/3dvikingsstore.com\/de\/wp-json\/wp\/v2\/product\/16396\/revisions"}],"wp:featuredmedia":[{"embeddable":true,"href":"https:\/\/3dvikingsstore.com\/de\/wp-json\/wp\/v2\/media\/15809"}],"wp:attachment":[{"href":"https:\/\/3dvikingsstore.com\/de\/wp-json\/wp\/v2\/media?parent=16396"}],"wp:term":[{"taxonomy":"product_cat","embeddable":true,"href":"https:\/\/3dvikingsstore.com\/de\/wp-json\/wp\/v2\/product_cat?post=16396"},{"taxonomy":"product_tag","embeddable":true,"href":"https:\/\/3dvikingsstore.com\/de\/wp-json\/wp\/v2\/product_tag?post=16396"}],"curies":[{"name":"wp","href":"https:\/\/api.w.org\/{rel}","templated":true}]}}