{"id":16392,"date":"2024-01-27T00:11:39","date_gmt":"2024-01-26T22:11:39","guid":{"rendered":"https:\/\/3dvikingsstore.com\/shop\/fuenfkoepfiger-tiamat-drachen-wuerfelturm\/"},"modified":"2024-01-30T15:42:26","modified_gmt":"2024-01-30T13:42:26","slug":"tiamat-drachen-wuerfelturm","status":"publish","type":"product","link":"https:\/\/3dvikingsstore.com\/de\/shop\/tiamat-drachen-wuerfelturm\/","title":{"rendered":"F\u00fcnfk\u00f6pfiger Tiamat Drachen W\u00fcrfelturm"},"content":{"rendered":"<p>Der <strong>Tiamat Drachen W\u00fcrfelturm <\/strong> ist ein wundersch\u00f6n gestaltetes Accessoire, das perfekt f\u00fcr Brettspielliebhaber ist. Der Turm ist der f\u00fcnfk\u00f6pfigen Dracheng\u00f6ttin Tiamat nachempfunden und besticht durch seine filigranen Details.<\/p>\n<p>Der Turm ist aus hochwertigem PLA gefertigt und f\u00fcr eine lange Lebensdauer ausgelegt. Er ist leicht zu montieren und wird in drei Teilen geliefert, was die Lagerung und den Transport erleichtert. Der Turm eignet sich perfekt f\u00fcr die Verwendung mit einer Vielzahl von Spielen, darunter Dungeons and Dragons, Pathfinder, Fate, Savage Worlds und Magic: The Gathering.<\/p>\n<p>Der Tiamat Drachen W\u00fcrfelturm ist sowohl praktisch als auch stilvoll gestaltet. Es ist perfekt f\u00fcr Gamer, die ihrem Gaming-Setup einen Hauch von Eleganz verleihen wollen. Der Turm ist auch ein tolles Geschenk f\u00fcr alle Brettspielfans. Es ist sicher ein Hit f\u00fcr jeden, der gerne Spiele spielt.<\/p>\n<p>Zusammenfassend l\u00e4sst sich sagen, dass der Tiamat Drachen W\u00fcrfelturm ein gro\u00dfartiges Zubeh\u00f6r f\u00fcr jeden Brettspielliebhaber ist. Er ist sowohl funktional als auch stilvoll und damit eine gro\u00dfartige Erg\u00e4nzung f\u00fcr jedes Gaming-Setup. Der Turm ist einfach zu montieren und langlebig. Er eignet sich perfekt f\u00fcr eine Vielzahl von Spielen und wird Sie sicher beeindrucken. Wenn du auf der Suche nach einer M\u00f6glichkeit bist, deinem Spielerlebnis einen Hauch von mittelalterlichem Flair zu verleihen, dann ist der Tiamat Drachen W\u00fcrfelturm das perfekte Zubeh\u00f6r f\u00fcr dich.<\/p>\n","protected":false},"excerpt":{"rendered":"<p>Der <strong>Tiamat Drachen W\u00fcrfelturm<\/strong> ist ein wundersch\u00f6n gestaltetes Accessoire, das perfekt f\u00fcr Brettspielliebhaber ist. Der Turm ist der f\u00fcnfk\u00f6pfigen Dracheng\u00f6ttin Tiamat nachempfunden und besticht durch seine filigranen Details.<\/p>\n","protected":false},"featured_media":16353,"comment_status":"open","ping_status":"closed","template":"","meta":[],"product_cat":[2666],"product_tag":[2668,2667],"yoast_head":"<!-- This site is optimized with the Yoast SEO Premium plugin v22.9 (Yoast SEO v22.9) - https:\/\/yoast.com\/wordpress\/plugins\/seo\/ -->\n<title>F\u00fcnfk\u00f6pfiger Tiamat Drachen W\u00fcrfelturm<\/title>\n<meta name=\"description\" content=\"Der Tiamat Dragon W\u00fcrfelturm ist ein wundersch\u00f6n gestaltetes Accessoire, das perfekt f\u00fcr Brettspielliebhaber ist. Der Turm ist leicht zu montieren.\" \/>\n<meta name=\"robots\" content=\"index, follow, max-snippet:-1, max-image-preview:large, max-video-preview:-1\" \/>\n<link rel=\"canonical\" href=\"https:\/\/3dvikingsstore.com\/de\/shop\/tiamat-drachen-wuerfelturm\/\" \/>\n<meta property=\"og:locale\" content=\"de_DE\" \/>\n<meta property=\"og:type\" content=\"article\" \/>\n<meta property=\"og:title\" content=\"F\u00fcnfk\u00f6pfiger Tiamat Drachen W\u00fcrfelturm\" \/>\n<meta property=\"og:description\" content=\"Der Tiamat Dragon W\u00fcrfelturm ist ein wundersch\u00f6n gestaltetes Accessoire, das perfekt f\u00fcr Brettspielliebhaber ist. Der Turm ist leicht zu montieren.\" \/>\n<meta property=\"og:url\" content=\"https:\/\/3dvikingsstore.com\/de\/shop\/tiamat-drachen-wuerfelturm\/\" \/>\n<meta property=\"og:site_name\" content=\"3D Vikings Store\" \/>\n<meta property=\"article:modified_time\" content=\"2024-01-30T13:42:26+00:00\" \/>\n<meta property=\"og:image\" content=\"https:\/\/3dvikingsstore.com\/wp-content\/uploads\/2024\/01\/DSC_6259.jpg\" \/>\n\t<meta property=\"og:image:width\" content=\"1547\" \/>\n\t<meta property=\"og:image:height\" content=\"2463\" \/>\n\t<meta property=\"og:image:type\" content=\"image\/jpeg\" \/>\n<meta name=\"twitter:card\" content=\"summary_large_image\" \/>\n<meta name=\"twitter:label1\" content=\"Gesch\u00e4tzte Lesezeit\" \/>\n\t<meta name=\"twitter:data1\" content=\"2\u00a0Minuten\" \/>\n<script type=\"application\/ld+json\" class=\"yoast-schema-graph\">{\"@context\":\"https:\/\/schema.org\",\"@graph\":[{\"@type\":[\"WebPage\",\"ItemPage\"],\"@id\":\"https:\/\/3dvikingsstore.com\/de\/shop\/tiamat-drachen-wuerfelturm\/\",\"url\":\"https:\/\/3dvikingsstore.com\/de\/shop\/tiamat-drachen-wuerfelturm\/\",\"name\":\"F\u00fcnfk\u00f6pfiger Tiamat Drachen W\u00fcrfelturm\",\"isPartOf\":{\"@id\":\"https:\/\/3dvikingsstore.com\/de\/#website\"},\"primaryImageOfPage\":{\"@id\":\"https:\/\/3dvikingsstore.com\/de\/shop\/tiamat-drachen-wuerfelturm\/#primaryimage\"},\"image\":{\"@id\":\"https:\/\/3dvikingsstore.com\/de\/shop\/tiamat-drachen-wuerfelturm\/#primaryimage\"},\"thumbnailUrl\":\"https:\/\/3dvikingsstore.com\/wp-content\/uploads\/2024\/01\/DSC_6259.jpg\",\"datePublished\":\"2024-01-26T22:11:39+00:00\",\"dateModified\":\"2024-01-30T13:42:26+00:00\",\"description\":\"Der Tiamat Dragon W\u00fcrfelturm ist ein wundersch\u00f6n gestaltetes Accessoire, das perfekt f\u00fcr Brettspielliebhaber ist. Der Turm ist leicht zu montieren.\",\"breadcrumb\":{\"@id\":\"https:\/\/3dvikingsstore.com\/de\/shop\/tiamat-drachen-wuerfelturm\/#breadcrumb\"},\"inLanguage\":\"de\",\"potentialAction\":[{\"@type\":\"ReadAction\",\"target\":[\"https:\/\/3dvikingsstore.com\/de\/shop\/tiamat-drachen-wuerfelturm\/\"]}]},{\"@type\":\"ImageObject\",\"inLanguage\":\"de\",\"@id\":\"https:\/\/3dvikingsstore.com\/de\/shop\/tiamat-drachen-wuerfelturm\/#primaryimage\",\"url\":\"https:\/\/3dvikingsstore.com\/wp-content\/uploads\/2024\/01\/DSC_6259.jpg\",\"contentUrl\":\"https:\/\/3dvikingsstore.com\/wp-content\/uploads\/2024\/01\/DSC_6259.jpg\",\"width\":1547,\"height\":2463,\"caption\":\"Tiamat dragon dice tower\"},{\"@type\":\"BreadcrumbList\",\"@id\":\"https:\/\/3dvikingsstore.com\/de\/shop\/tiamat-drachen-wuerfelturm\/#breadcrumb\",\"itemListElement\":[{\"@type\":\"ListItem\",\"position\":1,\"name\":\"Home\",\"item\":\"https:\/\/3dvikingsstore.com\/de\/\"},{\"@type\":\"ListItem\",\"position\":2,\"name\":\"Gesch\u00e4ft\",\"item\":\"https:\/\/3dvikingsstore.com\/shop\/\"},{\"@type\":\"ListItem\",\"position\":3,\"name\":\"F\u00fcnfk\u00f6pfiger Tiamat Drachen W\u00fcrfelturm\"}]},{\"@type\":\"WebSite\",\"@id\":\"https:\/\/3dvikingsstore.com\/de\/#website\",\"url\":\"https:\/\/3dvikingsstore.com\/de\/\",\"name\":\"3D Vikings Store\",\"description\":\"Scenery and Accessories for Tabletop and Board Games\",\"publisher\":{\"@id\":\"https:\/\/3dvikingsstore.com\/de\/#organization\"},\"potentialAction\":[{\"@type\":\"SearchAction\",\"target\":{\"@type\":\"EntryPoint\",\"urlTemplate\":\"https:\/\/3dvikingsstore.com\/de\/?s={search_term_string}\"},\"query-input\":\"required name=search_term_string\"}],\"inLanguage\":\"de\"},{\"@type\":\"Organization\",\"@id\":\"https:\/\/3dvikingsstore.com\/de\/#organization\",\"name\":\"3D Vikings Store\",\"url\":\"https:\/\/3dvikingsstore.com\/de\/\",\"logo\":{\"@type\":\"ImageObject\",\"inLanguage\":\"de\",\"@id\":\"https:\/\/3dvikingsstore.com\/de\/#\/schema\/logo\/image\/\",\"url\":\"https:\/\/3dvikingsstore.com\/wp-content\/uploads\/2020\/03\/3dvikings-logo-karge-white.jpg\",\"contentUrl\":\"https:\/\/3dvikingsstore.com\/wp-content\/uploads\/2020\/03\/3dvikings-logo-karge-white.jpg\",\"width\":800,\"height\":800,\"caption\":\"3D Vikings Store\"},\"image\":{\"@id\":\"https:\/\/3dvikingsstore.com\/de\/#\/schema\/logo\/image\/\"}}]}<\/script>\n<!-- \/ Yoast SEO Premium plugin. -->","yoast_head_json":{"title":"F\u00fcnfk\u00f6pfiger Tiamat Drachen W\u00fcrfelturm","description":"Der Tiamat Dragon W\u00fcrfelturm ist ein wundersch\u00f6n gestaltetes Accessoire, das perfekt f\u00fcr Brettspielliebhaber ist. Der Turm ist leicht zu montieren.","robots":{"index":"index","follow":"follow","max-snippet":"max-snippet:-1","max-image-preview":"max-image-preview:large","max-video-preview":"max-video-preview:-1"},"canonical":"https:\/\/3dvikingsstore.com\/de\/shop\/tiamat-drachen-wuerfelturm\/","og_locale":"de_DE","og_type":"article","og_title":"F\u00fcnfk\u00f6pfiger Tiamat Drachen W\u00fcrfelturm","og_description":"Der Tiamat Dragon W\u00fcrfelturm ist ein wundersch\u00f6n gestaltetes Accessoire, das perfekt f\u00fcr Brettspielliebhaber ist. Der Turm ist leicht zu montieren.","og_url":"https:\/\/3dvikingsstore.com\/de\/shop\/tiamat-drachen-wuerfelturm\/","og_site_name":"3D Vikings Store","article_modified_time":"2024-01-30T13:42:26+00:00","og_image":[{"width":1547,"height":2463,"url":"https:\/\/3dvikingsstore.com\/wp-content\/uploads\/2024\/01\/DSC_6259.jpg","type":"image\/jpeg"}],"twitter_card":"summary_large_image","twitter_misc":{"Gesch\u00e4tzte Lesezeit":"2\u00a0Minuten"},"schema":{"@context":"https:\/\/schema.org","@graph":[{"@type":["WebPage","ItemPage"],"@id":"https:\/\/3dvikingsstore.com\/de\/shop\/tiamat-drachen-wuerfelturm\/","url":"https:\/\/3dvikingsstore.com\/de\/shop\/tiamat-drachen-wuerfelturm\/","name":"F\u00fcnfk\u00f6pfiger Tiamat Drachen W\u00fcrfelturm","isPartOf":{"@id":"https:\/\/3dvikingsstore.com\/de\/#website"},"primaryImageOfPage":{"@id":"https:\/\/3dvikingsstore.com\/de\/shop\/tiamat-drachen-wuerfelturm\/#primaryimage"},"image":{"@id":"https:\/\/3dvikingsstore.com\/de\/shop\/tiamat-drachen-wuerfelturm\/#primaryimage"},"thumbnailUrl":"https:\/\/3dvikingsstore.com\/wp-content\/uploads\/2024\/01\/DSC_6259.jpg","datePublished":"2024-01-26T22:11:39+00:00","dateModified":"2024-01-30T13:42:26+00:00","description":"Der Tiamat Dragon W\u00fcrfelturm ist ein wundersch\u00f6n gestaltetes Accessoire, das perfekt f\u00fcr Brettspielliebhaber ist. Der Turm ist leicht zu montieren.","breadcrumb":{"@id":"https:\/\/3dvikingsstore.com\/de\/shop\/tiamat-drachen-wuerfelturm\/#breadcrumb"},"inLanguage":"de","potentialAction":[{"@type":"ReadAction","target":["https:\/\/3dvikingsstore.com\/de\/shop\/tiamat-drachen-wuerfelturm\/"]}]},{"@type":"ImageObject","inLanguage":"de","@id":"https:\/\/3dvikingsstore.com\/de\/shop\/tiamat-drachen-wuerfelturm\/#primaryimage","url":"https:\/\/3dvikingsstore.com\/wp-content\/uploads\/2024\/01\/DSC_6259.jpg","contentUrl":"https:\/\/3dvikingsstore.com\/wp-content\/uploads\/2024\/01\/DSC_6259.jpg","width":1547,"height":2463,"caption":"Tiamat dragon dice tower"},{"@type":"BreadcrumbList","@id":"https:\/\/3dvikingsstore.com\/de\/shop\/tiamat-drachen-wuerfelturm\/#breadcrumb","itemListElement":[{"@type":"ListItem","position":1,"name":"Home","item":"https:\/\/3dvikingsstore.com\/de\/"},{"@type":"ListItem","position":2,"name":"Gesch\u00e4ft","item":"https:\/\/3dvikingsstore.com\/shop\/"},{"@type":"ListItem","position":3,"name":"F\u00fcnfk\u00f6pfiger Tiamat Drachen W\u00fcrfelturm"}]},{"@type":"WebSite","@id":"https:\/\/3dvikingsstore.com\/de\/#website","url":"https:\/\/3dvikingsstore.com\/de\/","name":"3D Vikings Store","description":"Scenery and Accessories for Tabletop and Board Games","publisher":{"@id":"https:\/\/3dvikingsstore.com\/de\/#organization"},"potentialAction":[{"@type":"SearchAction","target":{"@type":"EntryPoint","urlTemplate":"https:\/\/3dvikingsstore.com\/de\/?s={search_term_string}"},"query-input":"required name=search_term_string"}],"inLanguage":"de"},{"@type":"Organization","@id":"https:\/\/3dvikingsstore.com\/de\/#organization","name":"3D Vikings Store","url":"https:\/\/3dvikingsstore.com\/de\/","logo":{"@type":"ImageObject","inLanguage":"de","@id":"https:\/\/3dvikingsstore.com\/de\/#\/schema\/logo\/image\/","url":"https:\/\/3dvikingsstore.com\/wp-content\/uploads\/2020\/03\/3dvikings-logo-karge-white.jpg","contentUrl":"https:\/\/3dvikingsstore.com\/wp-content\/uploads\/2020\/03\/3dvikings-logo-karge-white.jpg","width":800,"height":800,"caption":"3D Vikings Store"},"image":{"@id":"https:\/\/3dvikingsstore.com\/de\/#\/schema\/logo\/image\/"}}]}},"_links":{"self":[{"href":"https:\/\/3dvikingsstore.com\/de\/wp-json\/wp\/v2\/product\/16392"}],"collection":[{"href":"https:\/\/3dvikingsstore.com\/de\/wp-json\/wp\/v2\/product"}],"about":[{"href":"https:\/\/3dvikingsstore.com\/de\/wp-json\/wp\/v2\/types\/product"}],"replies":[{"embeddable":true,"href":"https:\/\/3dvikingsstore.com\/de\/wp-json\/wp\/v2\/comments?post=16392"}],"version-history":[{"count":0,"href":"https:\/\/3dvikingsstore.com\/de\/wp-json\/wp\/v2\/product\/16392\/revisions"}],"wp:featuredmedia":[{"embeddable":true,"href":"https:\/\/3dvikingsstore.com\/de\/wp-json\/wp\/v2\/media\/16353"}],"wp:attachment":[{"href":"https:\/\/3dvikingsstore.com\/de\/wp-json\/wp\/v2\/media?parent=16392"}],"wp:term":[{"taxonomy":"product_cat","embeddable":true,"href":"https:\/\/3dvikingsstore.com\/de\/wp-json\/wp\/v2\/product_cat?post=16392"},{"taxonomy":"product_tag","embeddable":true,"href":"https:\/\/3dvikingsstore.com\/de\/wp-json\/wp\/v2\/product_tag?post=16392"}],"curies":[{"name":"wp","href":"https:\/\/api.w.org\/{rel}","templated":true}]}}