{"id":16390,"date":"2024-01-27T10:36:44","date_gmt":"2024-01-27T08:36:44","guid":{"rendered":"https:\/\/3dvikingsstore.com\/shop\/zauberer-wuerfelturm-ein-magisches-brettspiel-zubehoer\/"},"modified":"2024-01-30T16:33:55","modified_gmt":"2024-01-30T14:33:55","slug":"zauberer-wuerfelturm","status":"publish","type":"product","link":"https:\/\/3dvikingsstore.com\/de\/shop\/zauberer-wuerfelturm\/","title":{"rendered":"Zauberer W\u00fcrfelturm: Ein magisches Brettspiel-Zubeh\u00f6r"},"content":{"rendered":"<p>Suchst du nach einer M\u00f6glichkeit, deine n\u00e4chste Rollenspielsitzung mit etwas Magie und Spannung zu bereichern? Willst du deine Freunde mit einem einzigartigen und atemberaubenden Accessoire beeindrucken, das dein Spielerlebnis bereichert? Dann k\u00f6nnte dich der Wizard&#8217;s Tower interessieren, ein W\u00fcrfelturm, der aussieht wie ein Zaubererschloss!<\/p>\n<p>Der Turm ist aus strapazierf\u00e4higem Kunststoff gefertigt und mit realistischen Details wie einer Backsteinstruktur, einem Fenster und einer unteren T\u00fcr versehen. Die W\u00fcrfel rollen von der Spitze des Turms durch das Dach nach unten in die Ablage am Boden. Der Turm ist 29 cm hoch und 12 cm breit und kann bis zu sechs Standardw\u00fcrfel aufnehmen.<\/p>\n<p>Der Zauberer W\u00fcrfelturm ist nicht nur ein wundersch\u00f6nes Kunstwerk, sondern auch ein funktionaler W\u00fcrfelturm, mit dem das W\u00fcrfeln mehr Spa\u00df macht und fairer wird. Der Turm hat ein glattes und stabiles Inneres, das jedes Mal ein zuf\u00e4lliges und unverf\u00e4lschtes Ergebnis gew\u00e4hrleistet.<\/p>\n<p>Der Turm des Zauberers ist das perfekte Geschenk f\u00fcr jeden Fan von Fantasy-Rollenspielen wie Dungeons &amp; Dragons, Pathfinder oder Warhammer. Es kann auch als Dekoration f\u00fcr Ihr Zuhause, Ihr B\u00fcro oder Ihr Spielzimmer verwendet werden. Der Turm wird in einer stabilen Schachtel geliefert, die ihn w\u00e4hrend des Transports und der Lagerung vor Sch\u00e4den sch\u00fctzt. Der Turm l\u00e4sst sich leicht auf- und abbauen und wird in 3 Teilen geliefert, um ihn einfach zu lagern.<\/p>\n<p>Der Zaubererschloss W\u00fcrfelturm ist ein magischer W\u00fcrfelturm, der Ihre Rollenspiele noch intensiver und unterhaltsamer macht. Bestellen Sie noch heute und entfesseln Sie Ihren inneren Zauberer!<\/p>\n","protected":false},"excerpt":{"rendered":"<p>Der Turm des Zauberers ist das perfekte Geschenk f\u00fcr jeden Fan von Fantasy-Rollenspielen wie Dungeons &amp; Dragons, Pathfinder oder Warhammer. Es kann auch als Dekoration f\u00fcr Ihr Zuhause, Ihr B\u00fcro oder Ihr Spielzimmer verwendet werden. Der Turm wird in einer stabilen Schachtel geliefert, die ihn w\u00e4hrend des Transports und der Lagerung vor Sch\u00e4den sch\u00fctzt. Der Turm l\u00e4sst sich leicht auf- und abbauen und wird in 3 Teilen geliefert, um ihn einfach zu lagern.<\/p>\n","protected":false},"featured_media":16377,"comment_status":"open","ping_status":"closed","template":"","meta":[],"product_cat":[2666],"product_tag":[2668,2667,2865],"yoast_head":"<!-- This site is optimized with the Yoast SEO Premium plugin v22.9 (Yoast SEO v22.9) - https:\/\/yoast.com\/wordpress\/plugins\/seo\/ -->\n<title>Zauberer W\u00fcrfelturm: Ein magisches Brettspiel-Zubeh\u00f6r<\/title>\n<meta name=\"description\" content=\"Der Zauberer W\u00fcrfelturm ist ein wundersch\u00f6n gestaltetes Accessoire, das perfekt f\u00fcr Brettspielliebhaber ist. Der Turm ist von der Burg der Zauberer inspiriert.\" \/>\n<meta name=\"robots\" content=\"index, follow, max-snippet:-1, max-image-preview:large, max-video-preview:-1\" \/>\n<link rel=\"canonical\" href=\"https:\/\/3dvikingsstore.com\/de\/shop\/zauberer-wuerfelturm\/\" \/>\n<meta property=\"og:locale\" content=\"de_DE\" \/>\n<meta property=\"og:type\" content=\"article\" \/>\n<meta property=\"og:title\" content=\"Zauberer W\u00fcrfelturm: Ein magisches Brettspiel-Zubeh\u00f6r\" \/>\n<meta property=\"og:description\" content=\"Der Zauberer W\u00fcrfelturm ist ein wundersch\u00f6n gestaltetes Accessoire, das perfekt f\u00fcr Brettspielliebhaber ist. Der Turm ist von der Burg der Zauberer inspiriert.\" \/>\n<meta property=\"og:url\" content=\"https:\/\/3dvikingsstore.com\/de\/shop\/zauberer-wuerfelturm\/\" \/>\n<meta property=\"og:site_name\" content=\"3D Vikings Store\" \/>\n<meta property=\"article:modified_time\" content=\"2024-01-30T14:33:55+00:00\" \/>\n<meta property=\"og:image\" content=\"https:\/\/3dvikingsstore.com\/wp-content\/uploads\/2024\/01\/DSC_6266.jpg\" \/>\n\t<meta property=\"og:image:width\" content=\"1295\" \/>\n\t<meta property=\"og:image:height\" content=\"2418\" \/>\n\t<meta property=\"og:image:type\" content=\"image\/jpeg\" \/>\n<meta name=\"twitter:card\" content=\"summary_large_image\" \/>\n<meta name=\"twitter:label1\" content=\"Gesch\u00e4tzte Lesezeit\" \/>\n\t<meta name=\"twitter:data1\" content=\"2\u00a0Minuten\" \/>\n<script type=\"application\/ld+json\" class=\"yoast-schema-graph\">{\"@context\":\"https:\/\/schema.org\",\"@graph\":[{\"@type\":[\"WebPage\",\"ItemPage\"],\"@id\":\"https:\/\/3dvikingsstore.com\/de\/shop\/zauberer-wuerfelturm\/\",\"url\":\"https:\/\/3dvikingsstore.com\/de\/shop\/zauberer-wuerfelturm\/\",\"name\":\"Zauberer W\u00fcrfelturm: Ein magisches Brettspiel-Zubeh\u00f6r\",\"isPartOf\":{\"@id\":\"https:\/\/3dvikingsstore.com\/de\/#website\"},\"primaryImageOfPage\":{\"@id\":\"https:\/\/3dvikingsstore.com\/de\/shop\/zauberer-wuerfelturm\/#primaryimage\"},\"image\":{\"@id\":\"https:\/\/3dvikingsstore.com\/de\/shop\/zauberer-wuerfelturm\/#primaryimage\"},\"thumbnailUrl\":\"https:\/\/3dvikingsstore.com\/wp-content\/uploads\/2024\/01\/DSC_6266.jpg\",\"datePublished\":\"2024-01-27T08:36:44+00:00\",\"dateModified\":\"2024-01-30T14:33:55+00:00\",\"description\":\"Der Zauberer W\u00fcrfelturm ist ein wundersch\u00f6n gestaltetes Accessoire, das perfekt f\u00fcr Brettspielliebhaber ist. Der Turm ist von der Burg der Zauberer inspiriert.\",\"breadcrumb\":{\"@id\":\"https:\/\/3dvikingsstore.com\/de\/shop\/zauberer-wuerfelturm\/#breadcrumb\"},\"inLanguage\":\"de\",\"potentialAction\":[{\"@type\":\"ReadAction\",\"target\":[\"https:\/\/3dvikingsstore.com\/de\/shop\/zauberer-wuerfelturm\/\"]}]},{\"@type\":\"ImageObject\",\"inLanguage\":\"de\",\"@id\":\"https:\/\/3dvikingsstore.com\/de\/shop\/zauberer-wuerfelturm\/#primaryimage\",\"url\":\"https:\/\/3dvikingsstore.com\/wp-content\/uploads\/2024\/01\/DSC_6266.jpg\",\"contentUrl\":\"https:\/\/3dvikingsstore.com\/wp-content\/uploads\/2024\/01\/DSC_6266.jpg\",\"width\":1295,\"height\":2418,\"caption\":\"Wizard Dice Tower\"},{\"@type\":\"BreadcrumbList\",\"@id\":\"https:\/\/3dvikingsstore.com\/de\/shop\/zauberer-wuerfelturm\/#breadcrumb\",\"itemListElement\":[{\"@type\":\"ListItem\",\"position\":1,\"name\":\"Home\",\"item\":\"https:\/\/3dvikingsstore.com\/de\/\"},{\"@type\":\"ListItem\",\"position\":2,\"name\":\"Gesch\u00e4ft\",\"item\":\"https:\/\/3dvikingsstore.com\/shop\/\"},{\"@type\":\"ListItem\",\"position\":3,\"name\":\"Zauberer W\u00fcrfelturm: Ein magisches Brettspiel-Zubeh\u00f6r\"}]},{\"@type\":\"WebSite\",\"@id\":\"https:\/\/3dvikingsstore.com\/de\/#website\",\"url\":\"https:\/\/3dvikingsstore.com\/de\/\",\"name\":\"3D Vikings Store\",\"description\":\"Scenery and Accessories for Tabletop and Board Games\",\"publisher\":{\"@id\":\"https:\/\/3dvikingsstore.com\/de\/#organization\"},\"potentialAction\":[{\"@type\":\"SearchAction\",\"target\":{\"@type\":\"EntryPoint\",\"urlTemplate\":\"https:\/\/3dvikingsstore.com\/de\/?s={search_term_string}\"},\"query-input\":\"required name=search_term_string\"}],\"inLanguage\":\"de\"},{\"@type\":\"Organization\",\"@id\":\"https:\/\/3dvikingsstore.com\/de\/#organization\",\"name\":\"3D Vikings Store\",\"url\":\"https:\/\/3dvikingsstore.com\/de\/\",\"logo\":{\"@type\":\"ImageObject\",\"inLanguage\":\"de\",\"@id\":\"https:\/\/3dvikingsstore.com\/de\/#\/schema\/logo\/image\/\",\"url\":\"https:\/\/3dvikingsstore.com\/wp-content\/uploads\/2020\/03\/3dvikings-logo-karge-white.jpg\",\"contentUrl\":\"https:\/\/3dvikingsstore.com\/wp-content\/uploads\/2020\/03\/3dvikings-logo-karge-white.jpg\",\"width\":800,\"height\":800,\"caption\":\"3D Vikings Store\"},\"image\":{\"@id\":\"https:\/\/3dvikingsstore.com\/de\/#\/schema\/logo\/image\/\"}}]}<\/script>\n<!-- \/ Yoast SEO Premium plugin. -->","yoast_head_json":{"title":"Zauberer W\u00fcrfelturm: Ein magisches Brettspiel-Zubeh\u00f6r","description":"Der Zauberer W\u00fcrfelturm ist ein wundersch\u00f6n gestaltetes Accessoire, das perfekt f\u00fcr Brettspielliebhaber ist. Der Turm ist von der Burg der Zauberer inspiriert.","robots":{"index":"index","follow":"follow","max-snippet":"max-snippet:-1","max-image-preview":"max-image-preview:large","max-video-preview":"max-video-preview:-1"},"canonical":"https:\/\/3dvikingsstore.com\/de\/shop\/zauberer-wuerfelturm\/","og_locale":"de_DE","og_type":"article","og_title":"Zauberer W\u00fcrfelturm: Ein magisches Brettspiel-Zubeh\u00f6r","og_description":"Der Zauberer W\u00fcrfelturm ist ein wundersch\u00f6n gestaltetes Accessoire, das perfekt f\u00fcr Brettspielliebhaber ist. Der Turm ist von der Burg der Zauberer inspiriert.","og_url":"https:\/\/3dvikingsstore.com\/de\/shop\/zauberer-wuerfelturm\/","og_site_name":"3D Vikings Store","article_modified_time":"2024-01-30T14:33:55+00:00","og_image":[{"width":1295,"height":2418,"url":"https:\/\/3dvikingsstore.com\/wp-content\/uploads\/2024\/01\/DSC_6266.jpg","type":"image\/jpeg"}],"twitter_card":"summary_large_image","twitter_misc":{"Gesch\u00e4tzte Lesezeit":"2\u00a0Minuten"},"schema":{"@context":"https:\/\/schema.org","@graph":[{"@type":["WebPage","ItemPage"],"@id":"https:\/\/3dvikingsstore.com\/de\/shop\/zauberer-wuerfelturm\/","url":"https:\/\/3dvikingsstore.com\/de\/shop\/zauberer-wuerfelturm\/","name":"Zauberer W\u00fcrfelturm: Ein magisches Brettspiel-Zubeh\u00f6r","isPartOf":{"@id":"https:\/\/3dvikingsstore.com\/de\/#website"},"primaryImageOfPage":{"@id":"https:\/\/3dvikingsstore.com\/de\/shop\/zauberer-wuerfelturm\/#primaryimage"},"image":{"@id":"https:\/\/3dvikingsstore.com\/de\/shop\/zauberer-wuerfelturm\/#primaryimage"},"thumbnailUrl":"https:\/\/3dvikingsstore.com\/wp-content\/uploads\/2024\/01\/DSC_6266.jpg","datePublished":"2024-01-27T08:36:44+00:00","dateModified":"2024-01-30T14:33:55+00:00","description":"Der Zauberer W\u00fcrfelturm ist ein wundersch\u00f6n gestaltetes Accessoire, das perfekt f\u00fcr Brettspielliebhaber ist. Der Turm ist von der Burg der Zauberer inspiriert.","breadcrumb":{"@id":"https:\/\/3dvikingsstore.com\/de\/shop\/zauberer-wuerfelturm\/#breadcrumb"},"inLanguage":"de","potentialAction":[{"@type":"ReadAction","target":["https:\/\/3dvikingsstore.com\/de\/shop\/zauberer-wuerfelturm\/"]}]},{"@type":"ImageObject","inLanguage":"de","@id":"https:\/\/3dvikingsstore.com\/de\/shop\/zauberer-wuerfelturm\/#primaryimage","url":"https:\/\/3dvikingsstore.com\/wp-content\/uploads\/2024\/01\/DSC_6266.jpg","contentUrl":"https:\/\/3dvikingsstore.com\/wp-content\/uploads\/2024\/01\/DSC_6266.jpg","width":1295,"height":2418,"caption":"Wizard Dice Tower"},{"@type":"BreadcrumbList","@id":"https:\/\/3dvikingsstore.com\/de\/shop\/zauberer-wuerfelturm\/#breadcrumb","itemListElement":[{"@type":"ListItem","position":1,"name":"Home","item":"https:\/\/3dvikingsstore.com\/de\/"},{"@type":"ListItem","position":2,"name":"Gesch\u00e4ft","item":"https:\/\/3dvikingsstore.com\/shop\/"},{"@type":"ListItem","position":3,"name":"Zauberer W\u00fcrfelturm: Ein magisches Brettspiel-Zubeh\u00f6r"}]},{"@type":"WebSite","@id":"https:\/\/3dvikingsstore.com\/de\/#website","url":"https:\/\/3dvikingsstore.com\/de\/","name":"3D Vikings Store","description":"Scenery and Accessories for Tabletop and Board Games","publisher":{"@id":"https:\/\/3dvikingsstore.com\/de\/#organization"},"potentialAction":[{"@type":"SearchAction","target":{"@type":"EntryPoint","urlTemplate":"https:\/\/3dvikingsstore.com\/de\/?s={search_term_string}"},"query-input":"required name=search_term_string"}],"inLanguage":"de"},{"@type":"Organization","@id":"https:\/\/3dvikingsstore.com\/de\/#organization","name":"3D Vikings Store","url":"https:\/\/3dvikingsstore.com\/de\/","logo":{"@type":"ImageObject","inLanguage":"de","@id":"https:\/\/3dvikingsstore.com\/de\/#\/schema\/logo\/image\/","url":"https:\/\/3dvikingsstore.com\/wp-content\/uploads\/2020\/03\/3dvikings-logo-karge-white.jpg","contentUrl":"https:\/\/3dvikingsstore.com\/wp-content\/uploads\/2020\/03\/3dvikings-logo-karge-white.jpg","width":800,"height":800,"caption":"3D Vikings Store"},"image":{"@id":"https:\/\/3dvikingsstore.com\/de\/#\/schema\/logo\/image\/"}}]}},"_links":{"self":[{"href":"https:\/\/3dvikingsstore.com\/de\/wp-json\/wp\/v2\/product\/16390"}],"collection":[{"href":"https:\/\/3dvikingsstore.com\/de\/wp-json\/wp\/v2\/product"}],"about":[{"href":"https:\/\/3dvikingsstore.com\/de\/wp-json\/wp\/v2\/types\/product"}],"replies":[{"embeddable":true,"href":"https:\/\/3dvikingsstore.com\/de\/wp-json\/wp\/v2\/comments?post=16390"}],"version-history":[{"count":0,"href":"https:\/\/3dvikingsstore.com\/de\/wp-json\/wp\/v2\/product\/16390\/revisions"}],"wp:featuredmedia":[{"embeddable":true,"href":"https:\/\/3dvikingsstore.com\/de\/wp-json\/wp\/v2\/media\/16377"}],"wp:attachment":[{"href":"https:\/\/3dvikingsstore.com\/de\/wp-json\/wp\/v2\/media?parent=16390"}],"wp:term":[{"taxonomy":"product_cat","embeddable":true,"href":"https:\/\/3dvikingsstore.com\/de\/wp-json\/wp\/v2\/product_cat?post=16390"},{"taxonomy":"product_tag","embeddable":true,"href":"https:\/\/3dvikingsstore.com\/de\/wp-json\/wp\/v2\/product_tag?post=16390"}],"curies":[{"name":"wp","href":"https:\/\/api.w.org\/{rel}","templated":true}]}}