{"id":16020,"date":"2020-03-01T02:58:31","date_gmt":"2020-03-01T00:58:31","guid":{"rendered":"https:\/\/3dvikingsstore.com\/shop\/wueste-sci-fi-gebaeude-28mm-massstab\/"},"modified":"2024-02-20T15:16:57","modified_gmt":"2024-02-20T13:16:57","slug":"wueste-sci-fi-gebaeude-28mm-massstab","status":"publish","type":"product","link":"https:\/\/3dvikingsstore.com\/de\/shop\/wueste-sci-fi-gebaeude-28mm-massstab\/","title":{"rendered":"W\u00fcste Gel\u00e4ndebau 28mm Ma\u00dfstab"},"content":{"rendered":"<p>Suchst du nach einer M\u00f6glichkeit, dein Star Wars Legion-Spiel aufzupeppen? M\u00f6chten Sie ein realistisches und realit\u00e4tsnahes W\u00fcstengel\u00e4nde f\u00fcr Ihre RPG-Miniaturen schaffen? Dann werden Sie dieses W\u00fcsten-Sci-Fi-Geb\u00e4ude aus unserem Shop lieben.<\/p>\n<p>Dieses Gel\u00e4nde im 28mm-Ma\u00dfstab ist mit anderen RPG-Miniaturen wie D&amp;D, Pathfinder und Imperial Assault kompatibel. Es ist an das Thema und den Stil von Star Wars Legion angepasst, einem Tabletop-Spiel, mit dem man epische Schlachten aus der Star Wars-Saga nachspielen kann. Ob du nun f\u00fcr die Rebellenallianz oder das Galaktische Imperium k\u00e4mpfst, dieses Geb\u00e4ude wird deinem Spiel eine neue Dimension verleihen.<\/p>\n<p>Das Geb\u00e4ude ist 152 mm lang, 127 mm breit und 102 mm hoch (6&#8243; x 5&#8243; x 4&#8243;) und wird unbearbeitet geliefert, bereit f\u00fcr Ihre individuelle Gestaltung. Sie k\u00f6nnen es bemalen, abschleifen oder mit anderen Details versehen, die Sie w\u00fcnschen. Das Geb\u00e4ude ist aus hochwertigem PLA-Kunststoff gefertigt, der langlebig und leicht zu verarbeiten ist. Er verf\u00fcgt \u00fcber ein detailliertes \u00c4u\u00dferes, ein abnehmbares Dach und einen Innenraum, in dem Ihre Miniaturen Platz finden.<\/p>\n<p>Bestellen Sie jetzt und machen Sie sich bereit f\u00fcr epische Schlachten in einer weit, weit entfernten Galaxie. Dieses W\u00fcsten-Sci-Fi-Geb\u00e4ude ist perfekt f\u00fcr die Verwendung mit RPG-Miniaturen wie Star Wars, Dungeons &amp; Dragons, Pathfinder, Imperial Assault oder anderen Tabletop-Spielen. Es wird Ihr Spielerlebnis verbessern und Ihre Freunde neidisch machen.<\/p>\n","protected":false},"excerpt":{"rendered":"<p>Dieses Gel\u00e4nde im 28mm-Ma\u00dfstab ist mit anderen RPG-Miniaturen wie D&amp;D, Pathfinder und Imperial Assault kompatibel. Es ist an das Thema und den Stil von Star Wars Legion angepasst, einem Tabletop-Spiel, mit dem man epische Schlachten aus der Star Wars-Saga nachspielen kann.<\/p>\n","protected":false},"featured_media":14492,"comment_status":"open","ping_status":"closed","template":"","meta":[],"product_cat":[2694,2732,2717],"product_tag":[2751,2851,2856,2806,2855,2766,2852,2753,2752,2767,2857,2853,2854],"yoast_head":"<!-- This site is optimized with the Yoast SEO Premium plugin v22.9 (Yoast SEO v22.9) - https:\/\/yoast.com\/wordpress\/plugins\/seo\/ -->\n<title>W\u00fcste Gel\u00e4ndebau 28mm Ma\u00dfstab<\/title>\n<meta name=\"description\" content=\"Dieses W\u00fcstengel\u00e4nde im 28-mm-Ma\u00dfstab ist kompatibel mit anderen RPG-Miniaturen wie D&amp;D, Pathfinder und Imperial Assault.\" \/>\n<meta name=\"robots\" content=\"index, follow, max-snippet:-1, max-image-preview:large, max-video-preview:-1\" \/>\n<link rel=\"canonical\" href=\"https:\/\/3dvikingsstore.com\/de\/shop\/wueste-sci-fi-gebaeude-28mm-massstab\/\" \/>\n<meta property=\"og:locale\" content=\"de_DE\" \/>\n<meta property=\"og:type\" content=\"article\" \/>\n<meta property=\"og:title\" content=\"W\u00fcste Gel\u00e4ndebau 28mm Ma\u00dfstab\" \/>\n<meta property=\"og:description\" content=\"Dieses W\u00fcstengel\u00e4nde im 28-mm-Ma\u00dfstab ist kompatibel mit anderen RPG-Miniaturen wie D&amp;D, Pathfinder und Imperial Assault.\" \/>\n<meta property=\"og:url\" content=\"https:\/\/3dvikingsstore.com\/de\/shop\/wueste-sci-fi-gebaeude-28mm-massstab\/\" \/>\n<meta property=\"og:site_name\" content=\"3D Vikings Store\" \/>\n<meta property=\"article:modified_time\" content=\"2024-02-20T13:16:57+00:00\" \/>\n<meta property=\"og:image\" content=\"https:\/\/3dvikingsstore.com\/wp-content\/uploads\/2020\/03\/il_794xN.1932416140_g5e0.jpg\" \/>\n\t<meta property=\"og:image:width\" content=\"794\" \/>\n\t<meta property=\"og:image:height\" content=\"607\" \/>\n\t<meta property=\"og:image:type\" content=\"image\/jpeg\" \/>\n<meta name=\"twitter:card\" content=\"summary_large_image\" \/>\n<meta name=\"twitter:label1\" content=\"Gesch\u00e4tzte Lesezeit\" \/>\n\t<meta name=\"twitter:data1\" content=\"1\u00a0Minute\" \/>\n<script type=\"application\/ld+json\" class=\"yoast-schema-graph\">{\"@context\":\"https:\/\/schema.org\",\"@graph\":[{\"@type\":[\"WebPage\",\"ItemPage\"],\"@id\":\"https:\/\/3dvikingsstore.com\/de\/shop\/wueste-sci-fi-gebaeude-28mm-massstab\/\",\"url\":\"https:\/\/3dvikingsstore.com\/de\/shop\/wueste-sci-fi-gebaeude-28mm-massstab\/\",\"name\":\"W\u00fcste Gel\u00e4ndebau 28mm Ma\u00dfstab\",\"isPartOf\":{\"@id\":\"https:\/\/3dvikingsstore.com\/de\/#website\"},\"primaryImageOfPage\":{\"@id\":\"https:\/\/3dvikingsstore.com\/de\/shop\/wueste-sci-fi-gebaeude-28mm-massstab\/#primaryimage\"},\"image\":{\"@id\":\"https:\/\/3dvikingsstore.com\/de\/shop\/wueste-sci-fi-gebaeude-28mm-massstab\/#primaryimage\"},\"thumbnailUrl\":\"https:\/\/3dvikingsstore.com\/wp-content\/uploads\/2020\/03\/il_794xN.1932416140_g5e0.jpg\",\"datePublished\":\"2020-03-01T00:58:31+00:00\",\"dateModified\":\"2024-02-20T13:16:57+00:00\",\"description\":\"Dieses W\u00fcstengel\u00e4nde im 28-mm-Ma\u00dfstab ist kompatibel mit anderen RPG-Miniaturen wie D&D, Pathfinder und Imperial Assault.\",\"breadcrumb\":{\"@id\":\"https:\/\/3dvikingsstore.com\/de\/shop\/wueste-sci-fi-gebaeude-28mm-massstab\/#breadcrumb\"},\"inLanguage\":\"de\",\"potentialAction\":[{\"@type\":\"ReadAction\",\"target\":[\"https:\/\/3dvikingsstore.com\/de\/shop\/wueste-sci-fi-gebaeude-28mm-massstab\/\"]}]},{\"@type\":\"ImageObject\",\"inLanguage\":\"de\",\"@id\":\"https:\/\/3dvikingsstore.com\/de\/shop\/wueste-sci-fi-gebaeude-28mm-massstab\/#primaryimage\",\"url\":\"https:\/\/3dvikingsstore.com\/wp-content\/uploads\/2020\/03\/il_794xN.1932416140_g5e0.jpg\",\"contentUrl\":\"https:\/\/3dvikingsstore.com\/wp-content\/uploads\/2020\/03\/il_794xN.1932416140_g5e0.jpg\",\"width\":794,\"height\":607,\"caption\":\"desert terrain building\"},{\"@type\":\"BreadcrumbList\",\"@id\":\"https:\/\/3dvikingsstore.com\/de\/shop\/wueste-sci-fi-gebaeude-28mm-massstab\/#breadcrumb\",\"itemListElement\":[{\"@type\":\"ListItem\",\"position\":1,\"name\":\"Home\",\"item\":\"https:\/\/3dvikingsstore.com\/de\/\"},{\"@type\":\"ListItem\",\"position\":2,\"name\":\"Gesch\u00e4ft\",\"item\":\"https:\/\/3dvikingsstore.com\/shop\/\"},{\"@type\":\"ListItem\",\"position\":3,\"name\":\"W\u00fcste Gel\u00e4ndebau 28mm Ma\u00dfstab\"}]},{\"@type\":\"WebSite\",\"@id\":\"https:\/\/3dvikingsstore.com\/de\/#website\",\"url\":\"https:\/\/3dvikingsstore.com\/de\/\",\"name\":\"3D Vikings Store\",\"description\":\"Scenery and Accessories for Tabletop and Board Games\",\"publisher\":{\"@id\":\"https:\/\/3dvikingsstore.com\/de\/#organization\"},\"potentialAction\":[{\"@type\":\"SearchAction\",\"target\":{\"@type\":\"EntryPoint\",\"urlTemplate\":\"https:\/\/3dvikingsstore.com\/de\/?s={search_term_string}\"},\"query-input\":\"required name=search_term_string\"}],\"inLanguage\":\"de\"},{\"@type\":\"Organization\",\"@id\":\"https:\/\/3dvikingsstore.com\/de\/#organization\",\"name\":\"3D Vikings Store\",\"url\":\"https:\/\/3dvikingsstore.com\/de\/\",\"logo\":{\"@type\":\"ImageObject\",\"inLanguage\":\"de\",\"@id\":\"https:\/\/3dvikingsstore.com\/de\/#\/schema\/logo\/image\/\",\"url\":\"https:\/\/3dvikingsstore.com\/wp-content\/uploads\/2020\/03\/3dvikings-logo-karge-white.jpg\",\"contentUrl\":\"https:\/\/3dvikingsstore.com\/wp-content\/uploads\/2020\/03\/3dvikings-logo-karge-white.jpg\",\"width\":800,\"height\":800,\"caption\":\"3D Vikings Store\"},\"image\":{\"@id\":\"https:\/\/3dvikingsstore.com\/de\/#\/schema\/logo\/image\/\"}}]}<\/script>\n<!-- \/ Yoast SEO Premium plugin. -->","yoast_head_json":{"title":"W\u00fcste Gel\u00e4ndebau 28mm Ma\u00dfstab","description":"Dieses W\u00fcstengel\u00e4nde im 28-mm-Ma\u00dfstab ist kompatibel mit anderen RPG-Miniaturen wie D&D, Pathfinder und Imperial Assault.","robots":{"index":"index","follow":"follow","max-snippet":"max-snippet:-1","max-image-preview":"max-image-preview:large","max-video-preview":"max-video-preview:-1"},"canonical":"https:\/\/3dvikingsstore.com\/de\/shop\/wueste-sci-fi-gebaeude-28mm-massstab\/","og_locale":"de_DE","og_type":"article","og_title":"W\u00fcste Gel\u00e4ndebau 28mm Ma\u00dfstab","og_description":"Dieses W\u00fcstengel\u00e4nde im 28-mm-Ma\u00dfstab ist kompatibel mit anderen RPG-Miniaturen wie D&D, Pathfinder und Imperial Assault.","og_url":"https:\/\/3dvikingsstore.com\/de\/shop\/wueste-sci-fi-gebaeude-28mm-massstab\/","og_site_name":"3D Vikings Store","article_modified_time":"2024-02-20T13:16:57+00:00","og_image":[{"width":794,"height":607,"url":"https:\/\/3dvikingsstore.com\/wp-content\/uploads\/2020\/03\/il_794xN.1932416140_g5e0.jpg","type":"image\/jpeg"}],"twitter_card":"summary_large_image","twitter_misc":{"Gesch\u00e4tzte Lesezeit":"1\u00a0Minute"},"schema":{"@context":"https:\/\/schema.org","@graph":[{"@type":["WebPage","ItemPage"],"@id":"https:\/\/3dvikingsstore.com\/de\/shop\/wueste-sci-fi-gebaeude-28mm-massstab\/","url":"https:\/\/3dvikingsstore.com\/de\/shop\/wueste-sci-fi-gebaeude-28mm-massstab\/","name":"W\u00fcste Gel\u00e4ndebau 28mm Ma\u00dfstab","isPartOf":{"@id":"https:\/\/3dvikingsstore.com\/de\/#website"},"primaryImageOfPage":{"@id":"https:\/\/3dvikingsstore.com\/de\/shop\/wueste-sci-fi-gebaeude-28mm-massstab\/#primaryimage"},"image":{"@id":"https:\/\/3dvikingsstore.com\/de\/shop\/wueste-sci-fi-gebaeude-28mm-massstab\/#primaryimage"},"thumbnailUrl":"https:\/\/3dvikingsstore.com\/wp-content\/uploads\/2020\/03\/il_794xN.1932416140_g5e0.jpg","datePublished":"2020-03-01T00:58:31+00:00","dateModified":"2024-02-20T13:16:57+00:00","description":"Dieses W\u00fcstengel\u00e4nde im 28-mm-Ma\u00dfstab ist kompatibel mit anderen RPG-Miniaturen wie D&D, Pathfinder und Imperial Assault.","breadcrumb":{"@id":"https:\/\/3dvikingsstore.com\/de\/shop\/wueste-sci-fi-gebaeude-28mm-massstab\/#breadcrumb"},"inLanguage":"de","potentialAction":[{"@type":"ReadAction","target":["https:\/\/3dvikingsstore.com\/de\/shop\/wueste-sci-fi-gebaeude-28mm-massstab\/"]}]},{"@type":"ImageObject","inLanguage":"de","@id":"https:\/\/3dvikingsstore.com\/de\/shop\/wueste-sci-fi-gebaeude-28mm-massstab\/#primaryimage","url":"https:\/\/3dvikingsstore.com\/wp-content\/uploads\/2020\/03\/il_794xN.1932416140_g5e0.jpg","contentUrl":"https:\/\/3dvikingsstore.com\/wp-content\/uploads\/2020\/03\/il_794xN.1932416140_g5e0.jpg","width":794,"height":607,"caption":"desert terrain building"},{"@type":"BreadcrumbList","@id":"https:\/\/3dvikingsstore.com\/de\/shop\/wueste-sci-fi-gebaeude-28mm-massstab\/#breadcrumb","itemListElement":[{"@type":"ListItem","position":1,"name":"Home","item":"https:\/\/3dvikingsstore.com\/de\/"},{"@type":"ListItem","position":2,"name":"Gesch\u00e4ft","item":"https:\/\/3dvikingsstore.com\/shop\/"},{"@type":"ListItem","position":3,"name":"W\u00fcste Gel\u00e4ndebau 28mm Ma\u00dfstab"}]},{"@type":"WebSite","@id":"https:\/\/3dvikingsstore.com\/de\/#website","url":"https:\/\/3dvikingsstore.com\/de\/","name":"3D Vikings Store","description":"Scenery and Accessories for Tabletop and Board Games","publisher":{"@id":"https:\/\/3dvikingsstore.com\/de\/#organization"},"potentialAction":[{"@type":"SearchAction","target":{"@type":"EntryPoint","urlTemplate":"https:\/\/3dvikingsstore.com\/de\/?s={search_term_string}"},"query-input":"required name=search_term_string"}],"inLanguage":"de"},{"@type":"Organization","@id":"https:\/\/3dvikingsstore.com\/de\/#organization","name":"3D Vikings Store","url":"https:\/\/3dvikingsstore.com\/de\/","logo":{"@type":"ImageObject","inLanguage":"de","@id":"https:\/\/3dvikingsstore.com\/de\/#\/schema\/logo\/image\/","url":"https:\/\/3dvikingsstore.com\/wp-content\/uploads\/2020\/03\/3dvikings-logo-karge-white.jpg","contentUrl":"https:\/\/3dvikingsstore.com\/wp-content\/uploads\/2020\/03\/3dvikings-logo-karge-white.jpg","width":800,"height":800,"caption":"3D Vikings Store"},"image":{"@id":"https:\/\/3dvikingsstore.com\/de\/#\/schema\/logo\/image\/"}}]}},"_links":{"self":[{"href":"https:\/\/3dvikingsstore.com\/de\/wp-json\/wp\/v2\/product\/16020"}],"collection":[{"href":"https:\/\/3dvikingsstore.com\/de\/wp-json\/wp\/v2\/product"}],"about":[{"href":"https:\/\/3dvikingsstore.com\/de\/wp-json\/wp\/v2\/types\/product"}],"replies":[{"embeddable":true,"href":"https:\/\/3dvikingsstore.com\/de\/wp-json\/wp\/v2\/comments?post=16020"}],"version-history":[{"count":1,"href":"https:\/\/3dvikingsstore.com\/de\/wp-json\/wp\/v2\/product\/16020\/revisions"}],"predecessor-version":[{"id":18212,"href":"https:\/\/3dvikingsstore.com\/de\/wp-json\/wp\/v2\/product\/16020\/revisions\/18212"}],"wp:featuredmedia":[{"embeddable":true,"href":"https:\/\/3dvikingsstore.com\/de\/wp-json\/wp\/v2\/media\/14492"}],"wp:attachment":[{"href":"https:\/\/3dvikingsstore.com\/de\/wp-json\/wp\/v2\/media?parent=16020"}],"wp:term":[{"taxonomy":"product_cat","embeddable":true,"href":"https:\/\/3dvikingsstore.com\/de\/wp-json\/wp\/v2\/product_cat?post=16020"},{"taxonomy":"product_tag","embeddable":true,"href":"https:\/\/3dvikingsstore.com\/de\/wp-json\/wp\/v2\/product_tag?post=16020"}],"curies":[{"name":"wp","href":"https:\/\/api.w.org\/{rel}","templated":true}]}}