{"id":16018,"date":"2020-03-01T02:58:31","date_gmt":"2020-03-01T00:58:31","guid":{"rendered":"https:\/\/3dvikingsstore.com\/shop\/ruiniertes-steingebaeude-geeignet-fuer-mittelalterliche-oder-fantasy-szenarien-28mm\/"},"modified":"2024-02-20T13:57:21","modified_gmt":"2024-02-20T11:57:21","slug":"ruiniertes-steingebaeude-geeignet-fuer-mittelalterliche-oder-fantasy-szenarien-28mm","status":"publish","type":"product","link":"https:\/\/3dvikingsstore.com\/de\/shop\/ruiniertes-steingebaeude-geeignet-fuer-mittelalterliche-oder-fantasy-szenarien-28mm\/","title":{"rendered":"Nackte Steinruine f\u00fcr WWII oder Fantasy-Kriegsspiele (Ein St\u00fcck)"},"content":{"rendered":"<p>Wenn du ein einfaches und vielseitiges Gel\u00e4ndest\u00fcck f\u00fcr deine WWII- oder Fantasy-Wargames suchst, wirst du diese nackte Steinruine lieben. Dieses Modell ist eine einteilige Struktur, die leicht auf Ihrer Tischplatte platziert werden kann.<\/p>\n<p>Die kahle Steinruine bietet ein rustikales und besch\u00e4digtes Design, das Ihren Wargame-Szenarien Realismus und Atmosph\u00e4re verleiht. Du kannst es als Kulisse, als Deckung oder als Ziel f\u00fcr deine Miniaturen verwenden. Das Modell ist mit jedem Kriegsspiel kompatibel, das ein mittelalterliches oder modernes Setting erfordert, wie Dungeons and Dragons, Warhammer oder Bolt Action.<\/p>\n<p>Das Modell wird unbemalt geliefert, so dass Sie es nach Ihren W\u00fcnschen gestalten k\u00f6nnen. Sie k\u00f6nnen auch etwas Flock, Gras oder Ger\u00f6ll hinzuf\u00fcgen, um das Aussehen und die Atmosph\u00e4re des Gel\u00e4ndes zu verbessern. Die auf den Bildern gezeigten Miniaturen sind nicht im Lieferumfang enthalten, sie dienen nur als Ma\u00dfstabsangabe.<\/p>\n<p>Das Modell ist aus PLA-Kunststoff gefertigt, einem der umweltfreundlichsten Filamente auf dem heutigen Markt. PLA wird aus erneuerbaren Quellen wie Mais und Zuckerrohr gewonnen und ist biologisch abbaubar und ungiftig. PLA ist au\u00dferdem haltbar und stark, was es ideal f\u00fcr Wargame-Gel\u00e4nde macht.<\/p>\n<p>Das Modell wurde uns von Terrain4Print, einem offiziell lizenzierten Verk\u00e4ufer, zur Verf\u00fcgung gestellt.<\/p>\n<p>Verpassen Sie nicht die Gelegenheit, Ihr Gel\u00e4nde f\u00fcr Kriegsspiele zu vereinfachen und abwechslungsreicher zu gestalten. Bestellen Sie noch heute Ihre nackte Steinruine und machen Sie sich bereit, Ihre Wargame-Abenteuer zu genie\u00dfen! ???<\/p>\n","protected":false},"excerpt":{"rendered":"<p>Wenn du ein einfaches und vielseitiges Gel\u00e4ndest\u00fcck f\u00fcr deine WWII- oder Fantasy-Wargames suchst, wirst du diese nackte Steinruine lieben. Dieses Modell ist eine einteilige Struktur, die leicht auf Ihrer Tischplatte platziert werden kann.<\/p>\n","protected":false},"featured_media":14493,"comment_status":"open","ping_status":"closed","template":"","meta":[],"product_cat":[2694,2717],"product_tag":[2751,2842,2836,2841,2837,2766,2840,2835,2767,2682,2678,2838,2839],"yoast_head":"<!-- This site is optimized with the Yoast SEO Premium plugin v22.9 (Yoast SEO v22.9) - https:\/\/yoast.com\/wordpress\/plugins\/seo\/ -->\n<title>Nackte Steinruine f\u00fcr WWII oder Fantasy-Kriegsspiele<\/title>\n<meta name=\"description\" content=\"Die kahle Steinruine bietet ein rustikales und besch\u00e4digtes Design, das Ihren Wargame-Szenarien Realismus und Atmosph\u00e4re verleiht.\" \/>\n<meta name=\"robots\" content=\"index, follow, max-snippet:-1, max-image-preview:large, max-video-preview:-1\" \/>\n<link rel=\"canonical\" href=\"https:\/\/3dvikingsstore.com\/de\/shop\/ruiniertes-steingebaeude-geeignet-fuer-mittelalterliche-oder-fantasy-szenarien-28mm\/\" \/>\n<meta property=\"og:locale\" content=\"de_DE\" \/>\n<meta property=\"og:type\" content=\"article\" \/>\n<meta property=\"og:title\" content=\"Nackte Steinruine f\u00fcr WWII oder Fantasy-Kriegsspiele (Ein St\u00fcck)\" \/>\n<meta property=\"og:description\" content=\"Die kahle Steinruine bietet ein rustikales und besch\u00e4digtes Design, das Ihren Wargame-Szenarien Realismus und Atmosph\u00e4re verleiht.\" \/>\n<meta property=\"og:url\" content=\"https:\/\/3dvikingsstore.com\/de\/shop\/ruiniertes-steingebaeude-geeignet-fuer-mittelalterliche-oder-fantasy-szenarien-28mm\/\" \/>\n<meta property=\"og:site_name\" content=\"3D Vikings Store\" \/>\n<meta property=\"article:modified_time\" content=\"2024-02-20T11:57:21+00:00\" \/>\n<meta property=\"og:image\" content=\"https:\/\/3dvikingsstore.com\/wp-content\/uploads\/2020\/03\/il_794xN.1979773311_ntgf.jpg\" \/>\n\t<meta property=\"og:image:width\" content=\"794\" \/>\n\t<meta property=\"og:image:height\" content=\"635\" \/>\n\t<meta property=\"og:image:type\" content=\"image\/jpeg\" \/>\n<meta name=\"twitter:card\" content=\"summary_large_image\" \/>\n<meta name=\"twitter:label1\" content=\"Gesch\u00e4tzte Lesezeit\" \/>\n\t<meta name=\"twitter:data1\" content=\"1\u00a0Minute\" \/>\n<script type=\"application\/ld+json\" class=\"yoast-schema-graph\">{\"@context\":\"https:\/\/schema.org\",\"@graph\":[{\"@type\":[\"WebPage\",\"ItemPage\"],\"@id\":\"https:\/\/3dvikingsstore.com\/de\/shop\/ruiniertes-steingebaeude-geeignet-fuer-mittelalterliche-oder-fantasy-szenarien-28mm\/\",\"url\":\"https:\/\/3dvikingsstore.com\/de\/shop\/ruiniertes-steingebaeude-geeignet-fuer-mittelalterliche-oder-fantasy-szenarien-28mm\/\",\"name\":\"Nackte Steinruine f\u00fcr WWII oder Fantasy-Kriegsspiele\",\"isPartOf\":{\"@id\":\"https:\/\/3dvikingsstore.com\/de\/#website\"},\"primaryImageOfPage\":{\"@id\":\"https:\/\/3dvikingsstore.com\/de\/shop\/ruiniertes-steingebaeude-geeignet-fuer-mittelalterliche-oder-fantasy-szenarien-28mm\/#primaryimage\"},\"image\":{\"@id\":\"https:\/\/3dvikingsstore.com\/de\/shop\/ruiniertes-steingebaeude-geeignet-fuer-mittelalterliche-oder-fantasy-szenarien-28mm\/#primaryimage\"},\"thumbnailUrl\":\"https:\/\/3dvikingsstore.com\/wp-content\/uploads\/2020\/03\/il_794xN.1979773311_ntgf.jpg\",\"datePublished\":\"2020-03-01T00:58:31+00:00\",\"dateModified\":\"2024-02-20T11:57:21+00:00\",\"description\":\"Die kahle Steinruine bietet ein rustikales und besch\u00e4digtes Design, das Ihren Wargame-Szenarien Realismus und Atmosph\u00e4re verleiht.\",\"breadcrumb\":{\"@id\":\"https:\/\/3dvikingsstore.com\/de\/shop\/ruiniertes-steingebaeude-geeignet-fuer-mittelalterliche-oder-fantasy-szenarien-28mm\/#breadcrumb\"},\"inLanguage\":\"de\",\"potentialAction\":[{\"@type\":\"ReadAction\",\"target\":[\"https:\/\/3dvikingsstore.com\/de\/shop\/ruiniertes-steingebaeude-geeignet-fuer-mittelalterliche-oder-fantasy-szenarien-28mm\/\"]}]},{\"@type\":\"ImageObject\",\"inLanguage\":\"de\",\"@id\":\"https:\/\/3dvikingsstore.com\/de\/shop\/ruiniertes-steingebaeude-geeignet-fuer-mittelalterliche-oder-fantasy-szenarien-28mm\/#primaryimage\",\"url\":\"https:\/\/3dvikingsstore.com\/wp-content\/uploads\/2020\/03\/il_794xN.1979773311_ntgf.jpg\",\"contentUrl\":\"https:\/\/3dvikingsstore.com\/wp-content\/uploads\/2020\/03\/il_794xN.1979773311_ntgf.jpg\",\"width\":794,\"height\":635,\"caption\":\"28mm stone ruined building\"},{\"@type\":\"BreadcrumbList\",\"@id\":\"https:\/\/3dvikingsstore.com\/de\/shop\/ruiniertes-steingebaeude-geeignet-fuer-mittelalterliche-oder-fantasy-szenarien-28mm\/#breadcrumb\",\"itemListElement\":[{\"@type\":\"ListItem\",\"position\":1,\"name\":\"Home\",\"item\":\"https:\/\/3dvikingsstore.com\/de\/\"},{\"@type\":\"ListItem\",\"position\":2,\"name\":\"Gesch\u00e4ft\",\"item\":\"https:\/\/3dvikingsstore.com\/shop\/\"},{\"@type\":\"ListItem\",\"position\":3,\"name\":\"Nackte Steinruine f\u00fcr WWII oder Fantasy-Kriegsspiele (Ein St\u00fcck)\"}]},{\"@type\":\"WebSite\",\"@id\":\"https:\/\/3dvikingsstore.com\/de\/#website\",\"url\":\"https:\/\/3dvikingsstore.com\/de\/\",\"name\":\"3D Vikings Store\",\"description\":\"Scenery and Accessories for Tabletop and Board Games\",\"publisher\":{\"@id\":\"https:\/\/3dvikingsstore.com\/de\/#organization\"},\"potentialAction\":[{\"@type\":\"SearchAction\",\"target\":{\"@type\":\"EntryPoint\",\"urlTemplate\":\"https:\/\/3dvikingsstore.com\/de\/?s={search_term_string}\"},\"query-input\":\"required name=search_term_string\"}],\"inLanguage\":\"de\"},{\"@type\":\"Organization\",\"@id\":\"https:\/\/3dvikingsstore.com\/de\/#organization\",\"name\":\"3D Vikings Store\",\"url\":\"https:\/\/3dvikingsstore.com\/de\/\",\"logo\":{\"@type\":\"ImageObject\",\"inLanguage\":\"de\",\"@id\":\"https:\/\/3dvikingsstore.com\/de\/#\/schema\/logo\/image\/\",\"url\":\"https:\/\/3dvikingsstore.com\/wp-content\/uploads\/2020\/03\/3dvikings-logo-karge-white.jpg\",\"contentUrl\":\"https:\/\/3dvikingsstore.com\/wp-content\/uploads\/2020\/03\/3dvikings-logo-karge-white.jpg\",\"width\":800,\"height\":800,\"caption\":\"3D Vikings Store\"},\"image\":{\"@id\":\"https:\/\/3dvikingsstore.com\/de\/#\/schema\/logo\/image\/\"}}]}<\/script>\n<!-- \/ Yoast SEO Premium plugin. -->","yoast_head_json":{"title":"Nackte Steinruine f\u00fcr WWII oder Fantasy-Kriegsspiele","description":"Die kahle Steinruine bietet ein rustikales und besch\u00e4digtes Design, das Ihren Wargame-Szenarien Realismus und Atmosph\u00e4re verleiht.","robots":{"index":"index","follow":"follow","max-snippet":"max-snippet:-1","max-image-preview":"max-image-preview:large","max-video-preview":"max-video-preview:-1"},"canonical":"https:\/\/3dvikingsstore.com\/de\/shop\/ruiniertes-steingebaeude-geeignet-fuer-mittelalterliche-oder-fantasy-szenarien-28mm\/","og_locale":"de_DE","og_type":"article","og_title":"Nackte Steinruine f\u00fcr WWII oder Fantasy-Kriegsspiele (Ein St\u00fcck)","og_description":"Die kahle Steinruine bietet ein rustikales und besch\u00e4digtes Design, das Ihren Wargame-Szenarien Realismus und Atmosph\u00e4re verleiht.","og_url":"https:\/\/3dvikingsstore.com\/de\/shop\/ruiniertes-steingebaeude-geeignet-fuer-mittelalterliche-oder-fantasy-szenarien-28mm\/","og_site_name":"3D Vikings Store","article_modified_time":"2024-02-20T11:57:21+00:00","og_image":[{"width":794,"height":635,"url":"https:\/\/3dvikingsstore.com\/wp-content\/uploads\/2020\/03\/il_794xN.1979773311_ntgf.jpg","type":"image\/jpeg"}],"twitter_card":"summary_large_image","twitter_misc":{"Gesch\u00e4tzte Lesezeit":"1\u00a0Minute"},"schema":{"@context":"https:\/\/schema.org","@graph":[{"@type":["WebPage","ItemPage"],"@id":"https:\/\/3dvikingsstore.com\/de\/shop\/ruiniertes-steingebaeude-geeignet-fuer-mittelalterliche-oder-fantasy-szenarien-28mm\/","url":"https:\/\/3dvikingsstore.com\/de\/shop\/ruiniertes-steingebaeude-geeignet-fuer-mittelalterliche-oder-fantasy-szenarien-28mm\/","name":"Nackte Steinruine f\u00fcr WWII oder Fantasy-Kriegsspiele","isPartOf":{"@id":"https:\/\/3dvikingsstore.com\/de\/#website"},"primaryImageOfPage":{"@id":"https:\/\/3dvikingsstore.com\/de\/shop\/ruiniertes-steingebaeude-geeignet-fuer-mittelalterliche-oder-fantasy-szenarien-28mm\/#primaryimage"},"image":{"@id":"https:\/\/3dvikingsstore.com\/de\/shop\/ruiniertes-steingebaeude-geeignet-fuer-mittelalterliche-oder-fantasy-szenarien-28mm\/#primaryimage"},"thumbnailUrl":"https:\/\/3dvikingsstore.com\/wp-content\/uploads\/2020\/03\/il_794xN.1979773311_ntgf.jpg","datePublished":"2020-03-01T00:58:31+00:00","dateModified":"2024-02-20T11:57:21+00:00","description":"Die kahle Steinruine bietet ein rustikales und besch\u00e4digtes Design, das Ihren Wargame-Szenarien Realismus und Atmosph\u00e4re verleiht.","breadcrumb":{"@id":"https:\/\/3dvikingsstore.com\/de\/shop\/ruiniertes-steingebaeude-geeignet-fuer-mittelalterliche-oder-fantasy-szenarien-28mm\/#breadcrumb"},"inLanguage":"de","potentialAction":[{"@type":"ReadAction","target":["https:\/\/3dvikingsstore.com\/de\/shop\/ruiniertes-steingebaeude-geeignet-fuer-mittelalterliche-oder-fantasy-szenarien-28mm\/"]}]},{"@type":"ImageObject","inLanguage":"de","@id":"https:\/\/3dvikingsstore.com\/de\/shop\/ruiniertes-steingebaeude-geeignet-fuer-mittelalterliche-oder-fantasy-szenarien-28mm\/#primaryimage","url":"https:\/\/3dvikingsstore.com\/wp-content\/uploads\/2020\/03\/il_794xN.1979773311_ntgf.jpg","contentUrl":"https:\/\/3dvikingsstore.com\/wp-content\/uploads\/2020\/03\/il_794xN.1979773311_ntgf.jpg","width":794,"height":635,"caption":"28mm stone ruined building"},{"@type":"BreadcrumbList","@id":"https:\/\/3dvikingsstore.com\/de\/shop\/ruiniertes-steingebaeude-geeignet-fuer-mittelalterliche-oder-fantasy-szenarien-28mm\/#breadcrumb","itemListElement":[{"@type":"ListItem","position":1,"name":"Home","item":"https:\/\/3dvikingsstore.com\/de\/"},{"@type":"ListItem","position":2,"name":"Gesch\u00e4ft","item":"https:\/\/3dvikingsstore.com\/shop\/"},{"@type":"ListItem","position":3,"name":"Nackte Steinruine f\u00fcr WWII oder Fantasy-Kriegsspiele (Ein St\u00fcck)"}]},{"@type":"WebSite","@id":"https:\/\/3dvikingsstore.com\/de\/#website","url":"https:\/\/3dvikingsstore.com\/de\/","name":"3D Vikings Store","description":"Scenery and Accessories for Tabletop and Board Games","publisher":{"@id":"https:\/\/3dvikingsstore.com\/de\/#organization"},"potentialAction":[{"@type":"SearchAction","target":{"@type":"EntryPoint","urlTemplate":"https:\/\/3dvikingsstore.com\/de\/?s={search_term_string}"},"query-input":"required name=search_term_string"}],"inLanguage":"de"},{"@type":"Organization","@id":"https:\/\/3dvikingsstore.com\/de\/#organization","name":"3D Vikings Store","url":"https:\/\/3dvikingsstore.com\/de\/","logo":{"@type":"ImageObject","inLanguage":"de","@id":"https:\/\/3dvikingsstore.com\/de\/#\/schema\/logo\/image\/","url":"https:\/\/3dvikingsstore.com\/wp-content\/uploads\/2020\/03\/3dvikings-logo-karge-white.jpg","contentUrl":"https:\/\/3dvikingsstore.com\/wp-content\/uploads\/2020\/03\/3dvikings-logo-karge-white.jpg","width":800,"height":800,"caption":"3D Vikings Store"},"image":{"@id":"https:\/\/3dvikingsstore.com\/de\/#\/schema\/logo\/image\/"}}]}},"_links":{"self":[{"href":"https:\/\/3dvikingsstore.com\/de\/wp-json\/wp\/v2\/product\/16018"}],"collection":[{"href":"https:\/\/3dvikingsstore.com\/de\/wp-json\/wp\/v2\/product"}],"about":[{"href":"https:\/\/3dvikingsstore.com\/de\/wp-json\/wp\/v2\/types\/product"}],"replies":[{"embeddable":true,"href":"https:\/\/3dvikingsstore.com\/de\/wp-json\/wp\/v2\/comments?post=16018"}],"version-history":[{"count":1,"href":"https:\/\/3dvikingsstore.com\/de\/wp-json\/wp\/v2\/product\/16018\/revisions"}],"predecessor-version":[{"id":18210,"href":"https:\/\/3dvikingsstore.com\/de\/wp-json\/wp\/v2\/product\/16018\/revisions\/18210"}],"wp:featuredmedia":[{"embeddable":true,"href":"https:\/\/3dvikingsstore.com\/de\/wp-json\/wp\/v2\/media\/14493"}],"wp:attachment":[{"href":"https:\/\/3dvikingsstore.com\/de\/wp-json\/wp\/v2\/media?parent=16018"}],"wp:term":[{"taxonomy":"product_cat","embeddable":true,"href":"https:\/\/3dvikingsstore.com\/de\/wp-json\/wp\/v2\/product_cat?post=16018"},{"taxonomy":"product_tag","embeddable":true,"href":"https:\/\/3dvikingsstore.com\/de\/wp-json\/wp\/v2\/product_tag?post=16018"}],"curies":[{"name":"wp","href":"https:\/\/api.w.org\/{rel}","templated":true}]}}