{"id":15984,"date":"2020-03-01T02:58:32","date_gmt":"2020-03-01T00:58:32","guid":{"rendered":"https:\/\/3dvikingsstore.com\/shop\/dnd-elfen-baumhaus-kollektion-28mm-massstab\/"},"modified":"2024-02-29T13:28:10","modified_gmt":"2024-02-29T11:28:10","slug":"dnd-elfen-baumhaus-kollektion-28mm-massstab","status":"publish","type":"product","link":"https:\/\/3dvikingsstore.com\/de\/shop\/dnd-elfen-baumhaus-kollektion-28mm-massstab\/","title":{"rendered":"DnD Elfen Baumhaus Kollektion 28mm Ma\u00dfstab"},"content":{"rendered":"<p>Dies ist eine modulare Elfen Baumh\u00e4user geeignet f\u00fcr 28mm Wargames. Sie ist so konzipiert, dass man weitere Br\u00fccken zwischen den Baumh\u00e4usern einbauen und so eine ganze, miteinander verbundene Stadt schaffen kann.<\/p>\n<p><strong>Das Set enth\u00e4lt:<\/strong><\/p>\n<ul>\n<li>1 x Baumh\u00e4user<\/li>\n<li>1x Br\u00fccke<\/li>\n<\/ul>\n<p><strong>Abmessungen:<\/strong> 9 1\/2&#8243; hoch. 243mm hoch<\/p>\n<p><strong>Wird unbemalt geliefert.<\/strong><\/p>\n<p>Es wird mit PLA gedruckt, einem der umweltfreundlichsten Filamente, die es derzeit auf dem Markt gibt. PLA wird aus Pflanzen wie Mais und Zuckerrohr gewonnen, ist erneuerbar und vor allem biologisch abbaubar und ungiftig. Die damit bedruckten Gegenst\u00e4nde sind haltbar und stabil.<\/p>\n","protected":false},"excerpt":{"rendered":"<p>Dies ist eine modulare Elfen Baumh\u00e4user geeignet f\u00fcr 28mm Wargames. Sie ist so konzipiert, dass man weitere Br\u00fccken zwischen den Baumh\u00e4usern einbauen und so eine ganze, miteinander verbundene Stadt schaffen kann.<\/p>\n<div id=\"sel-ext-win\" class=\"sel-text-win\" style=\"display: none;\"><\/div>\n","protected":false},"featured_media":14502,"comment_status":"open","ping_status":"closed","template":"","meta":[],"product_cat":[2717],"product_tag":[2751,2673,2814,2812,2813,2811,2737,2810,2766,2742,2767,2736,2678],"yoast_head":"<!-- This site is optimized with the Yoast SEO Premium plugin v22.9 (Yoast SEO v22.9) - https:\/\/yoast.com\/wordpress\/plugins\/seo\/ -->\n<title>DnD Elfen Baumhaus Kollektion 28mm Ma\u00dfstab<\/title>\n<meta name=\"description\" content=\"Modulare elfische Baumh\u00e4user, geeignet f\u00fcr 28mm Wargames. Sie ist so konzipiert, dass man weitere Br\u00fccken zwischen den Baumh\u00e4usern einbauen und so eine ganze, miteinander verbundene Stadt schaffen kann.\" \/>\n<meta name=\"robots\" content=\"index, follow, max-snippet:-1, max-image-preview:large, max-video-preview:-1\" \/>\n<link rel=\"canonical\" href=\"https:\/\/3dvikingsstore.com\/de\/shop\/dnd-elfen-baumhaus-kollektion-28mm-massstab\/\" \/>\n<meta property=\"og:locale\" content=\"de_DE\" \/>\n<meta property=\"og:type\" content=\"article\" \/>\n<meta property=\"og:title\" content=\"DnD Elfen Baumhaus Kollektion 28mm Ma\u00dfstab\" \/>\n<meta property=\"og:description\" content=\"Modulare elfische Baumh\u00e4user, geeignet f\u00fcr 28mm Wargames. Sie ist so konzipiert, dass man weitere Br\u00fccken zwischen den Baumh\u00e4usern einbauen und so eine ganze, miteinander verbundene Stadt schaffen kann.\" \/>\n<meta property=\"og:url\" content=\"https:\/\/3dvikingsstore.com\/de\/shop\/dnd-elfen-baumhaus-kollektion-28mm-massstab\/\" \/>\n<meta property=\"og:site_name\" content=\"3D Vikings Store\" \/>\n<meta property=\"article:modified_time\" content=\"2024-02-29T11:28:10+00:00\" \/>\n<meta property=\"og:image\" content=\"https:\/\/3dvikingsstore.com\/wp-content\/uploads\/2020\/03\/il_794xN.1932210094_a14j.jpg\" \/>\n\t<meta property=\"og:image:width\" content=\"794\" \/>\n\t<meta property=\"og:image:height\" content=\"586\" \/>\n\t<meta property=\"og:image:type\" content=\"image\/jpeg\" \/>\n<meta name=\"twitter:card\" content=\"summary_large_image\" \/>\n<meta name=\"twitter:label1\" content=\"Gesch\u00e4tzte Lesezeit\" \/>\n\t<meta name=\"twitter:data1\" content=\"1\u00a0Minute\" \/>\n<script type=\"application\/ld+json\" class=\"yoast-schema-graph\">{\"@context\":\"https:\/\/schema.org\",\"@graph\":[{\"@type\":[\"WebPage\",\"ItemPage\"],\"@id\":\"https:\/\/3dvikingsstore.com\/de\/shop\/dnd-elfen-baumhaus-kollektion-28mm-massstab\/\",\"url\":\"https:\/\/3dvikingsstore.com\/de\/shop\/dnd-elfen-baumhaus-kollektion-28mm-massstab\/\",\"name\":\"DnD Elfen Baumhaus Kollektion 28mm Ma\u00dfstab\",\"isPartOf\":{\"@id\":\"https:\/\/3dvikingsstore.com\/de\/#website\"},\"primaryImageOfPage\":{\"@id\":\"https:\/\/3dvikingsstore.com\/de\/shop\/dnd-elfen-baumhaus-kollektion-28mm-massstab\/#primaryimage\"},\"image\":{\"@id\":\"https:\/\/3dvikingsstore.com\/de\/shop\/dnd-elfen-baumhaus-kollektion-28mm-massstab\/#primaryimage\"},\"thumbnailUrl\":\"https:\/\/3dvikingsstore.com\/wp-content\/uploads\/2020\/03\/il_794xN.1932210094_a14j.jpg\",\"datePublished\":\"2020-03-01T00:58:32+00:00\",\"dateModified\":\"2024-02-29T11:28:10+00:00\",\"description\":\"Modulare elfische Baumh\u00e4user, geeignet f\u00fcr 28mm Wargames. Sie ist so konzipiert, dass man weitere Br\u00fccken zwischen den Baumh\u00e4usern einbauen und so eine ganze, miteinander verbundene Stadt schaffen kann.\",\"breadcrumb\":{\"@id\":\"https:\/\/3dvikingsstore.com\/de\/shop\/dnd-elfen-baumhaus-kollektion-28mm-massstab\/#breadcrumb\"},\"inLanguage\":\"de\",\"potentialAction\":[{\"@type\":\"ReadAction\",\"target\":[\"https:\/\/3dvikingsstore.com\/de\/shop\/dnd-elfen-baumhaus-kollektion-28mm-massstab\/\"]}]},{\"@type\":\"ImageObject\",\"inLanguage\":\"de\",\"@id\":\"https:\/\/3dvikingsstore.com\/de\/shop\/dnd-elfen-baumhaus-kollektion-28mm-massstab\/#primaryimage\",\"url\":\"https:\/\/3dvikingsstore.com\/wp-content\/uploads\/2020\/03\/il_794xN.1932210094_a14j.jpg\",\"contentUrl\":\"https:\/\/3dvikingsstore.com\/wp-content\/uploads\/2020\/03\/il_794xN.1932210094_a14j.jpg\",\"width\":794,\"height\":586},{\"@type\":\"BreadcrumbList\",\"@id\":\"https:\/\/3dvikingsstore.com\/de\/shop\/dnd-elfen-baumhaus-kollektion-28mm-massstab\/#breadcrumb\",\"itemListElement\":[{\"@type\":\"ListItem\",\"position\":1,\"name\":\"Home\",\"item\":\"https:\/\/3dvikingsstore.com\/de\/\"},{\"@type\":\"ListItem\",\"position\":2,\"name\":\"Gesch\u00e4ft\",\"item\":\"https:\/\/3dvikingsstore.com\/shop\/\"},{\"@type\":\"ListItem\",\"position\":3,\"name\":\"DnD Elfen Baumhaus Kollektion 28mm Ma\u00dfstab\"}]},{\"@type\":\"WebSite\",\"@id\":\"https:\/\/3dvikingsstore.com\/de\/#website\",\"url\":\"https:\/\/3dvikingsstore.com\/de\/\",\"name\":\"3D Vikings Store\",\"description\":\"Scenery and Accessories for Tabletop and Board Games\",\"publisher\":{\"@id\":\"https:\/\/3dvikingsstore.com\/de\/#organization\"},\"potentialAction\":[{\"@type\":\"SearchAction\",\"target\":{\"@type\":\"EntryPoint\",\"urlTemplate\":\"https:\/\/3dvikingsstore.com\/de\/?s={search_term_string}\"},\"query-input\":\"required name=search_term_string\"}],\"inLanguage\":\"de\"},{\"@type\":\"Organization\",\"@id\":\"https:\/\/3dvikingsstore.com\/de\/#organization\",\"name\":\"3D Vikings Store\",\"url\":\"https:\/\/3dvikingsstore.com\/de\/\",\"logo\":{\"@type\":\"ImageObject\",\"inLanguage\":\"de\",\"@id\":\"https:\/\/3dvikingsstore.com\/de\/#\/schema\/logo\/image\/\",\"url\":\"https:\/\/3dvikingsstore.com\/wp-content\/uploads\/2020\/03\/3dvikings-logo-karge-white.jpg\",\"contentUrl\":\"https:\/\/3dvikingsstore.com\/wp-content\/uploads\/2020\/03\/3dvikings-logo-karge-white.jpg\",\"width\":800,\"height\":800,\"caption\":\"3D Vikings Store\"},\"image\":{\"@id\":\"https:\/\/3dvikingsstore.com\/de\/#\/schema\/logo\/image\/\"}}]}<\/script>\n<!-- \/ Yoast SEO Premium plugin. -->","yoast_head_json":{"title":"DnD Elfen Baumhaus Kollektion 28mm Ma\u00dfstab","description":"Modulare elfische Baumh\u00e4user, geeignet f\u00fcr 28mm Wargames. Sie ist so konzipiert, dass man weitere Br\u00fccken zwischen den Baumh\u00e4usern einbauen und so eine ganze, miteinander verbundene Stadt schaffen kann.","robots":{"index":"index","follow":"follow","max-snippet":"max-snippet:-1","max-image-preview":"max-image-preview:large","max-video-preview":"max-video-preview:-1"},"canonical":"https:\/\/3dvikingsstore.com\/de\/shop\/dnd-elfen-baumhaus-kollektion-28mm-massstab\/","og_locale":"de_DE","og_type":"article","og_title":"DnD Elfen Baumhaus Kollektion 28mm Ma\u00dfstab","og_description":"Modulare elfische Baumh\u00e4user, geeignet f\u00fcr 28mm Wargames. Sie ist so konzipiert, dass man weitere Br\u00fccken zwischen den Baumh\u00e4usern einbauen und so eine ganze, miteinander verbundene Stadt schaffen kann.","og_url":"https:\/\/3dvikingsstore.com\/de\/shop\/dnd-elfen-baumhaus-kollektion-28mm-massstab\/","og_site_name":"3D Vikings Store","article_modified_time":"2024-02-29T11:28:10+00:00","og_image":[{"width":794,"height":586,"url":"https:\/\/3dvikingsstore.com\/wp-content\/uploads\/2020\/03\/il_794xN.1932210094_a14j.jpg","type":"image\/jpeg"}],"twitter_card":"summary_large_image","twitter_misc":{"Gesch\u00e4tzte Lesezeit":"1\u00a0Minute"},"schema":{"@context":"https:\/\/schema.org","@graph":[{"@type":["WebPage","ItemPage"],"@id":"https:\/\/3dvikingsstore.com\/de\/shop\/dnd-elfen-baumhaus-kollektion-28mm-massstab\/","url":"https:\/\/3dvikingsstore.com\/de\/shop\/dnd-elfen-baumhaus-kollektion-28mm-massstab\/","name":"DnD Elfen Baumhaus Kollektion 28mm Ma\u00dfstab","isPartOf":{"@id":"https:\/\/3dvikingsstore.com\/de\/#website"},"primaryImageOfPage":{"@id":"https:\/\/3dvikingsstore.com\/de\/shop\/dnd-elfen-baumhaus-kollektion-28mm-massstab\/#primaryimage"},"image":{"@id":"https:\/\/3dvikingsstore.com\/de\/shop\/dnd-elfen-baumhaus-kollektion-28mm-massstab\/#primaryimage"},"thumbnailUrl":"https:\/\/3dvikingsstore.com\/wp-content\/uploads\/2020\/03\/il_794xN.1932210094_a14j.jpg","datePublished":"2020-03-01T00:58:32+00:00","dateModified":"2024-02-29T11:28:10+00:00","description":"Modulare elfische Baumh\u00e4user, geeignet f\u00fcr 28mm Wargames. Sie ist so konzipiert, dass man weitere Br\u00fccken zwischen den Baumh\u00e4usern einbauen und so eine ganze, miteinander verbundene Stadt schaffen kann.","breadcrumb":{"@id":"https:\/\/3dvikingsstore.com\/de\/shop\/dnd-elfen-baumhaus-kollektion-28mm-massstab\/#breadcrumb"},"inLanguage":"de","potentialAction":[{"@type":"ReadAction","target":["https:\/\/3dvikingsstore.com\/de\/shop\/dnd-elfen-baumhaus-kollektion-28mm-massstab\/"]}]},{"@type":"ImageObject","inLanguage":"de","@id":"https:\/\/3dvikingsstore.com\/de\/shop\/dnd-elfen-baumhaus-kollektion-28mm-massstab\/#primaryimage","url":"https:\/\/3dvikingsstore.com\/wp-content\/uploads\/2020\/03\/il_794xN.1932210094_a14j.jpg","contentUrl":"https:\/\/3dvikingsstore.com\/wp-content\/uploads\/2020\/03\/il_794xN.1932210094_a14j.jpg","width":794,"height":586},{"@type":"BreadcrumbList","@id":"https:\/\/3dvikingsstore.com\/de\/shop\/dnd-elfen-baumhaus-kollektion-28mm-massstab\/#breadcrumb","itemListElement":[{"@type":"ListItem","position":1,"name":"Home","item":"https:\/\/3dvikingsstore.com\/de\/"},{"@type":"ListItem","position":2,"name":"Gesch\u00e4ft","item":"https:\/\/3dvikingsstore.com\/shop\/"},{"@type":"ListItem","position":3,"name":"DnD Elfen Baumhaus Kollektion 28mm Ma\u00dfstab"}]},{"@type":"WebSite","@id":"https:\/\/3dvikingsstore.com\/de\/#website","url":"https:\/\/3dvikingsstore.com\/de\/","name":"3D Vikings Store","description":"Scenery and Accessories for Tabletop and Board Games","publisher":{"@id":"https:\/\/3dvikingsstore.com\/de\/#organization"},"potentialAction":[{"@type":"SearchAction","target":{"@type":"EntryPoint","urlTemplate":"https:\/\/3dvikingsstore.com\/de\/?s={search_term_string}"},"query-input":"required name=search_term_string"}],"inLanguage":"de"},{"@type":"Organization","@id":"https:\/\/3dvikingsstore.com\/de\/#organization","name":"3D Vikings Store","url":"https:\/\/3dvikingsstore.com\/de\/","logo":{"@type":"ImageObject","inLanguage":"de","@id":"https:\/\/3dvikingsstore.com\/de\/#\/schema\/logo\/image\/","url":"https:\/\/3dvikingsstore.com\/wp-content\/uploads\/2020\/03\/3dvikings-logo-karge-white.jpg","contentUrl":"https:\/\/3dvikingsstore.com\/wp-content\/uploads\/2020\/03\/3dvikings-logo-karge-white.jpg","width":800,"height":800,"caption":"3D Vikings Store"},"image":{"@id":"https:\/\/3dvikingsstore.com\/de\/#\/schema\/logo\/image\/"}}]}},"_links":{"self":[{"href":"https:\/\/3dvikingsstore.com\/de\/wp-json\/wp\/v2\/product\/15984"}],"collection":[{"href":"https:\/\/3dvikingsstore.com\/de\/wp-json\/wp\/v2\/product"}],"about":[{"href":"https:\/\/3dvikingsstore.com\/de\/wp-json\/wp\/v2\/types\/product"}],"replies":[{"embeddable":true,"href":"https:\/\/3dvikingsstore.com\/de\/wp-json\/wp\/v2\/comments?post=15984"}],"version-history":[{"count":2,"href":"https:\/\/3dvikingsstore.com\/de\/wp-json\/wp\/v2\/product\/15984\/revisions"}],"predecessor-version":[{"id":18839,"href":"https:\/\/3dvikingsstore.com\/de\/wp-json\/wp\/v2\/product\/15984\/revisions\/18839"}],"wp:featuredmedia":[{"embeddable":true,"href":"https:\/\/3dvikingsstore.com\/de\/wp-json\/wp\/v2\/media\/14502"}],"wp:attachment":[{"href":"https:\/\/3dvikingsstore.com\/de\/wp-json\/wp\/v2\/media?parent=15984"}],"wp:term":[{"taxonomy":"product_cat","embeddable":true,"href":"https:\/\/3dvikingsstore.com\/de\/wp-json\/wp\/v2\/product_cat?post=15984"},{"taxonomy":"product_tag","embeddable":true,"href":"https:\/\/3dvikingsstore.com\/de\/wp-json\/wp\/v2\/product_tag?post=15984"}],"curies":[{"name":"wp","href":"https:\/\/api.w.org\/{rel}","templated":true}]}}