{"id":15983,"date":"2020-03-01T02:58:32","date_gmt":"2020-03-01T00:58:32","guid":{"rendered":"https:\/\/3dvikingsstore.com\/shop\/hub-alpha-dragons-rest-sci-fi-scatter-terrain-28mm-32mm-massstab\/"},"modified":"2024-02-19T16:18:03","modified_gmt":"2024-02-19T14:18:03","slug":"hub-alpha-dragons-rest-sci-fi-scatter-terrain-28mm-32mm-massstab","status":"publish","type":"product","link":"https:\/\/3dvikingsstore.com\/de\/shop\/hub-alpha-dragons-rest-sci-fi-scatter-terrain-28mm-32mm-massstab\/","title":{"rendered":"Hub Alpha Drachenruhe Sci-Fi Streugel\u00e4nde 28mm &#8211; 32mm Ma\u00dfstab"},"content":{"rendered":"<p>? Sie fallen vom Himmel und leuchten in einem himmlischen Licht. Ihr Abstieg wurde durch das bordeigene Orbitalman\u00f6versystem verlangsamt. Sobald die Hub Alphas gelandet sind, wird der erste Au\u00dfenposten errichtet und die Kolonisten beginnen, diesen neu entdeckten Planeten zu ihrer Heimat zu machen. Unsere unerschrockenen Entdecker bereiten sich eifrig auf die Entdeckungen und potenziellen Gefahren vor, die vor ihnen liegen&#8230;<\/p>\n<p>Als Teil der modularen Outpost: Origins-Reihe ist der Hub Alpha ein mehrteiliger Druck, mit dem Sie Ihre Operationsbasis aufbauen k\u00f6nnen. Die T\u00fcren lassen sich leicht ein- und ausschieben oder k\u00f6nnen mit Schotts verschlossen werden, um verschiedene Eingangsvarianten zu erm\u00f6glichen. Die T\u00fcren k\u00f6nnen auch durch eine Rampe ersetzt werden.<\/p>\n<p>Mehrere Hub Alphas k\u00f6nnen mit Hilfe der eingebauten Positionsf\u00fchrungen gestapelt werden. Im Inneren befindet sich ein herausnehmbares Bodengitter, das Ihren Kolonisten den Zugang zu anderen Ebenen \u00fcber die interne Leiter erm\u00f6glicht. Das abnehmbare Dach beherbergt die lebensnotwendige Ausr\u00fcstung f\u00fcr die Besiedlung.<\/p>\n<p>Gesamtgr\u00f6\u00dfe &#8211; b219mm x h84mm x t208mm<\/p>\n<p>INKLUSIVE:<\/p>\n<p>1 x MOP Basis A &#8211; Nabe<br \/>\n1 x MOP Dach A<br \/>\n5 x MOP Bein A verl\u00e4ngert<br \/>\n2 x MOP T\u00fcrrampe<br \/>\n5 x MOP T\u00fcr A<br \/>\n1 x MOP-Stecker Dach A 5pk<br \/>\n1 x MOP Basis A Gitterrost<\/p>\n<p>Wird unbemalt geliefert.<\/p>\n","protected":false},"excerpt":{"rendered":"<p>Als Teil der modularen Outpost: Origins-Reihe ist der Hub Alpha ein mehrteiliger Druck, mit dem Sie Ihre Operationsbasis aufbauen k\u00f6nnen. Die T\u00fcren lassen sich leicht ein- und ausschieben oder k\u00f6nnen mit Schotts verschlossen werden, um verschiedene Eingangsvarianten zu erm\u00f6glichen. Die T\u00fcren k\u00f6nnen auch durch eine Rampe ersetzt werden.<\/p>\n<p>Mehrere Hub Alphas k\u00f6nnen mit Hilfe der eingebauten Positionsf\u00fchrungen gestapelt werden. Im Inneren befindet sich ein herausnehmbares Bodengitter, das Ihren Kolonisten den Zugang zu anderen Ebenen \u00fcber die interne Leiter erm\u00f6glicht. Das abnehmbare Dach beherbergt die lebensnotwendige Ausr\u00fcstung f\u00fcr die Besiedlung.<\/p>\n","protected":false},"featured_media":14494,"comment_status":"open","ping_status":"closed","template":"","meta":[],"product_cat":[2732,2717],"product_tag":[2734,2733,2804,2807,2806,2803,2809,2808,2752,2736,2805,2678,2735],"yoast_head":"<!-- This site is optimized with the Yoast SEO Premium plugin v22.9 (Yoast SEO v22.9) - https:\/\/yoast.com\/wordpress\/plugins\/seo\/ -->\n<title>Hub Alpha Drachenruhe Sci-Fi Streugel\u00e4nde 28mm - 32mm Ma\u00dfstab<\/title>\n<meta name=\"robots\" content=\"index, follow, max-snippet:-1, max-image-preview:large, max-video-preview:-1\" \/>\n<link rel=\"canonical\" href=\"https:\/\/3dvikingsstore.com\/de\/shop\/hub-alpha-dragons-rest-sci-fi-scatter-terrain-28mm-32mm-massstab\/\" \/>\n<meta property=\"og:locale\" content=\"de_DE\" \/>\n<meta property=\"og:type\" content=\"article\" \/>\n<meta property=\"og:title\" content=\"Hub Alpha Drachenruhe Sci-Fi Streugel\u00e4nde 28mm - 32mm Ma\u00dfstab\" \/>\n<meta property=\"og:description\" content=\"Als Teil der modularen Outpost: Origins-Reihe ist der Hub Alpha ein mehrteiliger Druck, mit dem Sie Ihre Operationsbasis aufbauen k\u00f6nnen. Die T\u00fcren lassen sich leicht ein- und ausschieben oder k\u00f6nnen mit Schotts verschlossen werden, um verschiedene Eingangsvarianten zu erm\u00f6glichen. Die T\u00fcren k\u00f6nnen auch durch eine Rampe ersetzt werden. Mehrere Hub Alphas k\u00f6nnen mit Hilfe der eingebauten Positionsf\u00fchrungen gestapelt werden. Im Inneren befindet sich ein herausnehmbares Bodengitter, das Ihren Kolonisten den Zugang zu anderen Ebenen \u00fcber die interne Leiter erm\u00f6glicht. Das abnehmbare Dach beherbergt die lebensnotwendige Ausr\u00fcstung f\u00fcr die Besiedlung.\" \/>\n<meta property=\"og:url\" content=\"https:\/\/3dvikingsstore.com\/de\/shop\/hub-alpha-dragons-rest-sci-fi-scatter-terrain-28mm-32mm-massstab\/\" \/>\n<meta property=\"og:site_name\" content=\"3D Vikings Store\" \/>\n<meta property=\"article:modified_time\" content=\"2024-02-19T14:18:03+00:00\" \/>\n<meta property=\"og:image\" content=\"https:\/\/3dvikingsstore.com\/wp-content\/uploads\/2020\/03\/il_794xN.1983727335_sam4.jpg\" \/>\n\t<meta property=\"og:image:width\" content=\"794\" \/>\n\t<meta property=\"og:image:height\" content=\"595\" \/>\n\t<meta property=\"og:image:type\" content=\"image\/jpeg\" \/>\n<meta name=\"twitter:card\" content=\"summary_large_image\" \/>\n<meta name=\"twitter:label1\" content=\"Gesch\u00e4tzte Lesezeit\" \/>\n\t<meta name=\"twitter:data1\" content=\"1\u00a0Minute\" \/>\n<script type=\"application\/ld+json\" class=\"yoast-schema-graph\">{\"@context\":\"https:\/\/schema.org\",\"@graph\":[{\"@type\":[\"WebPage\",\"ItemPage\"],\"@id\":\"https:\/\/3dvikingsstore.com\/de\/shop\/hub-alpha-dragons-rest-sci-fi-scatter-terrain-28mm-32mm-massstab\/\",\"url\":\"https:\/\/3dvikingsstore.com\/de\/shop\/hub-alpha-dragons-rest-sci-fi-scatter-terrain-28mm-32mm-massstab\/\",\"name\":\"Hub Alpha Drachenruhe Sci-Fi Streugel\u00e4nde 28mm - 32mm Ma\u00dfstab\",\"isPartOf\":{\"@id\":\"https:\/\/3dvikingsstore.com\/de\/#website\"},\"primaryImageOfPage\":{\"@id\":\"https:\/\/3dvikingsstore.com\/de\/shop\/hub-alpha-dragons-rest-sci-fi-scatter-terrain-28mm-32mm-massstab\/#primaryimage\"},\"image\":{\"@id\":\"https:\/\/3dvikingsstore.com\/de\/shop\/hub-alpha-dragons-rest-sci-fi-scatter-terrain-28mm-32mm-massstab\/#primaryimage\"},\"thumbnailUrl\":\"https:\/\/3dvikingsstore.com\/wp-content\/uploads\/2020\/03\/il_794xN.1983727335_sam4.jpg\",\"datePublished\":\"2020-03-01T00:58:32+00:00\",\"dateModified\":\"2024-02-19T14:18:03+00:00\",\"breadcrumb\":{\"@id\":\"https:\/\/3dvikingsstore.com\/de\/shop\/hub-alpha-dragons-rest-sci-fi-scatter-terrain-28mm-32mm-massstab\/#breadcrumb\"},\"inLanguage\":\"de\",\"potentialAction\":[{\"@type\":\"ReadAction\",\"target\":[\"https:\/\/3dvikingsstore.com\/de\/shop\/hub-alpha-dragons-rest-sci-fi-scatter-terrain-28mm-32mm-massstab\/\"]}]},{\"@type\":\"ImageObject\",\"inLanguage\":\"de\",\"@id\":\"https:\/\/3dvikingsstore.com\/de\/shop\/hub-alpha-dragons-rest-sci-fi-scatter-terrain-28mm-32mm-massstab\/#primaryimage\",\"url\":\"https:\/\/3dvikingsstore.com\/wp-content\/uploads\/2020\/03\/il_794xN.1983727335_sam4.jpg\",\"contentUrl\":\"https:\/\/3dvikingsstore.com\/wp-content\/uploads\/2020\/03\/il_794xN.1983727335_sam4.jpg\",\"width\":794,\"height\":595},{\"@type\":\"BreadcrumbList\",\"@id\":\"https:\/\/3dvikingsstore.com\/de\/shop\/hub-alpha-dragons-rest-sci-fi-scatter-terrain-28mm-32mm-massstab\/#breadcrumb\",\"itemListElement\":[{\"@type\":\"ListItem\",\"position\":1,\"name\":\"Home\",\"item\":\"https:\/\/3dvikingsstore.com\/de\/\"},{\"@type\":\"ListItem\",\"position\":2,\"name\":\"Gesch\u00e4ft\",\"item\":\"https:\/\/3dvikingsstore.com\/shop\/\"},{\"@type\":\"ListItem\",\"position\":3,\"name\":\"Hub Alpha Drachenruhe Sci-Fi Streugel\u00e4nde 28mm &#8211; 32mm Ma\u00dfstab\"}]},{\"@type\":\"WebSite\",\"@id\":\"https:\/\/3dvikingsstore.com\/de\/#website\",\"url\":\"https:\/\/3dvikingsstore.com\/de\/\",\"name\":\"3D Vikings Store\",\"description\":\"Scenery and Accessories for Tabletop and Board Games\",\"publisher\":{\"@id\":\"https:\/\/3dvikingsstore.com\/de\/#organization\"},\"potentialAction\":[{\"@type\":\"SearchAction\",\"target\":{\"@type\":\"EntryPoint\",\"urlTemplate\":\"https:\/\/3dvikingsstore.com\/de\/?s={search_term_string}\"},\"query-input\":\"required name=search_term_string\"}],\"inLanguage\":\"de\"},{\"@type\":\"Organization\",\"@id\":\"https:\/\/3dvikingsstore.com\/de\/#organization\",\"name\":\"3D Vikings Store\",\"url\":\"https:\/\/3dvikingsstore.com\/de\/\",\"logo\":{\"@type\":\"ImageObject\",\"inLanguage\":\"de\",\"@id\":\"https:\/\/3dvikingsstore.com\/de\/#\/schema\/logo\/image\/\",\"url\":\"https:\/\/3dvikingsstore.com\/wp-content\/uploads\/2020\/03\/3dvikings-logo-karge-white.jpg\",\"contentUrl\":\"https:\/\/3dvikingsstore.com\/wp-content\/uploads\/2020\/03\/3dvikings-logo-karge-white.jpg\",\"width\":800,\"height\":800,\"caption\":\"3D Vikings Store\"},\"image\":{\"@id\":\"https:\/\/3dvikingsstore.com\/de\/#\/schema\/logo\/image\/\"}}]}<\/script>\n<!-- \/ Yoast SEO Premium plugin. -->","yoast_head_json":{"title":"Hub Alpha Drachenruhe Sci-Fi Streugel\u00e4nde 28mm - 32mm Ma\u00dfstab","robots":{"index":"index","follow":"follow","max-snippet":"max-snippet:-1","max-image-preview":"max-image-preview:large","max-video-preview":"max-video-preview:-1"},"canonical":"https:\/\/3dvikingsstore.com\/de\/shop\/hub-alpha-dragons-rest-sci-fi-scatter-terrain-28mm-32mm-massstab\/","og_locale":"de_DE","og_type":"article","og_title":"Hub Alpha Drachenruhe Sci-Fi Streugel\u00e4nde 28mm - 32mm Ma\u00dfstab","og_description":"Als Teil der modularen Outpost: Origins-Reihe ist der Hub Alpha ein mehrteiliger Druck, mit dem Sie Ihre Operationsbasis aufbauen k\u00f6nnen. Die T\u00fcren lassen sich leicht ein- und ausschieben oder k\u00f6nnen mit Schotts verschlossen werden, um verschiedene Eingangsvarianten zu erm\u00f6glichen. Die T\u00fcren k\u00f6nnen auch durch eine Rampe ersetzt werden. Mehrere Hub Alphas k\u00f6nnen mit Hilfe der eingebauten Positionsf\u00fchrungen gestapelt werden. Im Inneren befindet sich ein herausnehmbares Bodengitter, das Ihren Kolonisten den Zugang zu anderen Ebenen \u00fcber die interne Leiter erm\u00f6glicht. Das abnehmbare Dach beherbergt die lebensnotwendige Ausr\u00fcstung f\u00fcr die Besiedlung.","og_url":"https:\/\/3dvikingsstore.com\/de\/shop\/hub-alpha-dragons-rest-sci-fi-scatter-terrain-28mm-32mm-massstab\/","og_site_name":"3D Vikings Store","article_modified_time":"2024-02-19T14:18:03+00:00","og_image":[{"width":794,"height":595,"url":"https:\/\/3dvikingsstore.com\/wp-content\/uploads\/2020\/03\/il_794xN.1983727335_sam4.jpg","type":"image\/jpeg"}],"twitter_card":"summary_large_image","twitter_misc":{"Gesch\u00e4tzte Lesezeit":"1\u00a0Minute"},"schema":{"@context":"https:\/\/schema.org","@graph":[{"@type":["WebPage","ItemPage"],"@id":"https:\/\/3dvikingsstore.com\/de\/shop\/hub-alpha-dragons-rest-sci-fi-scatter-terrain-28mm-32mm-massstab\/","url":"https:\/\/3dvikingsstore.com\/de\/shop\/hub-alpha-dragons-rest-sci-fi-scatter-terrain-28mm-32mm-massstab\/","name":"Hub Alpha Drachenruhe Sci-Fi Streugel\u00e4nde 28mm - 32mm Ma\u00dfstab","isPartOf":{"@id":"https:\/\/3dvikingsstore.com\/de\/#website"},"primaryImageOfPage":{"@id":"https:\/\/3dvikingsstore.com\/de\/shop\/hub-alpha-dragons-rest-sci-fi-scatter-terrain-28mm-32mm-massstab\/#primaryimage"},"image":{"@id":"https:\/\/3dvikingsstore.com\/de\/shop\/hub-alpha-dragons-rest-sci-fi-scatter-terrain-28mm-32mm-massstab\/#primaryimage"},"thumbnailUrl":"https:\/\/3dvikingsstore.com\/wp-content\/uploads\/2020\/03\/il_794xN.1983727335_sam4.jpg","datePublished":"2020-03-01T00:58:32+00:00","dateModified":"2024-02-19T14:18:03+00:00","breadcrumb":{"@id":"https:\/\/3dvikingsstore.com\/de\/shop\/hub-alpha-dragons-rest-sci-fi-scatter-terrain-28mm-32mm-massstab\/#breadcrumb"},"inLanguage":"de","potentialAction":[{"@type":"ReadAction","target":["https:\/\/3dvikingsstore.com\/de\/shop\/hub-alpha-dragons-rest-sci-fi-scatter-terrain-28mm-32mm-massstab\/"]}]},{"@type":"ImageObject","inLanguage":"de","@id":"https:\/\/3dvikingsstore.com\/de\/shop\/hub-alpha-dragons-rest-sci-fi-scatter-terrain-28mm-32mm-massstab\/#primaryimage","url":"https:\/\/3dvikingsstore.com\/wp-content\/uploads\/2020\/03\/il_794xN.1983727335_sam4.jpg","contentUrl":"https:\/\/3dvikingsstore.com\/wp-content\/uploads\/2020\/03\/il_794xN.1983727335_sam4.jpg","width":794,"height":595},{"@type":"BreadcrumbList","@id":"https:\/\/3dvikingsstore.com\/de\/shop\/hub-alpha-dragons-rest-sci-fi-scatter-terrain-28mm-32mm-massstab\/#breadcrumb","itemListElement":[{"@type":"ListItem","position":1,"name":"Home","item":"https:\/\/3dvikingsstore.com\/de\/"},{"@type":"ListItem","position":2,"name":"Gesch\u00e4ft","item":"https:\/\/3dvikingsstore.com\/shop\/"},{"@type":"ListItem","position":3,"name":"Hub Alpha Drachenruhe Sci-Fi Streugel\u00e4nde 28mm &#8211; 32mm Ma\u00dfstab"}]},{"@type":"WebSite","@id":"https:\/\/3dvikingsstore.com\/de\/#website","url":"https:\/\/3dvikingsstore.com\/de\/","name":"3D Vikings Store","description":"Scenery and Accessories for Tabletop and Board Games","publisher":{"@id":"https:\/\/3dvikingsstore.com\/de\/#organization"},"potentialAction":[{"@type":"SearchAction","target":{"@type":"EntryPoint","urlTemplate":"https:\/\/3dvikingsstore.com\/de\/?s={search_term_string}"},"query-input":"required name=search_term_string"}],"inLanguage":"de"},{"@type":"Organization","@id":"https:\/\/3dvikingsstore.com\/de\/#organization","name":"3D Vikings Store","url":"https:\/\/3dvikingsstore.com\/de\/","logo":{"@type":"ImageObject","inLanguage":"de","@id":"https:\/\/3dvikingsstore.com\/de\/#\/schema\/logo\/image\/","url":"https:\/\/3dvikingsstore.com\/wp-content\/uploads\/2020\/03\/3dvikings-logo-karge-white.jpg","contentUrl":"https:\/\/3dvikingsstore.com\/wp-content\/uploads\/2020\/03\/3dvikings-logo-karge-white.jpg","width":800,"height":800,"caption":"3D Vikings Store"},"image":{"@id":"https:\/\/3dvikingsstore.com\/de\/#\/schema\/logo\/image\/"}}]}},"_links":{"self":[{"href":"https:\/\/3dvikingsstore.com\/de\/wp-json\/wp\/v2\/product\/15983"}],"collection":[{"href":"https:\/\/3dvikingsstore.com\/de\/wp-json\/wp\/v2\/product"}],"about":[{"href":"https:\/\/3dvikingsstore.com\/de\/wp-json\/wp\/v2\/types\/product"}],"replies":[{"embeddable":true,"href":"https:\/\/3dvikingsstore.com\/de\/wp-json\/wp\/v2\/comments?post=15983"}],"version-history":[{"count":1,"href":"https:\/\/3dvikingsstore.com\/de\/wp-json\/wp\/v2\/product\/15983\/revisions"}],"predecessor-version":[{"id":18177,"href":"https:\/\/3dvikingsstore.com\/de\/wp-json\/wp\/v2\/product\/15983\/revisions\/18177"}],"wp:featuredmedia":[{"embeddable":true,"href":"https:\/\/3dvikingsstore.com\/de\/wp-json\/wp\/v2\/media\/14494"}],"wp:attachment":[{"href":"https:\/\/3dvikingsstore.com\/de\/wp-json\/wp\/v2\/media?parent=15983"}],"wp:term":[{"taxonomy":"product_cat","embeddable":true,"href":"https:\/\/3dvikingsstore.com\/de\/wp-json\/wp\/v2\/product_cat?post=15983"},{"taxonomy":"product_tag","embeddable":true,"href":"https:\/\/3dvikingsstore.com\/de\/wp-json\/wp\/v2\/product_tag?post=15983"}],"curies":[{"name":"wp","href":"https:\/\/api.w.org\/{rel}","templated":true}]}}