{"id":15982,"date":"2020-03-01T02:58:32","date_gmt":"2020-03-01T00:58:32","guid":{"rendered":"https:\/\/3dvikingsstore.com\/shop\/massive-modular-gothic-raumschiff-wrack-gunport-teil-28mm-massstab\/"},"modified":"2024-02-19T15:14:53","modified_gmt":"2024-02-19T13:14:53","slug":"gothic-raumschiffwrack-geschuetzturm","status":"publish","type":"product","link":"https:\/\/3dvikingsstore.com\/de\/shop\/gothic-raumschiffwrack-geschuetzturm\/","title":{"rendered":"Modulares Teil eines massiven Gothic-Raumschiffwrack Gesch\u00fctzturms: 28mm Ma\u00dfstab"},"content":{"rendered":"<p>Willkommen in den spannenden Tiefen der Modular Gothic Spaceship Wreck-Serie! Unser pr\u00e4zisionsgefertigter Gunport ist eine fesselnde Erg\u00e4nzung f\u00fcr Ihre Tabletop-Spielerlebnisse.<\/p>\n<p>Dieses aus haltbarem und umweltfreundlichem PLA gefertigte Gunport im 28-mm-Ma\u00dfstab f\u00fcgt sich nahtlos in die anderen Wrackteile des Gothic-Raumschiffs ein und l\u00e4sst sich endlos anpassen. Seine ausgefeilten Details, darunter Schienen, die mit dem Waffenschlitten kompatibel sind, sorgf\u00e4ltig gestaltete Luken und ein auff\u00e4lliges Design mit offenen \u00d6ffnungen, befl\u00fcgeln Ihre Fantasie.<\/p>\n<p>Die Modularit\u00e4t dieses Gunports erm\u00f6glicht es Ihnen, Ihre Spielumgebung mit unvergleichlicher Flexibilit\u00e4t zu gestalten. Kombiniert mit anderen gotischen Wrack-Elementen entsteht ein riesiges, fesselndes Schlachtfeld, das Spieler und Zuschauer gleicherma\u00dfen in seinen Bann zieht.<\/p>\n<p>Egal, ob du die kosmische Leere durchquerst oder dich in spannende Bodenk\u00e4mpfe st\u00fcrzt, der modulare Gothic Spaceship Wreck Gunport wird dein Spiel mit seinem unvergleichlichen Realismus und seiner Liebe zum Detail bereichern. Seine unlackierte Oberfl\u00e4che l\u00e4sst Ihnen die Freiheit, ihn nach Belieben zu gestalten, damit er perfekt in Ihre Spielwelt passt.<\/p>\n<p>Als Teil unseres Engagements f\u00fcr Nachhaltigkeit verwenden wir f\u00fcr alle unsere 3D-Druckprodukte biologisch abbaubares und ungiftiges PLA. Entscheiden Sie sich f\u00fcr Spielzubeh\u00f6r, das nicht nur Ihr Spiel verbessert, sondern auch unseren Planeten sch\u00fctzt.<\/p>\n<p>Entfache deine Spielleidenschaft mit dem Modular Gothic Spaceship Wreck Gunport &#8211; ein Zeugnis unseres Engagements f\u00fcr Innovation, Nachhaltigkeit und die pure Freude am immersiven Spielen.<\/p>\n<p>&nbsp;<\/p>\n","protected":false},"excerpt":{"rendered":"<p>Dies ist ein kompletter Satz von St\u00fccken, die die gunport von gotischen Raumschiff Wrack Serie macht. Das Gunport ist mit Schienen versehen, die zu den Waffenschlitten passen. Au\u00dferdem hat er geschlossene und halbge\u00f6ffnete Luken.<\/p>\n","protected":false},"featured_media":14498,"comment_status":"open","ping_status":"closed","template":"","meta":[],"product_cat":[2732,2717],"product_tag":[2734,2733,2740,2738,2741,2739,2737,2744,2742,2736,2678,2735,2967,2743],"yoast_head":"<!-- This site is optimized with the Yoast SEO Premium plugin v22.9 (Yoast SEO v22.9) - https:\/\/yoast.com\/wordpress\/plugins\/seo\/ -->\n<title>Modulares Teil eines massiven Gothic-Raumschiffwrack Gesch\u00fctzturms: 28mm Ma\u00dfstab<\/title>\n<meta name=\"robots\" content=\"index, follow, max-snippet:-1, max-image-preview:large, max-video-preview:-1\" \/>\n<link rel=\"canonical\" href=\"https:\/\/3dvikingsstore.com\/de\/shop\/gothic-raumschiffwrack-geschuetzturm\/\" \/>\n<meta property=\"og:locale\" content=\"de_DE\" \/>\n<meta property=\"og:type\" content=\"article\" \/>\n<meta property=\"og:title\" content=\"Modulares Teil eines massiven Gothic-Raumschiffwrack Gesch\u00fctzturms: 28mm Ma\u00dfstab\" \/>\n<meta property=\"og:description\" content=\"Dies ist ein kompletter Satz von St\u00fccken, die die gunport von gotischen Raumschiff Wrack Serie macht. Das Gunport ist mit Schienen versehen, die zu den Waffenschlitten passen. Au\u00dferdem hat er geschlossene und halbge\u00f6ffnete Luken.\" \/>\n<meta property=\"og:url\" content=\"https:\/\/3dvikingsstore.com\/de\/shop\/gothic-raumschiffwrack-geschuetzturm\/\" \/>\n<meta property=\"og:site_name\" content=\"3D Vikings Store\" \/>\n<meta property=\"article:modified_time\" content=\"2024-02-19T13:14:53+00:00\" \/>\n<meta property=\"og:image\" content=\"https:\/\/3dvikingsstore.com\/wp-content\/uploads\/2020\/03\/il_794xN.1979675259_5ht3.jpg\" \/>\n\t<meta property=\"og:image:width\" content=\"794\" \/>\n\t<meta property=\"og:image:height\" content=\"649\" \/>\n\t<meta property=\"og:image:type\" content=\"image\/jpeg\" \/>\n<meta name=\"twitter:card\" content=\"summary_large_image\" \/>\n<meta name=\"twitter:label1\" content=\"Gesch\u00e4tzte Lesezeit\" \/>\n\t<meta name=\"twitter:data1\" content=\"2\u00a0Minuten\" \/>\n<script type=\"application\/ld+json\" class=\"yoast-schema-graph\">{\"@context\":\"https:\/\/schema.org\",\"@graph\":[{\"@type\":[\"WebPage\",\"ItemPage\"],\"@id\":\"https:\/\/3dvikingsstore.com\/de\/shop\/gothic-raumschiffwrack-geschuetzturm\/\",\"url\":\"https:\/\/3dvikingsstore.com\/de\/shop\/gothic-raumschiffwrack-geschuetzturm\/\",\"name\":\"Modulares Teil eines massiven Gothic-Raumschiffwrack Gesch\u00fctzturms: 28mm Ma\u00dfstab\",\"isPartOf\":{\"@id\":\"https:\/\/3dvikingsstore.com\/de\/#website\"},\"primaryImageOfPage\":{\"@id\":\"https:\/\/3dvikingsstore.com\/de\/shop\/gothic-raumschiffwrack-geschuetzturm\/#primaryimage\"},\"image\":{\"@id\":\"https:\/\/3dvikingsstore.com\/de\/shop\/gothic-raumschiffwrack-geschuetzturm\/#primaryimage\"},\"thumbnailUrl\":\"https:\/\/3dvikingsstore.com\/wp-content\/uploads\/2020\/03\/il_794xN.1979675259_5ht3.jpg\",\"datePublished\":\"2020-03-01T00:58:32+00:00\",\"dateModified\":\"2024-02-19T13:14:53+00:00\",\"breadcrumb\":{\"@id\":\"https:\/\/3dvikingsstore.com\/de\/shop\/gothic-raumschiffwrack-geschuetzturm\/#breadcrumb\"},\"inLanguage\":\"de\",\"potentialAction\":[{\"@type\":\"ReadAction\",\"target\":[\"https:\/\/3dvikingsstore.com\/de\/shop\/gothic-raumschiffwrack-geschuetzturm\/\"]}]},{\"@type\":\"ImageObject\",\"inLanguage\":\"de\",\"@id\":\"https:\/\/3dvikingsstore.com\/de\/shop\/gothic-raumschiffwrack-geschuetzturm\/#primaryimage\",\"url\":\"https:\/\/3dvikingsstore.com\/wp-content\/uploads\/2020\/03\/il_794xN.1979675259_5ht3.jpg\",\"contentUrl\":\"https:\/\/3dvikingsstore.com\/wp-content\/uploads\/2020\/03\/il_794xN.1979675259_5ht3.jpg\",\"width\":794,\"height\":649},{\"@type\":\"BreadcrumbList\",\"@id\":\"https:\/\/3dvikingsstore.com\/de\/shop\/gothic-raumschiffwrack-geschuetzturm\/#breadcrumb\",\"itemListElement\":[{\"@type\":\"ListItem\",\"position\":1,\"name\":\"Home\",\"item\":\"https:\/\/3dvikingsstore.com\/de\/\"},{\"@type\":\"ListItem\",\"position\":2,\"name\":\"Gesch\u00e4ft\",\"item\":\"https:\/\/3dvikingsstore.com\/shop\/\"},{\"@type\":\"ListItem\",\"position\":3,\"name\":\"Modulares Teil eines massiven Gothic-Raumschiffwrack Gesch\u00fctzturms: 28mm Ma\u00dfstab\"}]},{\"@type\":\"WebSite\",\"@id\":\"https:\/\/3dvikingsstore.com\/de\/#website\",\"url\":\"https:\/\/3dvikingsstore.com\/de\/\",\"name\":\"3D Vikings Store\",\"description\":\"Scenery and Accessories for Tabletop and Board Games\",\"publisher\":{\"@id\":\"https:\/\/3dvikingsstore.com\/de\/#organization\"},\"potentialAction\":[{\"@type\":\"SearchAction\",\"target\":{\"@type\":\"EntryPoint\",\"urlTemplate\":\"https:\/\/3dvikingsstore.com\/de\/?s={search_term_string}\"},\"query-input\":\"required name=search_term_string\"}],\"inLanguage\":\"de\"},{\"@type\":\"Organization\",\"@id\":\"https:\/\/3dvikingsstore.com\/de\/#organization\",\"name\":\"3D Vikings Store\",\"url\":\"https:\/\/3dvikingsstore.com\/de\/\",\"logo\":{\"@type\":\"ImageObject\",\"inLanguage\":\"de\",\"@id\":\"https:\/\/3dvikingsstore.com\/de\/#\/schema\/logo\/image\/\",\"url\":\"https:\/\/3dvikingsstore.com\/wp-content\/uploads\/2020\/03\/3dvikings-logo-karge-white.jpg\",\"contentUrl\":\"https:\/\/3dvikingsstore.com\/wp-content\/uploads\/2020\/03\/3dvikings-logo-karge-white.jpg\",\"width\":800,\"height\":800,\"caption\":\"3D Vikings Store\"},\"image\":{\"@id\":\"https:\/\/3dvikingsstore.com\/de\/#\/schema\/logo\/image\/\"}}]}<\/script>\n<!-- \/ Yoast SEO Premium plugin. -->","yoast_head_json":{"title":"Modulares Teil eines massiven Gothic-Raumschiffwrack Gesch\u00fctzturms: 28mm Ma\u00dfstab","robots":{"index":"index","follow":"follow","max-snippet":"max-snippet:-1","max-image-preview":"max-image-preview:large","max-video-preview":"max-video-preview:-1"},"canonical":"https:\/\/3dvikingsstore.com\/de\/shop\/gothic-raumschiffwrack-geschuetzturm\/","og_locale":"de_DE","og_type":"article","og_title":"Modulares Teil eines massiven Gothic-Raumschiffwrack Gesch\u00fctzturms: 28mm Ma\u00dfstab","og_description":"Dies ist ein kompletter Satz von St\u00fccken, die die gunport von gotischen Raumschiff Wrack Serie macht. Das Gunport ist mit Schienen versehen, die zu den Waffenschlitten passen. Au\u00dferdem hat er geschlossene und halbge\u00f6ffnete Luken.","og_url":"https:\/\/3dvikingsstore.com\/de\/shop\/gothic-raumschiffwrack-geschuetzturm\/","og_site_name":"3D Vikings Store","article_modified_time":"2024-02-19T13:14:53+00:00","og_image":[{"width":794,"height":649,"url":"https:\/\/3dvikingsstore.com\/wp-content\/uploads\/2020\/03\/il_794xN.1979675259_5ht3.jpg","type":"image\/jpeg"}],"twitter_card":"summary_large_image","twitter_misc":{"Gesch\u00e4tzte Lesezeit":"2\u00a0Minuten"},"schema":{"@context":"https:\/\/schema.org","@graph":[{"@type":["WebPage","ItemPage"],"@id":"https:\/\/3dvikingsstore.com\/de\/shop\/gothic-raumschiffwrack-geschuetzturm\/","url":"https:\/\/3dvikingsstore.com\/de\/shop\/gothic-raumschiffwrack-geschuetzturm\/","name":"Modulares Teil eines massiven Gothic-Raumschiffwrack Gesch\u00fctzturms: 28mm Ma\u00dfstab","isPartOf":{"@id":"https:\/\/3dvikingsstore.com\/de\/#website"},"primaryImageOfPage":{"@id":"https:\/\/3dvikingsstore.com\/de\/shop\/gothic-raumschiffwrack-geschuetzturm\/#primaryimage"},"image":{"@id":"https:\/\/3dvikingsstore.com\/de\/shop\/gothic-raumschiffwrack-geschuetzturm\/#primaryimage"},"thumbnailUrl":"https:\/\/3dvikingsstore.com\/wp-content\/uploads\/2020\/03\/il_794xN.1979675259_5ht3.jpg","datePublished":"2020-03-01T00:58:32+00:00","dateModified":"2024-02-19T13:14:53+00:00","breadcrumb":{"@id":"https:\/\/3dvikingsstore.com\/de\/shop\/gothic-raumschiffwrack-geschuetzturm\/#breadcrumb"},"inLanguage":"de","potentialAction":[{"@type":"ReadAction","target":["https:\/\/3dvikingsstore.com\/de\/shop\/gothic-raumschiffwrack-geschuetzturm\/"]}]},{"@type":"ImageObject","inLanguage":"de","@id":"https:\/\/3dvikingsstore.com\/de\/shop\/gothic-raumschiffwrack-geschuetzturm\/#primaryimage","url":"https:\/\/3dvikingsstore.com\/wp-content\/uploads\/2020\/03\/il_794xN.1979675259_5ht3.jpg","contentUrl":"https:\/\/3dvikingsstore.com\/wp-content\/uploads\/2020\/03\/il_794xN.1979675259_5ht3.jpg","width":794,"height":649},{"@type":"BreadcrumbList","@id":"https:\/\/3dvikingsstore.com\/de\/shop\/gothic-raumschiffwrack-geschuetzturm\/#breadcrumb","itemListElement":[{"@type":"ListItem","position":1,"name":"Home","item":"https:\/\/3dvikingsstore.com\/de\/"},{"@type":"ListItem","position":2,"name":"Gesch\u00e4ft","item":"https:\/\/3dvikingsstore.com\/shop\/"},{"@type":"ListItem","position":3,"name":"Modulares Teil eines massiven Gothic-Raumschiffwrack Gesch\u00fctzturms: 28mm Ma\u00dfstab"}]},{"@type":"WebSite","@id":"https:\/\/3dvikingsstore.com\/de\/#website","url":"https:\/\/3dvikingsstore.com\/de\/","name":"3D Vikings Store","description":"Scenery and Accessories for Tabletop and Board Games","publisher":{"@id":"https:\/\/3dvikingsstore.com\/de\/#organization"},"potentialAction":[{"@type":"SearchAction","target":{"@type":"EntryPoint","urlTemplate":"https:\/\/3dvikingsstore.com\/de\/?s={search_term_string}"},"query-input":"required name=search_term_string"}],"inLanguage":"de"},{"@type":"Organization","@id":"https:\/\/3dvikingsstore.com\/de\/#organization","name":"3D Vikings Store","url":"https:\/\/3dvikingsstore.com\/de\/","logo":{"@type":"ImageObject","inLanguage":"de","@id":"https:\/\/3dvikingsstore.com\/de\/#\/schema\/logo\/image\/","url":"https:\/\/3dvikingsstore.com\/wp-content\/uploads\/2020\/03\/3dvikings-logo-karge-white.jpg","contentUrl":"https:\/\/3dvikingsstore.com\/wp-content\/uploads\/2020\/03\/3dvikings-logo-karge-white.jpg","width":800,"height":800,"caption":"3D Vikings Store"},"image":{"@id":"https:\/\/3dvikingsstore.com\/de\/#\/schema\/logo\/image\/"}}]}},"_links":{"self":[{"href":"https:\/\/3dvikingsstore.com\/de\/wp-json\/wp\/v2\/product\/15982"}],"collection":[{"href":"https:\/\/3dvikingsstore.com\/de\/wp-json\/wp\/v2\/product"}],"about":[{"href":"https:\/\/3dvikingsstore.com\/de\/wp-json\/wp\/v2\/types\/product"}],"replies":[{"embeddable":true,"href":"https:\/\/3dvikingsstore.com\/de\/wp-json\/wp\/v2\/comments?post=15982"}],"version-history":[{"count":2,"href":"https:\/\/3dvikingsstore.com\/de\/wp-json\/wp\/v2\/product\/15982\/revisions"}],"predecessor-version":[{"id":18174,"href":"https:\/\/3dvikingsstore.com\/de\/wp-json\/wp\/v2\/product\/15982\/revisions\/18174"}],"wp:featuredmedia":[{"embeddable":true,"href":"https:\/\/3dvikingsstore.com\/de\/wp-json\/wp\/v2\/media\/14498"}],"wp:attachment":[{"href":"https:\/\/3dvikingsstore.com\/de\/wp-json\/wp\/v2\/media?parent=15982"}],"wp:term":[{"taxonomy":"product_cat","embeddable":true,"href":"https:\/\/3dvikingsstore.com\/de\/wp-json\/wp\/v2\/product_cat?post=15982"},{"taxonomy":"product_tag","embeddable":true,"href":"https:\/\/3dvikingsstore.com\/de\/wp-json\/wp\/v2\/product_tag?post=15982"}],"curies":[{"name":"wp","href":"https:\/\/api.w.org\/{rel}","templated":true}]}}