{"id":15981,"date":"2020-03-01T02:58:33","date_gmt":"2020-03-01T00:58:33","guid":{"rendered":"https:\/\/3dvikingsstore.com\/shop\/goblin-hut-typ-3-fuer-tabletop-spiele\/"},"modified":"2024-02-19T19:55:08","modified_gmt":"2024-02-19T17:55:08","slug":"goblin-hut-typ-3-fuer-tabletop-spiele","status":"publish","type":"product","link":"https:\/\/3dvikingsstore.com\/de\/shop\/goblin-hut-typ-3-fuer-tabletop-spiele\/","title":{"rendered":"Goblin Hut Typ 3 f\u00fcr Tabletop-Spiele"},"content":{"rendered":"<p>? Miniatur-Goblin-H\u00fctte f\u00fcr deine Goblin- oder Barbaren-Szenerie. Es ist f\u00fcr 28mm-32mm (oder &#8222;Heroic&#8220; Ma\u00dfstab&#8220;) Gaming skaliert und sind ideal f\u00fcr Wargaming oder f\u00fcr scenics in Ihrem RPG Begegnungen. Dieses St\u00fcck ist so konzipiert, dass es in 1&#8243;-Rasterzellen passt, wenn du eine Rasterkarte verwendest, und es kann als Streugel\u00e4nde in &#8222;Free Range&#8220;-Spielen abgeworfen werden.<\/p>\n<p>INKLUSIVE:<br \/>\n1 x Unbemalte Goblin-H\u00fctte<\/p>\n<p>Abmessungen: 88 x 62 x 62 mm (3,5 x 2,44 x 2,44 Zoll)<\/p>\n<p>Er wird mit PLA gedruckt, einem der umweltfreundlichsten Filamente, die es derzeit auf dem Markt gibt. PLA wird aus Pflanzen wie Mais und Zuckerrohr gewonnen, ist erneuerbar und vor allem biologisch abbaubar und ungiftig. Die damit bedruckten Gegenst\u00e4nde sind haltbar und stabil.<\/p>\n","protected":false},"excerpt":{"rendered":"<p>Miniatur-Goblin-H\u00fctte f\u00fcr deine Goblin- oder Barbaren-Szenerie. Es ist f\u00fcr 28mm-32mm (oder &#8222;Heroic&#8220; Ma\u00dfstab&#8220;) Gaming skaliert und sind ideal f\u00fcr Wargaming oder f\u00fcr scenics in Ihrem RPG Begegnungen. Dieses St\u00fcck ist so konzipiert, dass es in 1&#8243;-Rasterzellen passt, wenn du eine Rasterkarte verwendest, und es kann als Streugel\u00e4nde in &#8222;Free Range&#8220;-Spielen abgeworfen werden.<\/p>\n","protected":false},"featured_media":14507,"comment_status":"open","ping_status":"closed","template":"","meta":[],"product_cat":[2717],"product_tag":[2802,2800,2798,2801,2795,2794,2796,2793,2792,2797,2799,2686,2682],"yoast_head":"<!-- This site is optimized with the Yoast SEO Premium plugin v22.9 (Yoast SEO v22.9) - https:\/\/yoast.com\/wordpress\/plugins\/seo\/ -->\n<title>Goblin Hut Typ 3 f\u00fcr Tabletop-Spiele<\/title>\n<meta name=\"robots\" content=\"index, follow, max-snippet:-1, max-image-preview:large, max-video-preview:-1\" \/>\n<link rel=\"canonical\" href=\"https:\/\/3dvikingsstore.com\/de\/shop\/goblin-hut-typ-3-fuer-tabletop-spiele\/\" \/>\n<meta property=\"og:locale\" content=\"de_DE\" \/>\n<meta property=\"og:type\" content=\"article\" \/>\n<meta property=\"og:title\" content=\"Goblin Hut Typ 3 f\u00fcr Tabletop-Spiele\" \/>\n<meta property=\"og:description\" content=\"Miniatur-Goblin-H\u00fctte f\u00fcr deine Goblin- oder Barbaren-Szenerie. Es ist f\u00fcr 28mm-32mm (oder &quot;Heroic&quot; Ma\u00dfstab&quot;) Gaming skaliert und sind ideal f\u00fcr Wargaming oder f\u00fcr scenics in Ihrem RPG Begegnungen. Dieses St\u00fcck ist so konzipiert, dass es in 1&quot;-Rasterzellen passt, wenn du eine Rasterkarte verwendest, und es kann als Streugel\u00e4nde in &quot;Free Range&quot;-Spielen abgeworfen werden.\" \/>\n<meta property=\"og:url\" content=\"https:\/\/3dvikingsstore.com\/de\/shop\/goblin-hut-typ-3-fuer-tabletop-spiele\/\" \/>\n<meta property=\"og:site_name\" content=\"3D Vikings Store\" \/>\n<meta property=\"article:modified_time\" content=\"2024-02-19T17:55:08+00:00\" \/>\n<meta property=\"og:image\" content=\"https:\/\/3dvikingsstore.com\/wp-content\/uploads\/2020\/03\/il_794xN.1989303381_g7vn.jpg\" \/>\n\t<meta property=\"og:image:width\" content=\"794\" \/>\n\t<meta property=\"og:image:height\" content=\"596\" \/>\n\t<meta property=\"og:image:type\" content=\"image\/jpeg\" \/>\n<meta name=\"twitter:card\" content=\"summary_large_image\" \/>\n<meta name=\"twitter:label1\" content=\"Gesch\u00e4tzte Lesezeit\" \/>\n\t<meta name=\"twitter:data1\" content=\"1\u00a0Minute\" \/>\n<script type=\"application\/ld+json\" class=\"yoast-schema-graph\">{\"@context\":\"https:\/\/schema.org\",\"@graph\":[{\"@type\":[\"WebPage\",\"ItemPage\"],\"@id\":\"https:\/\/3dvikingsstore.com\/de\/shop\/goblin-hut-typ-3-fuer-tabletop-spiele\/\",\"url\":\"https:\/\/3dvikingsstore.com\/de\/shop\/goblin-hut-typ-3-fuer-tabletop-spiele\/\",\"name\":\"Goblin Hut Typ 3 f\u00fcr Tabletop-Spiele\",\"isPartOf\":{\"@id\":\"https:\/\/3dvikingsstore.com\/de\/#website\"},\"primaryImageOfPage\":{\"@id\":\"https:\/\/3dvikingsstore.com\/de\/shop\/goblin-hut-typ-3-fuer-tabletop-spiele\/#primaryimage\"},\"image\":{\"@id\":\"https:\/\/3dvikingsstore.com\/de\/shop\/goblin-hut-typ-3-fuer-tabletop-spiele\/#primaryimage\"},\"thumbnailUrl\":\"https:\/\/3dvikingsstore.com\/wp-content\/uploads\/2020\/03\/il_794xN.1989303381_g7vn.jpg\",\"datePublished\":\"2020-03-01T00:58:33+00:00\",\"dateModified\":\"2024-02-19T17:55:08+00:00\",\"breadcrumb\":{\"@id\":\"https:\/\/3dvikingsstore.com\/de\/shop\/goblin-hut-typ-3-fuer-tabletop-spiele\/#breadcrumb\"},\"inLanguage\":\"de\",\"potentialAction\":[{\"@type\":\"ReadAction\",\"target\":[\"https:\/\/3dvikingsstore.com\/de\/shop\/goblin-hut-typ-3-fuer-tabletop-spiele\/\"]}]},{\"@type\":\"ImageObject\",\"inLanguage\":\"de\",\"@id\":\"https:\/\/3dvikingsstore.com\/de\/shop\/goblin-hut-typ-3-fuer-tabletop-spiele\/#primaryimage\",\"url\":\"https:\/\/3dvikingsstore.com\/wp-content\/uploads\/2020\/03\/il_794xN.1989303381_g7vn.jpg\",\"contentUrl\":\"https:\/\/3dvikingsstore.com\/wp-content\/uploads\/2020\/03\/il_794xN.1989303381_g7vn.jpg\",\"width\":794,\"height\":596},{\"@type\":\"BreadcrumbList\",\"@id\":\"https:\/\/3dvikingsstore.com\/de\/shop\/goblin-hut-typ-3-fuer-tabletop-spiele\/#breadcrumb\",\"itemListElement\":[{\"@type\":\"ListItem\",\"position\":1,\"name\":\"Home\",\"item\":\"https:\/\/3dvikingsstore.com\/de\/\"},{\"@type\":\"ListItem\",\"position\":2,\"name\":\"Gesch\u00e4ft\",\"item\":\"https:\/\/3dvikingsstore.com\/shop\/\"},{\"@type\":\"ListItem\",\"position\":3,\"name\":\"Goblin Hut Typ 3 f\u00fcr Tabletop-Spiele\"}]},{\"@type\":\"WebSite\",\"@id\":\"https:\/\/3dvikingsstore.com\/de\/#website\",\"url\":\"https:\/\/3dvikingsstore.com\/de\/\",\"name\":\"3D Vikings Store\",\"description\":\"Scenery and Accessories for Tabletop and Board Games\",\"publisher\":{\"@id\":\"https:\/\/3dvikingsstore.com\/de\/#organization\"},\"potentialAction\":[{\"@type\":\"SearchAction\",\"target\":{\"@type\":\"EntryPoint\",\"urlTemplate\":\"https:\/\/3dvikingsstore.com\/de\/?s={search_term_string}\"},\"query-input\":\"required name=search_term_string\"}],\"inLanguage\":\"de\"},{\"@type\":\"Organization\",\"@id\":\"https:\/\/3dvikingsstore.com\/de\/#organization\",\"name\":\"3D Vikings Store\",\"url\":\"https:\/\/3dvikingsstore.com\/de\/\",\"logo\":{\"@type\":\"ImageObject\",\"inLanguage\":\"de\",\"@id\":\"https:\/\/3dvikingsstore.com\/de\/#\/schema\/logo\/image\/\",\"url\":\"https:\/\/3dvikingsstore.com\/wp-content\/uploads\/2020\/03\/3dvikings-logo-karge-white.jpg\",\"contentUrl\":\"https:\/\/3dvikingsstore.com\/wp-content\/uploads\/2020\/03\/3dvikings-logo-karge-white.jpg\",\"width\":800,\"height\":800,\"caption\":\"3D Vikings Store\"},\"image\":{\"@id\":\"https:\/\/3dvikingsstore.com\/de\/#\/schema\/logo\/image\/\"}}]}<\/script>\n<!-- \/ Yoast SEO Premium plugin. -->","yoast_head_json":{"title":"Goblin Hut Typ 3 f\u00fcr Tabletop-Spiele","robots":{"index":"index","follow":"follow","max-snippet":"max-snippet:-1","max-image-preview":"max-image-preview:large","max-video-preview":"max-video-preview:-1"},"canonical":"https:\/\/3dvikingsstore.com\/de\/shop\/goblin-hut-typ-3-fuer-tabletop-spiele\/","og_locale":"de_DE","og_type":"article","og_title":"Goblin Hut Typ 3 f\u00fcr Tabletop-Spiele","og_description":"Miniatur-Goblin-H\u00fctte f\u00fcr deine Goblin- oder Barbaren-Szenerie. Es ist f\u00fcr 28mm-32mm (oder \"Heroic\" Ma\u00dfstab\") Gaming skaliert und sind ideal f\u00fcr Wargaming oder f\u00fcr scenics in Ihrem RPG Begegnungen. Dieses St\u00fcck ist so konzipiert, dass es in 1\"-Rasterzellen passt, wenn du eine Rasterkarte verwendest, und es kann als Streugel\u00e4nde in \"Free Range\"-Spielen abgeworfen werden.","og_url":"https:\/\/3dvikingsstore.com\/de\/shop\/goblin-hut-typ-3-fuer-tabletop-spiele\/","og_site_name":"3D Vikings Store","article_modified_time":"2024-02-19T17:55:08+00:00","og_image":[{"width":794,"height":596,"url":"https:\/\/3dvikingsstore.com\/wp-content\/uploads\/2020\/03\/il_794xN.1989303381_g7vn.jpg","type":"image\/jpeg"}],"twitter_card":"summary_large_image","twitter_misc":{"Gesch\u00e4tzte Lesezeit":"1\u00a0Minute"},"schema":{"@context":"https:\/\/schema.org","@graph":[{"@type":["WebPage","ItemPage"],"@id":"https:\/\/3dvikingsstore.com\/de\/shop\/goblin-hut-typ-3-fuer-tabletop-spiele\/","url":"https:\/\/3dvikingsstore.com\/de\/shop\/goblin-hut-typ-3-fuer-tabletop-spiele\/","name":"Goblin Hut Typ 3 f\u00fcr Tabletop-Spiele","isPartOf":{"@id":"https:\/\/3dvikingsstore.com\/de\/#website"},"primaryImageOfPage":{"@id":"https:\/\/3dvikingsstore.com\/de\/shop\/goblin-hut-typ-3-fuer-tabletop-spiele\/#primaryimage"},"image":{"@id":"https:\/\/3dvikingsstore.com\/de\/shop\/goblin-hut-typ-3-fuer-tabletop-spiele\/#primaryimage"},"thumbnailUrl":"https:\/\/3dvikingsstore.com\/wp-content\/uploads\/2020\/03\/il_794xN.1989303381_g7vn.jpg","datePublished":"2020-03-01T00:58:33+00:00","dateModified":"2024-02-19T17:55:08+00:00","breadcrumb":{"@id":"https:\/\/3dvikingsstore.com\/de\/shop\/goblin-hut-typ-3-fuer-tabletop-spiele\/#breadcrumb"},"inLanguage":"de","potentialAction":[{"@type":"ReadAction","target":["https:\/\/3dvikingsstore.com\/de\/shop\/goblin-hut-typ-3-fuer-tabletop-spiele\/"]}]},{"@type":"ImageObject","inLanguage":"de","@id":"https:\/\/3dvikingsstore.com\/de\/shop\/goblin-hut-typ-3-fuer-tabletop-spiele\/#primaryimage","url":"https:\/\/3dvikingsstore.com\/wp-content\/uploads\/2020\/03\/il_794xN.1989303381_g7vn.jpg","contentUrl":"https:\/\/3dvikingsstore.com\/wp-content\/uploads\/2020\/03\/il_794xN.1989303381_g7vn.jpg","width":794,"height":596},{"@type":"BreadcrumbList","@id":"https:\/\/3dvikingsstore.com\/de\/shop\/goblin-hut-typ-3-fuer-tabletop-spiele\/#breadcrumb","itemListElement":[{"@type":"ListItem","position":1,"name":"Home","item":"https:\/\/3dvikingsstore.com\/de\/"},{"@type":"ListItem","position":2,"name":"Gesch\u00e4ft","item":"https:\/\/3dvikingsstore.com\/shop\/"},{"@type":"ListItem","position":3,"name":"Goblin Hut Typ 3 f\u00fcr Tabletop-Spiele"}]},{"@type":"WebSite","@id":"https:\/\/3dvikingsstore.com\/de\/#website","url":"https:\/\/3dvikingsstore.com\/de\/","name":"3D Vikings Store","description":"Scenery and Accessories for Tabletop and Board Games","publisher":{"@id":"https:\/\/3dvikingsstore.com\/de\/#organization"},"potentialAction":[{"@type":"SearchAction","target":{"@type":"EntryPoint","urlTemplate":"https:\/\/3dvikingsstore.com\/de\/?s={search_term_string}"},"query-input":"required name=search_term_string"}],"inLanguage":"de"},{"@type":"Organization","@id":"https:\/\/3dvikingsstore.com\/de\/#organization","name":"3D Vikings Store","url":"https:\/\/3dvikingsstore.com\/de\/","logo":{"@type":"ImageObject","inLanguage":"de","@id":"https:\/\/3dvikingsstore.com\/de\/#\/schema\/logo\/image\/","url":"https:\/\/3dvikingsstore.com\/wp-content\/uploads\/2020\/03\/3dvikings-logo-karge-white.jpg","contentUrl":"https:\/\/3dvikingsstore.com\/wp-content\/uploads\/2020\/03\/3dvikings-logo-karge-white.jpg","width":800,"height":800,"caption":"3D Vikings Store"},"image":{"@id":"https:\/\/3dvikingsstore.com\/de\/#\/schema\/logo\/image\/"}}]}},"_links":{"self":[{"href":"https:\/\/3dvikingsstore.com\/de\/wp-json\/wp\/v2\/product\/15981"}],"collection":[{"href":"https:\/\/3dvikingsstore.com\/de\/wp-json\/wp\/v2\/product"}],"about":[{"href":"https:\/\/3dvikingsstore.com\/de\/wp-json\/wp\/v2\/types\/product"}],"replies":[{"embeddable":true,"href":"https:\/\/3dvikingsstore.com\/de\/wp-json\/wp\/v2\/comments?post=15981"}],"version-history":[{"count":1,"href":"https:\/\/3dvikingsstore.com\/de\/wp-json\/wp\/v2\/product\/15981\/revisions"}],"predecessor-version":[{"id":18182,"href":"https:\/\/3dvikingsstore.com\/de\/wp-json\/wp\/v2\/product\/15981\/revisions\/18182"}],"wp:featuredmedia":[{"embeddable":true,"href":"https:\/\/3dvikingsstore.com\/de\/wp-json\/wp\/v2\/media\/14507"}],"wp:attachment":[{"href":"https:\/\/3dvikingsstore.com\/de\/wp-json\/wp\/v2\/media?parent=15981"}],"wp:term":[{"taxonomy":"product_cat","embeddable":true,"href":"https:\/\/3dvikingsstore.com\/de\/wp-json\/wp\/v2\/product_cat?post=15981"},{"taxonomy":"product_tag","embeddable":true,"href":"https:\/\/3dvikingsstore.com\/de\/wp-json\/wp\/v2\/product_tag?post=15981"}],"curies":[{"name":"wp","href":"https:\/\/api.w.org\/{rel}","templated":true}]}}