{"id":15980,"date":"2020-03-25T14:07:45","date_gmt":"2020-03-25T12:07:45","guid":{"rendered":"https:\/\/3dvikingsstore.com\/shop\/terraforming-mars-ressourcenmarken\/"},"modified":"2024-01-30T22:49:22","modified_gmt":"2024-01-30T20:49:22","slug":"terraforming-mars-ressourcenmarken","status":"publish","type":"product","link":"https:\/\/3dvikingsstore.com\/de\/shop\/terraforming-mars-ressourcenmarken\/","title":{"rendered":"Terraforming Mars Ressourcenmarken"},"content":{"rendered":"<p>Dieses Set von Terraforming Mars Resource Tokens enth\u00e4lt:<br \/>\n\u25fc 20 Mikrobenpl\u00e4ttchen in lindgr\u00fcner Farbe<br \/>\n\u25fc 15 Wissenschaftsm\u00fcnzen in lila Farbe<br \/>\n\u25fc 15 Raumschiffpl\u00e4ttchen in blauer Farbe<br \/>\n\u25fc 15 Tierm\u00fcnzen in waldgr\u00fcner Farbe<br \/>\n\u25fc 15 Schwimmerpl\u00e4ttchen in Perlgoldfarbe<br \/>\n\u25fc 5 Asteroidenpl\u00e4ttchen in dunkelgrauer Farbe<br \/>\n\u25fc 5 Fl\u00fcchtlingslager-Marken in Kupfer-Rostfarbe<\/p>\n<p>Gr\u00f6\u00dfe<br \/>\nSechseck: Breite: 16 mm (Spitze zu Spitze); 13,8 mm (Seite zu Seite); H\u00f6he: 3 mm<br \/>\nKreis: Breite: 15 mm; H\u00f6he: 3mm<\/p>\n<p>Dieser Artikel wird mit PLA gedruckt &#8211; einem der umweltfreundlichsten Filamente, die es derzeit auf dem Markt gibt. PLA (das aus Pflanzen wie Mais und Zuckerrohr gewonnen wird) ist erneuerbar und vor allem biologisch abbaubar und ungiftig. Die damit bedruckten Gegenst\u00e4nde sind langlebig und robust.<\/p>\n<p>\u00a9\ufe0f Das Modell wurde von Nagy Csaba S\u00e1ndor entworfen. Die Quelldatei ist hier zu finden: https:\/\/www.thingiverse.com\/thing:3672305<\/p>\n","protected":false},"excerpt":{"rendered":"<p>Dieses Set von Terraforming Mars Resource Tokens enth\u00e4lt: \u25fc 20 Mikrobenpl\u00e4ttchen in lindgr\u00fcner Farbe \u25fc 15 Wissenschaftsm\u00fcnzen in lila Farbe \u25fc 15 Raumschiffpl\u00e4ttchen in blauer Farbe \u25fc 15 Tierm\u00fcnzen in waldgr\u00fcner Farbe \u25fc 15 Schwimmerpl\u00e4ttchen in Perlgoldfarbe \u25fc 5 Asteroidenpl\u00e4ttchen in dunkelgrauer Farbe \u25fc 5 Fl\u00fcchtlingslager-Marken in Kupfer-Rostfarbe Gr\u00f6\u00dfe Sechseck: Breite: 16 mm (Spitze zu<br \/><a class=\"more-link\" href=\"https:\/\/3dvikingsstore.com\/de\/shop\/terraforming-mars-ressourcenmarken\/\"><br \/>\n        Read More<span class=\"screen-reader-text\"> &#8222;Terraforming Mars Ressourcenmarken&#8220;<\/span><\/a><\/p>\n","protected":false},"featured_media":16544,"comment_status":"open","ping_status":"closed","template":"","meta":[],"product_cat":[2690,2779],"product_tag":[2782,2713,2787,2785,2781,2784,2783,2789,2788,2786,2780,2791,2790],"yoast_head":"<!-- This site is optimized with the Yoast SEO Premium plugin v22.9 (Yoast SEO v22.9) - https:\/\/yoast.com\/wordpress\/plugins\/seo\/ -->\n<title>Terraforming Mars Ressourcenmarken<\/title>\n<meta name=\"robots\" content=\"index, follow, max-snippet:-1, max-image-preview:large, max-video-preview:-1\" \/>\n<link rel=\"canonical\" href=\"https:\/\/3dvikingsstore.com\/de\/shop\/terraforming-mars-ressourcenmarken\/\" \/>\n<meta property=\"og:locale\" content=\"de_DE\" \/>\n<meta property=\"og:type\" content=\"article\" \/>\n<meta property=\"og:title\" content=\"Terraforming Mars Ressourcenmarken\" \/>\n<meta property=\"og:description\" content=\"Dieses Set von Terraforming Mars Resource Tokens enth\u00e4lt: \u25fc 20 Mikrobenpl\u00e4ttchen in lindgr\u00fcner Farbe \u25fc 15 Wissenschaftsm\u00fcnzen in lila Farbe \u25fc 15 Raumschiffpl\u00e4ttchen in blauer Farbe \u25fc 15 Tierm\u00fcnzen in waldgr\u00fcner Farbe \u25fc 15 Schwimmerpl\u00e4ttchen in Perlgoldfarbe \u25fc 5 Asteroidenpl\u00e4ttchen in dunkelgrauer Farbe \u25fc 5 Fl\u00fcchtlingslager-Marken in Kupfer-Rostfarbe Gr\u00f6\u00dfe Sechseck: Breite: 16 mm (Spitze zu     Read More &quot;Terraforming Mars Ressourcenmarken&quot;\" \/>\n<meta property=\"og:url\" content=\"https:\/\/3dvikingsstore.com\/de\/shop\/terraforming-mars-ressourcenmarken\/\" \/>\n<meta property=\"og:site_name\" content=\"3D Vikings Store\" \/>\n<meta property=\"article:modified_time\" content=\"2024-01-30T20:49:22+00:00\" \/>\n<meta property=\"og:image\" content=\"https:\/\/3dvikingsstore.com\/wp-content\/uploads\/2020\/03\/il_fullxfull.2236205243_gl93.jpg\" \/>\n\t<meta property=\"og:image:width\" content=\"628\" \/>\n\t<meta property=\"og:image:height\" content=\"472\" \/>\n\t<meta property=\"og:image:type\" content=\"image\/jpeg\" \/>\n<meta name=\"twitter:card\" content=\"summary_large_image\" \/>\n<meta name=\"twitter:label1\" content=\"Gesch\u00e4tzte Lesezeit\" \/>\n\t<meta name=\"twitter:data1\" content=\"1\u00a0Minute\" \/>\n<script type=\"application\/ld+json\" class=\"yoast-schema-graph\">{\"@context\":\"https:\/\/schema.org\",\"@graph\":[{\"@type\":[\"WebPage\",\"ItemPage\"],\"@id\":\"https:\/\/3dvikingsstore.com\/de\/shop\/terraforming-mars-ressourcenmarken\/\",\"url\":\"https:\/\/3dvikingsstore.com\/de\/shop\/terraforming-mars-ressourcenmarken\/\",\"name\":\"Terraforming Mars Ressourcenmarken\",\"isPartOf\":{\"@id\":\"https:\/\/3dvikingsstore.com\/de\/#website\"},\"primaryImageOfPage\":{\"@id\":\"https:\/\/3dvikingsstore.com\/de\/shop\/terraforming-mars-ressourcenmarken\/#primaryimage\"},\"image\":{\"@id\":\"https:\/\/3dvikingsstore.com\/de\/shop\/terraforming-mars-ressourcenmarken\/#primaryimage\"},\"thumbnailUrl\":\"https:\/\/3dvikingsstore.com\/wp-content\/uploads\/2020\/03\/il_fullxfull.2236205243_gl93.jpg\",\"datePublished\":\"2020-03-25T12:07:45+00:00\",\"dateModified\":\"2024-01-30T20:49:22+00:00\",\"breadcrumb\":{\"@id\":\"https:\/\/3dvikingsstore.com\/de\/shop\/terraforming-mars-ressourcenmarken\/#breadcrumb\"},\"inLanguage\":\"de\",\"potentialAction\":[{\"@type\":\"ReadAction\",\"target\":[\"https:\/\/3dvikingsstore.com\/de\/shop\/terraforming-mars-ressourcenmarken\/\"]}]},{\"@type\":\"ImageObject\",\"inLanguage\":\"de\",\"@id\":\"https:\/\/3dvikingsstore.com\/de\/shop\/terraforming-mars-ressourcenmarken\/#primaryimage\",\"url\":\"https:\/\/3dvikingsstore.com\/wp-content\/uploads\/2020\/03\/il_fullxfull.2236205243_gl93.jpg\",\"contentUrl\":\"https:\/\/3dvikingsstore.com\/wp-content\/uploads\/2020\/03\/il_fullxfull.2236205243_gl93.jpg\",\"width\":628,\"height\":472},{\"@type\":\"BreadcrumbList\",\"@id\":\"https:\/\/3dvikingsstore.com\/de\/shop\/terraforming-mars-ressourcenmarken\/#breadcrumb\",\"itemListElement\":[{\"@type\":\"ListItem\",\"position\":1,\"name\":\"Home\",\"item\":\"https:\/\/3dvikingsstore.com\/de\/\"},{\"@type\":\"ListItem\",\"position\":2,\"name\":\"Gesch\u00e4ft\",\"item\":\"https:\/\/3dvikingsstore.com\/shop\/\"},{\"@type\":\"ListItem\",\"position\":3,\"name\":\"Terraforming Mars Ressourcenmarken\"}]},{\"@type\":\"WebSite\",\"@id\":\"https:\/\/3dvikingsstore.com\/de\/#website\",\"url\":\"https:\/\/3dvikingsstore.com\/de\/\",\"name\":\"3D Vikings Store\",\"description\":\"Scenery and Accessories for Tabletop and Board Games\",\"publisher\":{\"@id\":\"https:\/\/3dvikingsstore.com\/de\/#organization\"},\"potentialAction\":[{\"@type\":\"SearchAction\",\"target\":{\"@type\":\"EntryPoint\",\"urlTemplate\":\"https:\/\/3dvikingsstore.com\/de\/?s={search_term_string}\"},\"query-input\":\"required name=search_term_string\"}],\"inLanguage\":\"de\"},{\"@type\":\"Organization\",\"@id\":\"https:\/\/3dvikingsstore.com\/de\/#organization\",\"name\":\"3D Vikings Store\",\"url\":\"https:\/\/3dvikingsstore.com\/de\/\",\"logo\":{\"@type\":\"ImageObject\",\"inLanguage\":\"de\",\"@id\":\"https:\/\/3dvikingsstore.com\/de\/#\/schema\/logo\/image\/\",\"url\":\"https:\/\/3dvikingsstore.com\/wp-content\/uploads\/2020\/03\/3dvikings-logo-karge-white.jpg\",\"contentUrl\":\"https:\/\/3dvikingsstore.com\/wp-content\/uploads\/2020\/03\/3dvikings-logo-karge-white.jpg\",\"width\":800,\"height\":800,\"caption\":\"3D Vikings Store\"},\"image\":{\"@id\":\"https:\/\/3dvikingsstore.com\/de\/#\/schema\/logo\/image\/\"}}]}<\/script>\n<!-- \/ Yoast SEO Premium plugin. -->","yoast_head_json":{"title":"Terraforming Mars Ressourcenmarken","robots":{"index":"index","follow":"follow","max-snippet":"max-snippet:-1","max-image-preview":"max-image-preview:large","max-video-preview":"max-video-preview:-1"},"canonical":"https:\/\/3dvikingsstore.com\/de\/shop\/terraforming-mars-ressourcenmarken\/","og_locale":"de_DE","og_type":"article","og_title":"Terraforming Mars Ressourcenmarken","og_description":"Dieses Set von Terraforming Mars Resource Tokens enth\u00e4lt: \u25fc 20 Mikrobenpl\u00e4ttchen in lindgr\u00fcner Farbe \u25fc 15 Wissenschaftsm\u00fcnzen in lila Farbe \u25fc 15 Raumschiffpl\u00e4ttchen in blauer Farbe \u25fc 15 Tierm\u00fcnzen in waldgr\u00fcner Farbe \u25fc 15 Schwimmerpl\u00e4ttchen in Perlgoldfarbe \u25fc 5 Asteroidenpl\u00e4ttchen in dunkelgrauer Farbe \u25fc 5 Fl\u00fcchtlingslager-Marken in Kupfer-Rostfarbe Gr\u00f6\u00dfe Sechseck: Breite: 16 mm (Spitze zu     Read More \"Terraforming Mars Ressourcenmarken\"","og_url":"https:\/\/3dvikingsstore.com\/de\/shop\/terraforming-mars-ressourcenmarken\/","og_site_name":"3D Vikings Store","article_modified_time":"2024-01-30T20:49:22+00:00","og_image":[{"width":628,"height":472,"url":"https:\/\/3dvikingsstore.com\/wp-content\/uploads\/2020\/03\/il_fullxfull.2236205243_gl93.jpg","type":"image\/jpeg"}],"twitter_card":"summary_large_image","twitter_misc":{"Gesch\u00e4tzte Lesezeit":"1\u00a0Minute"},"schema":{"@context":"https:\/\/schema.org","@graph":[{"@type":["WebPage","ItemPage"],"@id":"https:\/\/3dvikingsstore.com\/de\/shop\/terraforming-mars-ressourcenmarken\/","url":"https:\/\/3dvikingsstore.com\/de\/shop\/terraforming-mars-ressourcenmarken\/","name":"Terraforming Mars Ressourcenmarken","isPartOf":{"@id":"https:\/\/3dvikingsstore.com\/de\/#website"},"primaryImageOfPage":{"@id":"https:\/\/3dvikingsstore.com\/de\/shop\/terraforming-mars-ressourcenmarken\/#primaryimage"},"image":{"@id":"https:\/\/3dvikingsstore.com\/de\/shop\/terraforming-mars-ressourcenmarken\/#primaryimage"},"thumbnailUrl":"https:\/\/3dvikingsstore.com\/wp-content\/uploads\/2020\/03\/il_fullxfull.2236205243_gl93.jpg","datePublished":"2020-03-25T12:07:45+00:00","dateModified":"2024-01-30T20:49:22+00:00","breadcrumb":{"@id":"https:\/\/3dvikingsstore.com\/de\/shop\/terraforming-mars-ressourcenmarken\/#breadcrumb"},"inLanguage":"de","potentialAction":[{"@type":"ReadAction","target":["https:\/\/3dvikingsstore.com\/de\/shop\/terraforming-mars-ressourcenmarken\/"]}]},{"@type":"ImageObject","inLanguage":"de","@id":"https:\/\/3dvikingsstore.com\/de\/shop\/terraforming-mars-ressourcenmarken\/#primaryimage","url":"https:\/\/3dvikingsstore.com\/wp-content\/uploads\/2020\/03\/il_fullxfull.2236205243_gl93.jpg","contentUrl":"https:\/\/3dvikingsstore.com\/wp-content\/uploads\/2020\/03\/il_fullxfull.2236205243_gl93.jpg","width":628,"height":472},{"@type":"BreadcrumbList","@id":"https:\/\/3dvikingsstore.com\/de\/shop\/terraforming-mars-ressourcenmarken\/#breadcrumb","itemListElement":[{"@type":"ListItem","position":1,"name":"Home","item":"https:\/\/3dvikingsstore.com\/de\/"},{"@type":"ListItem","position":2,"name":"Gesch\u00e4ft","item":"https:\/\/3dvikingsstore.com\/shop\/"},{"@type":"ListItem","position":3,"name":"Terraforming Mars Ressourcenmarken"}]},{"@type":"WebSite","@id":"https:\/\/3dvikingsstore.com\/de\/#website","url":"https:\/\/3dvikingsstore.com\/de\/","name":"3D Vikings Store","description":"Scenery and Accessories for Tabletop and Board Games","publisher":{"@id":"https:\/\/3dvikingsstore.com\/de\/#organization"},"potentialAction":[{"@type":"SearchAction","target":{"@type":"EntryPoint","urlTemplate":"https:\/\/3dvikingsstore.com\/de\/?s={search_term_string}"},"query-input":"required name=search_term_string"}],"inLanguage":"de"},{"@type":"Organization","@id":"https:\/\/3dvikingsstore.com\/de\/#organization","name":"3D Vikings Store","url":"https:\/\/3dvikingsstore.com\/de\/","logo":{"@type":"ImageObject","inLanguage":"de","@id":"https:\/\/3dvikingsstore.com\/de\/#\/schema\/logo\/image\/","url":"https:\/\/3dvikingsstore.com\/wp-content\/uploads\/2020\/03\/3dvikings-logo-karge-white.jpg","contentUrl":"https:\/\/3dvikingsstore.com\/wp-content\/uploads\/2020\/03\/3dvikings-logo-karge-white.jpg","width":800,"height":800,"caption":"3D Vikings Store"},"image":{"@id":"https:\/\/3dvikingsstore.com\/de\/#\/schema\/logo\/image\/"}}]}},"_links":{"self":[{"href":"https:\/\/3dvikingsstore.com\/de\/wp-json\/wp\/v2\/product\/15980"}],"collection":[{"href":"https:\/\/3dvikingsstore.com\/de\/wp-json\/wp\/v2\/product"}],"about":[{"href":"https:\/\/3dvikingsstore.com\/de\/wp-json\/wp\/v2\/types\/product"}],"replies":[{"embeddable":true,"href":"https:\/\/3dvikingsstore.com\/de\/wp-json\/wp\/v2\/comments?post=15980"}],"version-history":[{"count":0,"href":"https:\/\/3dvikingsstore.com\/de\/wp-json\/wp\/v2\/product\/15980\/revisions"}],"wp:featuredmedia":[{"embeddable":true,"href":"https:\/\/3dvikingsstore.com\/de\/wp-json\/wp\/v2\/media\/16544"}],"wp:attachment":[{"href":"https:\/\/3dvikingsstore.com\/de\/wp-json\/wp\/v2\/media?parent=15980"}],"wp:term":[{"taxonomy":"product_cat","embeddable":true,"href":"https:\/\/3dvikingsstore.com\/de\/wp-json\/wp\/v2\/product_cat?post=15980"},{"taxonomy":"product_tag","embeddable":true,"href":"https:\/\/3dvikingsstore.com\/de\/wp-json\/wp\/v2\/product_tag?post=15980"}],"curies":[{"name":"wp","href":"https:\/\/api.w.org\/{rel}","templated":true}]}}