{"id":15977,"date":"2020-03-01T02:58:31","date_gmt":"2020-03-01T00:58:31","guid":{"rendered":"https:\/\/3dvikingsstore.com\/shop\/steampunk-tor-fuer-modulare-spielhuegel-im-massstab-28mm\/"},"modified":"2024-02-19T19:56:39","modified_gmt":"2024-02-19T17:56:39","slug":"steampunk-tor-fuer-modulare-spielhuegel-im-massstab-28mm","status":"publish","type":"product","link":"https:\/\/3dvikingsstore.com\/de\/shop\/steampunk-tor-fuer-modulare-spielhuegel-im-massstab-28mm\/","title":{"rendered":"Steampunk-Tor f\u00fcr modulare Spielh\u00fcgel im Ma\u00dfstab 28mm"},"content":{"rendered":"<p>Dies ist ein Einstieg mit Steampunk-Feeling f\u00fcr die Modular Hills-Serie. Kommt in einem St\u00fcck und Clips zu den Gaming-Serie H\u00fcgeln zu befestigen, aber es gibt L\u00f6cher f\u00fcr Magnete zu, wenn Sie nicht wollen, um Clips zu verwenden. Die Gr\u00f6\u00dfe ist 3 mm, verwenden Sie einen Bohrer, wenn Ihre Magnete gr\u00f6\u00dfer sind.<\/p>\n<p>Er wird unbemalt geliefert.<\/p>\n<p>Miniaturen sind nicht enthalten, da sie nur ma\u00dfstabsgetreu dargestellt sind.<\/p>\n<p>Es wird mit PLA gedruckt, einem der umweltfreundlichsten Filamente, die es derzeit auf dem Markt gibt. PLA wird aus Pflanzen wie Mais und Zuckerrohr gewonnen, ist erneuerbar und vor allem biologisch abbaubar und ungiftig. Die damit bedruckten Gegenst\u00e4nde sind haltbar und stabil.<\/p>\n","protected":false},"excerpt":{"rendered":"<p>Dies ist ein Einstieg mit Steampunk-Feeling f\u00fcr die Modular Hills-Serie. Kommt in einem St\u00fcck und Clips zu den Gaming-Serie H\u00fcgeln zu befestigen, aber es gibt L\u00f6cher f\u00fcr Magnete zu, wenn Sie nicht wollen, um Clips zu verwenden. Die Gr\u00f6\u00dfe ist 3 mm, verwenden Sie einen Bohrer, wenn Ihre Magnete gr\u00f6\u00dfer sind.<\/p>\n","protected":false},"featured_media":14491,"comment_status":"open","ping_status":"closed","template":"","meta":[],"product_cat":[2717],"product_tag":[2751,2734,2733,2769,2768,2738,2741,2766,2767,2736,2678,2735],"yoast_head":"<!-- This site is optimized with the Yoast SEO Premium plugin v22.9 (Yoast SEO v22.9) - https:\/\/yoast.com\/wordpress\/plugins\/seo\/ -->\n<title>Steampunk-Tor f\u00fcr modulare Spielh\u00fcgel im Ma\u00dfstab 28mm<\/title>\n<meta name=\"robots\" content=\"index, follow, max-snippet:-1, max-image-preview:large, max-video-preview:-1\" \/>\n<link rel=\"canonical\" href=\"https:\/\/3dvikingsstore.com\/de\/shop\/steampunk-tor-fuer-modulare-spielhuegel-im-massstab-28mm\/\" \/>\n<meta property=\"og:locale\" content=\"de_DE\" \/>\n<meta property=\"og:type\" content=\"article\" \/>\n<meta property=\"og:title\" content=\"Steampunk-Tor f\u00fcr modulare Spielh\u00fcgel im Ma\u00dfstab 28mm\" \/>\n<meta property=\"og:description\" content=\"Dies ist ein Einstieg mit Steampunk-Feeling f\u00fcr die Modular Hills-Serie. Kommt in einem St\u00fcck und Clips zu den Gaming-Serie H\u00fcgeln zu befestigen, aber es gibt L\u00f6cher f\u00fcr Magnete zu, wenn Sie nicht wollen, um Clips zu verwenden. Die Gr\u00f6\u00dfe ist 3 mm, verwenden Sie einen Bohrer, wenn Ihre Magnete gr\u00f6\u00dfer sind.\" \/>\n<meta property=\"og:url\" content=\"https:\/\/3dvikingsstore.com\/de\/shop\/steampunk-tor-fuer-modulare-spielhuegel-im-massstab-28mm\/\" \/>\n<meta property=\"og:site_name\" content=\"3D Vikings Store\" \/>\n<meta property=\"article:modified_time\" content=\"2024-02-19T17:56:39+00:00\" \/>\n<meta property=\"og:image\" content=\"https:\/\/3dvikingsstore.com\/wp-content\/uploads\/2020\/03\/il_794xN.1932499912_ns95.jpg\" \/>\n\t<meta property=\"og:image:width\" content=\"794\" \/>\n\t<meta property=\"og:image:height\" content=\"575\" \/>\n\t<meta property=\"og:image:type\" content=\"image\/jpeg\" \/>\n<meta name=\"twitter:card\" content=\"summary_large_image\" \/>\n<meta name=\"twitter:label1\" content=\"Gesch\u00e4tzte Lesezeit\" \/>\n\t<meta name=\"twitter:data1\" content=\"1\u00a0Minute\" \/>\n<script type=\"application\/ld+json\" class=\"yoast-schema-graph\">{\"@context\":\"https:\/\/schema.org\",\"@graph\":[{\"@type\":[\"WebPage\",\"ItemPage\"],\"@id\":\"https:\/\/3dvikingsstore.com\/de\/shop\/steampunk-tor-fuer-modulare-spielhuegel-im-massstab-28mm\/\",\"url\":\"https:\/\/3dvikingsstore.com\/de\/shop\/steampunk-tor-fuer-modulare-spielhuegel-im-massstab-28mm\/\",\"name\":\"Steampunk-Tor f\u00fcr modulare Spielh\u00fcgel im Ma\u00dfstab 28mm\",\"isPartOf\":{\"@id\":\"https:\/\/3dvikingsstore.com\/de\/#website\"},\"primaryImageOfPage\":{\"@id\":\"https:\/\/3dvikingsstore.com\/de\/shop\/steampunk-tor-fuer-modulare-spielhuegel-im-massstab-28mm\/#primaryimage\"},\"image\":{\"@id\":\"https:\/\/3dvikingsstore.com\/de\/shop\/steampunk-tor-fuer-modulare-spielhuegel-im-massstab-28mm\/#primaryimage\"},\"thumbnailUrl\":\"https:\/\/3dvikingsstore.com\/wp-content\/uploads\/2020\/03\/il_794xN.1932499912_ns95.jpg\",\"datePublished\":\"2020-03-01T00:58:31+00:00\",\"dateModified\":\"2024-02-19T17:56:39+00:00\",\"breadcrumb\":{\"@id\":\"https:\/\/3dvikingsstore.com\/de\/shop\/steampunk-tor-fuer-modulare-spielhuegel-im-massstab-28mm\/#breadcrumb\"},\"inLanguage\":\"de\",\"potentialAction\":[{\"@type\":\"ReadAction\",\"target\":[\"https:\/\/3dvikingsstore.com\/de\/shop\/steampunk-tor-fuer-modulare-spielhuegel-im-massstab-28mm\/\"]}]},{\"@type\":\"ImageObject\",\"inLanguage\":\"de\",\"@id\":\"https:\/\/3dvikingsstore.com\/de\/shop\/steampunk-tor-fuer-modulare-spielhuegel-im-massstab-28mm\/#primaryimage\",\"url\":\"https:\/\/3dvikingsstore.com\/wp-content\/uploads\/2020\/03\/il_794xN.1932499912_ns95.jpg\",\"contentUrl\":\"https:\/\/3dvikingsstore.com\/wp-content\/uploads\/2020\/03\/il_794xN.1932499912_ns95.jpg\",\"width\":794,\"height\":575},{\"@type\":\"BreadcrumbList\",\"@id\":\"https:\/\/3dvikingsstore.com\/de\/shop\/steampunk-tor-fuer-modulare-spielhuegel-im-massstab-28mm\/#breadcrumb\",\"itemListElement\":[{\"@type\":\"ListItem\",\"position\":1,\"name\":\"Home\",\"item\":\"https:\/\/3dvikingsstore.com\/de\/\"},{\"@type\":\"ListItem\",\"position\":2,\"name\":\"Gesch\u00e4ft\",\"item\":\"https:\/\/3dvikingsstore.com\/shop\/\"},{\"@type\":\"ListItem\",\"position\":3,\"name\":\"Steampunk-Tor f\u00fcr modulare Spielh\u00fcgel im Ma\u00dfstab 28mm\"}]},{\"@type\":\"WebSite\",\"@id\":\"https:\/\/3dvikingsstore.com\/de\/#website\",\"url\":\"https:\/\/3dvikingsstore.com\/de\/\",\"name\":\"3D Vikings Store\",\"description\":\"Scenery and Accessories for Tabletop and Board Games\",\"publisher\":{\"@id\":\"https:\/\/3dvikingsstore.com\/de\/#organization\"},\"potentialAction\":[{\"@type\":\"SearchAction\",\"target\":{\"@type\":\"EntryPoint\",\"urlTemplate\":\"https:\/\/3dvikingsstore.com\/de\/?s={search_term_string}\"},\"query-input\":\"required name=search_term_string\"}],\"inLanguage\":\"de\"},{\"@type\":\"Organization\",\"@id\":\"https:\/\/3dvikingsstore.com\/de\/#organization\",\"name\":\"3D Vikings Store\",\"url\":\"https:\/\/3dvikingsstore.com\/de\/\",\"logo\":{\"@type\":\"ImageObject\",\"inLanguage\":\"de\",\"@id\":\"https:\/\/3dvikingsstore.com\/de\/#\/schema\/logo\/image\/\",\"url\":\"https:\/\/3dvikingsstore.com\/wp-content\/uploads\/2020\/03\/3dvikings-logo-karge-white.jpg\",\"contentUrl\":\"https:\/\/3dvikingsstore.com\/wp-content\/uploads\/2020\/03\/3dvikings-logo-karge-white.jpg\",\"width\":800,\"height\":800,\"caption\":\"3D Vikings Store\"},\"image\":{\"@id\":\"https:\/\/3dvikingsstore.com\/de\/#\/schema\/logo\/image\/\"}}]}<\/script>\n<!-- \/ Yoast SEO Premium plugin. -->","yoast_head_json":{"title":"Steampunk-Tor f\u00fcr modulare Spielh\u00fcgel im Ma\u00dfstab 28mm","robots":{"index":"index","follow":"follow","max-snippet":"max-snippet:-1","max-image-preview":"max-image-preview:large","max-video-preview":"max-video-preview:-1"},"canonical":"https:\/\/3dvikingsstore.com\/de\/shop\/steampunk-tor-fuer-modulare-spielhuegel-im-massstab-28mm\/","og_locale":"de_DE","og_type":"article","og_title":"Steampunk-Tor f\u00fcr modulare Spielh\u00fcgel im Ma\u00dfstab 28mm","og_description":"Dies ist ein Einstieg mit Steampunk-Feeling f\u00fcr die Modular Hills-Serie. Kommt in einem St\u00fcck und Clips zu den Gaming-Serie H\u00fcgeln zu befestigen, aber es gibt L\u00f6cher f\u00fcr Magnete zu, wenn Sie nicht wollen, um Clips zu verwenden. Die Gr\u00f6\u00dfe ist 3 mm, verwenden Sie einen Bohrer, wenn Ihre Magnete gr\u00f6\u00dfer sind.","og_url":"https:\/\/3dvikingsstore.com\/de\/shop\/steampunk-tor-fuer-modulare-spielhuegel-im-massstab-28mm\/","og_site_name":"3D Vikings Store","article_modified_time":"2024-02-19T17:56:39+00:00","og_image":[{"width":794,"height":575,"url":"https:\/\/3dvikingsstore.com\/wp-content\/uploads\/2020\/03\/il_794xN.1932499912_ns95.jpg","type":"image\/jpeg"}],"twitter_card":"summary_large_image","twitter_misc":{"Gesch\u00e4tzte Lesezeit":"1\u00a0Minute"},"schema":{"@context":"https:\/\/schema.org","@graph":[{"@type":["WebPage","ItemPage"],"@id":"https:\/\/3dvikingsstore.com\/de\/shop\/steampunk-tor-fuer-modulare-spielhuegel-im-massstab-28mm\/","url":"https:\/\/3dvikingsstore.com\/de\/shop\/steampunk-tor-fuer-modulare-spielhuegel-im-massstab-28mm\/","name":"Steampunk-Tor f\u00fcr modulare Spielh\u00fcgel im Ma\u00dfstab 28mm","isPartOf":{"@id":"https:\/\/3dvikingsstore.com\/de\/#website"},"primaryImageOfPage":{"@id":"https:\/\/3dvikingsstore.com\/de\/shop\/steampunk-tor-fuer-modulare-spielhuegel-im-massstab-28mm\/#primaryimage"},"image":{"@id":"https:\/\/3dvikingsstore.com\/de\/shop\/steampunk-tor-fuer-modulare-spielhuegel-im-massstab-28mm\/#primaryimage"},"thumbnailUrl":"https:\/\/3dvikingsstore.com\/wp-content\/uploads\/2020\/03\/il_794xN.1932499912_ns95.jpg","datePublished":"2020-03-01T00:58:31+00:00","dateModified":"2024-02-19T17:56:39+00:00","breadcrumb":{"@id":"https:\/\/3dvikingsstore.com\/de\/shop\/steampunk-tor-fuer-modulare-spielhuegel-im-massstab-28mm\/#breadcrumb"},"inLanguage":"de","potentialAction":[{"@type":"ReadAction","target":["https:\/\/3dvikingsstore.com\/de\/shop\/steampunk-tor-fuer-modulare-spielhuegel-im-massstab-28mm\/"]}]},{"@type":"ImageObject","inLanguage":"de","@id":"https:\/\/3dvikingsstore.com\/de\/shop\/steampunk-tor-fuer-modulare-spielhuegel-im-massstab-28mm\/#primaryimage","url":"https:\/\/3dvikingsstore.com\/wp-content\/uploads\/2020\/03\/il_794xN.1932499912_ns95.jpg","contentUrl":"https:\/\/3dvikingsstore.com\/wp-content\/uploads\/2020\/03\/il_794xN.1932499912_ns95.jpg","width":794,"height":575},{"@type":"BreadcrumbList","@id":"https:\/\/3dvikingsstore.com\/de\/shop\/steampunk-tor-fuer-modulare-spielhuegel-im-massstab-28mm\/#breadcrumb","itemListElement":[{"@type":"ListItem","position":1,"name":"Home","item":"https:\/\/3dvikingsstore.com\/de\/"},{"@type":"ListItem","position":2,"name":"Gesch\u00e4ft","item":"https:\/\/3dvikingsstore.com\/shop\/"},{"@type":"ListItem","position":3,"name":"Steampunk-Tor f\u00fcr modulare Spielh\u00fcgel im Ma\u00dfstab 28mm"}]},{"@type":"WebSite","@id":"https:\/\/3dvikingsstore.com\/de\/#website","url":"https:\/\/3dvikingsstore.com\/de\/","name":"3D Vikings Store","description":"Scenery and Accessories for Tabletop and Board Games","publisher":{"@id":"https:\/\/3dvikingsstore.com\/de\/#organization"},"potentialAction":[{"@type":"SearchAction","target":{"@type":"EntryPoint","urlTemplate":"https:\/\/3dvikingsstore.com\/de\/?s={search_term_string}"},"query-input":"required name=search_term_string"}],"inLanguage":"de"},{"@type":"Organization","@id":"https:\/\/3dvikingsstore.com\/de\/#organization","name":"3D Vikings Store","url":"https:\/\/3dvikingsstore.com\/de\/","logo":{"@type":"ImageObject","inLanguage":"de","@id":"https:\/\/3dvikingsstore.com\/de\/#\/schema\/logo\/image\/","url":"https:\/\/3dvikingsstore.com\/wp-content\/uploads\/2020\/03\/3dvikings-logo-karge-white.jpg","contentUrl":"https:\/\/3dvikingsstore.com\/wp-content\/uploads\/2020\/03\/3dvikings-logo-karge-white.jpg","width":800,"height":800,"caption":"3D Vikings Store"},"image":{"@id":"https:\/\/3dvikingsstore.com\/de\/#\/schema\/logo\/image\/"}}]}},"_links":{"self":[{"href":"https:\/\/3dvikingsstore.com\/de\/wp-json\/wp\/v2\/product\/15977"}],"collection":[{"href":"https:\/\/3dvikingsstore.com\/de\/wp-json\/wp\/v2\/product"}],"about":[{"href":"https:\/\/3dvikingsstore.com\/de\/wp-json\/wp\/v2\/types\/product"}],"replies":[{"embeddable":true,"href":"https:\/\/3dvikingsstore.com\/de\/wp-json\/wp\/v2\/comments?post=15977"}],"version-history":[{"count":1,"href":"https:\/\/3dvikingsstore.com\/de\/wp-json\/wp\/v2\/product\/15977\/revisions"}],"predecessor-version":[{"id":18184,"href":"https:\/\/3dvikingsstore.com\/de\/wp-json\/wp\/v2\/product\/15977\/revisions\/18184"}],"wp:featuredmedia":[{"embeddable":true,"href":"https:\/\/3dvikingsstore.com\/de\/wp-json\/wp\/v2\/media\/14491"}],"wp:attachment":[{"href":"https:\/\/3dvikingsstore.com\/de\/wp-json\/wp\/v2\/media?parent=15977"}],"wp:term":[{"taxonomy":"product_cat","embeddable":true,"href":"https:\/\/3dvikingsstore.com\/de\/wp-json\/wp\/v2\/product_cat?post=15977"},{"taxonomy":"product_tag","embeddable":true,"href":"https:\/\/3dvikingsstore.com\/de\/wp-json\/wp\/v2\/product_tag?post=15977"}],"curies":[{"name":"wp","href":"https:\/\/api.w.org\/{rel}","templated":true}]}}