{"id":15975,"date":"2020-03-01T02:58:32","date_gmt":"2020-03-01T00:58:32","guid":{"rendered":"https:\/\/3dvikingsstore.com\/shop\/wueste-sci-fi-star-wars-legion-kompatibel-gebaeude-28mm-32mm-massstab\/"},"modified":"2024-02-19T14:58:12","modified_gmt":"2024-02-19T12:58:12","slug":"wueste-sci-fi-star-wars-legion-kompatibel-gebaeude-28mm-32mm-massstab","status":"publish","type":"product","link":"https:\/\/3dvikingsstore.com\/de\/shop\/wueste-sci-fi-star-wars-legion-kompatibel-gebaeude-28mm-32mm-massstab\/","title":{"rendered":"W\u00fcste Sci-Fi Star Wars Legion Kompatibel Geb\u00e4ude 28mm 32mm Ma\u00dfstab"},"content":{"rendered":"<p>? Suchst du nach einem realistischen und immersiven Gel\u00e4ndest\u00fcck f\u00fcr deine Sci-Fi-Tabletop-Spiele? Willst du die epischen Schlachten von Star Wars nachspielen oder die rauen W\u00fcsten von Dune erkunden? Dann wirst du dieses Desert Sci-Fi Star Wars Legion Compatible Building lieben!<\/p>\n<p>Dieses Geb\u00e4ude ist so konzipiert, dass es perfekt zu Star Wars Legion und anderen RPG-Miniaturen (Star Wars, Dungeons &amp; Dragons, Pathfinder), Warhammer oder anderen Tabletop-Spielen passt. Es weist eine detaillierte und robuste Struktur auf, mit einem kuppelf\u00f6rmigen Dach, einem runden Eingang und Fenstern. Das Geb\u00e4ude hat eine sandstein\u00e4hnliche Textur und ist grau gef\u00e4rbt, was ihm einen realistischen W\u00fcstenlook verleiht. Das Geb\u00e4ude misst 6,77&#8243; x 8,22&#8243; x 3,74&#8243; (172mm x 209mm x 95mm) und ist damit ein gro\u00dfartiges Herzst\u00fcck f\u00fcr deinen Spieltisch.<\/p>\n<p>Das Geb\u00e4ude wird unvollendet geliefert, so dass Sie es nach Ihren W\u00fcnschen gestalten k\u00f6nnen. Sie k\u00f6nnen es mit Ihren Lieblingsfarben bemalen, Verwitterungseffekte hinzuf\u00fcgen oder sogar Zubeh\u00f6r wie Antennen, Flaggen oder Schilder anbringen. F\u00fcr die Fertigstellung und Bemalung deines Geb\u00e4udes ben\u00f6tigst du einige grundlegende Modellbauwerkzeuge wie Schleifpapier, Klebstoff, Grundierung und Farbe. Sie k\u00f6nnen auch Verwaschungen, Trockenb\u00fcrsten oder Airbrush-Techniken verwenden, um die Details zu verbessern und ein beeindruckendes Ergebnis zu erzielen.<\/p>\n<p>Dieses Geb\u00e4ude ist ein Muss f\u00fcr jeden Sci-Fi-Fan oder Tabletop-Gamer. Es wird deinen Spielen eine Menge Spa\u00df und Realismus verleihen und deine Miniaturen hervorstechen lassen. Egal, ob du f\u00fcr die Rebellenallianz, das Galaktische Imperium oder deine eigene Fraktion k\u00e4mpfst, du wirst es genie\u00dfen, dieses Geb\u00e4ude als Deckung, als Basis oder als Kulissenelement zu verwenden. Bestelle es noch heute und mach dich bereit f\u00fcr epische Abenteuer in der W\u00fcste! ?<\/p>\n<p>Er wird mit PLA gedruckt, einem der umweltfreundlichsten Filamente, die es derzeit auf dem Markt gibt. PLA wird aus Pflanzen wie Mais und Zuckerrohr gewonnen, ist erneuerbar und vor allem biologisch abbaubar und ungiftig. Die damit bedruckten Gegenst\u00e4nde sind haltbar und stabil.<\/p>\n","protected":false},"excerpt":{"rendered":"<p>Dieses Geb\u00e4ude ist so konzipiert, dass es perfekt zu Star Wars Legion und anderen RPG-Miniaturen (Star Wars, Dungeons &amp; Dragons, Pathfinder), Warhammer oder anderen Tabletop-Spielen passt. Es weist eine detaillierte und robuste Struktur auf, mit einem kuppelf\u00f6rmigen Dach, einem runden Eingang und Fenstern. Das Geb\u00e4ude hat eine sandstein\u00e4hnliche Textur und ist grau gef\u00e4rbt, was ihm einen realistischen W\u00fcstenlook verleiht.<\/p>\n","protected":false},"featured_media":14496,"comment_status":"open","ping_status":"closed","template":"","meta":[],"product_cat":[2694,2732,2717],"product_tag":[2761,2751,2757,2740,2759,2756,2755,2753,2752,2754,2758,2682],"yoast_head":"<!-- This site is optimized with the Yoast SEO Premium plugin v22.9 (Yoast SEO v22.9) - https:\/\/yoast.com\/wordpress\/plugins\/seo\/ -->\n<title>W\u00fcste Sci-Fi Star Wars Legion Kompatibel Geb\u00e4ude 28mm 32mm Ma\u00dfstab<\/title>\n<meta name=\"description\" content=\"Dieses Geb\u00e4ude ist so konzipiert, dass es perfekt zu Star Wars Legion und anderen RPG-Miniaturen (Star Wars, Dungeons &amp; Dragons, Pathfinder), Warhammer.\" \/>\n<meta name=\"robots\" content=\"index, follow, max-snippet:-1, max-image-preview:large, max-video-preview:-1\" \/>\n<link rel=\"canonical\" href=\"https:\/\/3dvikingsstore.com\/de\/shop\/wueste-sci-fi-star-wars-legion-kompatibel-gebaeude-28mm-32mm-massstab\/\" \/>\n<meta property=\"og:locale\" content=\"de_DE\" \/>\n<meta property=\"og:type\" content=\"article\" \/>\n<meta property=\"og:title\" content=\"W\u00fcste Sci-Fi Star Wars Legion Kompatibel Geb\u00e4ude 28mm 32mm Ma\u00dfstab\" \/>\n<meta property=\"og:description\" content=\"Dieses Geb\u00e4ude ist so konzipiert, dass es perfekt zu Star Wars Legion und anderen RPG-Miniaturen (Star Wars, Dungeons &amp; Dragons, Pathfinder), Warhammer.\" \/>\n<meta property=\"og:url\" content=\"https:\/\/3dvikingsstore.com\/de\/shop\/wueste-sci-fi-star-wars-legion-kompatibel-gebaeude-28mm-32mm-massstab\/\" \/>\n<meta property=\"og:site_name\" content=\"3D Vikings Store\" \/>\n<meta property=\"article:modified_time\" content=\"2024-02-19T12:58:12+00:00\" \/>\n<meta property=\"og:image\" content=\"https:\/\/3dvikingsstore.com\/wp-content\/uploads\/2020\/03\/il_794xN.1980009451_hxm9.jpg\" \/>\n\t<meta property=\"og:image:width\" content=\"794\" \/>\n\t<meta property=\"og:image:height\" content=\"568\" \/>\n\t<meta property=\"og:image:type\" content=\"image\/jpeg\" \/>\n<meta name=\"twitter:card\" content=\"summary_large_image\" \/>\n<meta name=\"twitter:label1\" content=\"Gesch\u00e4tzte Lesezeit\" \/>\n\t<meta name=\"twitter:data1\" content=\"2\u00a0Minuten\" \/>\n<script type=\"application\/ld+json\" class=\"yoast-schema-graph\">{\"@context\":\"https:\/\/schema.org\",\"@graph\":[{\"@type\":[\"WebPage\",\"ItemPage\"],\"@id\":\"https:\/\/3dvikingsstore.com\/de\/shop\/wueste-sci-fi-star-wars-legion-kompatibel-gebaeude-28mm-32mm-massstab\/\",\"url\":\"https:\/\/3dvikingsstore.com\/de\/shop\/wueste-sci-fi-star-wars-legion-kompatibel-gebaeude-28mm-32mm-massstab\/\",\"name\":\"W\u00fcste Sci-Fi Star Wars Legion Kompatibel Geb\u00e4ude 28mm 32mm Ma\u00dfstab\",\"isPartOf\":{\"@id\":\"https:\/\/3dvikingsstore.com\/de\/#website\"},\"primaryImageOfPage\":{\"@id\":\"https:\/\/3dvikingsstore.com\/de\/shop\/wueste-sci-fi-star-wars-legion-kompatibel-gebaeude-28mm-32mm-massstab\/#primaryimage\"},\"image\":{\"@id\":\"https:\/\/3dvikingsstore.com\/de\/shop\/wueste-sci-fi-star-wars-legion-kompatibel-gebaeude-28mm-32mm-massstab\/#primaryimage\"},\"thumbnailUrl\":\"https:\/\/3dvikingsstore.com\/wp-content\/uploads\/2020\/03\/il_794xN.1980009451_hxm9.jpg\",\"datePublished\":\"2020-03-01T00:58:32+00:00\",\"dateModified\":\"2024-02-19T12:58:12+00:00\",\"description\":\"Dieses Geb\u00e4ude ist so konzipiert, dass es perfekt zu Star Wars Legion und anderen RPG-Miniaturen (Star Wars, Dungeons & Dragons, Pathfinder), Warhammer.\",\"breadcrumb\":{\"@id\":\"https:\/\/3dvikingsstore.com\/de\/shop\/wueste-sci-fi-star-wars-legion-kompatibel-gebaeude-28mm-32mm-massstab\/#breadcrumb\"},\"inLanguage\":\"de\",\"potentialAction\":[{\"@type\":\"ReadAction\",\"target\":[\"https:\/\/3dvikingsstore.com\/de\/shop\/wueste-sci-fi-star-wars-legion-kompatibel-gebaeude-28mm-32mm-massstab\/\"]}]},{\"@type\":\"ImageObject\",\"inLanguage\":\"de\",\"@id\":\"https:\/\/3dvikingsstore.com\/de\/shop\/wueste-sci-fi-star-wars-legion-kompatibel-gebaeude-28mm-32mm-massstab\/#primaryimage\",\"url\":\"https:\/\/3dvikingsstore.com\/wp-content\/uploads\/2020\/03\/il_794xN.1980009451_hxm9.jpg\",\"contentUrl\":\"https:\/\/3dvikingsstore.com\/wp-content\/uploads\/2020\/03\/il_794xN.1980009451_hxm9.jpg\",\"width\":794,\"height\":568},{\"@type\":\"BreadcrumbList\",\"@id\":\"https:\/\/3dvikingsstore.com\/de\/shop\/wueste-sci-fi-star-wars-legion-kompatibel-gebaeude-28mm-32mm-massstab\/#breadcrumb\",\"itemListElement\":[{\"@type\":\"ListItem\",\"position\":1,\"name\":\"Home\",\"item\":\"https:\/\/3dvikingsstore.com\/de\/\"},{\"@type\":\"ListItem\",\"position\":2,\"name\":\"Gesch\u00e4ft\",\"item\":\"https:\/\/3dvikingsstore.com\/shop\/\"},{\"@type\":\"ListItem\",\"position\":3,\"name\":\"W\u00fcste Sci-Fi Star Wars Legion Kompatibel Geb\u00e4ude 28mm 32mm Ma\u00dfstab\"}]},{\"@type\":\"WebSite\",\"@id\":\"https:\/\/3dvikingsstore.com\/de\/#website\",\"url\":\"https:\/\/3dvikingsstore.com\/de\/\",\"name\":\"3D Vikings Store\",\"description\":\"Scenery and Accessories for Tabletop and Board Games\",\"publisher\":{\"@id\":\"https:\/\/3dvikingsstore.com\/de\/#organization\"},\"potentialAction\":[{\"@type\":\"SearchAction\",\"target\":{\"@type\":\"EntryPoint\",\"urlTemplate\":\"https:\/\/3dvikingsstore.com\/de\/?s={search_term_string}\"},\"query-input\":\"required name=search_term_string\"}],\"inLanguage\":\"de\"},{\"@type\":\"Organization\",\"@id\":\"https:\/\/3dvikingsstore.com\/de\/#organization\",\"name\":\"3D Vikings Store\",\"url\":\"https:\/\/3dvikingsstore.com\/de\/\",\"logo\":{\"@type\":\"ImageObject\",\"inLanguage\":\"de\",\"@id\":\"https:\/\/3dvikingsstore.com\/de\/#\/schema\/logo\/image\/\",\"url\":\"https:\/\/3dvikingsstore.com\/wp-content\/uploads\/2020\/03\/3dvikings-logo-karge-white.jpg\",\"contentUrl\":\"https:\/\/3dvikingsstore.com\/wp-content\/uploads\/2020\/03\/3dvikings-logo-karge-white.jpg\",\"width\":800,\"height\":800,\"caption\":\"3D Vikings Store\"},\"image\":{\"@id\":\"https:\/\/3dvikingsstore.com\/de\/#\/schema\/logo\/image\/\"}}]}<\/script>\n<!-- \/ Yoast SEO Premium plugin. -->","yoast_head_json":{"title":"W\u00fcste Sci-Fi Star Wars Legion Kompatibel Geb\u00e4ude 28mm 32mm Ma\u00dfstab","description":"Dieses Geb\u00e4ude ist so konzipiert, dass es perfekt zu Star Wars Legion und anderen RPG-Miniaturen (Star Wars, Dungeons & Dragons, Pathfinder), Warhammer.","robots":{"index":"index","follow":"follow","max-snippet":"max-snippet:-1","max-image-preview":"max-image-preview:large","max-video-preview":"max-video-preview:-1"},"canonical":"https:\/\/3dvikingsstore.com\/de\/shop\/wueste-sci-fi-star-wars-legion-kompatibel-gebaeude-28mm-32mm-massstab\/","og_locale":"de_DE","og_type":"article","og_title":"W\u00fcste Sci-Fi Star Wars Legion Kompatibel Geb\u00e4ude 28mm 32mm Ma\u00dfstab","og_description":"Dieses Geb\u00e4ude ist so konzipiert, dass es perfekt zu Star Wars Legion und anderen RPG-Miniaturen (Star Wars, Dungeons & Dragons, Pathfinder), Warhammer.","og_url":"https:\/\/3dvikingsstore.com\/de\/shop\/wueste-sci-fi-star-wars-legion-kompatibel-gebaeude-28mm-32mm-massstab\/","og_site_name":"3D Vikings Store","article_modified_time":"2024-02-19T12:58:12+00:00","og_image":[{"width":794,"height":568,"url":"https:\/\/3dvikingsstore.com\/wp-content\/uploads\/2020\/03\/il_794xN.1980009451_hxm9.jpg","type":"image\/jpeg"}],"twitter_card":"summary_large_image","twitter_misc":{"Gesch\u00e4tzte Lesezeit":"2\u00a0Minuten"},"schema":{"@context":"https:\/\/schema.org","@graph":[{"@type":["WebPage","ItemPage"],"@id":"https:\/\/3dvikingsstore.com\/de\/shop\/wueste-sci-fi-star-wars-legion-kompatibel-gebaeude-28mm-32mm-massstab\/","url":"https:\/\/3dvikingsstore.com\/de\/shop\/wueste-sci-fi-star-wars-legion-kompatibel-gebaeude-28mm-32mm-massstab\/","name":"W\u00fcste Sci-Fi Star Wars Legion Kompatibel Geb\u00e4ude 28mm 32mm Ma\u00dfstab","isPartOf":{"@id":"https:\/\/3dvikingsstore.com\/de\/#website"},"primaryImageOfPage":{"@id":"https:\/\/3dvikingsstore.com\/de\/shop\/wueste-sci-fi-star-wars-legion-kompatibel-gebaeude-28mm-32mm-massstab\/#primaryimage"},"image":{"@id":"https:\/\/3dvikingsstore.com\/de\/shop\/wueste-sci-fi-star-wars-legion-kompatibel-gebaeude-28mm-32mm-massstab\/#primaryimage"},"thumbnailUrl":"https:\/\/3dvikingsstore.com\/wp-content\/uploads\/2020\/03\/il_794xN.1980009451_hxm9.jpg","datePublished":"2020-03-01T00:58:32+00:00","dateModified":"2024-02-19T12:58:12+00:00","description":"Dieses Geb\u00e4ude ist so konzipiert, dass es perfekt zu Star Wars Legion und anderen RPG-Miniaturen (Star Wars, Dungeons & Dragons, Pathfinder), Warhammer.","breadcrumb":{"@id":"https:\/\/3dvikingsstore.com\/de\/shop\/wueste-sci-fi-star-wars-legion-kompatibel-gebaeude-28mm-32mm-massstab\/#breadcrumb"},"inLanguage":"de","potentialAction":[{"@type":"ReadAction","target":["https:\/\/3dvikingsstore.com\/de\/shop\/wueste-sci-fi-star-wars-legion-kompatibel-gebaeude-28mm-32mm-massstab\/"]}]},{"@type":"ImageObject","inLanguage":"de","@id":"https:\/\/3dvikingsstore.com\/de\/shop\/wueste-sci-fi-star-wars-legion-kompatibel-gebaeude-28mm-32mm-massstab\/#primaryimage","url":"https:\/\/3dvikingsstore.com\/wp-content\/uploads\/2020\/03\/il_794xN.1980009451_hxm9.jpg","contentUrl":"https:\/\/3dvikingsstore.com\/wp-content\/uploads\/2020\/03\/il_794xN.1980009451_hxm9.jpg","width":794,"height":568},{"@type":"BreadcrumbList","@id":"https:\/\/3dvikingsstore.com\/de\/shop\/wueste-sci-fi-star-wars-legion-kompatibel-gebaeude-28mm-32mm-massstab\/#breadcrumb","itemListElement":[{"@type":"ListItem","position":1,"name":"Home","item":"https:\/\/3dvikingsstore.com\/de\/"},{"@type":"ListItem","position":2,"name":"Gesch\u00e4ft","item":"https:\/\/3dvikingsstore.com\/shop\/"},{"@type":"ListItem","position":3,"name":"W\u00fcste Sci-Fi Star Wars Legion Kompatibel Geb\u00e4ude 28mm 32mm Ma\u00dfstab"}]},{"@type":"WebSite","@id":"https:\/\/3dvikingsstore.com\/de\/#website","url":"https:\/\/3dvikingsstore.com\/de\/","name":"3D Vikings Store","description":"Scenery and Accessories for Tabletop and Board Games","publisher":{"@id":"https:\/\/3dvikingsstore.com\/de\/#organization"},"potentialAction":[{"@type":"SearchAction","target":{"@type":"EntryPoint","urlTemplate":"https:\/\/3dvikingsstore.com\/de\/?s={search_term_string}"},"query-input":"required name=search_term_string"}],"inLanguage":"de"},{"@type":"Organization","@id":"https:\/\/3dvikingsstore.com\/de\/#organization","name":"3D Vikings Store","url":"https:\/\/3dvikingsstore.com\/de\/","logo":{"@type":"ImageObject","inLanguage":"de","@id":"https:\/\/3dvikingsstore.com\/de\/#\/schema\/logo\/image\/","url":"https:\/\/3dvikingsstore.com\/wp-content\/uploads\/2020\/03\/3dvikings-logo-karge-white.jpg","contentUrl":"https:\/\/3dvikingsstore.com\/wp-content\/uploads\/2020\/03\/3dvikings-logo-karge-white.jpg","width":800,"height":800,"caption":"3D Vikings Store"},"image":{"@id":"https:\/\/3dvikingsstore.com\/de\/#\/schema\/logo\/image\/"}}]}},"_links":{"self":[{"href":"https:\/\/3dvikingsstore.com\/de\/wp-json\/wp\/v2\/product\/15975"}],"collection":[{"href":"https:\/\/3dvikingsstore.com\/de\/wp-json\/wp\/v2\/product"}],"about":[{"href":"https:\/\/3dvikingsstore.com\/de\/wp-json\/wp\/v2\/types\/product"}],"replies":[{"embeddable":true,"href":"https:\/\/3dvikingsstore.com\/de\/wp-json\/wp\/v2\/comments?post=15975"}],"version-history":[{"count":1,"href":"https:\/\/3dvikingsstore.com\/de\/wp-json\/wp\/v2\/product\/15975\/revisions"}],"predecessor-version":[{"id":18170,"href":"https:\/\/3dvikingsstore.com\/de\/wp-json\/wp\/v2\/product\/15975\/revisions\/18170"}],"wp:featuredmedia":[{"embeddable":true,"href":"https:\/\/3dvikingsstore.com\/de\/wp-json\/wp\/v2\/media\/14496"}],"wp:attachment":[{"href":"https:\/\/3dvikingsstore.com\/de\/wp-json\/wp\/v2\/media?parent=15975"}],"wp:term":[{"taxonomy":"product_cat","embeddable":true,"href":"https:\/\/3dvikingsstore.com\/de\/wp-json\/wp\/v2\/product_cat?post=15975"},{"taxonomy":"product_tag","embeddable":true,"href":"https:\/\/3dvikingsstore.com\/de\/wp-json\/wp\/v2\/product_tag?post=15975"}],"curies":[{"name":"wp","href":"https:\/\/api.w.org\/{rel}","templated":true}]}}