{"id":15945,"date":"2021-03-17T19:58:53","date_gmt":"2021-03-17T17:58:53","guid":{"rendered":"https:\/\/3dvikingsstore.com\/shop\/gloomhaven-charakter-dashboard\/"},"modified":"2024-01-29T21:38:50","modified_gmt":"2024-01-29T19:38:50","slug":"gloomhaven-charakter-dashboard","status":"publish","type":"product","link":"https:\/\/3dvikingsstore.com\/de\/shop\/gloomhaven-charakter-dashboard\/","title":{"rendered":"Gloomhaven Armaturenbrett (4er Pack)"},"content":{"rendered":"<p>? Ein einfaches Dashboard f\u00fcr das Brettspiel Gloomhaven. Die gro\u00dfen F\u00e4cher auf der linken und rechten Seite sind f\u00fcr Ihre Ablage- bzw. Verlustkarten. Das gro\u00dfe Feld oben links ist f\u00fcr deinen restlichen Nachziehstapel, die beiden schmalen Felder darunter sind f\u00fcr deine beiden Karten, die du in diesem Zug ausspielst. Die beiden F\u00e4cher oben rechts sind f\u00fcr deine Gegenstandskarten.<\/p>\n<p>Die sechs Quadrate sind f\u00fcr 12-mm-W\u00fcrfel vorgesehen. Ich verwende die obere Reihe f\u00fcr XP, die untere f\u00fcr HP, da die untere Reihe etwas leichter zu erreichen ist. Der erste W\u00fcrfelschlitz ist f\u00fcr Zehner, der zweite und dritte Schlitz sind f\u00fcr zwei W\u00fcrfel, die 0-9 z\u00e4hlen. Damit sollten Sie auf beiden Seiten bis zu 69 Punkte erreichen &#8211; das reicht!<\/p>\n<p>Die beiden abgewinkelten F\u00e4cher schlie\u00dflich sind f\u00fcr die Angriffsmodifikator-Karten gedacht.<\/p>\n<p>W\u00fcrfel und Karten sind nicht enthalten.<\/p>\n<p>Er wird mit PLA gedruckt, einem der umweltfreundlichsten Filamente, die es derzeit auf dem Markt gibt. PLA wird aus Pflanzen wie Mais und Zuckerrohr gewonnen, ist erneuerbar und vor allem biologisch abbaubar und ungiftig. Die damit bedruckten Gegenst\u00e4nde sind haltbar und stabil.<\/p>\n<p>\u00a9\ufe0f Das Modell wird uns von Andy Fisher zur Verf\u00fcgung gestellt. Bitte besuchen Sie https:\/\/www.thingiverse.com\/thing:2172188 f\u00fcr die Quelldateien.<\/p>\n<div id=\"sel-ext-win\" class=\"sel-text-win\" style=\"display: none;\"><\/div>\n","protected":false},"excerpt":{"rendered":"<p>Ein einfaches Armaturenbrett f\u00fcr das Brettspiel Gloomhaven. Die gro\u00dfen F\u00e4cher auf der linken und rechten Seite sind f\u00fcr Ihre Ablage- bzw. Verlustkarten. Das gro\u00dfe Feld oben links ist f\u00fcr deinen restlichen Nachziehstapel, die beiden schmalen Felder darunter sind f\u00fcr deine beiden Karten, die du in diesem Zug ausspielst. Die beiden F\u00e4cher oben rechts sind f\u00fcr deine Gegenstandskarten.<\/p>\n","protected":false},"featured_media":15811,"comment_status":"open","ping_status":"closed","template":"","meta":[],"product_cat":[2690,2691],"product_tag":[2726,2712,2697,2724,2707,2731,2692,2693,2730,2709,2695,2706,2728],"yoast_head":"<!-- This site is optimized with the Yoast SEO Premium plugin v22.9 (Yoast SEO v22.9) - https:\/\/yoast.com\/wordpress\/plugins\/seo\/ -->\n<title>Gloomhaven Armaturenbrett (4er Pack)<\/title>\n<meta name=\"description\" content=\"Ein einfaches Armaturenbrett f\u00fcr das Brettspiel Gloomhaven. Die gro\u00dfen F\u00e4cher auf der linken und rechten Seite sind f\u00fcr Ihre Ablage- bzw. Verlustkarten.\" \/>\n<meta name=\"robots\" content=\"index, follow, max-snippet:-1, max-image-preview:large, max-video-preview:-1\" \/>\n<link rel=\"canonical\" href=\"https:\/\/3dvikingsstore.com\/de\/shop\/gloomhaven-charakter-dashboard\/\" \/>\n<meta property=\"og:locale\" content=\"de_DE\" \/>\n<meta property=\"og:type\" content=\"article\" \/>\n<meta property=\"og:title\" content=\"Gloomhaven Armaturenbrett (4er Pack)\" \/>\n<meta property=\"og:description\" content=\"Ein einfaches Armaturenbrett f\u00fcr das Brettspiel Gloomhaven. Die gro\u00dfen F\u00e4cher auf der linken und rechten Seite sind f\u00fcr Ihre Ablage- bzw. Verlustkarten.\" \/>\n<meta property=\"og:url\" content=\"https:\/\/3dvikingsstore.com\/de\/shop\/gloomhaven-charakter-dashboard\/\" \/>\n<meta property=\"og:site_name\" content=\"3D Vikings Store\" \/>\n<meta property=\"article:modified_time\" content=\"2024-01-29T19:38:50+00:00\" \/>\n<meta property=\"og:image\" content=\"https:\/\/3dvikingsstore.com\/wp-content\/uploads\/2021\/03\/DSC_5806-scaled-e1617177982518.jpg\" \/>\n\t<meta property=\"og:image:width\" content=\"1333\" \/>\n\t<meta property=\"og:image:height\" content=\"1000\" \/>\n\t<meta property=\"og:image:type\" content=\"image\/jpeg\" \/>\n<meta name=\"twitter:card\" content=\"summary_large_image\" \/>\n<meta name=\"twitter:label1\" content=\"Gesch\u00e4tzte Lesezeit\" \/>\n\t<meta name=\"twitter:data1\" content=\"2\u00a0Minuten\" \/>\n<script type=\"application\/ld+json\" class=\"yoast-schema-graph\">{\"@context\":\"https:\/\/schema.org\",\"@graph\":[{\"@type\":[\"WebPage\",\"ItemPage\"],\"@id\":\"https:\/\/3dvikingsstore.com\/de\/shop\/gloomhaven-charakter-dashboard\/\",\"url\":\"https:\/\/3dvikingsstore.com\/de\/shop\/gloomhaven-charakter-dashboard\/\",\"name\":\"Gloomhaven Armaturenbrett (4er Pack)\",\"isPartOf\":{\"@id\":\"https:\/\/3dvikingsstore.com\/de\/#website\"},\"primaryImageOfPage\":{\"@id\":\"https:\/\/3dvikingsstore.com\/de\/shop\/gloomhaven-charakter-dashboard\/#primaryimage\"},\"image\":{\"@id\":\"https:\/\/3dvikingsstore.com\/de\/shop\/gloomhaven-charakter-dashboard\/#primaryimage\"},\"thumbnailUrl\":\"https:\/\/3dvikingsstore.com\/wp-content\/uploads\/2021\/03\/DSC_5806-scaled-e1617177982518.jpg\",\"datePublished\":\"2021-03-17T17:58:53+00:00\",\"dateModified\":\"2024-01-29T19:38:50+00:00\",\"description\":\"Ein einfaches Armaturenbrett f\u00fcr das Brettspiel Gloomhaven. Die gro\u00dfen F\u00e4cher auf der linken und rechten Seite sind f\u00fcr Ihre Ablage- bzw. Verlustkarten.\",\"breadcrumb\":{\"@id\":\"https:\/\/3dvikingsstore.com\/de\/shop\/gloomhaven-charakter-dashboard\/#breadcrumb\"},\"inLanguage\":\"de\",\"potentialAction\":[{\"@type\":\"ReadAction\",\"target\":[\"https:\/\/3dvikingsstore.com\/de\/shop\/gloomhaven-charakter-dashboard\/\"]}]},{\"@type\":\"ImageObject\",\"inLanguage\":\"de\",\"@id\":\"https:\/\/3dvikingsstore.com\/de\/shop\/gloomhaven-charakter-dashboard\/#primaryimage\",\"url\":\"https:\/\/3dvikingsstore.com\/wp-content\/uploads\/2021\/03\/DSC_5806-scaled-e1617177982518.jpg\",\"contentUrl\":\"https:\/\/3dvikingsstore.com\/wp-content\/uploads\/2021\/03\/DSC_5806-scaled-e1617177982518.jpg\",\"width\":1333,\"height\":1000,\"caption\":\"gloomhaven dashboard\"},{\"@type\":\"BreadcrumbList\",\"@id\":\"https:\/\/3dvikingsstore.com\/de\/shop\/gloomhaven-charakter-dashboard\/#breadcrumb\",\"itemListElement\":[{\"@type\":\"ListItem\",\"position\":1,\"name\":\"Home\",\"item\":\"https:\/\/3dvikingsstore.com\/de\/\"},{\"@type\":\"ListItem\",\"position\":2,\"name\":\"Gesch\u00e4ft\",\"item\":\"https:\/\/3dvikingsstore.com\/shop\/\"},{\"@type\":\"ListItem\",\"position\":3,\"name\":\"Gloomhaven Armaturenbrett (4er Pack)\"}]},{\"@type\":\"WebSite\",\"@id\":\"https:\/\/3dvikingsstore.com\/de\/#website\",\"url\":\"https:\/\/3dvikingsstore.com\/de\/\",\"name\":\"3D Vikings Store\",\"description\":\"Scenery and Accessories for Tabletop and Board Games\",\"publisher\":{\"@id\":\"https:\/\/3dvikingsstore.com\/de\/#organization\"},\"potentialAction\":[{\"@type\":\"SearchAction\",\"target\":{\"@type\":\"EntryPoint\",\"urlTemplate\":\"https:\/\/3dvikingsstore.com\/de\/?s={search_term_string}\"},\"query-input\":\"required name=search_term_string\"}],\"inLanguage\":\"de\"},{\"@type\":\"Organization\",\"@id\":\"https:\/\/3dvikingsstore.com\/de\/#organization\",\"name\":\"3D Vikings Store\",\"url\":\"https:\/\/3dvikingsstore.com\/de\/\",\"logo\":{\"@type\":\"ImageObject\",\"inLanguage\":\"de\",\"@id\":\"https:\/\/3dvikingsstore.com\/de\/#\/schema\/logo\/image\/\",\"url\":\"https:\/\/3dvikingsstore.com\/wp-content\/uploads\/2020\/03\/3dvikings-logo-karge-white.jpg\",\"contentUrl\":\"https:\/\/3dvikingsstore.com\/wp-content\/uploads\/2020\/03\/3dvikings-logo-karge-white.jpg\",\"width\":800,\"height\":800,\"caption\":\"3D Vikings Store\"},\"image\":{\"@id\":\"https:\/\/3dvikingsstore.com\/de\/#\/schema\/logo\/image\/\"}}]}<\/script>\n<!-- \/ Yoast SEO Premium plugin. -->","yoast_head_json":{"title":"Gloomhaven Armaturenbrett (4er Pack)","description":"Ein einfaches Armaturenbrett f\u00fcr das Brettspiel Gloomhaven. Die gro\u00dfen F\u00e4cher auf der linken und rechten Seite sind f\u00fcr Ihre Ablage- bzw. Verlustkarten.","robots":{"index":"index","follow":"follow","max-snippet":"max-snippet:-1","max-image-preview":"max-image-preview:large","max-video-preview":"max-video-preview:-1"},"canonical":"https:\/\/3dvikingsstore.com\/de\/shop\/gloomhaven-charakter-dashboard\/","og_locale":"de_DE","og_type":"article","og_title":"Gloomhaven Armaturenbrett (4er Pack)","og_description":"Ein einfaches Armaturenbrett f\u00fcr das Brettspiel Gloomhaven. Die gro\u00dfen F\u00e4cher auf der linken und rechten Seite sind f\u00fcr Ihre Ablage- bzw. Verlustkarten.","og_url":"https:\/\/3dvikingsstore.com\/de\/shop\/gloomhaven-charakter-dashboard\/","og_site_name":"3D Vikings Store","article_modified_time":"2024-01-29T19:38:50+00:00","og_image":[{"width":1333,"height":1000,"url":"https:\/\/3dvikingsstore.com\/wp-content\/uploads\/2021\/03\/DSC_5806-scaled-e1617177982518.jpg","type":"image\/jpeg"}],"twitter_card":"summary_large_image","twitter_misc":{"Gesch\u00e4tzte Lesezeit":"2\u00a0Minuten"},"schema":{"@context":"https:\/\/schema.org","@graph":[{"@type":["WebPage","ItemPage"],"@id":"https:\/\/3dvikingsstore.com\/de\/shop\/gloomhaven-charakter-dashboard\/","url":"https:\/\/3dvikingsstore.com\/de\/shop\/gloomhaven-charakter-dashboard\/","name":"Gloomhaven Armaturenbrett (4er Pack)","isPartOf":{"@id":"https:\/\/3dvikingsstore.com\/de\/#website"},"primaryImageOfPage":{"@id":"https:\/\/3dvikingsstore.com\/de\/shop\/gloomhaven-charakter-dashboard\/#primaryimage"},"image":{"@id":"https:\/\/3dvikingsstore.com\/de\/shop\/gloomhaven-charakter-dashboard\/#primaryimage"},"thumbnailUrl":"https:\/\/3dvikingsstore.com\/wp-content\/uploads\/2021\/03\/DSC_5806-scaled-e1617177982518.jpg","datePublished":"2021-03-17T17:58:53+00:00","dateModified":"2024-01-29T19:38:50+00:00","description":"Ein einfaches Armaturenbrett f\u00fcr das Brettspiel Gloomhaven. Die gro\u00dfen F\u00e4cher auf der linken und rechten Seite sind f\u00fcr Ihre Ablage- bzw. Verlustkarten.","breadcrumb":{"@id":"https:\/\/3dvikingsstore.com\/de\/shop\/gloomhaven-charakter-dashboard\/#breadcrumb"},"inLanguage":"de","potentialAction":[{"@type":"ReadAction","target":["https:\/\/3dvikingsstore.com\/de\/shop\/gloomhaven-charakter-dashboard\/"]}]},{"@type":"ImageObject","inLanguage":"de","@id":"https:\/\/3dvikingsstore.com\/de\/shop\/gloomhaven-charakter-dashboard\/#primaryimage","url":"https:\/\/3dvikingsstore.com\/wp-content\/uploads\/2021\/03\/DSC_5806-scaled-e1617177982518.jpg","contentUrl":"https:\/\/3dvikingsstore.com\/wp-content\/uploads\/2021\/03\/DSC_5806-scaled-e1617177982518.jpg","width":1333,"height":1000,"caption":"gloomhaven dashboard"},{"@type":"BreadcrumbList","@id":"https:\/\/3dvikingsstore.com\/de\/shop\/gloomhaven-charakter-dashboard\/#breadcrumb","itemListElement":[{"@type":"ListItem","position":1,"name":"Home","item":"https:\/\/3dvikingsstore.com\/de\/"},{"@type":"ListItem","position":2,"name":"Gesch\u00e4ft","item":"https:\/\/3dvikingsstore.com\/shop\/"},{"@type":"ListItem","position":3,"name":"Gloomhaven Armaturenbrett (4er Pack)"}]},{"@type":"WebSite","@id":"https:\/\/3dvikingsstore.com\/de\/#website","url":"https:\/\/3dvikingsstore.com\/de\/","name":"3D Vikings Store","description":"Scenery and Accessories for Tabletop and Board Games","publisher":{"@id":"https:\/\/3dvikingsstore.com\/de\/#organization"},"potentialAction":[{"@type":"SearchAction","target":{"@type":"EntryPoint","urlTemplate":"https:\/\/3dvikingsstore.com\/de\/?s={search_term_string}"},"query-input":"required name=search_term_string"}],"inLanguage":"de"},{"@type":"Organization","@id":"https:\/\/3dvikingsstore.com\/de\/#organization","name":"3D Vikings Store","url":"https:\/\/3dvikingsstore.com\/de\/","logo":{"@type":"ImageObject","inLanguage":"de","@id":"https:\/\/3dvikingsstore.com\/de\/#\/schema\/logo\/image\/","url":"https:\/\/3dvikingsstore.com\/wp-content\/uploads\/2020\/03\/3dvikings-logo-karge-white.jpg","contentUrl":"https:\/\/3dvikingsstore.com\/wp-content\/uploads\/2020\/03\/3dvikings-logo-karge-white.jpg","width":800,"height":800,"caption":"3D Vikings Store"},"image":{"@id":"https:\/\/3dvikingsstore.com\/de\/#\/schema\/logo\/image\/"}}]}},"_links":{"self":[{"href":"https:\/\/3dvikingsstore.com\/de\/wp-json\/wp\/v2\/product\/15945"}],"collection":[{"href":"https:\/\/3dvikingsstore.com\/de\/wp-json\/wp\/v2\/product"}],"about":[{"href":"https:\/\/3dvikingsstore.com\/de\/wp-json\/wp\/v2\/types\/product"}],"replies":[{"embeddable":true,"href":"https:\/\/3dvikingsstore.com\/de\/wp-json\/wp\/v2\/comments?post=15945"}],"version-history":[{"count":0,"href":"https:\/\/3dvikingsstore.com\/de\/wp-json\/wp\/v2\/product\/15945\/revisions"}],"wp:featuredmedia":[{"embeddable":true,"href":"https:\/\/3dvikingsstore.com\/de\/wp-json\/wp\/v2\/media\/15811"}],"wp:attachment":[{"href":"https:\/\/3dvikingsstore.com\/de\/wp-json\/wp\/v2\/media?parent=15945"}],"wp:term":[{"taxonomy":"product_cat","embeddable":true,"href":"https:\/\/3dvikingsstore.com\/de\/wp-json\/wp\/v2\/product_cat?post=15945"},{"taxonomy":"product_tag","embeddable":true,"href":"https:\/\/3dvikingsstore.com\/de\/wp-json\/wp\/v2\/product_tag?post=15945"}],"curies":[{"name":"wp","href":"https:\/\/api.w.org\/{rel}","templated":true}]}}