{"id":15930,"date":"2021-03-17T19:58:54","date_gmt":"2021-03-17T17:58:54","guid":{"rendered":"https:\/\/3dvikingsstore.com\/shop\/merchant-wagon-28mm-massstab-fuer-mittelalterliche-und-fantasy-dorf-stadt-tarok\/"},"modified":"2024-02-19T14:28:36","modified_gmt":"2024-02-19T12:28:36","slug":"merchant-wagon-28mm-massstab-fuer-mittelalterliche-und-fantasy-dorf-stadt-tarok","status":"publish","type":"product","link":"https:\/\/3dvikingsstore.com\/de\/shop\/merchant-wagon-28mm-massstab-fuer-mittelalterliche-und-fantasy-dorf-stadt-tarok\/","title":{"rendered":"Merchant Wagon 28mm Ma\u00dfstab f\u00fcr Mittelalter und Fantasy Dorf"},"content":{"rendered":"<p>Suchen Sie ein realistisches und detailliertes Zubeh\u00f6r f\u00fcr Ihr Mittelalter- und Fantasiedorf? Der <strong>Handelswagen im 28-mm-Ma\u00dfstab<\/strong> ist genau das Richtige f\u00fcr Sie! Dieser Wagen ist perfekt, um Ihrer Tarok-Kulisse etwas Leben und Handel zu verleihen.<\/p>\n<p>Tarok ist ein Dorf, das schon bessere Tage gesehen hat, sich aber langsam von einem verheerenden Krieg erholt. Die Geb\u00e4ude stehen noch, aber sie tragen die Narben des Konflikts. Die Menschen sind widerstandsf\u00e4hig und flei\u00dfig, und sie bauen ihr Leben und ihre Gemeinschaft wieder auf. Der Handelswagen ist ein Zeichen der Hoffnung und des Wohlstands f\u00fcr Tarok. Es ist ein h\u00f6lzerner Wagen mit einer Plane, beladen mit Waren und Vorr\u00e4ten. <strong>Er kann als Gel\u00e4ndest\u00fcck, als Requisite oder als Fahrzeug f\u00fcr deine Miniaturen verwendet werden<\/strong>. Der <strong>Wagen ist 13,6 cm lang, 4,8 cm breit und 6,6 cm hoch<\/strong>, wenn er zusammengebaut ist. Er wird unbemalt geliefert, so dass Sie ihn nach Ihren W\u00fcnschen gestalten k\u00f6nnen. Die auf den Bildern gezeigten Miniaturen sind nicht im Lieferumfang enthalten, aber sie vermitteln einen Eindruck vom Ma\u00dfstab und den M\u00f6glichkeiten. Der Handelswagen im 28mm-Ma\u00dfstab ist ein Muss f\u00fcr jeden Mittelalter- und Fantasy-Dorf-Enthusiasten!<\/p>\n<p>Er wird mit PLA gedruckt, einem der umweltfreundlichsten Filamente, die es derzeit auf dem Markt gibt. PLA wird aus Pflanzen wie Mais und Zuckerrohr gewonnen, ist erneuerbar und vor allem biologisch abbaubar und ungiftig. Die damit bedruckten Gegenst\u00e4nde sind haltbar und stabil.<\/p>\n","protected":false},"excerpt":{"rendered":"<p>Suchen Sie ein realistisches und detailliertes Zubeh\u00f6r f\u00fcr Ihr Mittelalter- und Fantasiedorf? Der <strong>Handelswagen im 28-mm-Ma\u00dfstab<\/strong> ist genau das Richtige f\u00fcr Sie! Dieser Wagen ist perfekt, um Ihrer Tarok-Kulisse etwas Leben und Handel zu verleihen.<\/p>\n","protected":false},"featured_media":15850,"comment_status":"open","ping_status":"closed","template":"","meta":[],"product_cat":[2717],"product_tag":[2721,2719,2718,2722,2720,2715],"yoast_head":"<!-- This site is optimized with the Yoast SEO Premium plugin v22.9 (Yoast SEO v22.9) - https:\/\/yoast.com\/wordpress\/plugins\/seo\/ -->\n<title>3D Vikings Store<\/title>\n<meta name=\"description\" content=\"Suchen Sie ein realistisches und detailliertes Zubeh\u00f6r f\u00fcr Ihr Mittelalter- und Fantasiedorf? Der Handelswagen im 28-mm-Ma\u00dfstab ist genau das Richtige!\" \/>\n<meta name=\"robots\" content=\"index, follow, max-snippet:-1, max-image-preview:large, max-video-preview:-1\" \/>\n<link rel=\"canonical\" href=\"https:\/\/3dvikingsstore.com\/de\/shop\/merchant-wagon-28mm-massstab-fuer-mittelalterliche-und-fantasy-dorf-stadt-tarok\/\" \/>\n<meta property=\"og:locale\" content=\"de_DE\" \/>\n<meta property=\"og:type\" content=\"article\" \/>\n<meta property=\"og:title\" content=\"Merchant Wagon 28mm Ma\u00dfstab f\u00fcr Mittelalter und Fantasy Dorf\" \/>\n<meta property=\"og:description\" content=\"Suchen Sie ein realistisches und detailliertes Zubeh\u00f6r f\u00fcr Ihr Mittelalter- und Fantasiedorf? Der Handelswagen im 28-mm-Ma\u00dfstab ist genau das Richtige!\" \/>\n<meta property=\"og:url\" content=\"https:\/\/3dvikingsstore.com\/de\/shop\/merchant-wagon-28mm-massstab-fuer-mittelalterliche-und-fantasy-dorf-stadt-tarok\/\" \/>\n<meta property=\"og:site_name\" content=\"3D Vikings Store\" \/>\n<meta property=\"article:modified_time\" content=\"2024-02-19T12:28:36+00:00\" \/>\n<meta property=\"og:image\" content=\"https:\/\/3dvikingsstore.com\/wp-content\/uploads\/2021\/03\/market_wagon_05.jpg\" \/>\n\t<meta property=\"og:image:width\" content=\"1200\" \/>\n\t<meta property=\"og:image:height\" content=\"900\" \/>\n\t<meta property=\"og:image:type\" content=\"image\/jpeg\" \/>\n<meta name=\"twitter:card\" content=\"summary_large_image\" \/>\n<meta name=\"twitter:label1\" content=\"Gesch\u00e4tzte Lesezeit\" \/>\n\t<meta name=\"twitter:data1\" content=\"2\u00a0Minuten\" \/>\n<script type=\"application\/ld+json\" class=\"yoast-schema-graph\">{\"@context\":\"https:\/\/schema.org\",\"@graph\":[{\"@type\":[\"WebPage\",\"ItemPage\"],\"@id\":\"https:\/\/3dvikingsstore.com\/de\/shop\/merchant-wagon-28mm-massstab-fuer-mittelalterliche-und-fantasy-dorf-stadt-tarok\/\",\"url\":\"https:\/\/3dvikingsstore.com\/de\/shop\/merchant-wagon-28mm-massstab-fuer-mittelalterliche-und-fantasy-dorf-stadt-tarok\/\",\"name\":\"\",\"isPartOf\":{\"@id\":\"https:\/\/3dvikingsstore.com\/de\/#website\"},\"primaryImageOfPage\":{\"@id\":\"https:\/\/3dvikingsstore.com\/de\/shop\/merchant-wagon-28mm-massstab-fuer-mittelalterliche-und-fantasy-dorf-stadt-tarok\/#primaryimage\"},\"image\":{\"@id\":\"https:\/\/3dvikingsstore.com\/de\/shop\/merchant-wagon-28mm-massstab-fuer-mittelalterliche-und-fantasy-dorf-stadt-tarok\/#primaryimage\"},\"thumbnailUrl\":\"https:\/\/3dvikingsstore.com\/wp-content\/uploads\/2021\/03\/market_wagon_05.jpg\",\"datePublished\":\"2021-03-17T17:58:54+00:00\",\"dateModified\":\"2024-02-19T12:28:36+00:00\",\"description\":\"Suchen Sie ein realistisches und detailliertes Zubeh\u00f6r f\u00fcr Ihr Mittelalter- und Fantasiedorf? Der Handelswagen im 28-mm-Ma\u00dfstab ist genau das Richtige!\",\"breadcrumb\":{\"@id\":\"https:\/\/3dvikingsstore.com\/de\/shop\/merchant-wagon-28mm-massstab-fuer-mittelalterliche-und-fantasy-dorf-stadt-tarok\/#breadcrumb\"},\"inLanguage\":\"de\",\"potentialAction\":[{\"@type\":\"ReadAction\",\"target\":[\"https:\/\/3dvikingsstore.com\/de\/shop\/merchant-wagon-28mm-massstab-fuer-mittelalterliche-und-fantasy-dorf-stadt-tarok\/\"]}]},{\"@type\":\"ImageObject\",\"inLanguage\":\"de\",\"@id\":\"https:\/\/3dvikingsstore.com\/de\/shop\/merchant-wagon-28mm-massstab-fuer-mittelalterliche-und-fantasy-dorf-stadt-tarok\/#primaryimage\",\"url\":\"https:\/\/3dvikingsstore.com\/wp-content\/uploads\/2021\/03\/market_wagon_05.jpg\",\"contentUrl\":\"https:\/\/3dvikingsstore.com\/wp-content\/uploads\/2021\/03\/market_wagon_05.jpg\",\"width\":1200,\"height\":900},{\"@type\":\"BreadcrumbList\",\"@id\":\"https:\/\/3dvikingsstore.com\/de\/shop\/merchant-wagon-28mm-massstab-fuer-mittelalterliche-und-fantasy-dorf-stadt-tarok\/#breadcrumb\",\"itemListElement\":[{\"@type\":\"ListItem\",\"position\":1,\"name\":\"Home\",\"item\":\"https:\/\/3dvikingsstore.com\/de\/\"},{\"@type\":\"ListItem\",\"position\":2,\"name\":\"Gesch\u00e4ft\",\"item\":\"https:\/\/3dvikingsstore.com\/shop\/\"},{\"@type\":\"ListItem\",\"position\":3,\"name\":\"Merchant Wagon 28mm Ma\u00dfstab f\u00fcr Mittelalter und Fantasy Dorf\"}]},{\"@type\":\"WebSite\",\"@id\":\"https:\/\/3dvikingsstore.com\/de\/#website\",\"url\":\"https:\/\/3dvikingsstore.com\/de\/\",\"name\":\"3D Vikings Store\",\"description\":\"Scenery and Accessories for Tabletop and Board Games\",\"publisher\":{\"@id\":\"https:\/\/3dvikingsstore.com\/de\/#organization\"},\"potentialAction\":[{\"@type\":\"SearchAction\",\"target\":{\"@type\":\"EntryPoint\",\"urlTemplate\":\"https:\/\/3dvikingsstore.com\/de\/?s={search_term_string}\"},\"query-input\":\"required name=search_term_string\"}],\"inLanguage\":\"de\"},{\"@type\":\"Organization\",\"@id\":\"https:\/\/3dvikingsstore.com\/de\/#organization\",\"name\":\"3D Vikings Store\",\"url\":\"https:\/\/3dvikingsstore.com\/de\/\",\"logo\":{\"@type\":\"ImageObject\",\"inLanguage\":\"de\",\"@id\":\"https:\/\/3dvikingsstore.com\/de\/#\/schema\/logo\/image\/\",\"url\":\"https:\/\/3dvikingsstore.com\/wp-content\/uploads\/2020\/03\/3dvikings-logo-karge-white.jpg\",\"contentUrl\":\"https:\/\/3dvikingsstore.com\/wp-content\/uploads\/2020\/03\/3dvikings-logo-karge-white.jpg\",\"width\":800,\"height\":800,\"caption\":\"3D Vikings Store\"},\"image\":{\"@id\":\"https:\/\/3dvikingsstore.com\/de\/#\/schema\/logo\/image\/\"}}]}<\/script>\n<!-- \/ Yoast SEO Premium plugin. -->","yoast_head_json":{"title":"3D Vikings Store","description":"Suchen Sie ein realistisches und detailliertes Zubeh\u00f6r f\u00fcr Ihr Mittelalter- und Fantasiedorf? Der Handelswagen im 28-mm-Ma\u00dfstab ist genau das Richtige!","robots":{"index":"index","follow":"follow","max-snippet":"max-snippet:-1","max-image-preview":"max-image-preview:large","max-video-preview":"max-video-preview:-1"},"canonical":"https:\/\/3dvikingsstore.com\/de\/shop\/merchant-wagon-28mm-massstab-fuer-mittelalterliche-und-fantasy-dorf-stadt-tarok\/","og_locale":"de_DE","og_type":"article","og_title":"Merchant Wagon 28mm Ma\u00dfstab f\u00fcr Mittelalter und Fantasy Dorf","og_description":"Suchen Sie ein realistisches und detailliertes Zubeh\u00f6r f\u00fcr Ihr Mittelalter- und Fantasiedorf? Der Handelswagen im 28-mm-Ma\u00dfstab ist genau das Richtige!","og_url":"https:\/\/3dvikingsstore.com\/de\/shop\/merchant-wagon-28mm-massstab-fuer-mittelalterliche-und-fantasy-dorf-stadt-tarok\/","og_site_name":"3D Vikings Store","article_modified_time":"2024-02-19T12:28:36+00:00","og_image":[{"width":1200,"height":900,"url":"https:\/\/3dvikingsstore.com\/wp-content\/uploads\/2021\/03\/market_wagon_05.jpg","type":"image\/jpeg"}],"twitter_card":"summary_large_image","twitter_misc":{"Gesch\u00e4tzte Lesezeit":"2\u00a0Minuten"},"schema":{"@context":"https:\/\/schema.org","@graph":[{"@type":["WebPage","ItemPage"],"@id":"https:\/\/3dvikingsstore.com\/de\/shop\/merchant-wagon-28mm-massstab-fuer-mittelalterliche-und-fantasy-dorf-stadt-tarok\/","url":"https:\/\/3dvikingsstore.com\/de\/shop\/merchant-wagon-28mm-massstab-fuer-mittelalterliche-und-fantasy-dorf-stadt-tarok\/","name":"","isPartOf":{"@id":"https:\/\/3dvikingsstore.com\/de\/#website"},"primaryImageOfPage":{"@id":"https:\/\/3dvikingsstore.com\/de\/shop\/merchant-wagon-28mm-massstab-fuer-mittelalterliche-und-fantasy-dorf-stadt-tarok\/#primaryimage"},"image":{"@id":"https:\/\/3dvikingsstore.com\/de\/shop\/merchant-wagon-28mm-massstab-fuer-mittelalterliche-und-fantasy-dorf-stadt-tarok\/#primaryimage"},"thumbnailUrl":"https:\/\/3dvikingsstore.com\/wp-content\/uploads\/2021\/03\/market_wagon_05.jpg","datePublished":"2021-03-17T17:58:54+00:00","dateModified":"2024-02-19T12:28:36+00:00","description":"Suchen Sie ein realistisches und detailliertes Zubeh\u00f6r f\u00fcr Ihr Mittelalter- und Fantasiedorf? Der Handelswagen im 28-mm-Ma\u00dfstab ist genau das Richtige!","breadcrumb":{"@id":"https:\/\/3dvikingsstore.com\/de\/shop\/merchant-wagon-28mm-massstab-fuer-mittelalterliche-und-fantasy-dorf-stadt-tarok\/#breadcrumb"},"inLanguage":"de","potentialAction":[{"@type":"ReadAction","target":["https:\/\/3dvikingsstore.com\/de\/shop\/merchant-wagon-28mm-massstab-fuer-mittelalterliche-und-fantasy-dorf-stadt-tarok\/"]}]},{"@type":"ImageObject","inLanguage":"de","@id":"https:\/\/3dvikingsstore.com\/de\/shop\/merchant-wagon-28mm-massstab-fuer-mittelalterliche-und-fantasy-dorf-stadt-tarok\/#primaryimage","url":"https:\/\/3dvikingsstore.com\/wp-content\/uploads\/2021\/03\/market_wagon_05.jpg","contentUrl":"https:\/\/3dvikingsstore.com\/wp-content\/uploads\/2021\/03\/market_wagon_05.jpg","width":1200,"height":900},{"@type":"BreadcrumbList","@id":"https:\/\/3dvikingsstore.com\/de\/shop\/merchant-wagon-28mm-massstab-fuer-mittelalterliche-und-fantasy-dorf-stadt-tarok\/#breadcrumb","itemListElement":[{"@type":"ListItem","position":1,"name":"Home","item":"https:\/\/3dvikingsstore.com\/de\/"},{"@type":"ListItem","position":2,"name":"Gesch\u00e4ft","item":"https:\/\/3dvikingsstore.com\/shop\/"},{"@type":"ListItem","position":3,"name":"Merchant Wagon 28mm Ma\u00dfstab f\u00fcr Mittelalter und Fantasy Dorf"}]},{"@type":"WebSite","@id":"https:\/\/3dvikingsstore.com\/de\/#website","url":"https:\/\/3dvikingsstore.com\/de\/","name":"3D Vikings Store","description":"Scenery and Accessories for Tabletop and Board Games","publisher":{"@id":"https:\/\/3dvikingsstore.com\/de\/#organization"},"potentialAction":[{"@type":"SearchAction","target":{"@type":"EntryPoint","urlTemplate":"https:\/\/3dvikingsstore.com\/de\/?s={search_term_string}"},"query-input":"required name=search_term_string"}],"inLanguage":"de"},{"@type":"Organization","@id":"https:\/\/3dvikingsstore.com\/de\/#organization","name":"3D Vikings Store","url":"https:\/\/3dvikingsstore.com\/de\/","logo":{"@type":"ImageObject","inLanguage":"de","@id":"https:\/\/3dvikingsstore.com\/de\/#\/schema\/logo\/image\/","url":"https:\/\/3dvikingsstore.com\/wp-content\/uploads\/2020\/03\/3dvikings-logo-karge-white.jpg","contentUrl":"https:\/\/3dvikingsstore.com\/wp-content\/uploads\/2020\/03\/3dvikings-logo-karge-white.jpg","width":800,"height":800,"caption":"3D Vikings Store"},"image":{"@id":"https:\/\/3dvikingsstore.com\/de\/#\/schema\/logo\/image\/"}}]}},"_links":{"self":[{"href":"https:\/\/3dvikingsstore.com\/de\/wp-json\/wp\/v2\/product\/15930"}],"collection":[{"href":"https:\/\/3dvikingsstore.com\/de\/wp-json\/wp\/v2\/product"}],"about":[{"href":"https:\/\/3dvikingsstore.com\/de\/wp-json\/wp\/v2\/types\/product"}],"replies":[{"embeddable":true,"href":"https:\/\/3dvikingsstore.com\/de\/wp-json\/wp\/v2\/comments?post=15930"}],"version-history":[{"count":1,"href":"https:\/\/3dvikingsstore.com\/de\/wp-json\/wp\/v2\/product\/15930\/revisions"}],"predecessor-version":[{"id":18166,"href":"https:\/\/3dvikingsstore.com\/de\/wp-json\/wp\/v2\/product\/15930\/revisions\/18166"}],"wp:featuredmedia":[{"embeddable":true,"href":"https:\/\/3dvikingsstore.com\/de\/wp-json\/wp\/v2\/media\/15850"}],"wp:attachment":[{"href":"https:\/\/3dvikingsstore.com\/de\/wp-json\/wp\/v2\/media?parent=15930"}],"wp:term":[{"taxonomy":"product_cat","embeddable":true,"href":"https:\/\/3dvikingsstore.com\/de\/wp-json\/wp\/v2\/product_cat?post=15930"},{"taxonomy":"product_tag","embeddable":true,"href":"https:\/\/3dvikingsstore.com\/de\/wp-json\/wp\/v2\/product_tag?post=15930"}],"curies":[{"name":"wp","href":"https:\/\/api.w.org\/{rel}","templated":true}]}}