{"id":15922,"date":"2021-03-17T19:58:49","date_gmt":"2021-03-17T17:58:49","guid":{"rendered":"https:\/\/3dvikingsstore.com\/shop\/gloomhaven-die-klauen-des-loewen-standee-organisator\/"},"modified":"2024-01-30T21:28:10","modified_gmt":"2024-01-30T19:28:10","slug":"gloomhaven-die-klauen-des-loewen-standee-organisator","status":"publish","type":"product","link":"https:\/\/3dvikingsstore.com\/de\/shop\/gloomhaven-die-klauen-des-loewen-standee-organisator\/","title":{"rendered":"Gloomhaven: Die Klauen des L\u00f6wen Standee Organisator"},"content":{"rendered":"<p>? Aufbewahrungsform f\u00fcr alle St\u00e4nde in Gloomhaven Jaws of the Lion und ihre Initiativmarken. Die Gr\u00f6\u00dfe ist so gew\u00e4hlt, dass sie gut in das Quadrat passt. Die Lagen k\u00f6nnen mit 2x1mm Magneten zusammengehalten werden (Magnete nicht im Lieferumfang enthalten).<\/p>\n<p>Was ist Gloomhaven?<\/p>\n<p>Gloomhaven ist ein Spiel mit europ\u00e4isch inspirierten taktischen K\u00e4mpfen in einer persistenten Welt mit wechselnden Motiven, das idealerweise \u00fcber mehrere Spielsitzungen gespielt wird. Das Durchspielen eines Szenarios ist eine kooperative Angelegenheit, bei der die Spieler zusammenarbeiten m\u00fcssen, um gegen automatisierte Monster zu k\u00e4mpfen und bedrohliche Verliese und vergessene Ruinen zu s\u00e4ubern. Dabei kommt ein innovatives Kartensystem zum Einsatz, das die Spielreihenfolge bestimmt und festlegt, was ein Spieler in seinem Zug tut. Dabei verbessern sie ihre F\u00e4higkeiten durch Erfahrung und Beute, entdecken neue Orte, die sie erforschen und pl\u00fcndern k\u00f6nnen, und erweitern eine immer weiter verzweigte Geschichte, die durch die von ihnen getroffenen Entscheidungen vorangetrieben wird.<\/p>\n<p>Er wird mit PLA gedruckt, einem der umweltfreundlichsten Filamente, die es derzeit auf dem Markt gibt. PLA wird aus Pflanzen wie Mais und Zuckerrohr gewonnen, ist erneuerbar und vor allem biologisch abbaubar und ungiftig. Die damit bedruckten Gegenst\u00e4nde sind haltbar und stabil.<\/p>\n<p>\u00a9\ufe0f Modell wird uns von Fredrik Olsen zur Verf\u00fcgung gestellt. Bitte besuchen Sie https:\/\/www.thingiverse.com\/thing:4211664 f\u00fcr die Quelldateien.<\/p>\n","protected":false},"excerpt":{"rendered":"<p>Geformte Aufbewahrung f\u00fcr alle St\u00e4nde in Gloomhaven Jaws of the Lion und ihre Initiativmarken. Die Gr\u00f6\u00dfe ist so gew\u00e4hlt, dass sie gut in das Quadrat passt. Die Lagen k\u00f6nnen durch 2x1mm-Magnete zusammengehalten werden.<\/p>\n","protected":false},"featured_media":15739,"comment_status":"open","ping_status":"closed","template":"","meta":[],"product_cat":[2690,2691],"product_tag":[2713,2697,2701,2704,2707,2711,2692,2693,2709,2695,2699,2706],"yoast_head":"<!-- This site is optimized with the Yoast SEO Premium plugin v22.9 (Yoast SEO v22.9) - https:\/\/yoast.com\/wordpress\/plugins\/seo\/ -->\n<title>Gloomhaven: Die Klauen des L\u00f6wen Standee Organisator<\/title>\n<meta name=\"robots\" content=\"index, follow, max-snippet:-1, max-image-preview:large, max-video-preview:-1\" \/>\n<link rel=\"canonical\" href=\"https:\/\/3dvikingsstore.com\/de\/shop\/gloomhaven-die-klauen-des-loewen-standee-organisator\/\" \/>\n<meta property=\"og:locale\" content=\"de_DE\" \/>\n<meta property=\"og:type\" content=\"article\" \/>\n<meta property=\"og:title\" content=\"Gloomhaven: Die Klauen des L\u00f6wen Standee Organisator\" \/>\n<meta property=\"og:description\" content=\"Geformte Aufbewahrung f\u00fcr alle St\u00e4nde in Gloomhaven Jaws of the Lion und ihre Initiativmarken. Die Gr\u00f6\u00dfe ist so gew\u00e4hlt, dass sie gut in das Quadrat passt. Die Lagen k\u00f6nnen durch 2x1mm-Magnete zusammengehalten werden.\" \/>\n<meta property=\"og:url\" content=\"https:\/\/3dvikingsstore.com\/de\/shop\/gloomhaven-die-klauen-des-loewen-standee-organisator\/\" \/>\n<meta property=\"og:site_name\" content=\"3D Vikings Store\" \/>\n<meta property=\"article:modified_time\" content=\"2024-01-30T19:28:10+00:00\" \/>\n<meta property=\"og:image\" content=\"https:\/\/3dvikingsstore.com\/wp-content\/uploads\/2021\/03\/il_1140xN.2574855152_f0r9.jpg\" \/>\n\t<meta property=\"og:image:width\" content=\"1140\" \/>\n\t<meta property=\"og:image:height\" content=\"1081\" \/>\n\t<meta property=\"og:image:type\" content=\"image\/jpeg\" \/>\n<meta name=\"twitter:card\" content=\"summary_large_image\" \/>\n<meta name=\"twitter:label1\" content=\"Gesch\u00e4tzte Lesezeit\" \/>\n\t<meta name=\"twitter:data1\" content=\"2\u00a0Minuten\" \/>\n<script type=\"application\/ld+json\" class=\"yoast-schema-graph\">{\"@context\":\"https:\/\/schema.org\",\"@graph\":[{\"@type\":[\"WebPage\",\"ItemPage\"],\"@id\":\"https:\/\/3dvikingsstore.com\/de\/shop\/gloomhaven-die-klauen-des-loewen-standee-organisator\/\",\"url\":\"https:\/\/3dvikingsstore.com\/de\/shop\/gloomhaven-die-klauen-des-loewen-standee-organisator\/\",\"name\":\"Gloomhaven: Die Klauen des L\u00f6wen Standee Organisator\",\"isPartOf\":{\"@id\":\"https:\/\/3dvikingsstore.com\/de\/#website\"},\"primaryImageOfPage\":{\"@id\":\"https:\/\/3dvikingsstore.com\/de\/shop\/gloomhaven-die-klauen-des-loewen-standee-organisator\/#primaryimage\"},\"image\":{\"@id\":\"https:\/\/3dvikingsstore.com\/de\/shop\/gloomhaven-die-klauen-des-loewen-standee-organisator\/#primaryimage\"},\"thumbnailUrl\":\"https:\/\/3dvikingsstore.com\/wp-content\/uploads\/2021\/03\/il_1140xN.2574855152_f0r9.jpg\",\"datePublished\":\"2021-03-17T17:58:49+00:00\",\"dateModified\":\"2024-01-30T19:28:10+00:00\",\"breadcrumb\":{\"@id\":\"https:\/\/3dvikingsstore.com\/de\/shop\/gloomhaven-die-klauen-des-loewen-standee-organisator\/#breadcrumb\"},\"inLanguage\":\"de\",\"potentialAction\":[{\"@type\":\"ReadAction\",\"target\":[\"https:\/\/3dvikingsstore.com\/de\/shop\/gloomhaven-die-klauen-des-loewen-standee-organisator\/\"]}]},{\"@type\":\"ImageObject\",\"inLanguage\":\"de\",\"@id\":\"https:\/\/3dvikingsstore.com\/de\/shop\/gloomhaven-die-klauen-des-loewen-standee-organisator\/#primaryimage\",\"url\":\"https:\/\/3dvikingsstore.com\/wp-content\/uploads\/2021\/03\/il_1140xN.2574855152_f0r9.jpg\",\"contentUrl\":\"https:\/\/3dvikingsstore.com\/wp-content\/uploads\/2021\/03\/il_1140xN.2574855152_f0r9.jpg\",\"width\":1140,\"height\":1081,\"caption\":\"gloomhaven storage accessory\"},{\"@type\":\"BreadcrumbList\",\"@id\":\"https:\/\/3dvikingsstore.com\/de\/shop\/gloomhaven-die-klauen-des-loewen-standee-organisator\/#breadcrumb\",\"itemListElement\":[{\"@type\":\"ListItem\",\"position\":1,\"name\":\"Home\",\"item\":\"https:\/\/3dvikingsstore.com\/de\/\"},{\"@type\":\"ListItem\",\"position\":2,\"name\":\"Gesch\u00e4ft\",\"item\":\"https:\/\/3dvikingsstore.com\/shop\/\"},{\"@type\":\"ListItem\",\"position\":3,\"name\":\"Gloomhaven: Die Klauen des L\u00f6wen Standee Organisator\"}]},{\"@type\":\"WebSite\",\"@id\":\"https:\/\/3dvikingsstore.com\/de\/#website\",\"url\":\"https:\/\/3dvikingsstore.com\/de\/\",\"name\":\"3D Vikings Store\",\"description\":\"Scenery and Accessories for Tabletop and Board Games\",\"publisher\":{\"@id\":\"https:\/\/3dvikingsstore.com\/de\/#organization\"},\"potentialAction\":[{\"@type\":\"SearchAction\",\"target\":{\"@type\":\"EntryPoint\",\"urlTemplate\":\"https:\/\/3dvikingsstore.com\/de\/?s={search_term_string}\"},\"query-input\":\"required name=search_term_string\"}],\"inLanguage\":\"de\"},{\"@type\":\"Organization\",\"@id\":\"https:\/\/3dvikingsstore.com\/de\/#organization\",\"name\":\"3D Vikings Store\",\"url\":\"https:\/\/3dvikingsstore.com\/de\/\",\"logo\":{\"@type\":\"ImageObject\",\"inLanguage\":\"de\",\"@id\":\"https:\/\/3dvikingsstore.com\/de\/#\/schema\/logo\/image\/\",\"url\":\"https:\/\/3dvikingsstore.com\/wp-content\/uploads\/2020\/03\/3dvikings-logo-karge-white.jpg\",\"contentUrl\":\"https:\/\/3dvikingsstore.com\/wp-content\/uploads\/2020\/03\/3dvikings-logo-karge-white.jpg\",\"width\":800,\"height\":800,\"caption\":\"3D Vikings Store\"},\"image\":{\"@id\":\"https:\/\/3dvikingsstore.com\/de\/#\/schema\/logo\/image\/\"}}]}<\/script>\n<!-- \/ Yoast SEO Premium plugin. -->","yoast_head_json":{"title":"Gloomhaven: Die Klauen des L\u00f6wen Standee Organisator","robots":{"index":"index","follow":"follow","max-snippet":"max-snippet:-1","max-image-preview":"max-image-preview:large","max-video-preview":"max-video-preview:-1"},"canonical":"https:\/\/3dvikingsstore.com\/de\/shop\/gloomhaven-die-klauen-des-loewen-standee-organisator\/","og_locale":"de_DE","og_type":"article","og_title":"Gloomhaven: Die Klauen des L\u00f6wen Standee Organisator","og_description":"Geformte Aufbewahrung f\u00fcr alle St\u00e4nde in Gloomhaven Jaws of the Lion und ihre Initiativmarken. Die Gr\u00f6\u00dfe ist so gew\u00e4hlt, dass sie gut in das Quadrat passt. Die Lagen k\u00f6nnen durch 2x1mm-Magnete zusammengehalten werden.","og_url":"https:\/\/3dvikingsstore.com\/de\/shop\/gloomhaven-die-klauen-des-loewen-standee-organisator\/","og_site_name":"3D Vikings Store","article_modified_time":"2024-01-30T19:28:10+00:00","og_image":[{"width":1140,"height":1081,"url":"https:\/\/3dvikingsstore.com\/wp-content\/uploads\/2021\/03\/il_1140xN.2574855152_f0r9.jpg","type":"image\/jpeg"}],"twitter_card":"summary_large_image","twitter_misc":{"Gesch\u00e4tzte Lesezeit":"2\u00a0Minuten"},"schema":{"@context":"https:\/\/schema.org","@graph":[{"@type":["WebPage","ItemPage"],"@id":"https:\/\/3dvikingsstore.com\/de\/shop\/gloomhaven-die-klauen-des-loewen-standee-organisator\/","url":"https:\/\/3dvikingsstore.com\/de\/shop\/gloomhaven-die-klauen-des-loewen-standee-organisator\/","name":"Gloomhaven: Die Klauen des L\u00f6wen Standee Organisator","isPartOf":{"@id":"https:\/\/3dvikingsstore.com\/de\/#website"},"primaryImageOfPage":{"@id":"https:\/\/3dvikingsstore.com\/de\/shop\/gloomhaven-die-klauen-des-loewen-standee-organisator\/#primaryimage"},"image":{"@id":"https:\/\/3dvikingsstore.com\/de\/shop\/gloomhaven-die-klauen-des-loewen-standee-organisator\/#primaryimage"},"thumbnailUrl":"https:\/\/3dvikingsstore.com\/wp-content\/uploads\/2021\/03\/il_1140xN.2574855152_f0r9.jpg","datePublished":"2021-03-17T17:58:49+00:00","dateModified":"2024-01-30T19:28:10+00:00","breadcrumb":{"@id":"https:\/\/3dvikingsstore.com\/de\/shop\/gloomhaven-die-klauen-des-loewen-standee-organisator\/#breadcrumb"},"inLanguage":"de","potentialAction":[{"@type":"ReadAction","target":["https:\/\/3dvikingsstore.com\/de\/shop\/gloomhaven-die-klauen-des-loewen-standee-organisator\/"]}]},{"@type":"ImageObject","inLanguage":"de","@id":"https:\/\/3dvikingsstore.com\/de\/shop\/gloomhaven-die-klauen-des-loewen-standee-organisator\/#primaryimage","url":"https:\/\/3dvikingsstore.com\/wp-content\/uploads\/2021\/03\/il_1140xN.2574855152_f0r9.jpg","contentUrl":"https:\/\/3dvikingsstore.com\/wp-content\/uploads\/2021\/03\/il_1140xN.2574855152_f0r9.jpg","width":1140,"height":1081,"caption":"gloomhaven storage accessory"},{"@type":"BreadcrumbList","@id":"https:\/\/3dvikingsstore.com\/de\/shop\/gloomhaven-die-klauen-des-loewen-standee-organisator\/#breadcrumb","itemListElement":[{"@type":"ListItem","position":1,"name":"Home","item":"https:\/\/3dvikingsstore.com\/de\/"},{"@type":"ListItem","position":2,"name":"Gesch\u00e4ft","item":"https:\/\/3dvikingsstore.com\/shop\/"},{"@type":"ListItem","position":3,"name":"Gloomhaven: Die Klauen des L\u00f6wen Standee Organisator"}]},{"@type":"WebSite","@id":"https:\/\/3dvikingsstore.com\/de\/#website","url":"https:\/\/3dvikingsstore.com\/de\/","name":"3D Vikings Store","description":"Scenery and Accessories for Tabletop and Board Games","publisher":{"@id":"https:\/\/3dvikingsstore.com\/de\/#organization"},"potentialAction":[{"@type":"SearchAction","target":{"@type":"EntryPoint","urlTemplate":"https:\/\/3dvikingsstore.com\/de\/?s={search_term_string}"},"query-input":"required name=search_term_string"}],"inLanguage":"de"},{"@type":"Organization","@id":"https:\/\/3dvikingsstore.com\/de\/#organization","name":"3D Vikings Store","url":"https:\/\/3dvikingsstore.com\/de\/","logo":{"@type":"ImageObject","inLanguage":"de","@id":"https:\/\/3dvikingsstore.com\/de\/#\/schema\/logo\/image\/","url":"https:\/\/3dvikingsstore.com\/wp-content\/uploads\/2020\/03\/3dvikings-logo-karge-white.jpg","contentUrl":"https:\/\/3dvikingsstore.com\/wp-content\/uploads\/2020\/03\/3dvikings-logo-karge-white.jpg","width":800,"height":800,"caption":"3D Vikings Store"},"image":{"@id":"https:\/\/3dvikingsstore.com\/de\/#\/schema\/logo\/image\/"}}]}},"_links":{"self":[{"href":"https:\/\/3dvikingsstore.com\/de\/wp-json\/wp\/v2\/product\/15922"}],"collection":[{"href":"https:\/\/3dvikingsstore.com\/de\/wp-json\/wp\/v2\/product"}],"about":[{"href":"https:\/\/3dvikingsstore.com\/de\/wp-json\/wp\/v2\/types\/product"}],"replies":[{"embeddable":true,"href":"https:\/\/3dvikingsstore.com\/de\/wp-json\/wp\/v2\/comments?post=15922"}],"version-history":[{"count":0,"href":"https:\/\/3dvikingsstore.com\/de\/wp-json\/wp\/v2\/product\/15922\/revisions"}],"wp:featuredmedia":[{"embeddable":true,"href":"https:\/\/3dvikingsstore.com\/de\/wp-json\/wp\/v2\/media\/15739"}],"wp:attachment":[{"href":"https:\/\/3dvikingsstore.com\/de\/wp-json\/wp\/v2\/media?parent=15922"}],"wp:term":[{"taxonomy":"product_cat","embeddable":true,"href":"https:\/\/3dvikingsstore.com\/de\/wp-json\/wp\/v2\/product_cat?post=15922"},{"taxonomy":"product_tag","embeddable":true,"href":"https:\/\/3dvikingsstore.com\/de\/wp-json\/wp\/v2\/product_tag?post=15922"}],"curies":[{"name":"wp","href":"https:\/\/api.w.org\/{rel}","templated":true}]}}