{"id":15921,"date":"2021-03-17T19:58:55","date_gmt":"2021-03-17T17:58:55","guid":{"rendered":"https:\/\/3dvikingsstore.com\/shop\/medieval-home-28mm-massstab-gebaeude-fuer-mittelalterliche-und-fantasy-dorf-stadt-tarok\/"},"modified":"2025-10-29T04:13:11","modified_gmt":"2025-10-29T02:13:11","slug":"mittelalterliches-haus-28mm-massstab-gebaeude-fuer-mittelalterliche-und-fantasy-dorf","status":"publish","type":"product","link":"https:\/\/3dvikingsstore.com\/de\/shop\/mittelalterliches-haus-28mm-massstab-gebaeude-fuer-mittelalterliche-und-fantasy-dorf\/","title":{"rendered":"Medieval Home 28mm Ma\u00dfstab Geb\u00e4ude f\u00fcr mittelalterliche und Fantasy-Dorf. Stadt Tarok"},"content":{"rendered":"<p>Die Stadt Tarok ist ein mittelalterliches Fantasiedorf mit Geb\u00e4uden, die zu ihrer Bl\u00fctezeit gro\u00dfartig waren, aber nach einem gro\u00dfen Krieg sind sie nur noch br\u00f6ckelnde \u00dcberreste der pr\u00e4chtigen Geb\u00e4ude, die sie einst waren. Das Gebiet ist immer noch besiedelt, aber die Bewohner haben eine schwere Zeit hinter sich. Mit der R\u00fcckkehr der Menschen erwachen die einst verlassenen Geb\u00e4ude zu neuem Leben, die M\u00fchle, die Schmiede und das Bergwerk sind wieder in Betrieb, und es gibt neues Licht, wo fr\u00fcher nur Dunkelheit herrschte.<\/p>\n<p>Dies ist das Mittelalterliche Haus aus der Serie. Sie k\u00f6nnen die T\u00fcren dieses mittelalterlichen Hauses \u00f6ffnen und schlie\u00dfen, um Ihre Tischplatte lebendiger zu gestalten. Alle Risse und jedes Detail werden individuell modelliert. Bei diesem Modell gibt es einige sich wiederholende Muster.<\/p>\n<p>Die Fenster haben einen Schlitz, in den Sie transparente Plastikfolie einlegen k\u00f6nnen (Plastikfolie nicht im Lieferumfang enthalten), oder Sie k\u00f6nnen Glasbilder mit Ihrem Tintenstrahldrucker ausdrucken. Verwenden Sie kleine Teelichter (Teelicht nicht im Lieferumfang enthalten), um das Licht im Inneren zu imitieren, w\u00e4hrend Ihre Spieler in diesem Bereich Abenteuer erleben.<\/p>\n<p>&nbsp;<\/p>\n<p><img fetchpriority=\"high\" decoding=\"async\" class=\"size-full wp-image-12518 aligncenter\" src=\"https:\/\/3dvikingsstore.com\/wp-content\/uploads\/2021\/03\/medieval-building.jpg\" alt=\"Mittelalterliches Bauen f\u00fcr Terrain\" width=\"680\" height=\"809\" srcset=\"https:\/\/3dvikingsstore.com\/wp-content\/uploads\/2021\/03\/medieval-building.jpg 680w, https:\/\/3dvikingsstore.com\/wp-content\/uploads\/2021\/03\/medieval-building-252x300.jpg 252w, https:\/\/3dvikingsstore.com\/wp-content\/uploads\/2021\/03\/medieval-building-160x190.jpg 160w, https:\/\/3dvikingsstore.com\/wp-content\/uploads\/2021\/03\/medieval-building-225x267.jpg 225w, https:\/\/3dvikingsstore.com\/wp-content\/uploads\/2021\/03\/medieval-building-300x357.jpg 300w, https:\/\/3dvikingsstore.com\/wp-content\/uploads\/2021\/03\/medieval-building-600x714.jpg 600w, https:\/\/3dvikingsstore.com\/wp-content\/uploads\/2021\/03\/medieval-building-64x76.jpg 64w\" sizes=\"(max-width: 680px) 100vw, 680px\" \/><\/p>\n<p>Wird unbemalt geliefert.<\/p>\n<p>Miniaturen sind nicht enthalten, da sie nur ma\u00dfstabsgetreu dargestellt sind.<\/p>\n","protected":false},"excerpt":{"rendered":"<p>Sie k\u00f6nnen die T\u00fcren dieses mittelalterlichen Hauses \u00f6ffnen und schlie\u00dfen, um Ihre Tischplatte lebendiger zu gestalten. Alle Risse und jedes Detail werden individuell modelliert. Bei diesem Modell gibt es einige sich wiederholende Muster.<\/p>\n","protected":false},"featured_media":15861,"comment_status":"open","ping_status":"closed","template":"","meta":[],"product_cat":[2694],"product_tag":[2702,2696,2698,2700],"yoast_head":"<!-- This site is optimized with the Yoast SEO Premium plugin v22.9 (Yoast SEO v22.9) - https:\/\/yoast.com\/wordpress\/plugins\/seo\/ -->\n<title>Medieval Home 28mm Ma\u00dfstab Geb\u00e4ude f\u00fcr mittelalterliche und Fantasy-Dorf. Stadt Tarok<\/title>\n<meta name=\"description\" content=\"Dies ist das Mittelalterliche Haus aus der Serie. Sie k\u00f6nnen die T\u00fcren dieses mittelalterlichen Hauses \u00f6ffnen und schlie\u00dfen, um Ihre Tischplatte lebendiger zu gestalten. Alle Risse und jedes Detail werden individuell modelliert. Bei diesem Modell gibt es einige sich wiederholende Muster.\" \/>\n<meta name=\"robots\" content=\"index, follow, max-snippet:-1, max-image-preview:large, max-video-preview:-1\" \/>\n<link rel=\"canonical\" href=\"https:\/\/3dvikingsstore.com\/de\/shop\/mittelalterliches-haus-28mm-massstab-gebaeude-fuer-mittelalterliche-und-fantasy-dorf\/\" \/>\n<meta property=\"og:locale\" content=\"de_DE\" \/>\n<meta property=\"og:type\" content=\"article\" \/>\n<meta property=\"og:title\" content=\"Medieval Home 28mm Ma\u00dfstab Geb\u00e4ude f\u00fcr mittelalterliche und Fantasy-Dorf. Stadt Tarok\" \/>\n<meta property=\"og:description\" content=\"Dies ist das Mittelalterliche Haus aus der Serie. Sie k\u00f6nnen die T\u00fcren dieses mittelalterlichen Hauses \u00f6ffnen und schlie\u00dfen, um Ihre Tischplatte lebendiger zu gestalten. Alle Risse und jedes Detail werden individuell modelliert. Bei diesem Modell gibt es einige sich wiederholende Muster.\" \/>\n<meta property=\"og:url\" content=\"https:\/\/3dvikingsstore.com\/de\/shop\/mittelalterliches-haus-28mm-massstab-gebaeude-fuer-mittelalterliche-und-fantasy-dorf\/\" \/>\n<meta property=\"og:site_name\" content=\"3D Vikings Store\" \/>\n<meta property=\"article:modified_time\" content=\"2025-10-29T02:13:11+00:00\" \/>\n<meta property=\"og:image\" content=\"https:\/\/3dvikingsstore.com\/wp-content\/uploads\/2021\/03\/3d_printable_medieval_home_pic04.jpg\" \/>\n\t<meta property=\"og:image:width\" content=\"800\" \/>\n\t<meta property=\"og:image:height\" content=\"894\" \/>\n\t<meta property=\"og:image:type\" content=\"image\/jpeg\" \/>\n<meta name=\"twitter:card\" content=\"summary_large_image\" \/>\n<meta name=\"twitter:label1\" content=\"Gesch\u00e4tzte Lesezeit\" \/>\n\t<meta name=\"twitter:data1\" content=\"2\u00a0Minuten\" \/>\n<script type=\"application\/ld+json\" class=\"yoast-schema-graph\">{\"@context\":\"https:\/\/schema.org\",\"@graph\":[{\"@type\":[\"WebPage\",\"ItemPage\"],\"@id\":\"https:\/\/3dvikingsstore.com\/de\/shop\/mittelalterliches-haus-28mm-massstab-gebaeude-fuer-mittelalterliche-und-fantasy-dorf\/\",\"url\":\"https:\/\/3dvikingsstore.com\/de\/shop\/mittelalterliches-haus-28mm-massstab-gebaeude-fuer-mittelalterliche-und-fantasy-dorf\/\",\"name\":\"Medieval Home 28mm Ma\u00dfstab Geb\u00e4ude f\u00fcr mittelalterliche und Fantasy-Dorf. Stadt Tarok\",\"isPartOf\":{\"@id\":\"https:\/\/3dvikingsstore.com\/de\/#website\"},\"primaryImageOfPage\":{\"@id\":\"https:\/\/3dvikingsstore.com\/de\/shop\/mittelalterliches-haus-28mm-massstab-gebaeude-fuer-mittelalterliche-und-fantasy-dorf\/#primaryimage\"},\"image\":{\"@id\":\"https:\/\/3dvikingsstore.com\/de\/shop\/mittelalterliches-haus-28mm-massstab-gebaeude-fuer-mittelalterliche-und-fantasy-dorf\/#primaryimage\"},\"thumbnailUrl\":\"https:\/\/3dvikingsstore.com\/wp-content\/uploads\/2021\/03\/3d_printable_medieval_home_pic04.jpg\",\"datePublished\":\"2021-03-17T17:58:55+00:00\",\"dateModified\":\"2025-10-29T02:13:11+00:00\",\"description\":\"Dies ist das Mittelalterliche Haus aus der Serie. Sie k\u00f6nnen die T\u00fcren dieses mittelalterlichen Hauses \u00f6ffnen und schlie\u00dfen, um Ihre Tischplatte lebendiger zu gestalten. Alle Risse und jedes Detail werden individuell modelliert. Bei diesem Modell gibt es einige sich wiederholende Muster.\",\"breadcrumb\":{\"@id\":\"https:\/\/3dvikingsstore.com\/de\/shop\/mittelalterliches-haus-28mm-massstab-gebaeude-fuer-mittelalterliche-und-fantasy-dorf\/#breadcrumb\"},\"inLanguage\":\"de\",\"potentialAction\":[{\"@type\":\"ReadAction\",\"target\":[\"https:\/\/3dvikingsstore.com\/de\/shop\/mittelalterliches-haus-28mm-massstab-gebaeude-fuer-mittelalterliche-und-fantasy-dorf\/\"]}]},{\"@type\":\"ImageObject\",\"inLanguage\":\"de\",\"@id\":\"https:\/\/3dvikingsstore.com\/de\/shop\/mittelalterliches-haus-28mm-massstab-gebaeude-fuer-mittelalterliche-und-fantasy-dorf\/#primaryimage\",\"url\":\"https:\/\/3dvikingsstore.com\/wp-content\/uploads\/2021\/03\/3d_printable_medieval_home_pic04.jpg\",\"contentUrl\":\"https:\/\/3dvikingsstore.com\/wp-content\/uploads\/2021\/03\/3d_printable_medieval_home_pic04.jpg\",\"width\":800,\"height\":894},{\"@type\":\"BreadcrumbList\",\"@id\":\"https:\/\/3dvikingsstore.com\/de\/shop\/mittelalterliches-haus-28mm-massstab-gebaeude-fuer-mittelalterliche-und-fantasy-dorf\/#breadcrumb\",\"itemListElement\":[{\"@type\":\"ListItem\",\"position\":1,\"name\":\"Home\",\"item\":\"https:\/\/3dvikingsstore.com\/de\/\"},{\"@type\":\"ListItem\",\"position\":2,\"name\":\"Gesch\u00e4ft\",\"item\":\"https:\/\/3dvikingsstore.com\/shop\/\"},{\"@type\":\"ListItem\",\"position\":3,\"name\":\"Medieval Home 28mm Ma\u00dfstab Geb\u00e4ude f\u00fcr mittelalterliche und Fantasy-Dorf. Stadt Tarok\"}]},{\"@type\":\"WebSite\",\"@id\":\"https:\/\/3dvikingsstore.com\/de\/#website\",\"url\":\"https:\/\/3dvikingsstore.com\/de\/\",\"name\":\"3D Vikings Store\",\"description\":\"Scenery and Accessories for Tabletop and Board Games\",\"publisher\":{\"@id\":\"https:\/\/3dvikingsstore.com\/de\/#organization\"},\"potentialAction\":[{\"@type\":\"SearchAction\",\"target\":{\"@type\":\"EntryPoint\",\"urlTemplate\":\"https:\/\/3dvikingsstore.com\/de\/?s={search_term_string}\"},\"query-input\":\"required name=search_term_string\"}],\"inLanguage\":\"de\"},{\"@type\":\"Organization\",\"@id\":\"https:\/\/3dvikingsstore.com\/de\/#organization\",\"name\":\"3D Vikings Store\",\"url\":\"https:\/\/3dvikingsstore.com\/de\/\",\"logo\":{\"@type\":\"ImageObject\",\"inLanguage\":\"de\",\"@id\":\"https:\/\/3dvikingsstore.com\/de\/#\/schema\/logo\/image\/\",\"url\":\"https:\/\/3dvikingsstore.com\/wp-content\/uploads\/2020\/03\/3dvikings-logo-karge-white.jpg\",\"contentUrl\":\"https:\/\/3dvikingsstore.com\/wp-content\/uploads\/2020\/03\/3dvikings-logo-karge-white.jpg\",\"width\":800,\"height\":800,\"caption\":\"3D Vikings Store\"},\"image\":{\"@id\":\"https:\/\/3dvikingsstore.com\/de\/#\/schema\/logo\/image\/\"}}]}<\/script>\n<!-- \/ Yoast SEO Premium plugin. -->","yoast_head_json":{"title":"Medieval Home 28mm Ma\u00dfstab Geb\u00e4ude f\u00fcr mittelalterliche und Fantasy-Dorf. Stadt Tarok","description":"Dies ist das Mittelalterliche Haus aus der Serie. Sie k\u00f6nnen die T\u00fcren dieses mittelalterlichen Hauses \u00f6ffnen und schlie\u00dfen, um Ihre Tischplatte lebendiger zu gestalten. Alle Risse und jedes Detail werden individuell modelliert. Bei diesem Modell gibt es einige sich wiederholende Muster.","robots":{"index":"index","follow":"follow","max-snippet":"max-snippet:-1","max-image-preview":"max-image-preview:large","max-video-preview":"max-video-preview:-1"},"canonical":"https:\/\/3dvikingsstore.com\/de\/shop\/mittelalterliches-haus-28mm-massstab-gebaeude-fuer-mittelalterliche-und-fantasy-dorf\/","og_locale":"de_DE","og_type":"article","og_title":"Medieval Home 28mm Ma\u00dfstab Geb\u00e4ude f\u00fcr mittelalterliche und Fantasy-Dorf. Stadt Tarok","og_description":"Dies ist das Mittelalterliche Haus aus der Serie. Sie k\u00f6nnen die T\u00fcren dieses mittelalterlichen Hauses \u00f6ffnen und schlie\u00dfen, um Ihre Tischplatte lebendiger zu gestalten. Alle Risse und jedes Detail werden individuell modelliert. Bei diesem Modell gibt es einige sich wiederholende Muster.","og_url":"https:\/\/3dvikingsstore.com\/de\/shop\/mittelalterliches-haus-28mm-massstab-gebaeude-fuer-mittelalterliche-und-fantasy-dorf\/","og_site_name":"3D Vikings Store","article_modified_time":"2025-10-29T02:13:11+00:00","og_image":[{"width":800,"height":894,"url":"https:\/\/3dvikingsstore.com\/wp-content\/uploads\/2021\/03\/3d_printable_medieval_home_pic04.jpg","type":"image\/jpeg"}],"twitter_card":"summary_large_image","twitter_misc":{"Gesch\u00e4tzte Lesezeit":"2\u00a0Minuten"},"schema":{"@context":"https:\/\/schema.org","@graph":[{"@type":["WebPage","ItemPage"],"@id":"https:\/\/3dvikingsstore.com\/de\/shop\/mittelalterliches-haus-28mm-massstab-gebaeude-fuer-mittelalterliche-und-fantasy-dorf\/","url":"https:\/\/3dvikingsstore.com\/de\/shop\/mittelalterliches-haus-28mm-massstab-gebaeude-fuer-mittelalterliche-und-fantasy-dorf\/","name":"Medieval Home 28mm Ma\u00dfstab Geb\u00e4ude f\u00fcr mittelalterliche und Fantasy-Dorf. Stadt Tarok","isPartOf":{"@id":"https:\/\/3dvikingsstore.com\/de\/#website"},"primaryImageOfPage":{"@id":"https:\/\/3dvikingsstore.com\/de\/shop\/mittelalterliches-haus-28mm-massstab-gebaeude-fuer-mittelalterliche-und-fantasy-dorf\/#primaryimage"},"image":{"@id":"https:\/\/3dvikingsstore.com\/de\/shop\/mittelalterliches-haus-28mm-massstab-gebaeude-fuer-mittelalterliche-und-fantasy-dorf\/#primaryimage"},"thumbnailUrl":"https:\/\/3dvikingsstore.com\/wp-content\/uploads\/2021\/03\/3d_printable_medieval_home_pic04.jpg","datePublished":"2021-03-17T17:58:55+00:00","dateModified":"2025-10-29T02:13:11+00:00","description":"Dies ist das Mittelalterliche Haus aus der Serie. Sie k\u00f6nnen die T\u00fcren dieses mittelalterlichen Hauses \u00f6ffnen und schlie\u00dfen, um Ihre Tischplatte lebendiger zu gestalten. Alle Risse und jedes Detail werden individuell modelliert. Bei diesem Modell gibt es einige sich wiederholende Muster.","breadcrumb":{"@id":"https:\/\/3dvikingsstore.com\/de\/shop\/mittelalterliches-haus-28mm-massstab-gebaeude-fuer-mittelalterliche-und-fantasy-dorf\/#breadcrumb"},"inLanguage":"de","potentialAction":[{"@type":"ReadAction","target":["https:\/\/3dvikingsstore.com\/de\/shop\/mittelalterliches-haus-28mm-massstab-gebaeude-fuer-mittelalterliche-und-fantasy-dorf\/"]}]},{"@type":"ImageObject","inLanguage":"de","@id":"https:\/\/3dvikingsstore.com\/de\/shop\/mittelalterliches-haus-28mm-massstab-gebaeude-fuer-mittelalterliche-und-fantasy-dorf\/#primaryimage","url":"https:\/\/3dvikingsstore.com\/wp-content\/uploads\/2021\/03\/3d_printable_medieval_home_pic04.jpg","contentUrl":"https:\/\/3dvikingsstore.com\/wp-content\/uploads\/2021\/03\/3d_printable_medieval_home_pic04.jpg","width":800,"height":894},{"@type":"BreadcrumbList","@id":"https:\/\/3dvikingsstore.com\/de\/shop\/mittelalterliches-haus-28mm-massstab-gebaeude-fuer-mittelalterliche-und-fantasy-dorf\/#breadcrumb","itemListElement":[{"@type":"ListItem","position":1,"name":"Home","item":"https:\/\/3dvikingsstore.com\/de\/"},{"@type":"ListItem","position":2,"name":"Gesch\u00e4ft","item":"https:\/\/3dvikingsstore.com\/shop\/"},{"@type":"ListItem","position":3,"name":"Medieval Home 28mm Ma\u00dfstab Geb\u00e4ude f\u00fcr mittelalterliche und Fantasy-Dorf. Stadt Tarok"}]},{"@type":"WebSite","@id":"https:\/\/3dvikingsstore.com\/de\/#website","url":"https:\/\/3dvikingsstore.com\/de\/","name":"3D Vikings Store","description":"Scenery and Accessories for Tabletop and Board Games","publisher":{"@id":"https:\/\/3dvikingsstore.com\/de\/#organization"},"potentialAction":[{"@type":"SearchAction","target":{"@type":"EntryPoint","urlTemplate":"https:\/\/3dvikingsstore.com\/de\/?s={search_term_string}"},"query-input":"required name=search_term_string"}],"inLanguage":"de"},{"@type":"Organization","@id":"https:\/\/3dvikingsstore.com\/de\/#organization","name":"3D Vikings Store","url":"https:\/\/3dvikingsstore.com\/de\/","logo":{"@type":"ImageObject","inLanguage":"de","@id":"https:\/\/3dvikingsstore.com\/de\/#\/schema\/logo\/image\/","url":"https:\/\/3dvikingsstore.com\/wp-content\/uploads\/2020\/03\/3dvikings-logo-karge-white.jpg","contentUrl":"https:\/\/3dvikingsstore.com\/wp-content\/uploads\/2020\/03\/3dvikings-logo-karge-white.jpg","width":800,"height":800,"caption":"3D Vikings Store"},"image":{"@id":"https:\/\/3dvikingsstore.com\/de\/#\/schema\/logo\/image\/"}}]}},"_links":{"self":[{"href":"https:\/\/3dvikingsstore.com\/de\/wp-json\/wp\/v2\/product\/15921"}],"collection":[{"href":"https:\/\/3dvikingsstore.com\/de\/wp-json\/wp\/v2\/product"}],"about":[{"href":"https:\/\/3dvikingsstore.com\/de\/wp-json\/wp\/v2\/types\/product"}],"replies":[{"embeddable":true,"href":"https:\/\/3dvikingsstore.com\/de\/wp-json\/wp\/v2\/comments?post=15921"}],"version-history":[{"count":2,"href":"https:\/\/3dvikingsstore.com\/de\/wp-json\/wp\/v2\/product\/15921\/revisions"}],"predecessor-version":[{"id":18843,"href":"https:\/\/3dvikingsstore.com\/de\/wp-json\/wp\/v2\/product\/15921\/revisions\/18843"}],"wp:featuredmedia":[{"embeddable":true,"href":"https:\/\/3dvikingsstore.com\/de\/wp-json\/wp\/v2\/media\/15861"}],"wp:attachment":[{"href":"https:\/\/3dvikingsstore.com\/de\/wp-json\/wp\/v2\/media?parent=15921"}],"wp:term":[{"taxonomy":"product_cat","embeddable":true,"href":"https:\/\/3dvikingsstore.com\/de\/wp-json\/wp\/v2\/product_cat?post=15921"},{"taxonomy":"product_tag","embeddable":true,"href":"https:\/\/3dvikingsstore.com\/de\/wp-json\/wp\/v2\/product_tag?post=15921"}],"curies":[{"name":"wp","href":"https:\/\/api.w.org\/{rel}","templated":true}]}}