{"id":15918,"date":"2021-04-01T12:36:31","date_gmt":"2021-04-01T10:36:31","guid":{"rendered":"https:\/\/3dvikingsstore.com\/shop\/mittelalterlicher-wuerfelturm-fuer-alle-wuerfelgroessen\/"},"modified":"2025-10-29T05:31:47","modified_gmt":"2025-10-29T03:31:47","slug":"mittelalterlicher-wuerfelturm-fuer-alle-wuerfelgroessen","status":"publish","type":"product","link":"https:\/\/3dvikingsstore.com\/de\/shop\/mittelalterlicher-wuerfelturm-fuer-alle-wuerfelgroessen\/","title":{"rendered":"Mittelalterlicher W\u00fcrfelturm f\u00fcr alle W\u00fcrfelgr\u00f6\u00dfen"},"content":{"rendered":"<p>Bist du bereit, wie ein mittelalterlicher Herrscher zu w\u00fcrfeln? Dann brauchen Sie diesen erstaunlichen und robusten mittelalterlichen W\u00fcrfelturm, der fast 11 cm hoch ist und aus zwei leicht zusammensetzbaren Teilen besteht. Egal, welche W\u00fcrfelgr\u00f6\u00dfe du hast, von winzigen D4s bis zu riesigen D20s, dieser Turm wird sie mit Leichtigkeit verarbeiten. Lassen Sie Ihre W\u00fcrfel einfach darauf fallen und beobachten Sie, wie sie in die Arena fallen, wo Sie die Ergebnisse leicht sehen k\u00f6nnen.<\/p>\n<p>Dieser Turm ist unbemalt, so dass Sie ihn nach Ihren W\u00fcnschen gestalten k\u00f6nnen. Sie k\u00f6nnen es mit Ihren Lieblingsfarben bemalen. Es liegt an Ihnen, wie Sie diesen Turm zu Ihrem eigenen machen. Die W\u00fcrfel sind nicht im Lieferumfang enthalten, aber Sie k\u00f6nnen alle W\u00fcrfel, die Sie wollen, mit diesem Turm verwenden. Egal, ob Sie W\u00fcrfel aus Metall, Plastik, Holz oder sogar Knochen haben, dieser Turm ist f\u00fcr alle geeignet.<\/p>\n<p>Dies ist das perfekte Zubeh\u00f6r f\u00fcr deine Tabletop-Spiele, egal ob du Dungeons and Dragons, Warhammer oder etwas anderes spielst. Dieser Turm bringt Spa\u00df und Spannung in Ihre Spielsitzungen und macht Ihre W\u00fcrfelw\u00fcrfe fairer und zuf\u00e4lliger. Verpasse nicht die Chance, dir noch heute deinen eigenen mittelalterlichen W\u00fcrfelturm zu kaufen und deine Freunde mit deinen fantastischen W\u00fcrfelk\u00fcnsten zu beeindrucken!<\/p>\n<p>Wird unbemalt geliefert.<\/p>\n","protected":false},"excerpt":{"rendered":"<p>Bist du bereit, wie ein mittelalterlicher Herrscher zu w\u00fcrfeln? Dann brauchen Sie diesen erstaunlichen und robusten mittelalterlichen W\u00fcrfelturm, der fast 11 cm hoch ist und aus zwei leicht zusammensetzbaren Teilen besteht.<\/p>\n","protected":false},"featured_media":15816,"comment_status":"open","ping_status":"closed","template":"","meta":[],"product_cat":[2666],"product_tag":[],"yoast_head":"<!-- This site is optimized with the Yoast SEO Premium plugin v22.9 (Yoast SEO v22.9) - https:\/\/yoast.com\/wordpress\/plugins\/seo\/ -->\n<title>Mittelalterlicher W\u00fcrfelturm f\u00fcr alle W\u00fcrfelgr\u00f6\u00dfen<\/title>\n<meta name=\"description\" content=\"Hochwertiger und stabiler mittelalterlicher W\u00fcrfelturm, der fast 11cm (4.33&quot;) hoch ist und aus zwei Teilen besteht.\" \/>\n<meta name=\"robots\" content=\"index, follow, max-snippet:-1, max-image-preview:large, max-video-preview:-1\" \/>\n<link rel=\"canonical\" href=\"https:\/\/3dvikingsstore.com\/de\/shop\/mittelalterlicher-wuerfelturm-fuer-alle-wuerfelgroessen\/\" \/>\n<meta property=\"og:locale\" content=\"de_DE\" \/>\n<meta property=\"og:type\" content=\"article\" \/>\n<meta property=\"og:title\" content=\"Mittelalterlicher W\u00fcrfelturm f\u00fcr alle W\u00fcrfelgr\u00f6\u00dfen\" \/>\n<meta property=\"og:description\" content=\"Hochwertiger und stabiler mittelalterlicher W\u00fcrfelturm, der fast 11cm (4.33&quot;) hoch ist und aus zwei Teilen besteht.\" \/>\n<meta property=\"og:url\" content=\"https:\/\/3dvikingsstore.com\/de\/shop\/mittelalterlicher-wuerfelturm-fuer-alle-wuerfelgroessen\/\" \/>\n<meta property=\"og:site_name\" content=\"3D Vikings Store\" \/>\n<meta property=\"article:modified_time\" content=\"2025-10-29T03:31:47+00:00\" \/>\n<meta property=\"og:image\" content=\"https:\/\/3dvikingsstore.com\/wp-content\/uploads\/2021\/04\/il_1140xN.2881548574_amml.jpg\" \/>\n\t<meta property=\"og:image:width\" content=\"1140\" \/>\n\t<meta property=\"og:image:height\" content=\"855\" \/>\n\t<meta property=\"og:image:type\" content=\"image\/jpeg\" \/>\n<meta name=\"twitter:card\" content=\"summary_large_image\" \/>\n<meta name=\"twitter:label1\" content=\"Gesch\u00e4tzte Lesezeit\" \/>\n\t<meta name=\"twitter:data1\" content=\"2\u00a0Minuten\" \/>\n<script type=\"application\/ld+json\" class=\"yoast-schema-graph\">{\"@context\":\"https:\/\/schema.org\",\"@graph\":[{\"@type\":[\"WebPage\",\"ItemPage\"],\"@id\":\"https:\/\/3dvikingsstore.com\/de\/shop\/mittelalterlicher-wuerfelturm-fuer-alle-wuerfelgroessen\/\",\"url\":\"https:\/\/3dvikingsstore.com\/de\/shop\/mittelalterlicher-wuerfelturm-fuer-alle-wuerfelgroessen\/\",\"name\":\"Mittelalterlicher W\u00fcrfelturm f\u00fcr alle W\u00fcrfelgr\u00f6\u00dfen\",\"isPartOf\":{\"@id\":\"https:\/\/3dvikingsstore.com\/de\/#website\"},\"primaryImageOfPage\":{\"@id\":\"https:\/\/3dvikingsstore.com\/de\/shop\/mittelalterlicher-wuerfelturm-fuer-alle-wuerfelgroessen\/#primaryimage\"},\"image\":{\"@id\":\"https:\/\/3dvikingsstore.com\/de\/shop\/mittelalterlicher-wuerfelturm-fuer-alle-wuerfelgroessen\/#primaryimage\"},\"thumbnailUrl\":\"https:\/\/3dvikingsstore.com\/wp-content\/uploads\/2021\/04\/il_1140xN.2881548574_amml.jpg\",\"datePublished\":\"2021-04-01T10:36:31+00:00\",\"dateModified\":\"2025-10-29T03:31:47+00:00\",\"description\":\"Hochwertiger und stabiler mittelalterlicher W\u00fcrfelturm, der fast 11cm (4.33\\\") hoch ist und aus zwei Teilen besteht.\",\"breadcrumb\":{\"@id\":\"https:\/\/3dvikingsstore.com\/de\/shop\/mittelalterlicher-wuerfelturm-fuer-alle-wuerfelgroessen\/#breadcrumb\"},\"inLanguage\":\"de\",\"potentialAction\":[{\"@type\":\"ReadAction\",\"target\":[\"https:\/\/3dvikingsstore.com\/de\/shop\/mittelalterlicher-wuerfelturm-fuer-alle-wuerfelgroessen\/\"]}]},{\"@type\":\"ImageObject\",\"inLanguage\":\"de\",\"@id\":\"https:\/\/3dvikingsstore.com\/de\/shop\/mittelalterlicher-wuerfelturm-fuer-alle-wuerfelgroessen\/#primaryimage\",\"url\":\"https:\/\/3dvikingsstore.com\/wp-content\/uploads\/2021\/04\/il_1140xN.2881548574_amml.jpg\",\"contentUrl\":\"https:\/\/3dvikingsstore.com\/wp-content\/uploads\/2021\/04\/il_1140xN.2881548574_amml.jpg\",\"width\":1140,\"height\":855},{\"@type\":\"BreadcrumbList\",\"@id\":\"https:\/\/3dvikingsstore.com\/de\/shop\/mittelalterlicher-wuerfelturm-fuer-alle-wuerfelgroessen\/#breadcrumb\",\"itemListElement\":[{\"@type\":\"ListItem\",\"position\":1,\"name\":\"Home\",\"item\":\"https:\/\/3dvikingsstore.com\/de\/\"},{\"@type\":\"ListItem\",\"position\":2,\"name\":\"Gesch\u00e4ft\",\"item\":\"https:\/\/3dvikingsstore.com\/shop\/\"},{\"@type\":\"ListItem\",\"position\":3,\"name\":\"Mittelalterlicher W\u00fcrfelturm f\u00fcr alle W\u00fcrfelgr\u00f6\u00dfen\"}]},{\"@type\":\"WebSite\",\"@id\":\"https:\/\/3dvikingsstore.com\/de\/#website\",\"url\":\"https:\/\/3dvikingsstore.com\/de\/\",\"name\":\"3D Vikings Store\",\"description\":\"Scenery and Accessories for Tabletop and Board Games\",\"publisher\":{\"@id\":\"https:\/\/3dvikingsstore.com\/de\/#organization\"},\"potentialAction\":[{\"@type\":\"SearchAction\",\"target\":{\"@type\":\"EntryPoint\",\"urlTemplate\":\"https:\/\/3dvikingsstore.com\/de\/?s={search_term_string}\"},\"query-input\":\"required name=search_term_string\"}],\"inLanguage\":\"de\"},{\"@type\":\"Organization\",\"@id\":\"https:\/\/3dvikingsstore.com\/de\/#organization\",\"name\":\"3D Vikings Store\",\"url\":\"https:\/\/3dvikingsstore.com\/de\/\",\"logo\":{\"@type\":\"ImageObject\",\"inLanguage\":\"de\",\"@id\":\"https:\/\/3dvikingsstore.com\/de\/#\/schema\/logo\/image\/\",\"url\":\"https:\/\/3dvikingsstore.com\/wp-content\/uploads\/2020\/03\/3dvikings-logo-karge-white.jpg\",\"contentUrl\":\"https:\/\/3dvikingsstore.com\/wp-content\/uploads\/2020\/03\/3dvikings-logo-karge-white.jpg\",\"width\":800,\"height\":800,\"caption\":\"3D Vikings Store\"},\"image\":{\"@id\":\"https:\/\/3dvikingsstore.com\/de\/#\/schema\/logo\/image\/\"}}]}<\/script>\n<!-- \/ Yoast SEO Premium plugin. -->","yoast_head_json":{"title":"Mittelalterlicher W\u00fcrfelturm f\u00fcr alle W\u00fcrfelgr\u00f6\u00dfen","description":"Hochwertiger und stabiler mittelalterlicher W\u00fcrfelturm, der fast 11cm (4.33\") hoch ist und aus zwei Teilen besteht.","robots":{"index":"index","follow":"follow","max-snippet":"max-snippet:-1","max-image-preview":"max-image-preview:large","max-video-preview":"max-video-preview:-1"},"canonical":"https:\/\/3dvikingsstore.com\/de\/shop\/mittelalterlicher-wuerfelturm-fuer-alle-wuerfelgroessen\/","og_locale":"de_DE","og_type":"article","og_title":"Mittelalterlicher W\u00fcrfelturm f\u00fcr alle W\u00fcrfelgr\u00f6\u00dfen","og_description":"Hochwertiger und stabiler mittelalterlicher W\u00fcrfelturm, der fast 11cm (4.33\") hoch ist und aus zwei Teilen besteht.","og_url":"https:\/\/3dvikingsstore.com\/de\/shop\/mittelalterlicher-wuerfelturm-fuer-alle-wuerfelgroessen\/","og_site_name":"3D Vikings Store","article_modified_time":"2025-10-29T03:31:47+00:00","og_image":[{"width":1140,"height":855,"url":"https:\/\/3dvikingsstore.com\/wp-content\/uploads\/2021\/04\/il_1140xN.2881548574_amml.jpg","type":"image\/jpeg"}],"twitter_card":"summary_large_image","twitter_misc":{"Gesch\u00e4tzte Lesezeit":"2\u00a0Minuten"},"schema":{"@context":"https:\/\/schema.org","@graph":[{"@type":["WebPage","ItemPage"],"@id":"https:\/\/3dvikingsstore.com\/de\/shop\/mittelalterlicher-wuerfelturm-fuer-alle-wuerfelgroessen\/","url":"https:\/\/3dvikingsstore.com\/de\/shop\/mittelalterlicher-wuerfelturm-fuer-alle-wuerfelgroessen\/","name":"Mittelalterlicher W\u00fcrfelturm f\u00fcr alle W\u00fcrfelgr\u00f6\u00dfen","isPartOf":{"@id":"https:\/\/3dvikingsstore.com\/de\/#website"},"primaryImageOfPage":{"@id":"https:\/\/3dvikingsstore.com\/de\/shop\/mittelalterlicher-wuerfelturm-fuer-alle-wuerfelgroessen\/#primaryimage"},"image":{"@id":"https:\/\/3dvikingsstore.com\/de\/shop\/mittelalterlicher-wuerfelturm-fuer-alle-wuerfelgroessen\/#primaryimage"},"thumbnailUrl":"https:\/\/3dvikingsstore.com\/wp-content\/uploads\/2021\/04\/il_1140xN.2881548574_amml.jpg","datePublished":"2021-04-01T10:36:31+00:00","dateModified":"2025-10-29T03:31:47+00:00","description":"Hochwertiger und stabiler mittelalterlicher W\u00fcrfelturm, der fast 11cm (4.33\") hoch ist und aus zwei Teilen besteht.","breadcrumb":{"@id":"https:\/\/3dvikingsstore.com\/de\/shop\/mittelalterlicher-wuerfelturm-fuer-alle-wuerfelgroessen\/#breadcrumb"},"inLanguage":"de","potentialAction":[{"@type":"ReadAction","target":["https:\/\/3dvikingsstore.com\/de\/shop\/mittelalterlicher-wuerfelturm-fuer-alle-wuerfelgroessen\/"]}]},{"@type":"ImageObject","inLanguage":"de","@id":"https:\/\/3dvikingsstore.com\/de\/shop\/mittelalterlicher-wuerfelturm-fuer-alle-wuerfelgroessen\/#primaryimage","url":"https:\/\/3dvikingsstore.com\/wp-content\/uploads\/2021\/04\/il_1140xN.2881548574_amml.jpg","contentUrl":"https:\/\/3dvikingsstore.com\/wp-content\/uploads\/2021\/04\/il_1140xN.2881548574_amml.jpg","width":1140,"height":855},{"@type":"BreadcrumbList","@id":"https:\/\/3dvikingsstore.com\/de\/shop\/mittelalterlicher-wuerfelturm-fuer-alle-wuerfelgroessen\/#breadcrumb","itemListElement":[{"@type":"ListItem","position":1,"name":"Home","item":"https:\/\/3dvikingsstore.com\/de\/"},{"@type":"ListItem","position":2,"name":"Gesch\u00e4ft","item":"https:\/\/3dvikingsstore.com\/shop\/"},{"@type":"ListItem","position":3,"name":"Mittelalterlicher W\u00fcrfelturm f\u00fcr alle W\u00fcrfelgr\u00f6\u00dfen"}]},{"@type":"WebSite","@id":"https:\/\/3dvikingsstore.com\/de\/#website","url":"https:\/\/3dvikingsstore.com\/de\/","name":"3D Vikings Store","description":"Scenery and Accessories for Tabletop and Board Games","publisher":{"@id":"https:\/\/3dvikingsstore.com\/de\/#organization"},"potentialAction":[{"@type":"SearchAction","target":{"@type":"EntryPoint","urlTemplate":"https:\/\/3dvikingsstore.com\/de\/?s={search_term_string}"},"query-input":"required name=search_term_string"}],"inLanguage":"de"},{"@type":"Organization","@id":"https:\/\/3dvikingsstore.com\/de\/#organization","name":"3D Vikings Store","url":"https:\/\/3dvikingsstore.com\/de\/","logo":{"@type":"ImageObject","inLanguage":"de","@id":"https:\/\/3dvikingsstore.com\/de\/#\/schema\/logo\/image\/","url":"https:\/\/3dvikingsstore.com\/wp-content\/uploads\/2020\/03\/3dvikings-logo-karge-white.jpg","contentUrl":"https:\/\/3dvikingsstore.com\/wp-content\/uploads\/2020\/03\/3dvikings-logo-karge-white.jpg","width":800,"height":800,"caption":"3D Vikings Store"},"image":{"@id":"https:\/\/3dvikingsstore.com\/de\/#\/schema\/logo\/image\/"}}]}},"_links":{"self":[{"href":"https:\/\/3dvikingsstore.com\/de\/wp-json\/wp\/v2\/product\/15918"}],"collection":[{"href":"https:\/\/3dvikingsstore.com\/de\/wp-json\/wp\/v2\/product"}],"about":[{"href":"https:\/\/3dvikingsstore.com\/de\/wp-json\/wp\/v2\/types\/product"}],"replies":[{"embeddable":true,"href":"https:\/\/3dvikingsstore.com\/de\/wp-json\/wp\/v2\/comments?post=15918"}],"version-history":[{"count":1,"href":"https:\/\/3dvikingsstore.com\/de\/wp-json\/wp\/v2\/product\/15918\/revisions"}],"predecessor-version":[{"id":18162,"href":"https:\/\/3dvikingsstore.com\/de\/wp-json\/wp\/v2\/product\/15918\/revisions\/18162"}],"wp:featuredmedia":[{"embeddable":true,"href":"https:\/\/3dvikingsstore.com\/de\/wp-json\/wp\/v2\/media\/15816"}],"wp:attachment":[{"href":"https:\/\/3dvikingsstore.com\/de\/wp-json\/wp\/v2\/media?parent=15918"}],"wp:term":[{"taxonomy":"product_cat","embeddable":true,"href":"https:\/\/3dvikingsstore.com\/de\/wp-json\/wp\/v2\/product_cat?post=15918"},{"taxonomy":"product_tag","embeddable":true,"href":"https:\/\/3dvikingsstore.com\/de\/wp-json\/wp\/v2\/product_tag?post=15918"}],"curies":[{"name":"wp","href":"https:\/\/api.w.org\/{rel}","templated":true}]}}