{"id":15914,"date":"2024-01-23T22:16:02","date_gmt":"2024-01-23T20:16:02","guid":{"rendered":"https:\/\/3dvikingsstore.com\/shop\/deserts-kiss-schaedelwuerfelturm-fuer-tabletop-spiele\/"},"modified":"2024-01-28T16:18:53","modified_gmt":"2024-01-28T14:18:53","slug":"schaedel-wuerfelturm","status":"publish","type":"product","link":"https:\/\/3dvikingsstore.com\/de\/shop\/schaedel-wuerfelturm\/","title":{"rendered":"Sch\u00e4del W\u00fcrfelturm f\u00fcr Tabletop-Spiele"},"content":{"rendered":"\t\t<div data-elementor-type=\"wp-post\" data-elementor-id=\"15914\" class=\"elementor elementor-15914 elementor-12698\">\n\t\t\t\t\t\t\t\t\t<section class=\"elementor-section elementor-top-section elementor-element elementor-element-711307ca elementor-section-boxed elementor-section-height-default elementor-section-height-default\" data-id=\"711307ca\" data-element_type=\"section\">\n\t\t\t\t\t\t<div class=\"elementor-container elementor-column-gap-default\">\n\t\t\t\t\t<div class=\"elementor-column elementor-col-100 elementor-top-column elementor-element elementor-element-2029d467\" data-id=\"2029d467\" data-element_type=\"column\">\n\t\t\t<div class=\"elementor-widget-wrap elementor-element-populated\">\n\t\t\t\t\t\t\t\t<div class=\"elementor-element elementor-element-7af228e8 elementor-widget elementor-widget-text-editor\" data-id=\"7af228e8\" data-element_type=\"widget\" data-widget_type=\"text-editor.default\">\n\t\t\t\t<div class=\"elementor-widget-container\">\n\t\t\t\t\t\t\t<p>Einf\u00fchrung in die&nbsp;Der <strong>Sch\u00e4del W\u00fcrfelturm<\/strong> ist ein einzigartiges und lustiges Accessoire, das deine Tabletop-Spielsitzungen aufregender macht. Dieser W\u00fcrfelturm zeigt ein realistisches Sch\u00e4deldesign mit einer gruseligen Spinne, die auf seinem Kopf herumkrabbelt, was dem W\u00fcrfelturm einen zus\u00e4tzlichen Hauch von Horror und Geheimnis verleiht. Der Sch\u00e4del hat ein finsteres Grinsen und hohle Augen, die dich anzustarren scheinen, w\u00e4hrend du w\u00fcrfelst. Die Spinne, die auf dem Kopf des Sch\u00e4dels herumkrabbelt, ist ein tolles Detail, das diesen Turm von anderen abhebt.<\/p>\n<p>Es ist perfekt f\u00fcr jede Tabletop-Spielsitzung, egal ob du Dungeons and Dragons, Pathfinder, Warhammer 40k oder ein anderes RPG spielst. Das macht Ihre W\u00fcrfelw\u00fcrfe spannender und aufregender. Sie werden den Adrenalinsto\u00df sp\u00fcren, wenn Sie zusehen, wie Ihre W\u00fcrfel die Augen des Sch\u00e4dels hinunterpurzeln und auf dem Tablett landen. Werden Sie einen kritischen Treffer oder einen Fumble landen? Werden Sie Erfolg haben oder scheitern? Der Sch\u00e4del W\u00fcrfelturm bringt W\u00fcrze und Dramatik in dein Spielerlebnis.<\/p>\n<p>Dieser W\u00fcrfelturm mit Totenkopf ist aus hochwertigen Materialien gefertigt, die eine lange Lebensdauer garantieren. Es muss nicht zusammengebaut werden und l\u00e4sst sich daher bequem lagern und transportieren. Der Sch\u00e4del W\u00fcrfelturm ist au\u00dferdem mit den meisten W\u00fcrfelgr\u00f6\u00dfen kompatibel, d. h. du kannst ihn mit deinen Lieblingsw\u00fcrfels\u00e4tzen verwenden.<\/p>\n<p>Bestellen Sie noch heute und genie\u00dfen Sie den Nervenkitzel des W\u00fcstenkusses! Es ist ein gro\u00dfartiges Geschenk f\u00fcr dich selbst oder f\u00fcr jeden Tabletop-Spielbegeisterten. Es ist ein Muss f\u00fcr jeden Gamer, der gruselige und lustige Accessoires liebt. Sichern Sie sich jetzt, bevor sie weg sind!<\/p>\n<p>Zusammenfassend l\u00e4sst sich sagen, dass es ein gro\u00dfartiges Accessoire f\u00fcr alle Tabletop-Spielbegeisterten ist, die gruseliges und lustiges Zubeh\u00f6r lieben. Es ist ein Muss f\u00fcr jeden Gamer, der sein Spielerlebnis aufregender und dramatischer gestalten m\u00f6chte. Bestellen Sie noch heute und genie\u00dfen Sie den Nervenkitzel des W\u00fcstenkusses! Viel Spa\u00df beim Spielen!<\/p>\t\t\t\t\t\t<\/div>\n\t\t\t\t<\/div>\n\t\t\t\t\t<\/div>\n\t\t<\/div>\n\t\t\t\t\t\t\t<\/div>\n\t\t<\/section>\n\t\t\t\t\t\t\t<\/div>\n\t\t","protected":false},"excerpt":{"rendered":"<p>Der <strong>Sch\u00e4del W\u00fcrfelturm<\/strong>\u00a0ist ein einzigartiges und lustiges Accessoire, das deine Tabletop-Spielsitzungen aufregender macht.<\/p>\n<p>Der Sch\u00e4del hat ein finsteres Grinsen und hohle Augen, die dich anzustarren scheinen, w\u00e4hrend du w\u00fcrfelst. Die Spinne, die auf dem Kopf des Sch\u00e4dels herumkrabbelt, ist ein tolles Detail, das diesen Turm von anderen abhebt.<\/p>\n<p>Bestellen Sie noch heute und genie\u00dfen Sie den Nervenkitzel des W\u00fcstenkusses! Viel Spa\u00df beim Spielen!<\/p>\n","protected":false},"featured_media":74487,"comment_status":"open","ping_status":"closed","template":"","meta":[],"product_cat":[2666],"product_tag":[2668,2667],"yoast_head":"<!-- This site is optimized with the Yoast SEO Premium plugin v22.9 (Yoast SEO v22.9) - https:\/\/yoast.com\/wordpress\/plugins\/seo\/ -->\n<title>Sch\u00e4del W\u00fcrfelturm f\u00fcr Tabletop-Spiele<\/title>\n<meta name=\"description\" content=\"Dieser W\u00fcrfelturm zeigt ein realistisches Sch\u00e4deldesign mit einer gruseligen Spinne, die auf seinem Kopf herumkrabbelt. Bestellen Sie noch heute und genie\u00dfen Sie den Nervenkitzel des W\u00fcstenkusses!\" \/>\n<meta name=\"robots\" content=\"index, follow, max-snippet:-1, max-image-preview:large, max-video-preview:-1\" \/>\n<link rel=\"canonical\" href=\"https:\/\/3dvikingsstore.com\/de\/shop\/schaedel-wuerfelturm\/\" \/>\n<meta property=\"og:locale\" content=\"de_DE\" \/>\n<meta property=\"og:type\" content=\"article\" \/>\n<meta property=\"og:title\" content=\"Sch\u00e4del W\u00fcrfelturm f\u00fcr Tabletop-Spiele\" \/>\n<meta property=\"og:description\" content=\"Dieser W\u00fcrfelturm zeigt ein realistisches Sch\u00e4deldesign mit einer gruseligen Spinne, die auf seinem Kopf herumkrabbelt. Bestellen Sie noch heute und genie\u00dfen Sie den Nervenkitzel des W\u00fcstenkusses!\" \/>\n<meta property=\"og:url\" content=\"https:\/\/3dvikingsstore.com\/de\/shop\/schaedel-wuerfelturm\/\" \/>\n<meta property=\"og:site_name\" content=\"3D Vikings Store\" \/>\n<meta property=\"article:modified_time\" content=\"2024-01-28T14:18:53+00:00\" \/>\n<meta property=\"og:image\" content=\"https:\/\/3dvikingsstore.com\/wp-content\/uploads\/2024\/01\/71FgXNIMDeL._AC_SL1500_.jpg\" \/>\n\t<meta property=\"og:image:width\" content=\"1500\" \/>\n\t<meta property=\"og:image:height\" content=\"1125\" \/>\n\t<meta property=\"og:image:type\" content=\"image\/jpeg\" \/>\n<meta name=\"twitter:card\" content=\"summary_large_image\" \/>\n<meta name=\"twitter:label1\" content=\"Gesch\u00e4tzte Lesezeit\" \/>\n\t<meta name=\"twitter:data1\" content=\"2\u00a0Minuten\" \/>\n<script type=\"application\/ld+json\" class=\"yoast-schema-graph\">{\"@context\":\"https:\/\/schema.org\",\"@graph\":[{\"@type\":[\"WebPage\",\"ItemPage\"],\"@id\":\"https:\/\/3dvikingsstore.com\/de\/shop\/schaedel-wuerfelturm\/\",\"url\":\"https:\/\/3dvikingsstore.com\/de\/shop\/schaedel-wuerfelturm\/\",\"name\":\"Sch\u00e4del W\u00fcrfelturm f\u00fcr Tabletop-Spiele\",\"isPartOf\":{\"@id\":\"https:\/\/3dvikingsstore.com\/de\/#website\"},\"primaryImageOfPage\":{\"@id\":\"https:\/\/3dvikingsstore.com\/de\/shop\/schaedel-wuerfelturm\/#primaryimage\"},\"image\":{\"@id\":\"https:\/\/3dvikingsstore.com\/de\/shop\/schaedel-wuerfelturm\/#primaryimage\"},\"thumbnailUrl\":\"https:\/\/3dvikingsstore.com\/wp-content\/uploads\/2024\/01\/painted-skull-dt.png\",\"datePublished\":\"2024-01-23T20:16:02+00:00\",\"dateModified\":\"2024-01-28T14:18:53+00:00\",\"description\":\"Dieser W\u00fcrfelturm zeigt ein realistisches Sch\u00e4deldesign mit einer gruseligen Spinne, die auf seinem Kopf herumkrabbelt. Bestellen Sie noch heute und genie\u00dfen Sie den Nervenkitzel des W\u00fcstenkusses!\",\"breadcrumb\":{\"@id\":\"https:\/\/3dvikingsstore.com\/de\/shop\/schaedel-wuerfelturm\/#breadcrumb\"},\"inLanguage\":\"de\",\"potentialAction\":[{\"@type\":\"ReadAction\",\"target\":[\"https:\/\/3dvikingsstore.com\/de\/shop\/schaedel-wuerfelturm\/\"]}]},{\"@type\":\"ImageObject\",\"inLanguage\":\"de\",\"@id\":\"https:\/\/3dvikingsstore.com\/de\/shop\/schaedel-wuerfelturm\/#primaryimage\",\"url\":\"https:\/\/3dvikingsstore.com\/wp-content\/uploads\/2024\/01\/painted-skull-dt.png\",\"contentUrl\":\"https:\/\/3dvikingsstore.com\/wp-content\/uploads\/2024\/01\/painted-skull-dt.png\",\"width\":797,\"height\":1170},{\"@type\":\"BreadcrumbList\",\"@id\":\"https:\/\/3dvikingsstore.com\/de\/shop\/schaedel-wuerfelturm\/#breadcrumb\",\"itemListElement\":[{\"@type\":\"ListItem\",\"position\":1,\"name\":\"Home\",\"item\":\"https:\/\/3dvikingsstore.com\/de\/\"},{\"@type\":\"ListItem\",\"position\":2,\"name\":\"Gesch\u00e4ft\",\"item\":\"https:\/\/3dvikingsstore.com\/shop\/\"},{\"@type\":\"ListItem\",\"position\":3,\"name\":\"Sch\u00e4del W\u00fcrfelturm f\u00fcr Tabletop-Spiele\"}]},{\"@type\":\"WebSite\",\"@id\":\"https:\/\/3dvikingsstore.com\/de\/#website\",\"url\":\"https:\/\/3dvikingsstore.com\/de\/\",\"name\":\"3D Vikings Store\",\"description\":\"Scenery and Accessories for Tabletop and Board Games\",\"publisher\":{\"@id\":\"https:\/\/3dvikingsstore.com\/de\/#organization\"},\"potentialAction\":[{\"@type\":\"SearchAction\",\"target\":{\"@type\":\"EntryPoint\",\"urlTemplate\":\"https:\/\/3dvikingsstore.com\/de\/?s={search_term_string}\"},\"query-input\":\"required name=search_term_string\"}],\"inLanguage\":\"de\"},{\"@type\":\"Organization\",\"@id\":\"https:\/\/3dvikingsstore.com\/de\/#organization\",\"name\":\"3D Vikings Store\",\"url\":\"https:\/\/3dvikingsstore.com\/de\/\",\"logo\":{\"@type\":\"ImageObject\",\"inLanguage\":\"de\",\"@id\":\"https:\/\/3dvikingsstore.com\/de\/#\/schema\/logo\/image\/\",\"url\":\"https:\/\/3dvikingsstore.com\/wp-content\/uploads\/2020\/03\/3dvikings-logo-karge-white.jpg\",\"contentUrl\":\"https:\/\/3dvikingsstore.com\/wp-content\/uploads\/2020\/03\/3dvikings-logo-karge-white.jpg\",\"width\":800,\"height\":800,\"caption\":\"3D Vikings Store\"},\"image\":{\"@id\":\"https:\/\/3dvikingsstore.com\/de\/#\/schema\/logo\/image\/\"}}]}<\/script>\n<!-- \/ Yoast SEO Premium plugin. -->","yoast_head_json":{"title":"Sch\u00e4del W\u00fcrfelturm f\u00fcr Tabletop-Spiele","description":"Dieser W\u00fcrfelturm zeigt ein realistisches Sch\u00e4deldesign mit einer gruseligen Spinne, die auf seinem Kopf herumkrabbelt. Bestellen Sie noch heute und genie\u00dfen Sie den Nervenkitzel des W\u00fcstenkusses!","robots":{"index":"index","follow":"follow","max-snippet":"max-snippet:-1","max-image-preview":"max-image-preview:large","max-video-preview":"max-video-preview:-1"},"canonical":"https:\/\/3dvikingsstore.com\/de\/shop\/schaedel-wuerfelturm\/","og_locale":"de_DE","og_type":"article","og_title":"Sch\u00e4del W\u00fcrfelturm f\u00fcr Tabletop-Spiele","og_description":"Dieser W\u00fcrfelturm zeigt ein realistisches Sch\u00e4deldesign mit einer gruseligen Spinne, die auf seinem Kopf herumkrabbelt. Bestellen Sie noch heute und genie\u00dfen Sie den Nervenkitzel des W\u00fcstenkusses!","og_url":"https:\/\/3dvikingsstore.com\/de\/shop\/schaedel-wuerfelturm\/","og_site_name":"3D Vikings Store","article_modified_time":"2024-01-28T14:18:53+00:00","og_image":[{"width":1500,"height":1125,"url":"https:\/\/3dvikingsstore.com\/wp-content\/uploads\/2024\/01\/71FgXNIMDeL._AC_SL1500_.jpg","type":"image\/jpeg"}],"twitter_card":"summary_large_image","twitter_misc":{"Gesch\u00e4tzte Lesezeit":"2\u00a0Minuten"},"schema":{"@context":"https:\/\/schema.org","@graph":[{"@type":["WebPage","ItemPage"],"@id":"https:\/\/3dvikingsstore.com\/de\/shop\/schaedel-wuerfelturm\/","url":"https:\/\/3dvikingsstore.com\/de\/shop\/schaedel-wuerfelturm\/","name":"Sch\u00e4del W\u00fcrfelturm f\u00fcr Tabletop-Spiele","isPartOf":{"@id":"https:\/\/3dvikingsstore.com\/de\/#website"},"primaryImageOfPage":{"@id":"https:\/\/3dvikingsstore.com\/de\/shop\/schaedel-wuerfelturm\/#primaryimage"},"image":{"@id":"https:\/\/3dvikingsstore.com\/de\/shop\/schaedel-wuerfelturm\/#primaryimage"},"thumbnailUrl":"https:\/\/3dvikingsstore.com\/wp-content\/uploads\/2024\/01\/painted-skull-dt.png","datePublished":"2024-01-23T20:16:02+00:00","dateModified":"2024-01-28T14:18:53+00:00","description":"Dieser W\u00fcrfelturm zeigt ein realistisches Sch\u00e4deldesign mit einer gruseligen Spinne, die auf seinem Kopf herumkrabbelt. Bestellen Sie noch heute und genie\u00dfen Sie den Nervenkitzel des W\u00fcstenkusses!","breadcrumb":{"@id":"https:\/\/3dvikingsstore.com\/de\/shop\/schaedel-wuerfelturm\/#breadcrumb"},"inLanguage":"de","potentialAction":[{"@type":"ReadAction","target":["https:\/\/3dvikingsstore.com\/de\/shop\/schaedel-wuerfelturm\/"]}]},{"@type":"ImageObject","inLanguage":"de","@id":"https:\/\/3dvikingsstore.com\/de\/shop\/schaedel-wuerfelturm\/#primaryimage","url":"https:\/\/3dvikingsstore.com\/wp-content\/uploads\/2024\/01\/painted-skull-dt.png","contentUrl":"https:\/\/3dvikingsstore.com\/wp-content\/uploads\/2024\/01\/painted-skull-dt.png","width":797,"height":1170},{"@type":"BreadcrumbList","@id":"https:\/\/3dvikingsstore.com\/de\/shop\/schaedel-wuerfelturm\/#breadcrumb","itemListElement":[{"@type":"ListItem","position":1,"name":"Home","item":"https:\/\/3dvikingsstore.com\/de\/"},{"@type":"ListItem","position":2,"name":"Gesch\u00e4ft","item":"https:\/\/3dvikingsstore.com\/shop\/"},{"@type":"ListItem","position":3,"name":"Sch\u00e4del W\u00fcrfelturm f\u00fcr Tabletop-Spiele"}]},{"@type":"WebSite","@id":"https:\/\/3dvikingsstore.com\/de\/#website","url":"https:\/\/3dvikingsstore.com\/de\/","name":"3D Vikings Store","description":"Scenery and Accessories for Tabletop and Board Games","publisher":{"@id":"https:\/\/3dvikingsstore.com\/de\/#organization"},"potentialAction":[{"@type":"SearchAction","target":{"@type":"EntryPoint","urlTemplate":"https:\/\/3dvikingsstore.com\/de\/?s={search_term_string}"},"query-input":"required name=search_term_string"}],"inLanguage":"de"},{"@type":"Organization","@id":"https:\/\/3dvikingsstore.com\/de\/#organization","name":"3D Vikings Store","url":"https:\/\/3dvikingsstore.com\/de\/","logo":{"@type":"ImageObject","inLanguage":"de","@id":"https:\/\/3dvikingsstore.com\/de\/#\/schema\/logo\/image\/","url":"https:\/\/3dvikingsstore.com\/wp-content\/uploads\/2020\/03\/3dvikings-logo-karge-white.jpg","contentUrl":"https:\/\/3dvikingsstore.com\/wp-content\/uploads\/2020\/03\/3dvikings-logo-karge-white.jpg","width":800,"height":800,"caption":"3D Vikings Store"},"image":{"@id":"https:\/\/3dvikingsstore.com\/de\/#\/schema\/logo\/image\/"}}]}},"_links":{"self":[{"href":"https:\/\/3dvikingsstore.com\/de\/wp-json\/wp\/v2\/product\/15914"}],"collection":[{"href":"https:\/\/3dvikingsstore.com\/de\/wp-json\/wp\/v2\/product"}],"about":[{"href":"https:\/\/3dvikingsstore.com\/de\/wp-json\/wp\/v2\/types\/product"}],"replies":[{"embeddable":true,"href":"https:\/\/3dvikingsstore.com\/de\/wp-json\/wp\/v2\/comments?post=15914"}],"version-history":[{"count":0,"href":"https:\/\/3dvikingsstore.com\/de\/wp-json\/wp\/v2\/product\/15914\/revisions"}],"wp:featuredmedia":[{"embeddable":true,"href":"https:\/\/3dvikingsstore.com\/de\/wp-json\/wp\/v2\/media\/74487"}],"wp:attachment":[{"href":"https:\/\/3dvikingsstore.com\/de\/wp-json\/wp\/v2\/media?parent=15914"}],"wp:term":[{"taxonomy":"product_cat","embeddable":true,"href":"https:\/\/3dvikingsstore.com\/de\/wp-json\/wp\/v2\/product_cat?post=15914"},{"taxonomy":"product_tag","embeddable":true,"href":"https:\/\/3dvikingsstore.com\/de\/wp-json\/wp\/v2\/product_tag?post=15914"}],"curies":[{"name":"wp","href":"https:\/\/api.w.org\/{rel}","templated":true}]}}