{"id":15913,"date":"2024-01-24T14:47:19","date_gmt":"2024-01-24T12:47:19","guid":{"rendered":"https:\/\/3dvikingsstore.com\/shop\/der-mimik-wuerfelturm-lassen-sie-ihre-wuerfel-reibungslos-rollen\/"},"modified":"2024-02-20T15:13:24","modified_gmt":"2024-02-20T13:13:24","slug":"mimik-wuerfelturm","status":"publish","type":"product","link":"https:\/\/3dvikingsstore.com\/de\/shop\/mimik-wuerfelturm\/","title":{"rendered":"Der Mimik W\u00fcrfelturm: Lassen Sie Ihre W\u00fcrfel reibungslos rollen"},"content":{"rendered":"<p>Wir pr\u00e4sentieren den <strong>Mimik W\u00fcrfelturm<\/strong> &#8211; die perfekte Erg\u00e4nzung f\u00fcr Ihr Spielsystem! Dieser Turm soll daf\u00fcr sorgen, dass Ihre W\u00fcrfel reibungslos rollen und nicht \u00fcber den ganzen Tisch verstreut werden. Der Mimik W\u00fcrfelturm ist aus hochwertigen Materialien gefertigt und langlebig. Mit einer Gesamth\u00f6he von 18 cm und einem Gewicht von 400 Gramm ist er leicht zu transportieren und zu lagern.<\/p>\n<p>Der Mimik W\u00fcrfelturm ist ein Muss f\u00fcr jeden ernsthaften Gamer. Es ist so konzipiert, dass es mit W\u00fcrfels\u00e4tzen jeder Gr\u00f6\u00dfe funktioniert.<\/p>\n<p>Dieser Turm ist nicht nur funktional, sondern auch optisch ansprechend. Sein einzigartiges Design ist vom mimischen monster aus Dungeons and Dragons inspiriert. Der Mimik W\u00fcrfelturm ist ein toller Gespr\u00e4chsanlass und wird Ihre Freunde und Mitspieler sicher beeindrucken.<\/p>\n<p>Er muss nicht zusammengebaut werden und ist daher perfekt f\u00fcr die Reise geeignet. Au\u00dferdem ist er leicht zu reinigen und zu pflegen, so dass er viele Jahre lang halten wird.<\/p>\n<p>Zusammenfassend l\u00e4sst sich sagen, dass es sich um eine hochwertige, funktionale und optisch ansprechende Erg\u00e4nzung f\u00fcr jedes Gaming-Setup handelt. Sein einzigartiges Design wird Ihre Freunde und Mitspieler sicher beeindrucken, und seine Langlebigkeit sorgt daf\u00fcr, dass er viele Jahre lang h\u00e4lt. Bestellen Sie Ihre noch heute und bringen Sie Ihr Spielerlebnis auf die n\u00e4chste Stufe!<\/p>\n","protected":false},"excerpt":{"rendered":"<p>Wir pr\u00e4sentieren den <strong>Mimik W\u00fcrfelturm<\/strong> &#8211; die perfekte Erg\u00e4nzung f\u00fcr Ihr Spielsystem!<\/p>\n<p>Dieser Turm soll daf\u00fcr sorgen, dass Ihre W\u00fcrfel reibungslos rollen und nicht \u00fcber den ganzen Tisch verstreut werden. Der Mimik W\u00fcrfelturm ist aus hochwertigen Materialien gefertigt und langlebig. Mit einer Gesamth\u00f6he von 18 cm und einem Gewicht von 400 Gramm ist er leicht zu transportieren und zu lagern.<\/p>\n","protected":false},"featured_media":15893,"comment_status":"open","ping_status":"closed","template":"","meta":[],"product_cat":[2666],"product_tag":[2673,2668,2674,2667],"yoast_head":"<!-- This site is optimized with the Yoast SEO Premium plugin v22.9 (Yoast SEO v22.9) - https:\/\/yoast.com\/wordpress\/plugins\/seo\/ -->\n<title>Der Mimik W\u00fcrfelturm: Lassen Sie Ihre W\u00fcrfel reibungslos rollen<\/title>\n<meta name=\"description\" content=\"Mimik W\u00fcrfelturm - die perfekte Erg\u00e4nzung f\u00fcr dein Spielsystem! Entwickelt, um Ihre W\u00fcrfel reibungslos rollen zu lassen und zu verhindern, dass sie \u00fcberall auf dem Tisch verstreut werden\" \/>\n<meta name=\"robots\" content=\"index, follow, max-snippet:-1, max-image-preview:large, max-video-preview:-1\" \/>\n<link rel=\"canonical\" href=\"https:\/\/3dvikingsstore.com\/de\/shop\/mimik-wuerfelturm\/\" \/>\n<meta property=\"og:locale\" content=\"de_DE\" \/>\n<meta property=\"og:type\" content=\"article\" \/>\n<meta property=\"og:title\" content=\"Der Mimik W\u00fcrfelturm: Lassen Sie Ihre W\u00fcrfel reibungslos rollen\" \/>\n<meta property=\"og:description\" content=\"Mimik W\u00fcrfelturm - die perfekte Erg\u00e4nzung f\u00fcr dein Spielsystem! Entwickelt, um Ihre W\u00fcrfel reibungslos rollen zu lassen und zu verhindern, dass sie \u00fcberall auf dem Tisch verstreut werden\" \/>\n<meta property=\"og:url\" content=\"https:\/\/3dvikingsstore.com\/de\/shop\/mimik-wuerfelturm\/\" \/>\n<meta property=\"og:site_name\" content=\"3D Vikings Store\" \/>\n<meta property=\"article:modified_time\" content=\"2024-02-20T13:13:24+00:00\" \/>\n<meta property=\"og:image\" content=\"https:\/\/3dvikingsstore.com\/wp-content\/uploads\/2024\/01\/DSC_6004.jpg\" \/>\n\t<meta property=\"og:image:width\" content=\"1830\" \/>\n\t<meta property=\"og:image:height\" content=\"1830\" \/>\n\t<meta property=\"og:image:type\" content=\"image\/jpeg\" \/>\n<meta name=\"twitter:card\" content=\"summary_large_image\" \/>\n<meta name=\"twitter:label1\" content=\"Gesch\u00e4tzte Lesezeit\" \/>\n\t<meta name=\"twitter:data1\" content=\"2\u00a0Minuten\" \/>\n<script type=\"application\/ld+json\" class=\"yoast-schema-graph\">{\"@context\":\"https:\/\/schema.org\",\"@graph\":[{\"@type\":[\"WebPage\",\"ItemPage\"],\"@id\":\"https:\/\/3dvikingsstore.com\/de\/shop\/mimik-wuerfelturm\/\",\"url\":\"https:\/\/3dvikingsstore.com\/de\/shop\/mimik-wuerfelturm\/\",\"name\":\"Der Mimik W\u00fcrfelturm: Lassen Sie Ihre W\u00fcrfel reibungslos rollen\",\"isPartOf\":{\"@id\":\"https:\/\/3dvikingsstore.com\/de\/#website\"},\"primaryImageOfPage\":{\"@id\":\"https:\/\/3dvikingsstore.com\/de\/shop\/mimik-wuerfelturm\/#primaryimage\"},\"image\":{\"@id\":\"https:\/\/3dvikingsstore.com\/de\/shop\/mimik-wuerfelturm\/#primaryimage\"},\"thumbnailUrl\":\"https:\/\/3dvikingsstore.com\/wp-content\/uploads\/2024\/01\/DSC_6004.jpg\",\"datePublished\":\"2024-01-24T12:47:19+00:00\",\"dateModified\":\"2024-02-20T13:13:24+00:00\",\"description\":\"Mimik W\u00fcrfelturm - die perfekte Erg\u00e4nzung f\u00fcr dein Spielsystem! Entwickelt, um Ihre W\u00fcrfel reibungslos rollen zu lassen und zu verhindern, dass sie \u00fcberall auf dem Tisch verstreut werden\",\"breadcrumb\":{\"@id\":\"https:\/\/3dvikingsstore.com\/de\/shop\/mimik-wuerfelturm\/#breadcrumb\"},\"inLanguage\":\"de\",\"potentialAction\":[{\"@type\":\"ReadAction\",\"target\":[\"https:\/\/3dvikingsstore.com\/de\/shop\/mimik-wuerfelturm\/\"]}]},{\"@type\":\"ImageObject\",\"inLanguage\":\"de\",\"@id\":\"https:\/\/3dvikingsstore.com\/de\/shop\/mimik-wuerfelturm\/#primaryimage\",\"url\":\"https:\/\/3dvikingsstore.com\/wp-content\/uploads\/2024\/01\/DSC_6004.jpg\",\"contentUrl\":\"https:\/\/3dvikingsstore.com\/wp-content\/uploads\/2024\/01\/DSC_6004.jpg\",\"width\":1830,\"height\":1830},{\"@type\":\"BreadcrumbList\",\"@id\":\"https:\/\/3dvikingsstore.com\/de\/shop\/mimik-wuerfelturm\/#breadcrumb\",\"itemListElement\":[{\"@type\":\"ListItem\",\"position\":1,\"name\":\"Home\",\"item\":\"https:\/\/3dvikingsstore.com\/de\/\"},{\"@type\":\"ListItem\",\"position\":2,\"name\":\"Gesch\u00e4ft\",\"item\":\"https:\/\/3dvikingsstore.com\/shop\/\"},{\"@type\":\"ListItem\",\"position\":3,\"name\":\"Der Mimik W\u00fcrfelturm: Lassen Sie Ihre W\u00fcrfel reibungslos rollen\"}]},{\"@type\":\"WebSite\",\"@id\":\"https:\/\/3dvikingsstore.com\/de\/#website\",\"url\":\"https:\/\/3dvikingsstore.com\/de\/\",\"name\":\"3D Vikings Store\",\"description\":\"Scenery and Accessories for Tabletop and Board Games\",\"publisher\":{\"@id\":\"https:\/\/3dvikingsstore.com\/de\/#organization\"},\"potentialAction\":[{\"@type\":\"SearchAction\",\"target\":{\"@type\":\"EntryPoint\",\"urlTemplate\":\"https:\/\/3dvikingsstore.com\/de\/?s={search_term_string}\"},\"query-input\":\"required name=search_term_string\"}],\"inLanguage\":\"de\"},{\"@type\":\"Organization\",\"@id\":\"https:\/\/3dvikingsstore.com\/de\/#organization\",\"name\":\"3D Vikings Store\",\"url\":\"https:\/\/3dvikingsstore.com\/de\/\",\"logo\":{\"@type\":\"ImageObject\",\"inLanguage\":\"de\",\"@id\":\"https:\/\/3dvikingsstore.com\/de\/#\/schema\/logo\/image\/\",\"url\":\"https:\/\/3dvikingsstore.com\/wp-content\/uploads\/2020\/03\/3dvikings-logo-karge-white.jpg\",\"contentUrl\":\"https:\/\/3dvikingsstore.com\/wp-content\/uploads\/2020\/03\/3dvikings-logo-karge-white.jpg\",\"width\":800,\"height\":800,\"caption\":\"3D Vikings Store\"},\"image\":{\"@id\":\"https:\/\/3dvikingsstore.com\/de\/#\/schema\/logo\/image\/\"}}]}<\/script>\n<!-- \/ Yoast SEO Premium plugin. -->","yoast_head_json":{"title":"Der Mimik W\u00fcrfelturm: Lassen Sie Ihre W\u00fcrfel reibungslos rollen","description":"Mimik W\u00fcrfelturm - die perfekte Erg\u00e4nzung f\u00fcr dein Spielsystem! Entwickelt, um Ihre W\u00fcrfel reibungslos rollen zu lassen und zu verhindern, dass sie \u00fcberall auf dem Tisch verstreut werden","robots":{"index":"index","follow":"follow","max-snippet":"max-snippet:-1","max-image-preview":"max-image-preview:large","max-video-preview":"max-video-preview:-1"},"canonical":"https:\/\/3dvikingsstore.com\/de\/shop\/mimik-wuerfelturm\/","og_locale":"de_DE","og_type":"article","og_title":"Der Mimik W\u00fcrfelturm: Lassen Sie Ihre W\u00fcrfel reibungslos rollen","og_description":"Mimik W\u00fcrfelturm - die perfekte Erg\u00e4nzung f\u00fcr dein Spielsystem! Entwickelt, um Ihre W\u00fcrfel reibungslos rollen zu lassen und zu verhindern, dass sie \u00fcberall auf dem Tisch verstreut werden","og_url":"https:\/\/3dvikingsstore.com\/de\/shop\/mimik-wuerfelturm\/","og_site_name":"3D Vikings Store","article_modified_time":"2024-02-20T13:13:24+00:00","og_image":[{"width":1830,"height":1830,"url":"https:\/\/3dvikingsstore.com\/wp-content\/uploads\/2024\/01\/DSC_6004.jpg","type":"image\/jpeg"}],"twitter_card":"summary_large_image","twitter_misc":{"Gesch\u00e4tzte Lesezeit":"2\u00a0Minuten"},"schema":{"@context":"https:\/\/schema.org","@graph":[{"@type":["WebPage","ItemPage"],"@id":"https:\/\/3dvikingsstore.com\/de\/shop\/mimik-wuerfelturm\/","url":"https:\/\/3dvikingsstore.com\/de\/shop\/mimik-wuerfelturm\/","name":"Der Mimik W\u00fcrfelturm: Lassen Sie Ihre W\u00fcrfel reibungslos rollen","isPartOf":{"@id":"https:\/\/3dvikingsstore.com\/de\/#website"},"primaryImageOfPage":{"@id":"https:\/\/3dvikingsstore.com\/de\/shop\/mimik-wuerfelturm\/#primaryimage"},"image":{"@id":"https:\/\/3dvikingsstore.com\/de\/shop\/mimik-wuerfelturm\/#primaryimage"},"thumbnailUrl":"https:\/\/3dvikingsstore.com\/wp-content\/uploads\/2024\/01\/DSC_6004.jpg","datePublished":"2024-01-24T12:47:19+00:00","dateModified":"2024-02-20T13:13:24+00:00","description":"Mimik W\u00fcrfelturm - die perfekte Erg\u00e4nzung f\u00fcr dein Spielsystem! Entwickelt, um Ihre W\u00fcrfel reibungslos rollen zu lassen und zu verhindern, dass sie \u00fcberall auf dem Tisch verstreut werden","breadcrumb":{"@id":"https:\/\/3dvikingsstore.com\/de\/shop\/mimik-wuerfelturm\/#breadcrumb"},"inLanguage":"de","potentialAction":[{"@type":"ReadAction","target":["https:\/\/3dvikingsstore.com\/de\/shop\/mimik-wuerfelturm\/"]}]},{"@type":"ImageObject","inLanguage":"de","@id":"https:\/\/3dvikingsstore.com\/de\/shop\/mimik-wuerfelturm\/#primaryimage","url":"https:\/\/3dvikingsstore.com\/wp-content\/uploads\/2024\/01\/DSC_6004.jpg","contentUrl":"https:\/\/3dvikingsstore.com\/wp-content\/uploads\/2024\/01\/DSC_6004.jpg","width":1830,"height":1830},{"@type":"BreadcrumbList","@id":"https:\/\/3dvikingsstore.com\/de\/shop\/mimik-wuerfelturm\/#breadcrumb","itemListElement":[{"@type":"ListItem","position":1,"name":"Home","item":"https:\/\/3dvikingsstore.com\/de\/"},{"@type":"ListItem","position":2,"name":"Gesch\u00e4ft","item":"https:\/\/3dvikingsstore.com\/shop\/"},{"@type":"ListItem","position":3,"name":"Der Mimik W\u00fcrfelturm: Lassen Sie Ihre W\u00fcrfel reibungslos rollen"}]},{"@type":"WebSite","@id":"https:\/\/3dvikingsstore.com\/de\/#website","url":"https:\/\/3dvikingsstore.com\/de\/","name":"3D Vikings Store","description":"Scenery and Accessories for Tabletop and Board Games","publisher":{"@id":"https:\/\/3dvikingsstore.com\/de\/#organization"},"potentialAction":[{"@type":"SearchAction","target":{"@type":"EntryPoint","urlTemplate":"https:\/\/3dvikingsstore.com\/de\/?s={search_term_string}"},"query-input":"required name=search_term_string"}],"inLanguage":"de"},{"@type":"Organization","@id":"https:\/\/3dvikingsstore.com\/de\/#organization","name":"3D Vikings Store","url":"https:\/\/3dvikingsstore.com\/de\/","logo":{"@type":"ImageObject","inLanguage":"de","@id":"https:\/\/3dvikingsstore.com\/de\/#\/schema\/logo\/image\/","url":"https:\/\/3dvikingsstore.com\/wp-content\/uploads\/2020\/03\/3dvikings-logo-karge-white.jpg","contentUrl":"https:\/\/3dvikingsstore.com\/wp-content\/uploads\/2020\/03\/3dvikings-logo-karge-white.jpg","width":800,"height":800,"caption":"3D Vikings Store"},"image":{"@id":"https:\/\/3dvikingsstore.com\/de\/#\/schema\/logo\/image\/"}}]}},"_links":{"self":[{"href":"https:\/\/3dvikingsstore.com\/de\/wp-json\/wp\/v2\/product\/15913"}],"collection":[{"href":"https:\/\/3dvikingsstore.com\/de\/wp-json\/wp\/v2\/product"}],"about":[{"href":"https:\/\/3dvikingsstore.com\/de\/wp-json\/wp\/v2\/types\/product"}],"replies":[{"embeddable":true,"href":"https:\/\/3dvikingsstore.com\/de\/wp-json\/wp\/v2\/comments?post=15913"}],"version-history":[{"count":1,"href":"https:\/\/3dvikingsstore.com\/de\/wp-json\/wp\/v2\/product\/15913\/revisions"}],"predecessor-version":[{"id":17959,"href":"https:\/\/3dvikingsstore.com\/de\/wp-json\/wp\/v2\/product\/15913\/revisions\/17959"}],"wp:featuredmedia":[{"embeddable":true,"href":"https:\/\/3dvikingsstore.com\/de\/wp-json\/wp\/v2\/media\/15893"}],"wp:attachment":[{"href":"https:\/\/3dvikingsstore.com\/de\/wp-json\/wp\/v2\/media?parent=15913"}],"wp:term":[{"taxonomy":"product_cat","embeddable":true,"href":"https:\/\/3dvikingsstore.com\/de\/wp-json\/wp\/v2\/product_cat?post=15913"},{"taxonomy":"product_tag","embeddable":true,"href":"https:\/\/3dvikingsstore.com\/de\/wp-json\/wp\/v2\/product_tag?post=15913"}],"curies":[{"name":"wp","href":"https:\/\/api.w.org\/{rel}","templated":true}]}}