{"id":15902,"date":"2024-01-24T15:05:19","date_gmt":"2024-01-24T13:05:19","guid":{"rendered":"https:\/\/3dvikingsstore.com\/shop\/versenkter-piratenschiff-wuerfelturm-beeindrucke-deine-mitspieler\/"},"modified":"2024-01-28T16:18:09","modified_gmt":"2024-01-28T14:18:09","slug":"piratenschiff-wuerfelturm","status":"publish","type":"product","link":"https:\/\/3dvikingsstore.com\/de\/shop\/piratenschiff-wuerfelturm\/","title":{"rendered":"Versenkter Piratenschiff-W\u00fcrfelturm &#8211; Beeindrucke deine Mitspieler"},"content":{"rendered":"<p>Versunkener Piratenschiff-W\u00fcrfelturm &#8211; ein einzigartiger W\u00fcrfelturm, der Ihre Freunde und Mitspieler sicher beeindrucken wird. Dieser W\u00fcrfelturm ist so gestaltet, als w\u00e4re er ein Piratenschiff, das auseinandergebrochen und auf den Meeresgrund gesunken ist. Er soll daf\u00fcr sorgen, dass die W\u00fcrfel reibungslos rollen und nicht \u00fcber den ganzen Tisch verstreut werden.<\/p>\n<p>Der Sunk Pirate Ship Dice Tower ist aus hochwertigen Materialien gefertigt und langlebig. Mit einer Gesamth\u00f6he von 20 cm und einem Gewicht von 250 Gramm ist er leicht zu transportieren und zu lagern. Er ist f\u00fcr die Verwendung von W\u00fcrfels\u00e4tzen typischer Gr\u00f6\u00dfe ausgelegt.<\/p>\n<p>Dieser W\u00fcrfelturm ist nicht nur funktional, sondern auch optisch ansprechend. Sein einzigartiges Design ist von den gesunkenen Piratenschiffen aus dem goldenen Zeitalter der Piraterie inspiriert. Der Sunk Pirate Ship Dice Tower ist ein toller Gespr\u00e4chsanlass und wird Ihre Freunde und Mitspieler sicher beeindrucken.<\/p>\n<p>Der W\u00fcrfelturm Sunk Pirate Ship l\u00e4sst sich leicht auf- und abbauen und ist somit perfekt f\u00fcr unterwegs. Au\u00dferdem ist er leicht zu reinigen und zu pflegen, so dass er viele Jahre lang halten wird.<\/p>\n<p>Zusammenfassend l\u00e4sst sich sagen, dass der Sunk Pirate Ship Dice Tower eine qualitativ hochwertige, funktionale und optisch ansprechende Erg\u00e4nzung f\u00fcr jede Spielanlage ist. Sein einzigartiges Design wird Ihre Freunde und Mitspieler sicher beeindrucken, und seine Langlebigkeit sorgt daf\u00fcr, dass er viele Jahre lang h\u00e4lt. Bestellen Sie Ihre noch heute und bringen Sie Ihr Spielerlebnis auf die n\u00e4chste Stufe!<\/p>\n","protected":false},"excerpt":{"rendered":"<p>Versunkener Piratenschiff-W\u00fcrfelturm &#8211; ein einzigartiger W\u00fcrfelturm, der Ihre Freunde und Mitspieler sicher beeindrucken wird. Dieser W\u00fcrfelturm ist so gestaltet, als w\u00e4re er ein Piratenschiff, das auseinandergebrochen und auf den Meeresgrund gesunken ist. Er soll daf\u00fcr sorgen, dass die W\u00fcrfel reibungslos rollen und nicht \u00fcber den ganzen Tisch verstreut werden.<\/p>\n","protected":false},"featured_media":15898,"comment_status":"open","ping_status":"closed","template":"","meta":[],"product_cat":[2666],"product_tag":[2668,2667,2669],"yoast_head":"<!-- This site is optimized with the Yoast SEO Premium plugin v22.9 (Yoast SEO v22.9) - https:\/\/yoast.com\/wordpress\/plugins\/seo\/ -->\n<title>Versenkter Piratenschiff-W\u00fcrfelturm - Beeindrucke deine Mitspieler<\/title>\n<meta name=\"description\" content=\"Piratenschiff-W\u00fcrfelturm - ein einzigartiger W\u00fcrfelturm. Es ist so modelliert, als w\u00e4re es ein Piratenschiff, das auseinandergebrochen und auf den Meeresgrund gesunken ist.\" \/>\n<meta name=\"robots\" content=\"index, follow, max-snippet:-1, max-image-preview:large, max-video-preview:-1\" \/>\n<link rel=\"canonical\" href=\"https:\/\/3dvikingsstore.com\/de\/shop\/piratenschiff-wuerfelturm\/\" \/>\n<meta property=\"og:locale\" content=\"de_DE\" \/>\n<meta property=\"og:type\" content=\"article\" \/>\n<meta property=\"og:title\" content=\"Versenkter Piratenschiff-W\u00fcrfelturm - Beeindrucke deine Mitspieler\" \/>\n<meta property=\"og:description\" content=\"Piratenschiff-W\u00fcrfelturm - ein einzigartiger W\u00fcrfelturm. Es ist so modelliert, als w\u00e4re es ein Piratenschiff, das auseinandergebrochen und auf den Meeresgrund gesunken ist.\" \/>\n<meta property=\"og:url\" content=\"https:\/\/3dvikingsstore.com\/de\/shop\/piratenschiff-wuerfelturm\/\" \/>\n<meta property=\"og:site_name\" content=\"3D Vikings Store\" \/>\n<meta property=\"article:modified_time\" content=\"2024-01-28T14:18:09+00:00\" \/>\n<meta property=\"og:image\" content=\"https:\/\/3dvikingsstore.com\/wp-content\/uploads\/2024\/01\/DSC_6198-scaled.jpg\" \/>\n\t<meta property=\"og:image:width\" content=\"2560\" \/>\n\t<meta property=\"og:image:height\" content=\"2537\" \/>\n\t<meta property=\"og:image:type\" content=\"image\/jpeg\" \/>\n<meta name=\"twitter:card\" content=\"summary_large_image\" \/>\n<meta name=\"twitter:label1\" content=\"Gesch\u00e4tzte Lesezeit\" \/>\n\t<meta name=\"twitter:data1\" content=\"2\u00a0Minuten\" \/>\n<script type=\"application\/ld+json\" class=\"yoast-schema-graph\">{\"@context\":\"https:\/\/schema.org\",\"@graph\":[{\"@type\":[\"WebPage\",\"ItemPage\"],\"@id\":\"https:\/\/3dvikingsstore.com\/de\/shop\/piratenschiff-wuerfelturm\/\",\"url\":\"https:\/\/3dvikingsstore.com\/de\/shop\/piratenschiff-wuerfelturm\/\",\"name\":\"Versenkter Piratenschiff-W\u00fcrfelturm - Beeindrucke deine Mitspieler\",\"isPartOf\":{\"@id\":\"https:\/\/3dvikingsstore.com\/de\/#website\"},\"primaryImageOfPage\":{\"@id\":\"https:\/\/3dvikingsstore.com\/de\/shop\/piratenschiff-wuerfelturm\/#primaryimage\"},\"image\":{\"@id\":\"https:\/\/3dvikingsstore.com\/de\/shop\/piratenschiff-wuerfelturm\/#primaryimage\"},\"thumbnailUrl\":\"https:\/\/3dvikingsstore.com\/wp-content\/uploads\/2024\/01\/DSC_6198-scaled.jpg\",\"datePublished\":\"2024-01-24T13:05:19+00:00\",\"dateModified\":\"2024-01-28T14:18:09+00:00\",\"description\":\"Piratenschiff-W\u00fcrfelturm - ein einzigartiger W\u00fcrfelturm. Es ist so modelliert, als w\u00e4re es ein Piratenschiff, das auseinandergebrochen und auf den Meeresgrund gesunken ist.\",\"breadcrumb\":{\"@id\":\"https:\/\/3dvikingsstore.com\/de\/shop\/piratenschiff-wuerfelturm\/#breadcrumb\"},\"inLanguage\":\"de\",\"potentialAction\":[{\"@type\":\"ReadAction\",\"target\":[\"https:\/\/3dvikingsstore.com\/de\/shop\/piratenschiff-wuerfelturm\/\"]}]},{\"@type\":\"ImageObject\",\"inLanguage\":\"de\",\"@id\":\"https:\/\/3dvikingsstore.com\/de\/shop\/piratenschiff-wuerfelturm\/#primaryimage\",\"url\":\"https:\/\/3dvikingsstore.com\/wp-content\/uploads\/2024\/01\/DSC_6198-scaled.jpg\",\"contentUrl\":\"https:\/\/3dvikingsstore.com\/wp-content\/uploads\/2024\/01\/DSC_6198-scaled.jpg\",\"width\":2560,\"height\":2537},{\"@type\":\"BreadcrumbList\",\"@id\":\"https:\/\/3dvikingsstore.com\/de\/shop\/piratenschiff-wuerfelturm\/#breadcrumb\",\"itemListElement\":[{\"@type\":\"ListItem\",\"position\":1,\"name\":\"Home\",\"item\":\"https:\/\/3dvikingsstore.com\/de\/\"},{\"@type\":\"ListItem\",\"position\":2,\"name\":\"Gesch\u00e4ft\",\"item\":\"https:\/\/3dvikingsstore.com\/shop\/\"},{\"@type\":\"ListItem\",\"position\":3,\"name\":\"Versenkter Piratenschiff-W\u00fcrfelturm &#8211; Beeindrucke deine Mitspieler\"}]},{\"@type\":\"WebSite\",\"@id\":\"https:\/\/3dvikingsstore.com\/de\/#website\",\"url\":\"https:\/\/3dvikingsstore.com\/de\/\",\"name\":\"3D Vikings Store\",\"description\":\"Scenery and Accessories for Tabletop and Board Games\",\"publisher\":{\"@id\":\"https:\/\/3dvikingsstore.com\/de\/#organization\"},\"potentialAction\":[{\"@type\":\"SearchAction\",\"target\":{\"@type\":\"EntryPoint\",\"urlTemplate\":\"https:\/\/3dvikingsstore.com\/de\/?s={search_term_string}\"},\"query-input\":\"required name=search_term_string\"}],\"inLanguage\":\"de\"},{\"@type\":\"Organization\",\"@id\":\"https:\/\/3dvikingsstore.com\/de\/#organization\",\"name\":\"3D Vikings Store\",\"url\":\"https:\/\/3dvikingsstore.com\/de\/\",\"logo\":{\"@type\":\"ImageObject\",\"inLanguage\":\"de\",\"@id\":\"https:\/\/3dvikingsstore.com\/de\/#\/schema\/logo\/image\/\",\"url\":\"https:\/\/3dvikingsstore.com\/wp-content\/uploads\/2020\/03\/3dvikings-logo-karge-white.jpg\",\"contentUrl\":\"https:\/\/3dvikingsstore.com\/wp-content\/uploads\/2020\/03\/3dvikings-logo-karge-white.jpg\",\"width\":800,\"height\":800,\"caption\":\"3D Vikings Store\"},\"image\":{\"@id\":\"https:\/\/3dvikingsstore.com\/de\/#\/schema\/logo\/image\/\"}}]}<\/script>\n<!-- \/ Yoast SEO Premium plugin. -->","yoast_head_json":{"title":"Versenkter Piratenschiff-W\u00fcrfelturm - Beeindrucke deine Mitspieler","description":"Piratenschiff-W\u00fcrfelturm - ein einzigartiger W\u00fcrfelturm. Es ist so modelliert, als w\u00e4re es ein Piratenschiff, das auseinandergebrochen und auf den Meeresgrund gesunken ist.","robots":{"index":"index","follow":"follow","max-snippet":"max-snippet:-1","max-image-preview":"max-image-preview:large","max-video-preview":"max-video-preview:-1"},"canonical":"https:\/\/3dvikingsstore.com\/de\/shop\/piratenschiff-wuerfelturm\/","og_locale":"de_DE","og_type":"article","og_title":"Versenkter Piratenschiff-W\u00fcrfelturm - Beeindrucke deine Mitspieler","og_description":"Piratenschiff-W\u00fcrfelturm - ein einzigartiger W\u00fcrfelturm. Es ist so modelliert, als w\u00e4re es ein Piratenschiff, das auseinandergebrochen und auf den Meeresgrund gesunken ist.","og_url":"https:\/\/3dvikingsstore.com\/de\/shop\/piratenschiff-wuerfelturm\/","og_site_name":"3D Vikings Store","article_modified_time":"2024-01-28T14:18:09+00:00","og_image":[{"width":2560,"height":2537,"url":"https:\/\/3dvikingsstore.com\/wp-content\/uploads\/2024\/01\/DSC_6198-scaled.jpg","type":"image\/jpeg"}],"twitter_card":"summary_large_image","twitter_misc":{"Gesch\u00e4tzte Lesezeit":"2\u00a0Minuten"},"schema":{"@context":"https:\/\/schema.org","@graph":[{"@type":["WebPage","ItemPage"],"@id":"https:\/\/3dvikingsstore.com\/de\/shop\/piratenschiff-wuerfelturm\/","url":"https:\/\/3dvikingsstore.com\/de\/shop\/piratenschiff-wuerfelturm\/","name":"Versenkter Piratenschiff-W\u00fcrfelturm - Beeindrucke deine Mitspieler","isPartOf":{"@id":"https:\/\/3dvikingsstore.com\/de\/#website"},"primaryImageOfPage":{"@id":"https:\/\/3dvikingsstore.com\/de\/shop\/piratenschiff-wuerfelturm\/#primaryimage"},"image":{"@id":"https:\/\/3dvikingsstore.com\/de\/shop\/piratenschiff-wuerfelturm\/#primaryimage"},"thumbnailUrl":"https:\/\/3dvikingsstore.com\/wp-content\/uploads\/2024\/01\/DSC_6198-scaled.jpg","datePublished":"2024-01-24T13:05:19+00:00","dateModified":"2024-01-28T14:18:09+00:00","description":"Piratenschiff-W\u00fcrfelturm - ein einzigartiger W\u00fcrfelturm. Es ist so modelliert, als w\u00e4re es ein Piratenschiff, das auseinandergebrochen und auf den Meeresgrund gesunken ist.","breadcrumb":{"@id":"https:\/\/3dvikingsstore.com\/de\/shop\/piratenschiff-wuerfelturm\/#breadcrumb"},"inLanguage":"de","potentialAction":[{"@type":"ReadAction","target":["https:\/\/3dvikingsstore.com\/de\/shop\/piratenschiff-wuerfelturm\/"]}]},{"@type":"ImageObject","inLanguage":"de","@id":"https:\/\/3dvikingsstore.com\/de\/shop\/piratenschiff-wuerfelturm\/#primaryimage","url":"https:\/\/3dvikingsstore.com\/wp-content\/uploads\/2024\/01\/DSC_6198-scaled.jpg","contentUrl":"https:\/\/3dvikingsstore.com\/wp-content\/uploads\/2024\/01\/DSC_6198-scaled.jpg","width":2560,"height":2537},{"@type":"BreadcrumbList","@id":"https:\/\/3dvikingsstore.com\/de\/shop\/piratenschiff-wuerfelturm\/#breadcrumb","itemListElement":[{"@type":"ListItem","position":1,"name":"Home","item":"https:\/\/3dvikingsstore.com\/de\/"},{"@type":"ListItem","position":2,"name":"Gesch\u00e4ft","item":"https:\/\/3dvikingsstore.com\/shop\/"},{"@type":"ListItem","position":3,"name":"Versenkter Piratenschiff-W\u00fcrfelturm &#8211; Beeindrucke deine Mitspieler"}]},{"@type":"WebSite","@id":"https:\/\/3dvikingsstore.com\/de\/#website","url":"https:\/\/3dvikingsstore.com\/de\/","name":"3D Vikings Store","description":"Scenery and Accessories for Tabletop and Board Games","publisher":{"@id":"https:\/\/3dvikingsstore.com\/de\/#organization"},"potentialAction":[{"@type":"SearchAction","target":{"@type":"EntryPoint","urlTemplate":"https:\/\/3dvikingsstore.com\/de\/?s={search_term_string}"},"query-input":"required name=search_term_string"}],"inLanguage":"de"},{"@type":"Organization","@id":"https:\/\/3dvikingsstore.com\/de\/#organization","name":"3D Vikings Store","url":"https:\/\/3dvikingsstore.com\/de\/","logo":{"@type":"ImageObject","inLanguage":"de","@id":"https:\/\/3dvikingsstore.com\/de\/#\/schema\/logo\/image\/","url":"https:\/\/3dvikingsstore.com\/wp-content\/uploads\/2020\/03\/3dvikings-logo-karge-white.jpg","contentUrl":"https:\/\/3dvikingsstore.com\/wp-content\/uploads\/2020\/03\/3dvikings-logo-karge-white.jpg","width":800,"height":800,"caption":"3D Vikings Store"},"image":{"@id":"https:\/\/3dvikingsstore.com\/de\/#\/schema\/logo\/image\/"}}]}},"_links":{"self":[{"href":"https:\/\/3dvikingsstore.com\/de\/wp-json\/wp\/v2\/product\/15902"}],"collection":[{"href":"https:\/\/3dvikingsstore.com\/de\/wp-json\/wp\/v2\/product"}],"about":[{"href":"https:\/\/3dvikingsstore.com\/de\/wp-json\/wp\/v2\/types\/product"}],"replies":[{"embeddable":true,"href":"https:\/\/3dvikingsstore.com\/de\/wp-json\/wp\/v2\/comments?post=15902"}],"version-history":[{"count":0,"href":"https:\/\/3dvikingsstore.com\/de\/wp-json\/wp\/v2\/product\/15902\/revisions"}],"wp:featuredmedia":[{"embeddable":true,"href":"https:\/\/3dvikingsstore.com\/de\/wp-json\/wp\/v2\/media\/15898"}],"wp:attachment":[{"href":"https:\/\/3dvikingsstore.com\/de\/wp-json\/wp\/v2\/media?parent=15902"}],"wp:term":[{"taxonomy":"product_cat","embeddable":true,"href":"https:\/\/3dvikingsstore.com\/de\/wp-json\/wp\/v2\/product_cat?post=15902"},{"taxonomy":"product_tag","embeddable":true,"href":"https:\/\/3dvikingsstore.com\/de\/wp-json\/wp\/v2\/product_tag?post=15902"}],"curies":[{"name":"wp","href":"https:\/\/api.w.org\/{rel}","templated":true}]}}