{"id":17681,"date":"2020-03-11T16:17:48","date_gmt":"2020-03-11T14:17:48","guid":{"rendered":"https:\/\/3dvikingsstore.com\/versand-und-rueckgabe\/"},"modified":"2024-02-12T17:39:17","modified_gmt":"2024-02-12T15:39:17","slug":"versand-und-rueckgabe","status":"publish","type":"page","link":"https:\/\/3dvikingsstore.com\/de\/versand-und-rueckgabe\/","title":{"rendered":"Versand und R\u00fcckgabe"},"content":{"rendered":"\t\t<div data-elementor-type=\"wp-page\" data-elementor-id=\"17681\" class=\"elementor elementor-17681 elementor-7570\">\n\t\t\t\t\t\t\t\t\t<section class=\"elementor-section elementor-top-section elementor-element elementor-element-9ddab80 elementor-section-stretched elementor-section-boxed elementor-section-height-default elementor-section-height-default\" data-id=\"9ddab80\" data-element_type=\"section\" data-settings=\"{&quot;stretch_section&quot;:&quot;section-stretched&quot;,&quot;background_background&quot;:&quot;classic&quot;}\">\n\t\t\t\t\t\t<div class=\"elementor-container elementor-column-gap-default\">\n\t\t\t\t\t<div class=\"elementor-column elementor-col-100 elementor-top-column elementor-element elementor-element-9895947\" data-id=\"9895947\" data-element_type=\"column\">\n\t\t\t<div class=\"elementor-widget-wrap elementor-element-populated\">\n\t\t\t\t\t\t\t\t<div class=\"elementor-element elementor-element-deb789b elementor-widget elementor-widget-heading\" data-id=\"deb789b\" data-element_type=\"widget\" data-widget_type=\"heading.default\">\n\t\t\t\t<div class=\"elementor-widget-container\">\n\t\t\t<h3 class=\"elementor-heading-title elementor-size-default\">Versand weltweit<\/h3>\t\t<\/div>\n\t\t\t\t<\/div>\n\t\t\t\t<div class=\"elementor-element elementor-element-6211204 elementor-widget elementor-widget-text-editor\" data-id=\"6211204\" data-element_type=\"widget\" data-widget_type=\"text-editor.default\">\n\t\t\t\t<div class=\"elementor-widget-container\">\n\t\t\t\t\t\t\t<p>Gesch\u00e4tzte Lieferzeiten:<\/p>\n<ul>\n<li><span style=\"color: var( --e-global-color-text ); font-family: var( --e-global-typography-text-font-family ), Sans-serif; font-weight: var( --e-global-typography-text-font-weight );\">Europa: <strong>Lieferung am n\u00e4chsten Tag m\u00f6glich (Bestellung vor 11:00 GMT)<\/strong><\/span><\/li>\n<li>Nordamerika: 5-10 Tage<\/li>\n<li>Australien, Neuseeland und Ozeanien: 5-10 Arbeitstage<\/li>\n<\/ul>\n<div style=\"display: none;\"> <\/div>\n\t\t\t\t\t\t<\/div>\n\t\t\t\t<\/div>\n\t\t\t\t\t<\/div>\n\t\t<\/div>\n\t\t\t\t\t\t\t<\/div>\n\t\t<\/section>\n\t\t\t\t<section class=\"elementor-section elementor-top-section elementor-element elementor-element-b559ff7 elementor-section-stretched elementor-section-boxed elementor-section-height-default elementor-section-height-default\" data-id=\"b559ff7\" data-element_type=\"section\" data-settings=\"{&quot;stretch_section&quot;:&quot;section-stretched&quot;,&quot;background_background&quot;:&quot;classic&quot;}\">\n\t\t\t\t\t\t<div class=\"elementor-container elementor-column-gap-default\">\n\t\t\t\t\t<div class=\"elementor-column elementor-col-100 elementor-top-column elementor-element elementor-element-a463562\" data-id=\"a463562\" data-element_type=\"column\">\n\t\t\t<div class=\"elementor-widget-wrap elementor-element-populated\">\n\t\t\t\t\t\t\t\t<div class=\"elementor-element elementor-element-e51fbd9 elementor-widget elementor-widget-heading\" data-id=\"e51fbd9\" data-element_type=\"widget\" data-widget_type=\"heading.default\">\n\t\t\t\t<div class=\"elementor-widget-container\">\n\t\t\t<h3 class=\"elementor-heading-title elementor-size-default\">R\u00fccksendungen<\/h3>\t\t<\/div>\n\t\t\t\t<\/div>\n\t\t\t\t<div class=\"elementor-element elementor-element-eb09675 elementor-widget elementor-widget-text-editor\" data-id=\"eb09675\" data-element_type=\"widget\" data-widget_type=\"text-editor.default\">\n\t\t\t\t<div class=\"elementor-widget-container\">\n\t\t\t\t\t\t\t<p>Wir garantieren absolute Kundenzufriedenheit! Wenn Sie aus irgendeinem Grund mit einem bestellten Produkt unzufrieden sind, k\u00f6nnen Sie unbenutzte Ware innerhalb von 60 Tagen nach dem Kauf gegen volle R\u00fcckerstattung zur\u00fcckgeben &#8211; ohne Haken oder Ausnahmen! Das ist unsere Verpflichtung und Ihre Garantie.<\/p>\n<p>Sie erhalten den Gesamtbetrag der Produkte zuz\u00fcglich der entrichteten Mehrwertsteuer zur\u00fcck. Die Versandkosten werden nicht zur\u00fcckerstattet, es sei denn, das Produkt ist defekt oder es wurde eine falsche Ware versandt.<\/p>\n<p>Was auch immer der Grund ist, <a href=\"https:\/\/3dvikingsstore.com\/de\/kontaktinformationen\/\">kontaktieren Sie uns<\/a> bitte und wir werden Ihnen gerne einen Ersatz schicken oder den Kaufbetrag zur\u00fcckerstatten.<\/p>\n<div id=\"sel-ext-win\" class=\"sel-text-win\" style=\"display: none;\"> <\/div>\n\t\t\t\t\t\t<\/div>\n\t\t\t\t<\/div>\n\t\t\t\t\t<\/div>\n\t\t<\/div>\n\t\t\t\t\t\t\t<\/div>\n\t\t<\/section>\n\t\t\t\t<section class=\"elementor-section elementor-top-section elementor-element elementor-element-0e7be2a elementor-section-stretched elementor-section-boxed elementor-section-height-default elementor-section-height-default\" data-id=\"0e7be2a\" data-element_type=\"section\" data-settings=\"{&quot;stretch_section&quot;:&quot;section-stretched&quot;,&quot;background_background&quot;:&quot;classic&quot;}\">\n\t\t\t\t\t\t<div class=\"elementor-container elementor-column-gap-default\">\n\t\t\t\t\t<div class=\"elementor-column elementor-col-100 elementor-top-column elementor-element elementor-element-068950e\" data-id=\"068950e\" data-element_type=\"column\">\n\t\t\t<div class=\"elementor-widget-wrap elementor-element-populated\">\n\t\t\t\t\t\t\t\t<div class=\"elementor-element elementor-element-6fa108c elementor-widget elementor-widget-heading\" data-id=\"6fa108c\" data-element_type=\"widget\" data-widget_type=\"heading.default\">\n\t\t\t\t<div class=\"elementor-widget-container\">\n\t\t\t<h3 class=\"elementor-heading-title elementor-size-default\">Zollgeb\u00fchren<\/h3>\t\t<\/div>\n\t\t\t\t<\/div>\n\t\t\t\t<div class=\"elementor-element elementor-element-f26f553 elementor-widget elementor-widget-text-editor\" data-id=\"f26f553\" data-element_type=\"widget\" data-widget_type=\"text-editor.default\">\n\t\t\t\t<div class=\"elementor-widget-container\">\n\t\t\t\t\t\t\t<p>Je nach Land m\u00fcssen Sie m\u00f6glicherweise Zollgeb\u00fchren zahlen. Die Geb\u00fchren k\u00f6nnen je nach Bestellwert, L\u00e4ndergrenzen usw. variieren.<\/p>\n<p>Etwaige Geb\u00fchren werden an die zust\u00e4ndige Zollbeh\u00f6rde gezahlt.<\/p>\n<div id=\"sel-ext-win\" class=\"sel-text-win\" style=\"display: none;\"> <\/div>\n\t\t\t\t\t\t<\/div>\n\t\t\t\t<\/div>\n\t\t\t\t\t<\/div>\n\t\t<\/div>\n\t\t\t\t\t\t\t<\/div>\n\t\t<\/section>\n\t\t\t\t\t\t\t<\/div>\n\t\t","protected":false},"excerpt":{"rendered":"<p>Versand weltweit Gesch\u00e4tzte Lieferzeiten: Europa: Lieferung am n\u00e4chsten Tag m\u00f6glich (Bestellung vor 11:00 GMT) Nordamerika: 5-10 Tage Australien, Neuseeland und Ozeanien: 5-10 Arbeitstage R\u00fccksendungen Wir garantieren absolute Kundenzufriedenheit! Wenn Sie aus irgendeinem Grund mit einem bestellten Produkt unzufrieden sind, k\u00f6nnen Sie unbenutzte Ware innerhalb von 60 Tagen nach dem Kauf gegen volle R\u00fcckerstattung zur\u00fcckgeben &#8211;<br \/><a class=\"more-link\" href=\"https:\/\/3dvikingsstore.com\/de\/versand-und-rueckgabe\/\"><br \/>\n        Read More<span class=\"screen-reader-text\"> &#8222;Versand und R\u00fcckgabe&#8220;<\/span><\/a><\/p>\n","protected":false},"author":1,"featured_media":0,"parent":0,"menu_order":0,"comment_status":"closed","ping_status":"closed","template":"","meta":{"footnotes":""},"yoast_head":"<!-- This site is optimized with the Yoast SEO Premium plugin v22.9 (Yoast SEO v22.9) - https:\/\/yoast.com\/wordpress\/plugins\/seo\/ -->\n<title>Versand und R\u00fcckgabe - 3D Vikings Store<\/title>\n<meta name=\"robots\" content=\"index, follow, max-snippet:-1, max-image-preview:large, max-video-preview:-1\" \/>\n<link rel=\"canonical\" href=\"https:\/\/3dvikingsstore.com\/de\/versand-und-rueckgabe\/\" \/>\n<meta property=\"og:locale\" content=\"de_DE\" \/>\n<meta property=\"og:type\" content=\"article\" \/>\n<meta property=\"og:title\" content=\"Versand und R\u00fcckgabe\" \/>\n<meta property=\"og:description\" content=\"Versand weltweit Gesch\u00e4tzte Lieferzeiten: Europa: Lieferung am n\u00e4chsten Tag m\u00f6glich (Bestellung vor 11:00 GMT) Nordamerika: 5-10 Tage Australien, Neuseeland und Ozeanien: 5-10 Arbeitstage R\u00fccksendungen Wir garantieren absolute Kundenzufriedenheit! Wenn Sie aus irgendeinem Grund mit einem bestellten Produkt unzufrieden sind, k\u00f6nnen Sie unbenutzte Ware innerhalb von 60 Tagen nach dem Kauf gegen volle R\u00fcckerstattung zur\u00fcckgeben &#8211;     Read More &quot;Versand und R\u00fcckgabe&quot;\" \/>\n<meta property=\"og:url\" content=\"https:\/\/3dvikingsstore.com\/de\/versand-und-rueckgabe\/\" \/>\n<meta property=\"og:site_name\" content=\"3D Vikings Store\" \/>\n<meta property=\"article:modified_time\" content=\"2024-02-12T15:39:17+00:00\" \/>\n<meta name=\"twitter:card\" content=\"summary_large_image\" \/>\n<meta name=\"twitter:label1\" content=\"Gesch\u00e4tzte Lesezeit\" \/>\n\t<meta name=\"twitter:data1\" content=\"1\u00a0Minute\" \/>\n<script type=\"application\/ld+json\" class=\"yoast-schema-graph\">{\"@context\":\"https:\/\/schema.org\",\"@graph\":[{\"@type\":\"WebPage\",\"@id\":\"https:\/\/3dvikingsstore.com\/de\/versand-und-rueckgabe\/\",\"url\":\"https:\/\/3dvikingsstore.com\/de\/versand-und-rueckgabe\/\",\"name\":\"Versand und R\u00fcckgabe - 3D Vikings Store\",\"isPartOf\":{\"@id\":\"https:\/\/3dvikingsstore.com\/de\/#website\"},\"datePublished\":\"2020-03-11T14:17:48+00:00\",\"dateModified\":\"2024-02-12T15:39:17+00:00\",\"breadcrumb\":{\"@id\":\"https:\/\/3dvikingsstore.com\/de\/versand-und-rueckgabe\/#breadcrumb\"},\"inLanguage\":\"de\",\"potentialAction\":[{\"@type\":\"ReadAction\",\"target\":[\"https:\/\/3dvikingsstore.com\/de\/versand-und-rueckgabe\/\"]}]},{\"@type\":\"BreadcrumbList\",\"@id\":\"https:\/\/3dvikingsstore.com\/de\/versand-und-rueckgabe\/#breadcrumb\",\"itemListElement\":[{\"@type\":\"ListItem\",\"position\":1,\"name\":\"Home\",\"item\":\"https:\/\/3dvikingsstore.com\/de\/\"},{\"@type\":\"ListItem\",\"position\":2,\"name\":\"Versand und R\u00fcckgabe\"}]},{\"@type\":\"WebSite\",\"@id\":\"https:\/\/3dvikingsstore.com\/de\/#website\",\"url\":\"https:\/\/3dvikingsstore.com\/de\/\",\"name\":\"3D Vikings Store\",\"description\":\"Scenery and Accessories for Tabletop and Board Games\",\"publisher\":{\"@id\":\"https:\/\/3dvikingsstore.com\/de\/#organization\"},\"potentialAction\":[{\"@type\":\"SearchAction\",\"target\":{\"@type\":\"EntryPoint\",\"urlTemplate\":\"https:\/\/3dvikingsstore.com\/de\/?s={search_term_string}\"},\"query-input\":\"required name=search_term_string\"}],\"inLanguage\":\"de\"},{\"@type\":\"Organization\",\"@id\":\"https:\/\/3dvikingsstore.com\/de\/#organization\",\"name\":\"3D Vikings Store\",\"url\":\"https:\/\/3dvikingsstore.com\/de\/\",\"logo\":{\"@type\":\"ImageObject\",\"inLanguage\":\"de\",\"@id\":\"https:\/\/3dvikingsstore.com\/de\/#\/schema\/logo\/image\/\",\"url\":\"https:\/\/3dvikingsstore.com\/wp-content\/uploads\/2020\/03\/3dvikings-logo-karge-white.jpg\",\"contentUrl\":\"https:\/\/3dvikingsstore.com\/wp-content\/uploads\/2020\/03\/3dvikings-logo-karge-white.jpg\",\"width\":800,\"height\":800,\"caption\":\"3D Vikings Store\"},\"image\":{\"@id\":\"https:\/\/3dvikingsstore.com\/de\/#\/schema\/logo\/image\/\"}}]}<\/script>\n<!-- \/ Yoast SEO Premium plugin. -->","yoast_head_json":{"title":"Versand und R\u00fcckgabe - 3D Vikings Store","robots":{"index":"index","follow":"follow","max-snippet":"max-snippet:-1","max-image-preview":"max-image-preview:large","max-video-preview":"max-video-preview:-1"},"canonical":"https:\/\/3dvikingsstore.com\/de\/versand-und-rueckgabe\/","og_locale":"de_DE","og_type":"article","og_title":"Versand und R\u00fcckgabe","og_description":"Versand weltweit Gesch\u00e4tzte Lieferzeiten: Europa: Lieferung am n\u00e4chsten Tag m\u00f6glich (Bestellung vor 11:00 GMT) Nordamerika: 5-10 Tage Australien, Neuseeland und Ozeanien: 5-10 Arbeitstage R\u00fccksendungen Wir garantieren absolute Kundenzufriedenheit! Wenn Sie aus irgendeinem Grund mit einem bestellten Produkt unzufrieden sind, k\u00f6nnen Sie unbenutzte Ware innerhalb von 60 Tagen nach dem Kauf gegen volle R\u00fcckerstattung zur\u00fcckgeben &#8211;     Read More \"Versand und R\u00fcckgabe\"","og_url":"https:\/\/3dvikingsstore.com\/de\/versand-und-rueckgabe\/","og_site_name":"3D Vikings Store","article_modified_time":"2024-02-12T15:39:17+00:00","twitter_card":"summary_large_image","twitter_misc":{"Gesch\u00e4tzte Lesezeit":"1\u00a0Minute"},"schema":{"@context":"https:\/\/schema.org","@graph":[{"@type":"WebPage","@id":"https:\/\/3dvikingsstore.com\/de\/versand-und-rueckgabe\/","url":"https:\/\/3dvikingsstore.com\/de\/versand-und-rueckgabe\/","name":"Versand und R\u00fcckgabe - 3D Vikings Store","isPartOf":{"@id":"https:\/\/3dvikingsstore.com\/de\/#website"},"datePublished":"2020-03-11T14:17:48+00:00","dateModified":"2024-02-12T15:39:17+00:00","breadcrumb":{"@id":"https:\/\/3dvikingsstore.com\/de\/versand-und-rueckgabe\/#breadcrumb"},"inLanguage":"de","potentialAction":[{"@type":"ReadAction","target":["https:\/\/3dvikingsstore.com\/de\/versand-und-rueckgabe\/"]}]},{"@type":"BreadcrumbList","@id":"https:\/\/3dvikingsstore.com\/de\/versand-und-rueckgabe\/#breadcrumb","itemListElement":[{"@type":"ListItem","position":1,"name":"Home","item":"https:\/\/3dvikingsstore.com\/de\/"},{"@type":"ListItem","position":2,"name":"Versand und R\u00fcckgabe"}]},{"@type":"WebSite","@id":"https:\/\/3dvikingsstore.com\/de\/#website","url":"https:\/\/3dvikingsstore.com\/de\/","name":"3D Vikings Store","description":"Scenery and Accessories for Tabletop and Board Games","publisher":{"@id":"https:\/\/3dvikingsstore.com\/de\/#organization"},"potentialAction":[{"@type":"SearchAction","target":{"@type":"EntryPoint","urlTemplate":"https:\/\/3dvikingsstore.com\/de\/?s={search_term_string}"},"query-input":"required name=search_term_string"}],"inLanguage":"de"},{"@type":"Organization","@id":"https:\/\/3dvikingsstore.com\/de\/#organization","name":"3D Vikings Store","url":"https:\/\/3dvikingsstore.com\/de\/","logo":{"@type":"ImageObject","inLanguage":"de","@id":"https:\/\/3dvikingsstore.com\/de\/#\/schema\/logo\/image\/","url":"https:\/\/3dvikingsstore.com\/wp-content\/uploads\/2020\/03\/3dvikings-logo-karge-white.jpg","contentUrl":"https:\/\/3dvikingsstore.com\/wp-content\/uploads\/2020\/03\/3dvikings-logo-karge-white.jpg","width":800,"height":800,"caption":"3D Vikings Store"},"image":{"@id":"https:\/\/3dvikingsstore.com\/de\/#\/schema\/logo\/image\/"}}]}},"_links":{"self":[{"href":"https:\/\/3dvikingsstore.com\/de\/wp-json\/wp\/v2\/pages\/17681"}],"collection":[{"href":"https:\/\/3dvikingsstore.com\/de\/wp-json\/wp\/v2\/pages"}],"about":[{"href":"https:\/\/3dvikingsstore.com\/de\/wp-json\/wp\/v2\/types\/page"}],"author":[{"embeddable":true,"href":"https:\/\/3dvikingsstore.com\/de\/wp-json\/wp\/v2\/users\/1"}],"replies":[{"embeddable":true,"href":"https:\/\/3dvikingsstore.com\/de\/wp-json\/wp\/v2\/comments?post=17681"}],"version-history":[{"count":1,"href":"https:\/\/3dvikingsstore.com\/de\/wp-json\/wp\/v2\/pages\/17681\/revisions"}],"predecessor-version":[{"id":17682,"href":"https:\/\/3dvikingsstore.com\/de\/wp-json\/wp\/v2\/pages\/17681\/revisions\/17682"}],"wp:attachment":[{"href":"https:\/\/3dvikingsstore.com\/de\/wp-json\/wp\/v2\/media?parent=17681"}],"curies":[{"name":"wp","href":"https:\/\/api.w.org\/{rel}","templated":true}]}}