{"id":17679,"date":"2020-03-06T01:27:46","date_gmt":"2020-03-05T23:27:46","guid":{"rendered":"https:\/\/3dvikingsstore.com\/zufriedenheitsgarantie\/"},"modified":"2024-02-12T17:35:08","modified_gmt":"2024-02-12T15:35:08","slug":"zufriedenheitsgarantie","status":"publish","type":"page","link":"https:\/\/3dvikingsstore.com\/de\/zufriedenheitsgarantie\/","title":{"rendered":"Zufriedenheitsgarantie"},"content":{"rendered":"\t\t<div data-elementor-type=\"wp-page\" data-elementor-id=\"17679\" class=\"elementor elementor-17679 elementor-7442\">\n\t\t\t\t\t\t\t\t\t<section class=\"elementor-section elementor-top-section elementor-element elementor-element-6a975a87 elementor-section-stretched elementor-section-boxed elementor-section-height-default elementor-section-height-default\" data-id=\"6a975a87\" data-element_type=\"section\" data-settings=\"{&quot;stretch_section&quot;:&quot;section-stretched&quot;,&quot;background_background&quot;:&quot;classic&quot;}\">\n\t\t\t\t\t\t<div class=\"elementor-container elementor-column-gap-default\">\n\t\t\t\t\t<div class=\"elementor-column elementor-col-100 elementor-top-column elementor-element elementor-element-5893ca48\" data-id=\"5893ca48\" data-element_type=\"column\">\n\t\t\t<div class=\"elementor-widget-wrap elementor-element-populated\">\n\t\t\t\t\t\t\t\t<div class=\"elementor-element elementor-element-6b3f407d elementor-widget elementor-widget-heading\" data-id=\"6b3f407d\" data-element_type=\"widget\" data-widget_type=\"heading.default\">\n\t\t\t\t<div class=\"elementor-widget-container\">\n\t\t\t<h3 class=\"elementor-heading-title elementor-size-default\">100% Zufriedenheitsgarantie<\/h3>\t\t<\/div>\n\t\t\t\t<\/div>\n\t\t\t\t<div class=\"elementor-element elementor-element-27834bb6 elementor-widget elementor-widget-text-editor\" data-id=\"27834bb6\" data-element_type=\"widget\" data-widget_type=\"text-editor.default\">\n\t\t\t\t<div class=\"elementor-widget-container\">\n\t\t\t\t\t\t\t<p>Wir garantieren absolute Kundenzufriedenheit! Wenn Sie aus irgendeinem Grund mit einem bestellten Produkt unzufrieden sind, k\u00f6nnen Sie unbenutzte Ware innerhalb von 60 Tagen nach dem Kauf gegen volle R\u00fcckerstattung zur\u00fcckgeben &#8211; ohne Haken oder Ausnahmen! Das ist unsere Verpflichtung und Ihre Garantie.<\/p>\n<p>Sie erhalten den Gesamtbetrag der Produkte zuz\u00fcglich der entrichteten Mehrwertsteuer zur\u00fcck. Die Versandkosten werden nicht zur\u00fcckerstattet, es sei denn, das Produkt ist defekt oder es wurde eine falsche Ware versandt.<\/p>\n<p>Was auch immer der Grund ist, <a href=\"https:\/\/3dvikingsstore.com\/de\/kontaktinformationen\/\">kontaktieren Sie uns<\/a> bitte und wir werden Ihnen gerne einen Ersatz schicken oder den Kaufbetrag zur\u00fcckerstatten.<\/p>\n<div id=\"sel-ext-win\" class=\"sel-text-win\" style=\"display: none;\"> <\/div>\n\t\t\t\t\t\t<\/div>\n\t\t\t\t<\/div>\n\t\t\t\t\t<\/div>\n\t\t<\/div>\n\t\t\t\t\t\t\t<\/div>\n\t\t<\/section>\n\t\t\t\t\t\t\t<\/div>\n\t\t","protected":false},"excerpt":{"rendered":"<p>100% Zufriedenheitsgarantie Wir garantieren absolute Kundenzufriedenheit! Wenn Sie aus irgendeinem Grund mit einem bestellten Produkt unzufrieden sind, k\u00f6nnen Sie unbenutzte Ware innerhalb von 60 Tagen nach dem Kauf gegen volle R\u00fcckerstattung zur\u00fcckgeben &#8211; ohne Haken oder Ausnahmen! Das ist unsere Verpflichtung und Ihre Garantie. Sie erhalten den Gesamtbetrag der Produkte zuz\u00fcglich der entrichteten Mehrwertsteuer zur\u00fcck.<br \/><a class=\"more-link\" href=\"https:\/\/3dvikingsstore.com\/de\/zufriedenheitsgarantie\/\"><br \/>\n        Read More<span class=\"screen-reader-text\"> &#8222;Zufriedenheitsgarantie&#8220;<\/span><\/a><\/p>\n","protected":false},"author":1,"featured_media":0,"parent":0,"menu_order":0,"comment_status":"closed","ping_status":"closed","template":"","meta":{"footnotes":""},"yoast_head":"<!-- This site is optimized with the Yoast SEO Premium plugin v22.9 (Yoast SEO v22.9) - https:\/\/yoast.com\/wordpress\/plugins\/seo\/ -->\n<title>Zufriedenheitsgarantie - 3D Vikings Store<\/title>\n<meta name=\"robots\" content=\"index, follow, max-snippet:-1, max-image-preview:large, max-video-preview:-1\" \/>\n<link rel=\"canonical\" href=\"https:\/\/3dvikingsstore.com\/de\/zufriedenheitsgarantie\/\" \/>\n<meta property=\"og:locale\" content=\"de_DE\" \/>\n<meta property=\"og:type\" content=\"article\" \/>\n<meta property=\"og:title\" content=\"Zufriedenheitsgarantie\" \/>\n<meta property=\"og:description\" content=\"100% Zufriedenheitsgarantie Wir garantieren absolute Kundenzufriedenheit! Wenn Sie aus irgendeinem Grund mit einem bestellten Produkt unzufrieden sind, k\u00f6nnen Sie unbenutzte Ware innerhalb von 60 Tagen nach dem Kauf gegen volle R\u00fcckerstattung zur\u00fcckgeben &#8211; ohne Haken oder Ausnahmen! Das ist unsere Verpflichtung und Ihre Garantie. Sie erhalten den Gesamtbetrag der Produkte zuz\u00fcglich der entrichteten Mehrwertsteuer zur\u00fcck.     Read More &quot;Zufriedenheitsgarantie&quot;\" \/>\n<meta property=\"og:url\" content=\"https:\/\/3dvikingsstore.com\/de\/zufriedenheitsgarantie\/\" \/>\n<meta property=\"og:site_name\" content=\"3D Vikings Store\" \/>\n<meta property=\"article:modified_time\" content=\"2024-02-12T15:35:08+00:00\" \/>\n<meta name=\"twitter:card\" content=\"summary_large_image\" \/>\n<meta name=\"twitter:label1\" content=\"Gesch\u00e4tzte Lesezeit\" \/>\n\t<meta name=\"twitter:data1\" content=\"1\u00a0Minute\" \/>\n<script type=\"application\/ld+json\" class=\"yoast-schema-graph\">{\"@context\":\"https:\/\/schema.org\",\"@graph\":[{\"@type\":\"WebPage\",\"@id\":\"https:\/\/3dvikingsstore.com\/de\/zufriedenheitsgarantie\/\",\"url\":\"https:\/\/3dvikingsstore.com\/de\/zufriedenheitsgarantie\/\",\"name\":\"Zufriedenheitsgarantie - 3D Vikings Store\",\"isPartOf\":{\"@id\":\"https:\/\/3dvikingsstore.com\/de\/#website\"},\"datePublished\":\"2020-03-05T23:27:46+00:00\",\"dateModified\":\"2024-02-12T15:35:08+00:00\",\"breadcrumb\":{\"@id\":\"https:\/\/3dvikingsstore.com\/de\/zufriedenheitsgarantie\/#breadcrumb\"},\"inLanguage\":\"de\",\"potentialAction\":[{\"@type\":\"ReadAction\",\"target\":[\"https:\/\/3dvikingsstore.com\/de\/zufriedenheitsgarantie\/\"]}]},{\"@type\":\"BreadcrumbList\",\"@id\":\"https:\/\/3dvikingsstore.com\/de\/zufriedenheitsgarantie\/#breadcrumb\",\"itemListElement\":[{\"@type\":\"ListItem\",\"position\":1,\"name\":\"Home\",\"item\":\"https:\/\/3dvikingsstore.com\/de\/\"},{\"@type\":\"ListItem\",\"position\":2,\"name\":\"Zufriedenheitsgarantie\"}]},{\"@type\":\"WebSite\",\"@id\":\"https:\/\/3dvikingsstore.com\/de\/#website\",\"url\":\"https:\/\/3dvikingsstore.com\/de\/\",\"name\":\"3D Vikings Store\",\"description\":\"Scenery and Accessories for Tabletop and Board Games\",\"publisher\":{\"@id\":\"https:\/\/3dvikingsstore.com\/de\/#organization\"},\"potentialAction\":[{\"@type\":\"SearchAction\",\"target\":{\"@type\":\"EntryPoint\",\"urlTemplate\":\"https:\/\/3dvikingsstore.com\/de\/?s={search_term_string}\"},\"query-input\":\"required name=search_term_string\"}],\"inLanguage\":\"de\"},{\"@type\":\"Organization\",\"@id\":\"https:\/\/3dvikingsstore.com\/de\/#organization\",\"name\":\"3D Vikings Store\",\"url\":\"https:\/\/3dvikingsstore.com\/de\/\",\"logo\":{\"@type\":\"ImageObject\",\"inLanguage\":\"de\",\"@id\":\"https:\/\/3dvikingsstore.com\/de\/#\/schema\/logo\/image\/\",\"url\":\"https:\/\/3dvikingsstore.com\/wp-content\/uploads\/2020\/03\/3dvikings-logo-karge-white.jpg\",\"contentUrl\":\"https:\/\/3dvikingsstore.com\/wp-content\/uploads\/2020\/03\/3dvikings-logo-karge-white.jpg\",\"width\":800,\"height\":800,\"caption\":\"3D Vikings Store\"},\"image\":{\"@id\":\"https:\/\/3dvikingsstore.com\/de\/#\/schema\/logo\/image\/\"}}]}<\/script>\n<!-- \/ Yoast SEO Premium plugin. -->","yoast_head_json":{"title":"Zufriedenheitsgarantie - 3D Vikings Store","robots":{"index":"index","follow":"follow","max-snippet":"max-snippet:-1","max-image-preview":"max-image-preview:large","max-video-preview":"max-video-preview:-1"},"canonical":"https:\/\/3dvikingsstore.com\/de\/zufriedenheitsgarantie\/","og_locale":"de_DE","og_type":"article","og_title":"Zufriedenheitsgarantie","og_description":"100% Zufriedenheitsgarantie Wir garantieren absolute Kundenzufriedenheit! Wenn Sie aus irgendeinem Grund mit einem bestellten Produkt unzufrieden sind, k\u00f6nnen Sie unbenutzte Ware innerhalb von 60 Tagen nach dem Kauf gegen volle R\u00fcckerstattung zur\u00fcckgeben &#8211; ohne Haken oder Ausnahmen! Das ist unsere Verpflichtung und Ihre Garantie. Sie erhalten den Gesamtbetrag der Produkte zuz\u00fcglich der entrichteten Mehrwertsteuer zur\u00fcck.     Read More \"Zufriedenheitsgarantie\"","og_url":"https:\/\/3dvikingsstore.com\/de\/zufriedenheitsgarantie\/","og_site_name":"3D Vikings Store","article_modified_time":"2024-02-12T15:35:08+00:00","twitter_card":"summary_large_image","twitter_misc":{"Gesch\u00e4tzte Lesezeit":"1\u00a0Minute"},"schema":{"@context":"https:\/\/schema.org","@graph":[{"@type":"WebPage","@id":"https:\/\/3dvikingsstore.com\/de\/zufriedenheitsgarantie\/","url":"https:\/\/3dvikingsstore.com\/de\/zufriedenheitsgarantie\/","name":"Zufriedenheitsgarantie - 3D Vikings Store","isPartOf":{"@id":"https:\/\/3dvikingsstore.com\/de\/#website"},"datePublished":"2020-03-05T23:27:46+00:00","dateModified":"2024-02-12T15:35:08+00:00","breadcrumb":{"@id":"https:\/\/3dvikingsstore.com\/de\/zufriedenheitsgarantie\/#breadcrumb"},"inLanguage":"de","potentialAction":[{"@type":"ReadAction","target":["https:\/\/3dvikingsstore.com\/de\/zufriedenheitsgarantie\/"]}]},{"@type":"BreadcrumbList","@id":"https:\/\/3dvikingsstore.com\/de\/zufriedenheitsgarantie\/#breadcrumb","itemListElement":[{"@type":"ListItem","position":1,"name":"Home","item":"https:\/\/3dvikingsstore.com\/de\/"},{"@type":"ListItem","position":2,"name":"Zufriedenheitsgarantie"}]},{"@type":"WebSite","@id":"https:\/\/3dvikingsstore.com\/de\/#website","url":"https:\/\/3dvikingsstore.com\/de\/","name":"3D Vikings Store","description":"Scenery and Accessories for Tabletop and Board Games","publisher":{"@id":"https:\/\/3dvikingsstore.com\/de\/#organization"},"potentialAction":[{"@type":"SearchAction","target":{"@type":"EntryPoint","urlTemplate":"https:\/\/3dvikingsstore.com\/de\/?s={search_term_string}"},"query-input":"required name=search_term_string"}],"inLanguage":"de"},{"@type":"Organization","@id":"https:\/\/3dvikingsstore.com\/de\/#organization","name":"3D Vikings Store","url":"https:\/\/3dvikingsstore.com\/de\/","logo":{"@type":"ImageObject","inLanguage":"de","@id":"https:\/\/3dvikingsstore.com\/de\/#\/schema\/logo\/image\/","url":"https:\/\/3dvikingsstore.com\/wp-content\/uploads\/2020\/03\/3dvikings-logo-karge-white.jpg","contentUrl":"https:\/\/3dvikingsstore.com\/wp-content\/uploads\/2020\/03\/3dvikings-logo-karge-white.jpg","width":800,"height":800,"caption":"3D Vikings Store"},"image":{"@id":"https:\/\/3dvikingsstore.com\/de\/#\/schema\/logo\/image\/"}}]}},"_links":{"self":[{"href":"https:\/\/3dvikingsstore.com\/de\/wp-json\/wp\/v2\/pages\/17679"}],"collection":[{"href":"https:\/\/3dvikingsstore.com\/de\/wp-json\/wp\/v2\/pages"}],"about":[{"href":"https:\/\/3dvikingsstore.com\/de\/wp-json\/wp\/v2\/types\/page"}],"author":[{"embeddable":true,"href":"https:\/\/3dvikingsstore.com\/de\/wp-json\/wp\/v2\/users\/1"}],"replies":[{"embeddable":true,"href":"https:\/\/3dvikingsstore.com\/de\/wp-json\/wp\/v2\/comments?post=17679"}],"version-history":[{"count":1,"href":"https:\/\/3dvikingsstore.com\/de\/wp-json\/wp\/v2\/pages\/17679\/revisions"}],"predecessor-version":[{"id":17680,"href":"https:\/\/3dvikingsstore.com\/de\/wp-json\/wp\/v2\/pages\/17679\/revisions\/17680"}],"wp:attachment":[{"href":"https:\/\/3dvikingsstore.com\/de\/wp-json\/wp\/v2\/media?parent=17679"}],"curies":[{"name":"wp","href":"https:\/\/api.w.org\/{rel}","templated":true}]}}